{"id":202,"date":"2026-04-19T13:20:53","date_gmt":"2026-04-19T13:20:53","guid":{"rendered":"https:\/\/mailpva.com\/tr\/pva\/100-gmail-accounts-of-2023\/"},"modified":"2026-04-21T10:22:13","modified_gmt":"2026-04-21T10:22:13","slug":"100-gmail-accounts-of-2023","status":"publish","type":"product","link":"https:\/\/pvabay.com\/tr\/pva\/100-gmail-accounts-of-2023\/","title":{"rendered":"2023&#8217;\u00fcn 100 Gmail Hesab\u0131"},"content":{"rendered":"","protected":false},"excerpt":{"rendered":"<p>2023 y\u0131l\u0131nda olu\u015fturulan Gmail hesaplar\u0131 olduk\u00e7a g\u00fc\u00e7l\u00fc ve yenidir. 6 ila 12 saat i\u00e7inde teslim edilir. 3 g\u00fcnl\u00fck de\u011fi\u015fim garantisi sunuyoruz.<\/p>\n","protected":false},"featured_media":228,"comment_status":"open","ping_status":"closed","template":"","meta":[],"product_brand":[],"product_cat":[28,31],"product_tag":[],"class_list":{"0":"post-202","1":"product","2":"type-product","3":"status-publish","4":"has-post-thumbnail","6":"product_cat-gmail-accounts","7":"product_cat-gmail-accounts-of-2023","9":"first","10":"instock","11":"shipping-taxable","12":"product-type-external"},"_links":{"self":[{"href":"https:\/\/pvabay.com\/tr\/wp-json\/wp\/v2\/product\/202","targetHints":{"allow":["GET"]}}],"collection":[{"href":"https:\/\/pvabay.com\/tr\/wp-json\/wp\/v2\/product"}],"about":[{"href":"https:\/\/pvabay.com\/tr\/wp-json\/wp\/v2\/types\/product"}],"replies":[{"embeddable":true,"href":"https:\/\/pvabay.com\/tr\/wp-json\/wp\/v2\/comments?post=202"}],"wp:featuredmedia":[{"embeddable":true,"href":"https:\/\/pvabay.com\/tr\/wp-json\/wp\/v2\/media\/228"}],"wp:attachment":[{"href":"https:\/\/pvabay.com\/tr\/wp-json\/wp\/v2\/media?parent=202"}],"wp:term":[{"taxonomy":"product_brand","embeddable":true,"href":"https:\/\/pvabay.com\/tr\/wp-json\/wp\/v2\/product_brand?post=202"},{"taxonomy":"product_cat","embeddable":true,"href":"https:\/\/pvabay.com\/tr\/wp-json\/wp\/v2\/product_cat?post=202"},{"taxonomy":"product_tag","embeddable":true,"href":"https:\/\/pvabay.com\/tr\/wp-json\/wp\/v2\/product_tag?post=202"}],"curies":[{"name":"wp","href":"https:\/\/api.w.org\/{rel}","templated":true}]}}