{"id":201,"date":"2026-04-19T13:20:53","date_gmt":"2026-04-19T13:20:53","guid":{"rendered":"https:\/\/mailpva.com\/tr\/pva\/gmail-accounts-2022\/"},"modified":"2026-04-21T10:22:15","modified_gmt":"2026-04-21T10:22:15","slug":"gmail-accounts-2022","status":"publish","type":"product","link":"https:\/\/pvabay.com\/tr\/pva\/gmail-accounts-2022\/","title":{"rendered":"Gmail Hesaplar\u0131 2022"},"content":{"rendered":"<p>G\u00fcn\u00fcm\u00fcz\u00fcn dijital d\u00fcnyas\u0131nda, do\u011frulanm\u0131\u015f bir Gmail hesab\u0131na sahip olmak yaln\u0131zca bir e-posta adresinden \u00e7ok daha fazlas\u0131d\u0131r; say\u0131s\u0131z \u00e7evrimi\u00e7i f\u0131rsat\u0131n anahtar\u0131d\u0131r. \u0130ster bir i\u015fletme y\u00f6netiyor, ister bir pazarlama kampanyas\u0131 ba\u015flat\u0131yor, ister sosyal medyay\u0131 y\u00f6netiyor veya yaln\u0131zca g\u00fcvenli ve g\u00fcvenilir bir e-posta hizmeti ar\u0131yor olun, Gmail d\u00fcnya \u00e7ap\u0131nda en iyi tercih olmaya devam ediyor. Bu k\u0131lavuzda, 2022&#8217;de Gmail hesab\u0131 sat\u0131n almadan \u00f6nce bilmeniz gereken her \u015feyi inceleyece\u011fiz; neden ihtiya\u00e7 duyabilece\u011finizden en iyi ve en g\u00fcvenli kayna\u011f\u0131 nas\u0131l se\u00e7ece\u011finize kadar.<\/p>\n<div style=\"font-family: system-ui,sans-serif; line-height: 1.6; max-width: 760px; color: #2c3e50; margin: auto; padding: 10px;\">\n<p><!-- Ba\u015fl\u0131k --><\/p>\n<p style=\"font-weight: 800; font-size: 18px; margin: 0 0 8px;\">Hesap Numaras\u0131 Bi\u00e7imi:<\/p>\n<p><!-- Bi\u00e7im hap\u0131 --><\/p>\n<p style=\"font-family: ui-monospace,SFMono-Regular,Menlo,monospace; background: #fceaea; color: #e74c3c; display: inline-block; padding: 6px 12px; border-radius: 6px; margin: 0 0 16px; word-break: break-word;\">E-posta : \u015eifre : Kurtarma E-postas\u0131 : Y\u0131l<\/p>\n<p><!-- \u00d6rnek --><\/p>\n<p style=\"font-weight: 800; font-size: 18px; margin: 18px 0 8px;\">\u00d6rnek:<\/p>\n<p style=\"font-family: ui-monospace,SFMono-Regular,Menlo,monospace; background: #f9f2f4; color: #c7254e; display: inline-block; padding: 6px 12px; border-radius: 6px; margin: 0; word-break: break-word;\">pvabay@gmail.com : pvabaypasswd : pvabay@outlook.com : 2022<\/p>\n<p><!-- Ayr\u0131nt\u0131lar listesi --><\/p>\n<ul style=\"list-style: none; padding: 0; margin: 16px 0 0; font-size: 15px;\">\n<li><strong style=\"color: #2c3e50;\">E-posta Kullan\u0131c\u0131 Ad\u0131<\/strong>: pvabay@gmail.com<\/li>\n<li><strong style=\"color: #c0392b;\">\u015eifre<\/strong>: pvabaypasswd<\/li>\n<li><strong style=\"color: #2980b9;\">Kurtarma E-postas\u0131<\/strong>: pvabay@outlook.com<\/li>\n<li><strong style=\"color: #8e44ad;\">Y\u0131l<\/strong>: 2022<\/li>\n<\/ul>\n<p><!-- Teslimat notu --><\/p>\n<p style=\"margin: 14px 0 0; font-size: 15px;\"><strong style=\"color: #f39c12;\">Teslimat:<\/strong> E-postan\u0131z <strong>30 dakika ila 6 saat<\/strong> i\u00e7inde <strong>Excel (.xlsx)<\/strong> dosyas\u0131 olarak teslim edilecektir.<\/p>\n<\/div>\n<h2>\u0130nsanlar Neden 2022&#8217;de Gmail Hesab\u0131 Sat\u0131n Al\u0131yor?<\/h2>\n<p>Gmail yaln\u0131zca Google&#8217;dan geldi\u011fi i\u00e7in pop\u00fcler de\u011fil. H\u0131zl\u0131, g\u00fcvenli ve her yerden eri\u015filebilir oldu\u011fu i\u00e7in de pop\u00fcler. 2022&#8217;de insanlar \u00e7e\u015fitli nedenlerle Gmail hesab\u0131 sat\u0131n al\u0131yor:<\/p>\n<ul>\n<li><strong>\u0130\u015fletme Geni\u015fletme<\/strong> \u2013 Birden fazla Gmail hesab\u0131, farkl\u0131 projeleri, m\u00fc\u015fterileri veya pazarlama kampanyalar\u0131n\u0131 ayr\u0131 ayr\u0131 y\u00f6netmenize yard\u0131mc\u0131 olur.<\/li>\n<li><strong>Sosyal Medya Pazarlamas\u0131<\/strong> \u2013 YouTube, Instagram veya Facebook gibi platformlarda birden fazla profil olu\u015fturmak genellikle ayr\u0131 e-posta adresleri gerektirir.<\/li>\n<li><strong>Serbest \u00c7al\u0131\u015fma<\/strong> \u2013 Serbest \u00e7al\u0131\u015fanlar ve ajanslar genellikle birden fazla m\u00fc\u015fteri hesab\u0131n\u0131 y\u00f6netir ve benzersiz e-posta giri\u015flerine ihtiya\u00e7 duyar.<\/li>\n<li><strong>\u00c7evrimi\u00e7i Hizmetler ve Ara\u00e7lar<\/strong> \u2013 Baz\u0131 platformlar, kay\u0131t i\u00e7in benzersiz do\u011frulanm\u0131\u015f Gmail kimlikleri gerektirir.<\/li>\n<li><strong>Yedekleme ve G\u00fcvenlik<\/strong> \u2013 Yedek Gmail hesaplar\u0131na sahip olmak, \u00f6nemli platformlardan asla mahrum kalmaman\u0131z\u0131 sa\u011flar.<\/li>\n<\/ul>\n<p>Ancak as\u0131l mesele \u015fu: Yanl\u0131\u015f kaynaktan sat\u0131n al\u0131rsan\u0131z, hesaplar\u0131n\u0131za eri\u015fiminizi kaybetme riskiyle kar\u015f\u0131 kar\u015f\u0131ya kal\u0131rs\u0131n\u0131z. Bu nedenle, <strong>do\u011frulanm\u0131\u015f, g\u00fcvenli ve kullan\u0131ma haz\u0131r Gmail hesaplar\u0131<\/strong> sa\u011flayan g\u00fcvenilir bir sat\u0131c\u0131dan sat\u0131n almak \u00f6nemlidir.<\/p>\n<h2>Sat\u0131n Alabilece\u011finiz Gmail Hesap T\u00fcrleri<\/h2>\n<p>Sat\u0131n almadan \u00f6nce, Gmail hesaplar\u0131n\u0131n hepsinin ayn\u0131 olmad\u0131\u011f\u0131n\u0131 anlaman\u0131z gerekir. Do\u011fru se\u00e7im ihtiya\u00e7lar\u0131n\u0131za ba\u011fl\u0131d\u0131r:<\/p>\n<h3>1. Yeni Gmail Hesaplar\u0131<\/h3>\n<p>Bunlar, h\u0131zl\u0131 kay\u0131tlar, testler veya ge\u00e7ici kampanyalar i\u00e7in m\u00fckemmel olan yeni olu\u015fturulmu\u015f hesaplard\u0131r. Daha ucuzdurlar ancak ba\u015flang\u0131\u00e7ta baz\u0131 platformlarda s\u0131n\u0131rl\u0131 bir g\u00fcven d\u00fczeyine sahip olabilirler.<\/p>\n<h3>2. Eski Gmail Hesaplar\u0131<\/h3>\n<p>Eski hesaplar, daha eski Gmail hesaplar\u0131d\u0131r (6 aydan birka\u00e7 y\u0131la kadar). Daha y\u00fcksek g\u00fcven d\u00fczeylerine sahiptirler ve do\u011frulama veya ask\u0131ya alma sorunlar\u0131yla kar\u015f\u0131la\u015fma olas\u0131l\u0131klar\u0131 daha d\u00fc\u015f\u00fckt\u00fcr.<\/p>\n<h3>3. Telefon Do\u011frulamal\u0131 Gmail Hesaplar\u0131 (PVA)<\/h3>\n<p>Bu hesaplar bir telefon numaras\u0131yla do\u011frulan\u0131r ve bu da onlar\u0131 \u00e7o\u011fu platform taraf\u0131ndan daha g\u00fcvenli ve g\u00fcvenilir k\u0131lar.<\/p>\n<h3>4. Toplu Gmail Hesaplar\u0131<\/h3>\n<p>Pazarlama kampanyalar\u0131 y\u00fcr\u00fct\u00fcyorsan\u0131z, indirimli bir fiyata toplu olarak (\u00f6rne\u011fin 10, 50, 100 veya daha fazla) Gmail hesab\u0131 sat\u0131n alabilirsiniz.<\/p>\n<h2>Gmail Hesaplar\u0131n\u0131 G\u00fcvenli Bir \u015eekilde Nereden Sat\u0131n Alabilirsiniz?<\/h2>\n<p>2022&#8217;de Gmail hesab\u0131 sat\u0131n alman\u0131n en g\u00fcvenli yolu, kan\u0131tlanm\u0131\u015f bir ge\u00e7mi\u015fe, m\u00fc\u015fteri yorumlar\u0131na ve g\u00fcvenli bir teslimat s\u00fcrecine sahip bir sat\u0131c\u0131dan almakt\u0131r. <a title=\"Gmail Hesaplar\u0131 Sat\u0131n Al\" href=\"\/gmail-accounts\">Sat\u0131l\u0131k Gmail hesaplar\u0131<\/a> bulabilece\u011finiz g\u00fcvenilir yerlerden biri tam burada, platformumuzda. H\u0131zl\u0131 teslimatla yeni, eski ve telefonla do\u011frulanm\u0131\u015f hesaplar sunuyoruz.<\/p>\n<p>\u00c7evrimi\u00e7i hesaplar\u0131 g\u00fcvenli bir \u015fekilde sat\u0131n alma hakk\u0131nda daha fazla bilgi edinmek istiyorsan\u0131z, yapman\u0131z ve yapmaman\u0131z gerekenler konusunda size yol g\u00f6steren ayr\u0131nt\u0131l\u0131 <a title=\"\u00c7evrimi\u00e7i Hesaplar Nas\u0131l Sat\u0131n Al\u0131n\u0131r\" href=\"\/how-to-buy-online-accounts\">al\u0131c\u0131 k\u0131lavuzumuza<\/a> g\u00f6z at\u0131n.<\/p>\n<h2>Gmail Hesaplar\u0131 Sat\u0131n Alman\u0131n Avantajlar\u0131<\/h2>\n<p>\u0130\u015fte bir\u00e7ok ki\u015fi ve i\u015fletme i\u00e7in Gmail hesab\u0131 sat\u0131n alman\u0131n ak\u0131ll\u0131ca bir karar olmas\u0131n\u0131n nedenleri:<\/p>\n<ul>\n<li><strong>Zaman Kazan\u0131n<\/strong> \u2013 Her hesab\u0131 manuel olarak olu\u015fturma ve do\u011frulama gibi zaman al\u0131c\u0131 i\u015flemleri atlay\u0131n.<\/li>\n<li><strong>An\u0131nda Kullan\u0131m<\/strong> \u2013 Projenizi veya kampanyan\u0131z\u0131 sat\u0131n ald\u0131ktan hemen sonra ba\u015flat\u0131n.<\/li>\n<li><strong>Y\u00fcksek G\u00fcvenlik<\/strong> \u2013 Do\u011frulanm\u0131\u015f hesaplar, spam ve \u015f\u00fcpheli etkinlik engellemelerine kar\u015f\u0131 daha g\u00fc\u00e7l\u00fc koruma sa\u011flar.<\/li>\n<li><strong>Daha \u0130yi G\u00fcven D\u00fczeyi<\/strong> \u2013 Eski Gmail hesaplar\u0131n\u0131n b\u00fcy\u00fck platformlarda k\u0131s\u0131tlamalarla kar\u015f\u0131la\u015fma olas\u0131l\u0131\u011f\u0131 daha d\u00fc\u015f\u00fckt\u00fcr.<\/li>\n<\/ul>\n<h2>Gmail Hesaplar\u0131 Sat\u0131n Al\u0131rken Doland\u0131r\u0131c\u0131l\u0131klardan Nas\u0131l Ka\u00e7\u0131n\u0131l\u0131r<\/h2>\n<p>Ne yaz\u0131k ki, d\u00fc\u015f\u00fck kaliteli veya sahte hesaplar satan doland\u0131r\u0131c\u0131lar da var. Bunlardan ka\u00e7\u0131nmak i\u00e7in:<\/p>\n<ul>\n<li>Yaln\u0131zca do\u011frulanm\u0131\u015f ve iyi de\u011ferlendirmeleri olan sat\u0131c\u0131lardan sat\u0131n al\u0131n.<\/li>\n<li>Ekstra g\u00fcvenlik i\u00e7in hesaplar\u0131n telefonla do\u011frulan\u0131p do\u011frulanmad\u0131\u011f\u0131n\u0131 (PVA) sorun.<\/li>\n<li>Bir hesap \u00e7al\u0131\u015fmamas\u0131 durumunda para iadesi veya de\u011fi\u015ftirme politikalar\u0131n\u0131 kontrol edin.<\/li>\n<li>\u0130nan\u0131lmaz derecede d\u00fc\u015f\u00fck fiyatlardan ka\u00e7\u0131n\u0131n; e\u011fer ger\u00e7ek olamayacak kadar iyiyse, muhtemelen ger\u00e7ek de\u011fildir.<\/li>\n<\/ul>\n<p>\u00c7evrimi\u00e7i doland\u0131r\u0131c\u0131l\u0131klar\u0131 tespit etme hakk\u0131nda daha fazla bilgi i\u00e7in <a href=\"https:\/\/en.wikipedia.org\/wiki\/Internet_fraud\" target=\"_blank\" rel=\"noopener\">\u0130nternet doland\u0131r\u0131c\u0131l\u0131\u011f\u0131yla ilgili Wikipedia makalesini<\/a> okuyabilirsiniz.<\/p>\n<h2>Gmail Hesaplar\u0131n\u0131z\u0131 Koruma \u0130pu\u00e7lar\u0131<\/h2>\n<p>Gmail hesaplar\u0131 sat\u0131n almak sadece ilk ad\u0131md\u0131r; as\u0131l zorluk onlar\u0131 aktif ve g\u00fcvenli tutmakt\u0131r. \u0130\u015fte baz\u0131 ipu\u00e7lar\u0131:<\/p>\n<ul>\n<li>Hesaplar\u0131n\u0131z\u0131 aktif tutmak i\u00e7in d\u00fczenli olarak oturum a\u00e7\u0131n.<\/li>\n<li>E-posta g\u00f6ndermek veya hizmetlere kaydolmak gibi ger\u00e7ek etkinlikler i\u00e7in kullan\u0131n.<\/li>\n<li>Kurtarma telefon numaralar\u0131 ve alternatif e-postalar ekleyin.<\/li>\n<li>\u015e\u00fcpheli a\u011flardan veya VPN olmadan halka a\u00e7\u0131k Wi-Fi&#8217;den oturum a\u00e7maktan ka\u00e7\u0131n\u0131n.<\/li>\n<\/ul>\n<p>Ek e-posta g\u00fcvenli\u011fi ipu\u00e7lar\u0131 i\u00e7in <a href=\"https:\/\/support.google.com\/mail\/answer\/7036019?hl=tr\" target=\"_blank\" rel=\"noopener\">Google&#8217;\u0131n resmi Gmail g\u00fcvenlik k\u0131lavuzuna<\/a> g\u00f6z atabilirsiniz.<\/p>\n<h2>Son D\u00fc\u015f\u00fcnceler &#8211; 2022&#8217;de Gmail Hesab\u0131 Almal\u0131 m\u0131s\u0131n\u0131z?<\/h2>\n<p>K\u0131sacas\u0131 &#8211; evet, me\u015fru ama\u00e7lar i\u00e7in birden fazla do\u011frulanm\u0131\u015f hesaba h\u0131zl\u0131 bir \u015fekilde ihtiyac\u0131n\u0131z varsa, 2022&#8217;de Gmail hesab\u0131 sat\u0131n almak size zaman kazand\u0131rabilir. \u00c7aba ve zahmet. G\u00fcvenilir bir kaynaktan sat\u0131n ald\u0131\u011f\u0131n\u0131zdan, hesaplar\u0131n\u0131z\u0131 sat\u0131n ald\u0131ktan hemen sonra g\u00fcvence alt\u0131na ald\u0131\u011f\u0131n\u0131zdan ve etik kurallara uygun kulland\u0131\u011f\u0131n\u0131zdan emin olun.<\/p>\n<p>\u0130ster k\u00fc\u00e7\u00fck g\u00f6revler i\u00e7in 5 hesaba, ister b\u00fcy\u00fck \u00f6l\u00e7ekli bir kampanya i\u00e7in 500 hesaba ihtiyac\u0131n\u0131z olsun, g\u00fcvenilir bir sat\u0131c\u0131 her \u015feyi de\u011fi\u015ftirebilir. Ve unutmay\u0131n: Bir Gmail hesab\u0131 sadece bir e-posta de\u011fil; Google hizmetlerine, YouTube&#8217;a, Drive&#8217;a ve say\u0131s\u0131z di\u011fer araca eri\u015fim anahtar\u0131n\u0131zd\u0131r.<\/p>\n<p>Ba\u015flamaya haz\u0131r m\u0131s\u0131n\u0131z? <a title=\"Gmail Hesaplar\u0131 Sat\u0131n Al\u0131n\" href=\"\/gmail-accounts\">Gmail hesaplar\u0131 koleksiyonumuzu<\/a> ke\u015ffedin ve ihtiya\u00e7lar\u0131n\u0131za en uygun paketi hemen bulun.<\/p>\n","protected":false},"excerpt":{"rendered":"<p>2022 y\u0131l\u0131nda olu\u015fturulan Gmail hesaplar\u0131 olduk\u00e7a g\u00fc\u00e7l\u00fc ve yenidir. 6 ila 12 saat i\u00e7inde teslim edilir. 3 g\u00fcnl\u00fck de\u011fi\u015fim garantisi sunuyoruz.<\/p>\n","protected":false},"featured_media":227,"comment_status":"open","ping_status":"closed","template":"","meta":[],"product_brand":[],"product_cat":[30,28],"product_tag":[],"class_list":{"0":"post-201","1":"product","2":"type-product","3":"status-publish","4":"has-post-thumbnail","6":"product_cat-gmail-accounts-of-2022","7":"product_cat-gmail-accounts","9":"first","10":"instock","11":"shipping-taxable","12":"product-type-external"},"_links":{"self":[{"href":"https:\/\/pvabay.com\/tr\/wp-json\/wp\/v2\/product\/201","targetHints":{"allow":["GET"]}}],"collection":[{"href":"https:\/\/pvabay.com\/tr\/wp-json\/wp\/v2\/product"}],"about":[{"href":"https:\/\/pvabay.com\/tr\/wp-json\/wp\/v2\/types\/product"}],"replies":[{"embeddable":true,"href":"https:\/\/pvabay.com\/tr\/wp-json\/wp\/v2\/comments?post=201"}],"wp:featuredmedia":[{"embeddable":true,"href":"https:\/\/pvabay.com\/tr\/wp-json\/wp\/v2\/media\/227"}],"wp:attachment":[{"href":"https:\/\/pvabay.com\/tr\/wp-json\/wp\/v2\/media?parent=201"}],"wp:term":[{"taxonomy":"product_brand","embeddable":true,"href":"https:\/\/pvabay.com\/tr\/wp-json\/wp\/v2\/product_brand?post=201"},{"taxonomy":"product_cat","embeddable":true,"href":"https:\/\/pvabay.com\/tr\/wp-json\/wp\/v2\/product_cat?post=201"},{"taxonomy":"product_tag","embeddable":true,"href":"https:\/\/pvabay.com\/tr\/wp-json\/wp\/v2\/product_tag?post=201"}],"curies":[{"name":"wp","href":"https:\/\/api.w.org\/{rel}","templated":true}]}}