{"id":195,"date":"2026-04-19T13:20:53","date_gmt":"2026-04-19T13:20:53","guid":{"rendered":"https:\/\/mailpva.com\/tr\/pva\/10-gmail-accounts\/"},"modified":"2026-04-21T10:22:06","modified_gmt":"2026-04-21T10:22:06","slug":"10-gmail-accounts","status":"publish","type":"product","link":"https:\/\/pvabay.com\/tr\/pva\/10-gmail-accounts\/","title":{"rendered":"10 Gmail Hesab\u0131"},"content":{"rendered":"","protected":false},"excerpt":{"rendered":"<p>Yeni olu\u015fturulan Gmail hesaplar\u0131 i\u00e7in 24 saat de\u011fi\u015fim garantisi sunuyoruz. E-postan\u0131z en ge\u00e7 6 saat i\u00e7inde size ula\u015facakt\u0131r.<\/p>\n","protected":false},"featured_media":223,"comment_status":"open","ping_status":"closed","template":"","meta":[],"product_brand":[],"product_cat":[29,28],"product_tag":[],"class_list":{"0":"post-195","1":"product","2":"type-product","3":"status-publish","4":"has-post-thumbnail","6":"product_cat-new-gmail-accounts","7":"product_cat-gmail-accounts","9":"first","10":"instock","11":"shipping-taxable","12":"product-type-external"},"_links":{"self":[{"href":"https:\/\/pvabay.com\/tr\/wp-json\/wp\/v2\/product\/195","targetHints":{"allow":["GET"]}}],"collection":[{"href":"https:\/\/pvabay.com\/tr\/wp-json\/wp\/v2\/product"}],"about":[{"href":"https:\/\/pvabay.com\/tr\/wp-json\/wp\/v2\/types\/product"}],"replies":[{"embeddable":true,"href":"https:\/\/pvabay.com\/tr\/wp-json\/wp\/v2\/comments?post=195"}],"wp:featuredmedia":[{"embeddable":true,"href":"https:\/\/pvabay.com\/tr\/wp-json\/wp\/v2\/media\/223"}],"wp:attachment":[{"href":"https:\/\/pvabay.com\/tr\/wp-json\/wp\/v2\/media?parent=195"}],"wp:term":[{"taxonomy":"product_brand","embeddable":true,"href":"https:\/\/pvabay.com\/tr\/wp-json\/wp\/v2\/product_brand?post=195"},{"taxonomy":"product_cat","embeddable":true,"href":"https:\/\/pvabay.com\/tr\/wp-json\/wp\/v2\/product_cat?post=195"},{"taxonomy":"product_tag","embeddable":true,"href":"https:\/\/pvabay.com\/tr\/wp-json\/wp\/v2\/product_tag?post=195"}],"curies":[{"name":"wp","href":"https:\/\/api.w.org\/{rel}","templated":true}]}}