{"id":188,"date":"2026-04-19T13:20:52","date_gmt":"2026-04-19T13:20:52","guid":{"rendered":"https:\/\/mailpva.com\/tr\/pva\/google-voice-accounts\/"},"modified":"2026-04-21T10:22:16","modified_gmt":"2026-04-21T10:22:16","slug":"google-voice-accounts","status":"publish","type":"product","link":"https:\/\/pvabay.com\/tr\/pva\/google-voice-accounts\/","title":{"rendered":"Google Voice Hesaplar\u0131"},"content":{"rendered":"<p>G\u00fcvenli, do\u011frulanm\u0131\u015f ve kullan\u0131ma haz\u0131r <strong>yepyeni bir Google Voice numaras\u0131<\/strong> m\u0131 ar\u0131yorsunuz? \u0130ster <a href=\"\/buy-google-voice-accounts\/\">ki\u015fisel kullan\u0131m<\/a>, ister <a href=\"\/service\/business-google-voice\/\">i\u015f ileti\u015fimi<\/a>, ister <a href=\"\/buy-gmail-accounts\/\">hesap do\u011frulama<\/a> i\u00e7in olsun, Yeni Google Voice Hesaplar\u0131m\u0131z m\u00fckemmel bir \u00e7\u00f6z\u00fcmd\u00fcr. Her hesap yeni olu\u015fturulur, asla yeniden kullan\u0131lmaz ve g\u00fcvenli, \u00f6zel eri\u015fimi garantilemek i\u00e7in tam oturum a\u00e7ma bilgileriyle birlikte gelir.<\/p>\n<div style=\"font-family: system-ui, sans-serif; line-height: 1.6; max-width: 760px; color: #2c3e50; margin: auto; padding: 10px;\">\n<p><!-- Ba\u015fl\u0131k --><\/p>\n<p style=\"font-weight: 800; font-size: 18px; margin: 0 0 8px;\">Hesap Numaras\u0131 Bi\u00e7imi:<\/p>\n<p><!-- Bi\u00e7im hap\u0131 --><\/p>\n<p style=\"font-family: ui-monospace, SFMono-Regular, Menlo, monospace; background: #fceaea; color: #e74c3c; display: inline-block; padding: 6px 12px; border-radius: 6px; margin: 0 0 16px; word-break: break-all;\">E-posta Kullan\u0131c\u0131 Ad\u0131 : \u015eifre : Kurtarma E-postas\u0131 : Telefon Numaras\u0131 : 2FA Kimlik Do\u011frulay\u0131c\u0131 Kurulum Anahtar\u0131<\/p>\n<p><!-- \u00d6rnek --><\/p>\n<p style=\"font-weight: 800; font-size: 18px; margin: 18px 0 8px;\">\u00d6rnek:<\/p>\n<p style=\"font-family: ui-monospace, SFMono-Regular, Menlo, monospace; background: #f9f2f4; color: #c7254e; display: inline-block; padding: 6px 12px; border-radius: 6px; margin: 0; word-break: break-all;\">pvabay@gmail.com : pvabaypasswd : pvabay@outlook.com : (202)123-1234 : ry2q 7jso utj4 t4f2 267g k4ka ao72 6ouv<\/p>\n<p><!-- Ayr\u0131nt\u0131lar listesi --><\/p>\n<ul style=\"list-style: none; padding: 0; margin: 16px 0 0; font-size: 15px;\">\n<li><strong style=\"color: #2c3e50;\">E-posta Kullan\u0131c\u0131 Ad\u0131<\/strong>: pvabay@gmail.com<\/li>\n<li><strong style=\"color: #c0392b;\">\u015eifre<\/strong>: pvabaypasswd<\/li>\n<li><strong style=\"color: #2980b9;\">Kurtarma E-postas\u0131<\/strong>: pvabay@outlook.com<\/li>\n<li><strong style=\"color: #27ae60;\">Telefon Numaras\u0131<\/strong>: (202) 123-1234<\/li>\n<li style=\"word-break: break-all;\"><strong style=\"color: #8e44ad;\">2FA Kimlik Do\u011frulay\u0131c\u0131 Kurulum Anahtar\u0131<\/strong>: ry2q 7jso utj4 t4f2 267g k4ka ao72 6ouv<\/li>\n<\/ul>\n<p><!-- Teslimat notu --><\/p>\n<p style=\"margin: 14px 0 0; font-size: 15px;\"><strong style=\"color: #f39c12;\">Teslimat:<\/strong> E-postan\u0131z <strong>30 dakika ile 6 saat<\/strong> aras\u0131nda bir <strong>Excel<\/strong> dosyas\u0131 olarak teslim edilecektir. (.xlsx)<\/strong> dosyas\u0131.<\/p>\n<\/div>\n<h2>\u2705 Yeni Bir Google Voice Hesab\u0131 Nedir?<\/h2>\n<p>Yeni bir Google Voice hesab\u0131 yeni olu\u015fturulur ve daha \u00f6nce hi\u00e7 kimse taraf\u0131ndan kullan\u0131lmam\u0131\u015ft\u0131r. Bu hesaplar temiz ABD IP&#8217;leri, do\u011frulanm\u0131\u015f Gmail hesaplar\u0131 ve \u00f6zel telefon numaralar\u0131yla olu\u015fturulur. ABD&#8217;de \u00fccretsiz arama yapmak, SMS kodlar\u0131 almak veya ileti\u015fim ara\u00e7lar\u0131n\u0131z\u0131 bir ABD numaras\u0131yla kurmak i\u00e7in <a href=\"https:\/\/support.google.com\/voice\/\" target=\"_blank\" rel=\"noopener\">Google Voice&#8217;u kullanabilirsiniz<\/a>.<\/p>\n<h2>Yeni Google Voice Hesaplar\u0131m\u0131z\u0131n Temel \u00d6zellikleri<\/h2>\n<ul>\n<li>\u2705 Yepyeni ve el de\u011fmemi\u015f<\/li>\n<li>\u2705 Do\u011frulanm\u0131\u015f Gmail hesaplar\u0131 kullan\u0131larak olu\u015fturuldu<\/li>\n<li>\u2705 ABD merkezli telefon numaralar\u0131<\/li>\n<li>\u2705 ABD i\u00e7inde h\u0131zl\u0131 teslimat 1\u20136 saat<\/li>\n<li>\u2705 48 saatlik de\u011fi\u015ftirme garantisi<\/li>\n<li>\u2705 Gmail ve Google Voice&#8217;a tam oturum a\u00e7ma eri\u015fimi<\/li>\n<\/ul>\n<h2>Yeni Google Voice Hesaplar\u0131n\u0131 Kimler Sat\u0131n Almal\u0131?<\/h2>\n<p>Yeni Google Voice numaralar\u0131, serbest \u00e7al\u0131\u015fanlar, pazarlamac\u0131lar, i\u015fletme sahipleri ve arama, mesajla\u015fma ve do\u011frulama i\u00e7in g\u00fcvenilir bir ABD numaras\u0131na ihtiya\u00e7 duyan herkes i\u00e7in m\u00fckemmeldir. M\u00fc\u015fterilerimizin \u00e7o\u011fu bunlar\u0131 \u015funlar i\u00e7in kullan\u0131yor:<\/p>\n<ul>\n<li><strong>WhatsApp ve Telegram kay\u0131tlar\u0131<\/strong><\/li>\n<li><strong>Google Meet<\/a> veya Zoom gibi platformlar arac\u0131l\u0131\u011f\u0131yla i\u015f ileti\u015fimi<\/strong>\n<li><strong>Upwork ve Fiverr gibi serbest \u00e7al\u0131\u015fma platformlar\u0131ndan m\u00fc\u015fteri aramalar\u0131 ve takipleri<\/strong><\/li>\n<li><strong>Birden fazla sosyal medya hesab\u0131 olu\u015fturma<\/strong> g\u00fcvenli bir \u015fekilde<\/li>\n<\/ul>\n<h2>Alaca\u011f\u0131n\u0131z \u015eeyler<\/h2>\n<ul>\n<li>\u2714\ufe0f Yeni Google Voice numaras\u0131 (ABD merkezli)<\/li>\n<li>\u2714\ufe0f Gmail hesab\u0131 eri\u015fimi (GV olu\u015fturmak i\u00e7in kullan\u0131l\u0131r)<\/li>\n<li>\u2714\ufe0f Oturum a\u00e7ma kimlik bilgileri (Gmail + \u015fifre)<\/li>\n<li>\u2714\ufe0f Cihaz\u0131n\u0131z\u0131 kullanmak ve g\u00fcvenli\u011fini sa\u011flamak i\u00e7in ad\u0131m ad\u0131m k\u0131lavuz hesap<\/li>\n<\/ul>\n<h2>H\u0131zl\u0131 Teslimat ve Kolay Eri\u015fim<\/h2>\n<p>\u00d6demenizi tamamlad\u0131ktan sonra, ekibimiz hesab\u0131n\u0131z\u0131 benzersiz giri\u015f bilgileriyle haz\u0131rlar. Genellikle, her \u015feyi 1 ila 6 saat i\u00e7inde e-posta yoluyla al\u0131rs\u0131n\u0131z. Nas\u0131l sipari\u015f verece\u011finizden emin de\u011filseniz, <a href=\"\/how-to-order\">Nas\u0131l Sipari\u015f Verilir<\/a> sayfam\u0131z\u0131 ziyaret edin.<\/p>\n<h2>48 Saatlik De\u011fi\u015fim Garantisi<\/h2>\n<p>Hizmetimizin arkas\u0131nday\u0131z. Teslimattan sonraki 48 saat i\u00e7inde herhangi bir sorunla kar\u015f\u0131la\u015f\u0131rsan\u0131z (\u00f6rne\u011fin giri\u015f sorunu veya hesap kilidi), <strong>\u00fccretsiz de\u011fi\u015fim<\/strong> hizmeti al\u0131rs\u0131n\u0131z. <a href=\"\/refund-policy\/\">\u0130ade Politikam\u0131z<\/a> hakk\u0131nda daha fazla bilgi edinin.<\/p>\n<h2>Be\u011fenebilece\u011finiz \u0130lgili Hizmetler<\/h2>\n<ul>\n<li><a href=\"\/buy-old-gmail-accounts\/\">Eski Gmail Hesaplar\u0131 Sat\u0131n Al\u0131n<\/a><\/li>\n<li><a href=\"\/services\/buy-gmail-2fa\/\">2FA Gmail Hesaplar\u0131 Sat\u0131n Al\u0131n<\/a><\/li>\n<li><a href=\"\/buy-textnow-accounts\/\">TextNow Sat\u0131n Al\u0131n Hesaplar<\/a><\/li>\n<li><a href=\"\/service\/\">T\u00fcm \u00dcr\u00fcnleri G\u00f6r\u00fcnt\u00fcle<\/a><\/li>\n<\/ul>\n<h2>Neden <a href=\"\/\">PVABay.com<\/a>&#8216;u Se\u00e7melisiniz?<\/h2>\n<ul>\n<li>\u2705 Y\u0131llar\u0131n G\u00fcvenilir Hizmeti<\/li>\n<li>\u2705 <a href=\"\/contact-us\">\u0130leti\u015fim Sayfas\u0131<\/a><\/li>\n<p> arac\u0131l\u0131\u011f\u0131yla 7\/24 m\u00fc\u015fteri deste\u011fi<\/p>\n<li>\u2705 Kripto dahil g\u00fcvenli \u00f6deme se\u00e7enekleri, Binance ve daha fazlas\u0131<\/li>\n<li>\u2705 K\u00fcresel m\u00fc\u015fteri taban\u0131 \u2013 ABD, Hindistan, Nijerya, Banglade\u015f ve daha fazlas\u0131<\/li>\n<\/ul>\n<h2>Ba\u015flarken<\/h2>\n<ol>\n<li><a href=\"\/buy-google-voice-accounts\/\">Google Voice Hesaplar\u0131 Sat\u0131n Al<\/a> sayfas\u0131na gidin<\/li>\n<li>\u0130stedi\u011finiz paketi se\u00e7in ve \u00f6deme a\u015famas\u0131na ge\u00e7in<\/li>\n<li>E-postan\u0131zda teslimat\u0131 bekleyin gelen kutusu<\/li>\n<\/ol>\n<p>Yard\u0131ma m\u0131 ihtiyac\u0131n\u0131z var? <a href=\"\/customer-faq\">M\u00fc\u015fteri SSS<\/a>&#8216;mize g\u00f6z at\u0131n veya istedi\u011finiz zaman <a href=\"\/my-account\/orders\/\">Sipari\u015f Ge\u00e7mi\u015fi<\/a> sayfan\u0131z\u0131 ziyaret edin.<\/p>\n<h2>Son D\u00fc\u015f\u00fcnceler<\/h2>\n<p>Temiz, yeni ve g\u00fcvenli Google Voice hesaplar\u0131 sat\u0131n almak istiyorsan\u0131z do\u011fru yerdesiniz. Yerel ekibimiz ihtiya\u00e7lar\u0131n\u0131z\u0131 anl\u0131yor ve her hesab\u0131n en y\u00fcksek kalite standartlar\u0131n\u0131 kar\u015f\u0131lamas\u0131n\u0131 sa\u011fl\u0131yor. D\u00fc\u015f\u00fck kaliteli numaralara para harcamay\u0131n; bug\u00fcn PVABay&#8217;den ger\u00e7ek ve yeni bir Google Voice hesab\u0131 edinin.<\/p>\n","protected":false},"excerpt":{"rendered":"<p>Bu hesap tamamen yeni. Her hesap i\u00e7in 48 saatlik de\u011fi\u015fim garantisi sunuyoruz. E-postan\u0131z\u0131 en fazla 30 dakika ile 6 saat aras\u0131nda almay\u0131 bekleyebilirsiniz.<\/p>\n","protected":false},"featured_media":224,"comment_status":"open","ping_status":"closed","template":"","meta":[],"product_brand":[],"product_cat":[27],"product_tag":[],"class_list":{"0":"post-188","1":"product","2":"type-product","3":"status-publish","4":"has-post-thumbnail","6":"product_cat-google-voice","8":"first","9":"instock","10":"shipping-taxable","11":"product-type-external"},"_links":{"self":[{"href":"https:\/\/pvabay.com\/tr\/wp-json\/wp\/v2\/product\/188","targetHints":{"allow":["GET"]}}],"collection":[{"href":"https:\/\/pvabay.com\/tr\/wp-json\/wp\/v2\/product"}],"about":[{"href":"https:\/\/pvabay.com\/tr\/wp-json\/wp\/v2\/types\/product"}],"replies":[{"embeddable":true,"href":"https:\/\/pvabay.com\/tr\/wp-json\/wp\/v2\/comments?post=188"}],"wp:featuredmedia":[{"embeddable":true,"href":"https:\/\/pvabay.com\/tr\/wp-json\/wp\/v2\/media\/224"}],"wp:attachment":[{"href":"https:\/\/pvabay.com\/tr\/wp-json\/wp\/v2\/media?parent=188"}],"wp:term":[{"taxonomy":"product_brand","embeddable":true,"href":"https:\/\/pvabay.com\/tr\/wp-json\/wp\/v2\/product_brand?post=188"},{"taxonomy":"product_cat","embeddable":true,"href":"https:\/\/pvabay.com\/tr\/wp-json\/wp\/v2\/product_cat?post=188"},{"taxonomy":"product_tag","embeddable":true,"href":"https:\/\/pvabay.com\/tr\/wp-json\/wp\/v2\/product_tag?post=188"}],"curies":[{"name":"wp","href":"https:\/\/api.w.org\/{rel}","templated":true}]}}