{"id":183,"date":"2026-04-19T13:20:52","date_gmt":"2026-04-19T13:20:52","guid":{"rendered":"https:\/\/mailpva.com\/tr\/pva\/2-google-voice\/"},"modified":"2026-04-21T10:22:06","modified_gmt":"2026-04-21T10:22:06","slug":"2-google-voice","status":"publish","type":"product","link":"https:\/\/pvabay.com\/tr\/pva\/2-google-voice\/","title":{"rendered":"2 Google Voice"},"content":{"rendered":"","protected":false},"excerpt":{"rendered":"<p>Bu hesap tamamen yeni. Her hesap i\u00e7in 48 saatlik de\u011fi\u015fim garantisi sunuyoruz. E-postan\u0131z\u0131 en ge\u00e7 6 saat i\u00e7inde almay\u0131 bekleyebilirsiniz.<\/p>\n","protected":false},"featured_media":224,"comment_status":"open","ping_status":"closed","template":"","meta":[],"product_brand":[],"product_cat":[27],"product_tag":[],"class_list":{"0":"post-183","1":"product","2":"type-product","3":"status-publish","4":"has-post-thumbnail","6":"product_cat-google-voice","8":"first","9":"instock","10":"shipping-taxable","11":"product-type-external"},"_links":{"self":[{"href":"https:\/\/pvabay.com\/tr\/wp-json\/wp\/v2\/product\/183","targetHints":{"allow":["GET"]}}],"collection":[{"href":"https:\/\/pvabay.com\/tr\/wp-json\/wp\/v2\/product"}],"about":[{"href":"https:\/\/pvabay.com\/tr\/wp-json\/wp\/v2\/types\/product"}],"replies":[{"embeddable":true,"href":"https:\/\/pvabay.com\/tr\/wp-json\/wp\/v2\/comments?post=183"}],"wp:featuredmedia":[{"embeddable":true,"href":"https:\/\/pvabay.com\/tr\/wp-json\/wp\/v2\/media\/224"}],"wp:attachment":[{"href":"https:\/\/pvabay.com\/tr\/wp-json\/wp\/v2\/media?parent=183"}],"wp:term":[{"taxonomy":"product_brand","embeddable":true,"href":"https:\/\/pvabay.com\/tr\/wp-json\/wp\/v2\/product_brand?post=183"},{"taxonomy":"product_cat","embeddable":true,"href":"https:\/\/pvabay.com\/tr\/wp-json\/wp\/v2\/product_cat?post=183"},{"taxonomy":"product_tag","embeddable":true,"href":"https:\/\/pvabay.com\/tr\/wp-json\/wp\/v2\/product_tag?post=183"}],"curies":[{"name":"wp","href":"https:\/\/api.w.org\/{rel}","templated":true}]}}