{"id":177,"date":"2026-04-19T13:20:52","date_gmt":"2026-04-19T13:20:52","guid":{"rendered":"https:\/\/mailpva.com\/tr\/pva\/5-business-google-voice\/"},"modified":"2026-04-21T10:22:07","modified_gmt":"2026-04-21T10:22:07","slug":"5-business-google-voice","status":"publish","type":"product","link":"https:\/\/pvabay.com\/tr\/pva\/5-business-google-voice\/","title":{"rendered":"5 \u0130\u015fletme Google Voice"},"content":{"rendered":"","protected":false},"excerpt":{"rendered":"<p>Yahoo, Hotmail veya Outlook gibi g\u00fc\u00e7l\u00fc e-postalarla olu\u015fturuldu. 48 saat i\u00e7inde de\u011fi\u015ftirme garantisiyle yeni hesap. 6 saat i\u00e7inde teslimat.<\/p>\n","protected":false},"featured_media":225,"comment_status":"open","ping_status":"closed","template":"","meta":[],"product_brand":[],"product_cat":[27],"product_tag":[],"class_list":{"0":"post-177","1":"product","2":"type-product","3":"status-publish","4":"has-post-thumbnail","6":"product_cat-google-voice","8":"first","9":"instock","10":"shipping-taxable","11":"product-type-external"},"_links":{"self":[{"href":"https:\/\/pvabay.com\/tr\/wp-json\/wp\/v2\/product\/177","targetHints":{"allow":["GET"]}}],"collection":[{"href":"https:\/\/pvabay.com\/tr\/wp-json\/wp\/v2\/product"}],"about":[{"href":"https:\/\/pvabay.com\/tr\/wp-json\/wp\/v2\/types\/product"}],"replies":[{"embeddable":true,"href":"https:\/\/pvabay.com\/tr\/wp-json\/wp\/v2\/comments?post=177"}],"wp:featuredmedia":[{"embeddable":true,"href":"https:\/\/pvabay.com\/tr\/wp-json\/wp\/v2\/media\/225"}],"wp:attachment":[{"href":"https:\/\/pvabay.com\/tr\/wp-json\/wp\/v2\/media?parent=177"}],"wp:term":[{"taxonomy":"product_brand","embeddable":true,"href":"https:\/\/pvabay.com\/tr\/wp-json\/wp\/v2\/product_brand?post=177"},{"taxonomy":"product_cat","embeddable":true,"href":"https:\/\/pvabay.com\/tr\/wp-json\/wp\/v2\/product_cat?post=177"},{"taxonomy":"product_tag","embeddable":true,"href":"https:\/\/pvabay.com\/tr\/wp-json\/wp\/v2\/product_tag?post=177"}],"curies":[{"name":"wp","href":"https:\/\/api.w.org\/{rel}","templated":true}]}}