{"id":172,"date":"2026-04-19T13:20:51","date_gmt":"2026-04-19T13:20:51","guid":{"rendered":"https:\/\/mailpva.com\/tr\/pva\/100-textnow-accounts\/"},"modified":"2026-04-19T13:30:40","modified_gmt":"2026-04-19T13:30:40","slug":"100-textnow-accounts","status":"publish","type":"product","link":"https:\/\/pvabay.com\/tr\/pva\/100-textnow-accounts\/","title":{"rendered":"20 TextNow Web"},"content":{"rendered":"","protected":false},"excerpt":{"rendered":"<p>TextNow, sanal numaralar kullanmak i\u00e7in en iyi se\u00e7enektir. \u00dccretsiz ABD telefon numaras\u0131, arama, mesajla\u015fma ve OTP do\u011frulamas\u0131 sunar. TextNow hesab\u0131 i\u00e7in de\u011fi\u015ftirme garantisi sunmuyoruz.<\/p>\n","protected":false},"featured_media":0,"comment_status":"open","ping_status":"closed","template":"","meta":[],"product_brand":[],"product_cat":[26],"product_tag":[],"class_list":{"0":"post-172","1":"product","2":"type-product","3":"status-publish","5":"product_cat-textnow","7":"first","8":"instock","9":"shipping-taxable","10":"product-type-external"},"_links":{"self":[{"href":"https:\/\/pvabay.com\/tr\/wp-json\/wp\/v2\/product\/172","targetHints":{"allow":["GET"]}}],"collection":[{"href":"https:\/\/pvabay.com\/tr\/wp-json\/wp\/v2\/product"}],"about":[{"href":"https:\/\/pvabay.com\/tr\/wp-json\/wp\/v2\/types\/product"}],"replies":[{"embeddable":true,"href":"https:\/\/pvabay.com\/tr\/wp-json\/wp\/v2\/comments?post=172"}],"wp:attachment":[{"href":"https:\/\/pvabay.com\/tr\/wp-json\/wp\/v2\/media?parent=172"}],"wp:term":[{"taxonomy":"product_brand","embeddable":true,"href":"https:\/\/pvabay.com\/tr\/wp-json\/wp\/v2\/product_brand?post=172"},{"taxonomy":"product_cat","embeddable":true,"href":"https:\/\/pvabay.com\/tr\/wp-json\/wp\/v2\/product_cat?post=172"},{"taxonomy":"product_tag","embeddable":true,"href":"https:\/\/pvabay.com\/tr\/wp-json\/wp\/v2\/product_tag?post=172"}],"curies":[{"name":"wp","href":"https:\/\/api.w.org\/{rel}","templated":true}]}}