{"id":171,"date":"2026-04-19T13:20:51","date_gmt":"2026-04-19T13:20:51","guid":{"rendered":"https:\/\/mailpva.com\/tr\/pva\/500-textnow-accounts\/"},"modified":"2026-04-21T10:22:08","modified_gmt":"2026-04-21T10:22:08","slug":"500-textnow-accounts","status":"publish","type":"product","link":"https:\/\/pvabay.com\/tr\/pva\/500-textnow-accounts\/","title":{"rendered":"50 TextNow Web"},"content":{"rendered":"","protected":false},"excerpt":{"rendered":"<p>TextNow, sanal numaralar kullanmak i\u00e7in en iyi se\u00e7enektir. \u00dccretsiz ABD telefon numaras\u0131, arama, mesajla\u015fma ve OTP do\u011frulamas\u0131 sunar. TextNow hesab\u0131 i\u00e7in de\u011fi\u015ftirme garantisi sunmuyoruz.<\/p>\n","protected":false},"featured_media":226,"comment_status":"open","ping_status":"closed","template":"","meta":[],"product_brand":[],"product_cat":[26],"product_tag":[],"class_list":{"0":"post-171","1":"product","2":"type-product","3":"status-publish","4":"has-post-thumbnail","6":"product_cat-textnow","8":"first","9":"instock","10":"shipping-taxable","11":"product-type-external"},"_links":{"self":[{"href":"https:\/\/pvabay.com\/tr\/wp-json\/wp\/v2\/product\/171","targetHints":{"allow":["GET"]}}],"collection":[{"href":"https:\/\/pvabay.com\/tr\/wp-json\/wp\/v2\/product"}],"about":[{"href":"https:\/\/pvabay.com\/tr\/wp-json\/wp\/v2\/types\/product"}],"replies":[{"embeddable":true,"href":"https:\/\/pvabay.com\/tr\/wp-json\/wp\/v2\/comments?post=171"}],"wp:featuredmedia":[{"embeddable":true,"href":"https:\/\/pvabay.com\/tr\/wp-json\/wp\/v2\/media\/226"}],"wp:attachment":[{"href":"https:\/\/pvabay.com\/tr\/wp-json\/wp\/v2\/media?parent=171"}],"wp:term":[{"taxonomy":"product_brand","embeddable":true,"href":"https:\/\/pvabay.com\/tr\/wp-json\/wp\/v2\/product_brand?post=171"},{"taxonomy":"product_cat","embeddable":true,"href":"https:\/\/pvabay.com\/tr\/wp-json\/wp\/v2\/product_cat?post=171"},{"taxonomy":"product_tag","embeddable":true,"href":"https:\/\/pvabay.com\/tr\/wp-json\/wp\/v2\/product_tag?post=171"}],"curies":[{"name":"wp","href":"https:\/\/api.w.org\/{rel}","templated":true}]}}