{"id":168,"date":"2026-04-19T13:20:51","date_gmt":"2026-04-19T13:20:51","guid":{"rendered":"https:\/\/mailpva.com\/tr\/pva\/2-ideline\/"},"modified":"2026-04-21T10:22:10","modified_gmt":"2026-04-21T10:22:10","slug":"2-ideline","status":"publish","type":"product","link":"https:\/\/pvabay.com\/tr\/pva\/2-ideline\/","title":{"rendered":"2 Yan Hesap"},"content":{"rendered":"","protected":false},"excerpt":{"rendered":"<p>Sideline i\u00e7in 7 g\u00fcnl\u00fck \u00fccretsiz deneme s\u00fcresi alacaks\u0131n\u0131z. Sipari\u015finizden sonra \u00fcretilece\u011fi i\u00e7in teslimat 12 ila 24 saat s\u00fcrecektir.<\/p>\n","protected":false},"featured_media":229,"comment_status":"open","ping_status":"closed","template":"","meta":[],"product_brand":[],"product_cat":[25],"product_tag":[],"class_list":{"0":"post-168","1":"product","2":"type-product","3":"status-publish","4":"has-post-thumbnail","6":"product_cat-sideline","8":"first","9":"instock","10":"shipping-taxable","11":"product-type-external"},"_links":{"self":[{"href":"https:\/\/pvabay.com\/tr\/wp-json\/wp\/v2\/product\/168","targetHints":{"allow":["GET"]}}],"collection":[{"href":"https:\/\/pvabay.com\/tr\/wp-json\/wp\/v2\/product"}],"about":[{"href":"https:\/\/pvabay.com\/tr\/wp-json\/wp\/v2\/types\/product"}],"replies":[{"embeddable":true,"href":"https:\/\/pvabay.com\/tr\/wp-json\/wp\/v2\/comments?post=168"}],"wp:featuredmedia":[{"embeddable":true,"href":"https:\/\/pvabay.com\/tr\/wp-json\/wp\/v2\/media\/229"}],"wp:attachment":[{"href":"https:\/\/pvabay.com\/tr\/wp-json\/wp\/v2\/media?parent=168"}],"wp:term":[{"taxonomy":"product_brand","embeddable":true,"href":"https:\/\/pvabay.com\/tr\/wp-json\/wp\/v2\/product_brand?post=168"},{"taxonomy":"product_cat","embeddable":true,"href":"https:\/\/pvabay.com\/tr\/wp-json\/wp\/v2\/product_cat?post=168"},{"taxonomy":"product_tag","embeddable":true,"href":"https:\/\/pvabay.com\/tr\/wp-json\/wp\/v2\/product_tag?post=168"}],"curies":[{"name":"wp","href":"https:\/\/api.w.org\/{rel}","templated":true}]}}