{"id":165,"date":"2026-04-19T13:20:51","date_gmt":"2026-04-19T13:20:51","guid":{"rendered":"https:\/\/mailpva.com\/tr\/pva\/trustpilot-reviews\/"},"modified":"2026-04-21T10:22:14","modified_gmt":"2026-04-21T10:22:14","slug":"trustpilot-reviews","status":"publish","type":"product","link":"https:\/\/pvabay.com\/tr\/pva\/trustpilot-reviews\/","title":{"rendered":"Trustpilot Yorumlar\u0131"},"content":{"rendered":"<div class=\"specification-item\"><strong>Ger\u00e7ek 5 Y\u0131ld\u0131zl\u0131 Trustpilot Yorumlar\u0131 Sat\u0131n Al\u0131n &#8211; Ger\u00e7ek Ki\u015filer, Ger\u00e7ek Geri Bildirimler<\/strong><\/div>\n<div><\/div>\n<div class=\"specification-item\">\n<p>G\u00fcven olu\u015fturmak ve i\u015fletmenizin \u00e7evrimi\u00e7i itibar\u0131n\u0131 art\u0131rmak m\u0131 istiyorsunuz? Trustpilot yorumlar\u0131, yeni m\u00fc\u015fteriler kazanmada ve marka g\u00fcvenilirli\u011finizi art\u0131rmada \u00f6nemli bir rol oynar. Benzersiz ve g\u00fcvenilir yorum hizmetimizle, ger\u00e7ek ki\u015filer taraf\u0131ndan yaz\u0131lm\u0131\u015f <strong>ger\u00e7ek, be\u015f y\u0131ld\u0131zl\u0131 Trustpilot yorumlar\u0131yla<\/strong> profilinizi kolayca geli\u015ftirebilirsiniz.<\/p>\n<h3>\u2705 Yorumlar\u0131m\u0131z Nas\u0131l %100 Ger\u00e7ektir<\/h3>\n<p>Botlara veya sahte hesaplara g\u00fcvenmiyoruz. Bunun yerine, ekibimiz, arkada\u015flar\u0131m\u0131z ve onlar\u0131n arkada\u015flar\u0131ndan olu\u015fan geni\u015f ve aktif bir ger\u00e7ek insan a\u011f\u0131 kurduk. A\u011f\u0131m\u0131z\u0131n her \u00fcyesinin do\u011frulanm\u0131\u015f bir Trustpilot hesab\u0131 var ve g\u00f6n\u00fcll\u00fc olarak ger\u00e7ek, d\u00fc\u015f\u00fcnceli yorumlar b\u0131rakmaya kat\u0131l\u0131yor. Birisi sipari\u015f verdi\u011finde, a\u011f\u0131m\u0131z\u0131 bilgilendiriyoruz, bilgilerinizi payla\u015f\u0131yoruz ve i\u015fletmenizin t\u00fcr\u00fcne ve iletmek istedi\u011finiz mesaja g\u00f6re yorumlar yaz\u0131p yay\u0131nlamalar\u0131na izin veriyoruz.<\/p>\n<p>Bunlar, ger\u00e7ek g\u00f6r\u00fc\u015flere sahip ger\u00e7ek kullan\u0131c\u0131lard\u0131r ve i\u015fletmenizi olumlu y\u00f6nde yans\u0131tan d\u00fcr\u00fcst ve y\u00fcksek kaliteli yorumlar yay\u0131nlarlar. T\u00fcm yorumlar do\u011fal yaz\u0131m stillerine sahip benzersiz hesaplardan geldi\u011finden, tamamen uyumlu, g\u00fcvenilir ve uzun \u00f6m\u00fcrl\u00fcd\u00fcrler.<\/p>\n<h3>Neden Trustpilot Yorum Hizmetimizi Se\u00e7melisiniz?<\/h3>\n<p><strong>\u2714 Ger\u00e7ek ve G\u00fcvenilir Kullan\u0131c\u0131lar:<\/strong><\/p>\n<p>\u0130ncelemelerimiz, botlar veya ge\u00e7ici hesaplar taraf\u0131ndan de\u011fil, ger\u00e7ek ki\u015filer taraf\u0131ndan yaz\u0131l\u0131r ve bu sayede kalite ve g\u00fcvenilirlik sa\u011flan\u0131r.<\/p>\n<p><strong>\u2714 Be\u015f Y\u0131ld\u0131zl\u0131 Derecelendirmeler:<\/strong><\/p>\n<p>Markan\u0131z i\u00e7in g\u00fc\u00e7l\u00fc ve olumlu bir imaj olu\u015fturman\u0131za yard\u0131mc\u0131 olan yaln\u0131zca 5 y\u0131ld\u0131zl\u0131 incelemeler sunuyoruz.<\/p>\n<p><strong>\u2714 Ki\u015fiselle\u015ftirilmi\u015f \u0130nceleme \u0130\u00e7eri\u011fi:<\/strong><\/p>\n<p>Her inceleme benzersizdir ve i\u015f alan\u0131n\u0131za uygun do\u011fal bir tonda yaz\u0131lm\u0131\u015ft\u0131r. Hatta vurgulamam\u0131z\u0131 istedi\u011finiz \u00f6nemli noktalar\u0131 veya hizmetleri bile \u00f6nerebilirsiniz.<\/p>\n<p><strong>\u2714 Uzun Vadeli G\u00fcvenli \u0130ncelemeler:<\/strong><\/p>\n<p>T\u00fcm incelemeler eski, g\u00fcvenilir hesaplardan gelir, bu da onlar\u0131 daha istikrarl\u0131 hale getirir ve kald\u0131r\u0131lma olas\u0131l\u0131klar\u0131 \u00e7ok daha d\u00fc\u015f\u00fckt\u00fcr.<\/p>\n<p><strong>\u2714 Zaman\u0131nda Teslimat:<\/strong><\/p>\n<p>Zaman \u00e7izelgesini siz se\u00e7in. \u0130htiya\u00e7lar\u0131n\u0131za g\u00f6re yorumlar\u0131 kademeli olarak yay\u0131nlayabilir veya h\u0131zl\u0131ca iletebiliriz.<\/p>\n<h3>Nas\u0131l \u00c7al\u0131\u015f\u0131r<\/h3>\n<ol>\n<li><strong>Sipari\u015finizi Verin:<\/strong> Paketinizi se\u00e7in ve Trustpilot profil ba\u011flant\u0131n\u0131z\u0131 sa\u011flay\u0131n.<\/li>\n<li><strong>Talimatlar\u0131 G\u00f6nderin (\u0130ste\u011fe Ba\u011fl\u0131):<\/strong> Bahsedilmesini istedi\u011finiz anahtar kelimeleri veya mesajlar\u0131 payla\u015f\u0131n.<\/li>\n<li><strong>Ekibimize Bildiriyoruz:<\/strong> Bilgilerinizi geni\u015f yorumcu a\u011f\u0131m\u0131za g\u00f6nderiyoruz.<\/li>\n<li><strong>Yorumlar Yay\u0131nlan\u0131yor:<\/strong> Yorumlar, kararla\u015ft\u0131r\u0131lan zaman dilimi i\u00e7inde farkl\u0131 IP adreslerinden, cihazlardan ve hesaplardan do\u011fal olarak yay\u0131nlan\u0131r.<\/li>\n<\/ol>\n<p>Y\u00fczlerce i\u015fletmenin daha g\u00fc\u00e7l\u00fc bir \u00e7evrimi\u00e7i itibar kazanmas\u0131na yard\u0131mc\u0131 olduk. \u0130ster yeni ba\u015fl\u0131yor olun, ister mevcut profilinizi g\u00fc\u00e7lendirmek istiyor olun, inceleme hizmetimiz rakiplerinizin aras\u0131ndan s\u0131yr\u0131lman\u0131n m\u00fckemmel bir yoludur.<\/p>\n<h3>\u00d6nemli Uyar\u0131<\/h3>\n<p>Sahte, kopyalanm\u0131\u015f veya spam i\u00e7erik <strong>kullanm\u0131yoruz<\/strong>. \u0130ncelemelerimiz <strong>ger\u00e7ek<\/strong>, insanlar taraf\u0131ndan yaz\u0131lm\u0131\u015f ve kalite ve g\u00fcvenli\u011fi sa\u011flamak i\u00e7in manuel olarak yay\u0131nlanm\u0131\u015ft\u0131r. Trustpilot&#8217;\u0131n y\u00f6nergelerini tamamen anl\u0131yor ve sorunlardan ka\u00e7\u0131nmak i\u00e7in y\u00f6ntemlerimizi uyumlu tutuyoruz.<\/p>\n<h3>G\u00fcvenle B\u00fcy\u00fcy\u00fcn<\/h3>\n<p>G\u00fcven, her ba\u015far\u0131l\u0131 i\u015fletmenin temelidir ve Trustpilot incelemeleri bu g\u00fcveni olu\u015fturman\u0131n en iyi yollar\u0131ndan biridir. Markan\u0131z\u0131n \u00e7evrimi\u00e7i itibar\u0131 konusunda ciddiyseniz, inceleme hizmetimiz g\u00fc\u00e7l\u00fc ve g\u00fcvenli bir \u00e7\u00f6z\u00fcm sunar.<\/p>\n<p><strong>Bug\u00fcn sipari\u015f verin ve gelecekteki m\u00fc\u015fterilerinizin g\u00fcvenece\u011fi 5 y\u0131ld\u0131zl\u0131 bir itibar olu\u015fturmaya ba\u015flay\u0131n<\/strong><\/p>\n<\/div>\n","protected":false},"excerpt":{"rendered":"<p>\u0130\u015fletmenizin g\u00fcvenilirli\u011fini ve \u00e7evrimi\u00e7i itibar\u0131n\u0131 h\u0131zla art\u0131rmak i\u00e7in do\u011frulanm\u0131\u015f Trustpilot yorumlar\u0131n\u0131 sat\u0131n al\u0131n.<\/p>\n","protected":false},"featured_media":232,"comment_status":"open","ping_status":"closed","template":"","meta":[],"product_brand":[],"product_cat":[24],"product_tag":[],"class_list":{"0":"post-165","1":"product","2":"type-product","3":"status-publish","4":"has-post-thumbnail","6":"product_cat-servises","8":"first","9":"instock","10":"shipping-taxable","11":"product-type-external"},"_links":{"self":[{"href":"https:\/\/pvabay.com\/tr\/wp-json\/wp\/v2\/product\/165","targetHints":{"allow":["GET"]}}],"collection":[{"href":"https:\/\/pvabay.com\/tr\/wp-json\/wp\/v2\/product"}],"about":[{"href":"https:\/\/pvabay.com\/tr\/wp-json\/wp\/v2\/types\/product"}],"replies":[{"embeddable":true,"href":"https:\/\/pvabay.com\/tr\/wp-json\/wp\/v2\/comments?post=165"}],"wp:featuredmedia":[{"embeddable":true,"href":"https:\/\/pvabay.com\/tr\/wp-json\/wp\/v2\/media\/232"}],"wp:attachment":[{"href":"https:\/\/pvabay.com\/tr\/wp-json\/wp\/v2\/media?parent=165"}],"wp:term":[{"taxonomy":"product_brand","embeddable":true,"href":"https:\/\/pvabay.com\/tr\/wp-json\/wp\/v2\/product_brand?post=165"},{"taxonomy":"product_cat","embeddable":true,"href":"https:\/\/pvabay.com\/tr\/wp-json\/wp\/v2\/product_cat?post=165"},{"taxonomy":"product_tag","embeddable":true,"href":"https:\/\/pvabay.com\/tr\/wp-json\/wp\/v2\/product_tag?post=165"}],"curies":[{"name":"wp","href":"https:\/\/api.w.org\/{rel}","templated":true}]}}