{"id":164,"date":"2026-04-19T13:20:51","date_gmt":"2026-04-19T13:20:51","guid":{"rendered":"https:\/\/mailpva.com\/tr\/pva\/google-reviews\/"},"modified":"2026-04-21T10:22:15","modified_gmt":"2026-04-21T10:22:15","slug":"google-reviews","status":"publish","type":"product","link":"https:\/\/pvabay.com\/tr\/pva\/google-reviews\/","title":{"rendered":"Google Yorumlar\u0131"},"content":{"rendered":"<p><strong>Ger\u00e7ek 5 Y\u0131ld\u0131zl\u0131 Google Yorumlar\u0131 Sat\u0131n Al\u0131n &#8211; \u0130\u015fletmenizin G\u00fcvenilirli\u011fini Art\u0131r\u0131n<\/strong><\/p>\n<p>G\u00fcn\u00fcm\u00fcz\u00fcn dijital d\u00fcnyas\u0131nda ilk izlenimler her \u015feydir ve \u00e7o\u011fu m\u00fc\u015fteri i\u00e7in bu ilk izlenim Google yorumlar\u0131n\u0131zla ba\u015flar. \u0130ster yerel bir ma\u011faza, ister \u00e7evrimi\u00e7i bir i\u015fletme veya hizmet tabanl\u0131 bir \u015firket i\u015fletiyor olun, g\u00fc\u00e7l\u00fc Google derecelendirmelerine sahip olmak g\u00fcven olu\u015fturmak ve yeni m\u00fc\u015fteriler \u00e7ekmek i\u00e7in olmazsa olmazd\u0131r. \u0130\u015fte tam bu noktada devreye giriyoruz.<\/p>\n<p>Ger\u00e7ek ki\u015filerden, botlardan, sahte profillerden veya yapay zekadan de\u011fil, ger\u00e7ek, elle yaz\u0131lm\u0131\u015f 5 y\u0131ld\u0131zl\u0131 Google yorumlar\u0131 sunuyoruz. Yorumlar\u0131m\u0131z, her biri kendi ba\u011flant\u0131lar\u0131na sahip yak\u0131n bir arkada\u015f a\u011f\u0131 ve g\u00fcvenilir bir ekip arac\u0131l\u0131\u011f\u0131yla olu\u015fturulur ve her yorumun ger\u00e7ek ve aktif bir kullan\u0131c\u0131dan gelmesini sa\u011flar. Bunlar, i\u015fletmenize, ni\u015finize ve tonunuza \u00f6zel olarak uyarlanm\u0131\u015f, g\u00fcvenli ve uzun s\u00fcreli incelemelerdir.<\/p>\n<p><strong>\u2705 Neden Google \u0130nceleme Hizmetimizi Se\u00e7melisiniz?<\/strong><\/p>\n<p><strong>1. %100 Ger\u00e7ek \u0130ncelemeler:<\/strong><\/p>\n<p>Sahte hesaplar veya otomasyon kullanm\u0131yoruz. Her inceleme, ger\u00e7ek Google hesaplar\u0131 kullan\u0131larak ger\u00e7ek ki\u015filer taraf\u0131ndan manuel olarak yaz\u0131l\u0131r ve yay\u0131nlan\u0131r. Ekibimiz ve geni\u015f a\u011f\u0131m\u0131z, kalite ve g\u00fcveni korumaya kendini adam\u0131\u015ft\u0131r.<\/p>\n<p><strong>2. \u0130\u015fletmenize \u00d6zel:<\/strong><\/p>\n<p>Her incelemeyi sekt\u00f6r\u00fcn\u00fcze ve hizmetlerinize uyacak \u015fekilde haz\u0131rl\u0131yoruz. \u0130ster restoran, ister e-ticaret sitesi, ister serbest \u00e7al\u0131\u015fan veya yerel bir i\u015fletme olun, incelemelerimiz markan\u0131z\u0131n temel g\u00fc\u00e7l\u00fc y\u00f6nlerini vurgular.<\/p>\n<p><strong>3. Yaln\u0131zca Be\u015f Y\u0131ld\u0131zl\u0131 Derecelendirmeler:<\/strong><\/p>\n<p>Genel derecelendirmenizi art\u0131rman\u0131za ve m\u00fc\u015fteri g\u00fcveni olu\u015fturman\u0131za yard\u0131mc\u0131 olan olumlu 5 y\u0131ld\u0131zl\u0131 incelemeler sa\u011flamaya odaklan\u0131yoruz.<\/p>\n<p><strong>4. G\u00fcvenli ve Kal\u0131c\u0131:<\/strong><\/p>\n<p>\u0130ncelemelerimiz farkl\u0131 cihaz ve konumlardan, ger\u00e7ek hesaplar kullan\u0131larak g\u00f6nderildi\u011fi i\u00e7in Google&#8217;\u0131n radar\u0131n\u0131n alt\u0131nda kal\u0131r. Bu, hi\u00e7bir kald\u0131rma veya ceza olmad\u0131\u011f\u0131 anlam\u0131na gelir; yaln\u0131zca kal\u0131c\u0131 sonu\u00e7lar.<\/p>\n<p><strong>5. H\u0131zl\u0131 ve Zaman\u0131nda Teslimat:<\/strong><\/p>\n<p>Zaman \u00e7izelgesini siz belirleyin, biz teslim edelim. T\u00fcm incelemeleri tek seferde veya birka\u00e7 g\u00fcne yayarak istiyorsan\u0131z, sizin i\u00e7in hallederiz.<\/p>\n<p><strong>Bir\u00e7ok Ki\u015fi Taraf\u0131ndan G\u00fcveniliyor<\/strong><\/p>\n<p>Sosyal kan\u0131t\u0131n g\u00fcc\u00fcn\u00fc anlayan bireyler, ajanslar ve i\u015fletme sahipleriyle \u00e7al\u0131\u015f\u0131yoruz. Memnun m\u00fc\u015fterilerimizin \u00e7o\u011fu, hizmetimiz ger\u00e7ekten sonu\u00e7 verdi\u011fi i\u00e7in tekrar eden m\u00fc\u015fterilerimizdir.<\/p>\n<p><strong> Nas\u0131l \u00c7al\u0131\u015f\u0131r:<\/strong><\/p>\n<ol>\n<li>Sipari\u015finizi verin ve Google \u0130\u015fletme Profili ba\u011flant\u0131n\u0131z\u0131 sa\u011flay\u0131n.<\/li>\n<li>\u0130ncelemelere eklemek \u00fczere iste\u011fe ba\u011fl\u0131 olarak belirli noktalar veya ifadeler \u00f6nerebilirsiniz.<\/li>\n<li>Sipari\u015finizi, farkl\u0131 hesaplardan g\u00f6nderi payla\u015facak ekibimize ve arkada\u015flar\u0131m\u0131za at\u0131yoruz.<\/li>\n<li>\u0130ncelemeler, sizin belirledi\u011finiz teslimat aral\u0131\u011f\u0131nda g\u00f6r\u00fcnmeye ba\u015flar. Se\u00e7in.<\/li>\n<\/ol>\n<p><strong>Hemen Ba\u015flay\u0131n<\/strong><\/p>\n<p>Rakiplerinizin daha iyi derecelendirmelerle \u00f6ne ge\u00e7mesine izin vermeyin. \u0130\u015fletmenizin g\u00f6r\u00fcn\u00fcrl\u00fc\u011f\u00fcn\u00fc art\u0131r\u0131n, m\u00fc\u015fteri g\u00fcvenini art\u0131r\u0131n ve \u00f6zg\u00fcn Google yorum hizmetimizle daha h\u0131zl\u0131 b\u00fcy\u00fcy\u00fcn.<\/p>\n<blockquote><p>\u2b50 <strong>Not:<\/strong> Asla sahte, yan\u0131lt\u0131c\u0131 veya spam i\u00e7erikli yorumlar yay\u0131nlamay\u0131z. T\u00fcm yorumlar, etik standartlara tam uyum sa\u011flayan do\u011fal dilde payla\u015f\u0131lan ger\u00e7ek g\u00f6r\u00fc\u015flerdir.<\/p><\/blockquote>\n<p><strong>\u0130tibar\u0131n\u0131z\u0131 bir \u00fcst seviyeye ta\u015f\u0131maya haz\u0131r m\u0131s\u0131n\u0131z? Hemen sipari\u015f verin ve derecelendirmelerinizin y\u00fckseli\u015fini izleyin!<\/strong><\/p>\n","protected":false},"excerpt":{"rendered":"<p>\u0130\u015fletmenizin g\u00fcvenilirli\u011fini ve \u00e7evrimi\u00e7i itibar\u0131n\u0131 h\u0131zla art\u0131rmak i\u00e7in do\u011frulanm\u0131\u015f Google yorumlar\u0131 sat\u0131n al\u0131n.<\/p>\n","protected":false},"featured_media":233,"comment_status":"open","ping_status":"closed","template":"","meta":[],"product_brand":[],"product_cat":[24],"product_tag":[],"class_list":{"0":"post-164","1":"product","2":"type-product","3":"status-publish","4":"has-post-thumbnail","6":"product_cat-servises","8":"first","9":"instock","10":"shipping-taxable","11":"product-type-external"},"_links":{"self":[{"href":"https:\/\/pvabay.com\/tr\/wp-json\/wp\/v2\/product\/164","targetHints":{"allow":["GET"]}}],"collection":[{"href":"https:\/\/pvabay.com\/tr\/wp-json\/wp\/v2\/product"}],"about":[{"href":"https:\/\/pvabay.com\/tr\/wp-json\/wp\/v2\/types\/product"}],"replies":[{"embeddable":true,"href":"https:\/\/pvabay.com\/tr\/wp-json\/wp\/v2\/comments?post=164"}],"wp:featuredmedia":[{"embeddable":true,"href":"https:\/\/pvabay.com\/tr\/wp-json\/wp\/v2\/media\/233"}],"wp:attachment":[{"href":"https:\/\/pvabay.com\/tr\/wp-json\/wp\/v2\/media?parent=164"}],"wp:term":[{"taxonomy":"product_brand","embeddable":true,"href":"https:\/\/pvabay.com\/tr\/wp-json\/wp\/v2\/product_brand?post=164"},{"taxonomy":"product_cat","embeddable":true,"href":"https:\/\/pvabay.com\/tr\/wp-json\/wp\/v2\/product_cat?post=164"},{"taxonomy":"product_tag","embeddable":true,"href":"https:\/\/pvabay.com\/tr\/wp-json\/wp\/v2\/product_tag?post=164"}],"curies":[{"name":"wp","href":"https:\/\/api.w.org\/{rel}","templated":true}]}}