{"id":245,"date":"2026-04-24T18:34:52","date_gmt":"2026-04-24T18:34:52","guid":{"rendered":"https:\/\/pvabay.com\/tr\/?page_id=245"},"modified":"2026-04-24T19:17:49","modified_gmt":"2026-04-24T19:17:49","slug":"about","status":"publish","type":"page","link":"https:\/\/pvabay.com\/tr\/about\/","title":{"rendered":"Hakk\u0131m\u0131zda"},"content":{"rendered":"<h2 data-section-id=\"ii1s8v\" data-start=\"18910\" data-end=\"18936\">Hakk\u0131m\u0131zda \u2013 PVABay.com<\/h2>\n<p data-start=\"18938\" data-end=\"19257\">PVABay.com, do\u011frulanm\u0131\u015f Gmail hesaplar\u0131, Google Voice numaralar\u0131, eski Gmail hesaplar\u0131 ve di\u011fer dijital hesap hizmetleri sunan global bir dijital hesap pazar\u0131d\u0131r. Platformumuz; i\u015f, pazarlama, ileti\u015fim veya ki\u015fisel kullan\u0131m i\u00e7in h\u0131zl\u0131, g\u00fcvenli ve g\u00fcvenilir dijital hesaplara ihtiya\u00e7 duyan m\u00fc\u015fteriler i\u00e7in tasarlanm\u0131\u015ft\u0131r.<\/p>\n<p data-start=\"19259\" data-end=\"19399\">PVABay, 2016 y\u0131l\u0131ndan beri dijital hesap sekt\u00f6r\u00fcnde kalite, h\u0131zl\u0131 teslimat, uygun fiyat ve m\u00fc\u015fteri deste\u011fine odaklanarak hizmet vermektedir.<\/p>\n<h2 data-section-id=\"r1c51o\" data-start=\"19401\" data-end=\"19413\">Hikayemiz<\/h2>\n<p data-start=\"19415\" data-end=\"19667\">Yolculu\u011fumuz 2016 y\u0131l\u0131nda Gmail ve Yahoo hesap hizmetleriyle ba\u015flad\u0131. 2017 y\u0131l\u0131nda, m\u00fc\u015fterilerden gelen yo\u011fun talep \u00fczerine Google Voice hesap hizmetlerine ba\u015flad\u0131k. O g\u00fcnden bu yana PVABay; deneyim, g\u00fcven ve m\u00fc\u015fteri memnuniyetiyle b\u00fcy\u00fcmeye devam etti.<\/p>\n<p data-start=\"19669\" data-end=\"19809\">Bug\u00fcn bireysel sipari\u015flerin yan\u0131 s\u0131ra \u015firketler, ajanslar, pazarlamac\u0131lar, freelancerlar ve bayiler i\u00e7in toplu sipari\u015f deste\u011fi de sunuyoruz.<\/p>\n<h2 data-section-id=\"ycors3\" data-start=\"19811\" data-end=\"19829\">Neler Sunuyoruz<\/h2>\n<p data-start=\"19831\" data-end=\"19887\">PVABay olarak farkl\u0131 dijital hesap hizmetleri sunuyoruz:<\/p>\n<ul data-start=\"19889\" data-end=\"20121\">\n<li data-section-id=\"xeyn2s\" data-start=\"19889\" data-end=\"19920\">Do\u011frulanm\u0131\u015f Gmail hesaplar\u0131<\/li>\n<li data-section-id=\"10qi4ab\" data-start=\"19921\" data-end=\"19945\">Eski Gmail hesaplar\u0131<\/li>\n<li data-section-id=\"1tqnzdp\" data-start=\"19946\" data-end=\"19973\">Google Voice numaralar\u0131<\/li>\n<li data-section-id=\"1747ipg\" data-start=\"19974\" data-end=\"20020\">Kurtarma bilgileri bulunan Gmail hesaplar\u0131<\/li>\n<li data-section-id=\"9zqdej\" data-start=\"20021\" data-end=\"20071\">\u0130\u015f ve pazarlama ama\u00e7l\u0131 dijital hesap paketleri<\/li>\n<li data-section-id=\"17j898i\" data-start=\"20072\" data-end=\"20121\">Ajanslar ve bayiler i\u00e7in toplu hesap tedariki<\/li>\n<\/ul>\n<p data-start=\"20123\" data-end=\"20221\">Her hesap, m\u00fc\u015fterilerin \u00e7al\u0131\u015fan ve kullan\u0131ma haz\u0131r dijital hesaplar almas\u0131 i\u00e7in \u00f6zenle haz\u0131rlan\u0131r.<\/p>\n<h2 data-section-id=\"ptlz5i\" data-start=\"20223\" data-end=\"20254\">Sadece Kripto Para ile \u00d6deme<\/h2>\n<p data-start=\"20256\" data-end=\"20429\">PVABay.com yaln\u0131zca kripto para \u00f6demelerini kabul eder. M\u00fc\u015fteriler USDT TRC20, Bitcoin, Ethereum, Binance Pay ve desteklenen di\u011fer dijital para birimleriyle \u00f6deme yapabilir.<\/p>\n<p data-start=\"20431\" data-end=\"20534\">Kripto \u00f6demeler, uluslararas\u0131 m\u00fc\u015fteriler i\u00e7in \u00f6deme s\u00fcrecini daha h\u0131zl\u0131, g\u00fcvenli ve kolay hale getirir.<\/p>\n<h2 data-section-id=\"x43gf7\" data-start=\"20536\" data-end=\"20552\">Neden PVABay?<\/h2>\n<p data-start=\"20554\" data-end=\"20736\">M\u00fc\u015fteriler PVABay\u2019i g\u00fcven, h\u0131z, kalite ve destek nedeniyle tercih eder. M\u00fc\u015fterilerimizin \u00e7al\u0131\u015fan hesaplar, net sipari\u015f bilgileri ve \u00f6deme sonras\u0131 h\u0131zl\u0131 ileti\u015fim istedi\u011fini biliyoruz.<\/p>\n<p data-start=\"20738\" data-end=\"20761\">Ba\u015fl\u0131ca avantajlar\u0131m\u0131z:<\/p>\n<ul data-start=\"20763\" data-end=\"20988\">\n<li data-section-id=\"3rym0e\" data-start=\"20763\" data-end=\"20787\">H\u0131zl\u0131 sipari\u015f i\u015fleme<\/li>\n<li data-section-id=\"1q827qg\" data-start=\"20788\" data-end=\"20825\">USD \u00fczerinden uygun fiyatland\u0131rma<\/li>\n<li data-section-id=\"ro8f3k\" data-start=\"20826\" data-end=\"20870\">Kaliteli Gmail ve Google Voice hesaplar\u0131<\/li>\n<li data-section-id=\"19rj49s\" data-start=\"20871\" data-end=\"20896\">Toplu sipari\u015f deste\u011fi<\/li>\n<li data-section-id=\"q96vg3\" data-start=\"20897\" data-end=\"20929\">G\u00fcvenli kripto \u00f6deme sistemi<\/li>\n<li data-section-id=\"ni4e2u\" data-start=\"20930\" data-end=\"20962\">2016\u2019dan beri deneyimli ekip<\/li>\n<li data-section-id=\"lmggqf\" data-start=\"20963\" data-end=\"20988\">M\u00fc\u015fteri odakl\u0131 hizmet<\/li>\n<\/ul>\n<h2 data-section-id=\"1rfn8y2\" data-start=\"20990\" data-end=\"21018\">Kalite, Garanti ve Destek<\/h2>\n<p data-start=\"21020\" data-end=\"21159\">M\u00fc\u015fteri memnuniyeti en \u00f6nemli hedeflerimizden biridir. \u00dcr\u00fcn t\u00fcr\u00fcne ve web sitemizde belirtilen garanti politikas\u0131na g\u00f6re destek sa\u011fl\u0131yoruz.<\/p>\n<p data-start=\"21161\" data-end=\"21300\">Bir\u00e7ok Gmail ve Google Voice \u00fcr\u00fcn\u00fc i\u00e7in, \u00fcr\u00fcn ve sipari\u015f ko\u015fullar\u0131na ba\u011fl\u0131 olarak 72 saat garanti gibi s\u0131n\u0131rl\u0131 de\u011fi\u015fim garantisi sunuyoruz.<\/p>\n<p data-start=\"21302\" data-end=\"21311\">\u0130leti\u015fim:<\/p>\n<p data-start=\"21313\" data-end=\"21366\"><strong data-start=\"21313\" data-end=\"21323\">Email:<\/strong> <a class=\"decorated-link cursor-pointer\" rel=\"noopener\" data-start=\"21324\" data-end=\"21340\">abspva@gmail.com<\/a><br data-start=\"21340\" data-end=\"21343\" \/><strong data-start=\"21343\" data-end=\"21356\">Telegram:<\/strong> @pvabay<\/p>\n<p data-start=\"21368\" data-end=\"21517\"><strong data-start=\"21368\" data-end=\"21382\">PVABay.com<\/strong>\u2019u tercih etti\u011finiz i\u00e7in te\u015fekk\u00fcr ederiz. Gmail hesaplar\u0131, Google Voice numaralar\u0131 ve dijital hesap \u00e7\u00f6z\u00fcmleri i\u00e7in g\u00fcvenilir orta\u011f\u0131n\u0131z.<\/p>\n","protected":false},"excerpt":{"rendered":"<p>Hakk\u0131m\u0131zda \u2013 PVABay.com PVABay.com, do\u011frulanm\u0131\u015f Gmail hesaplar\u0131, Google Voice numaralar\u0131, eski Gmail hesaplar\u0131 ve di\u011fer dijital hesap hizmetleri sunan global bir dijital hesap pazar\u0131d\u0131r. Platformumuz; i\u015f, pazarlama, ileti\u015fim veya ki\u015fisel kullan\u0131m i\u00e7in h\u0131zl\u0131, g\u00fcvenli ve g\u00fcvenilir dijital hesaplara ihtiya\u00e7 duyan m\u00fc\u015fteriler i\u00e7in tasarlanm\u0131\u015ft\u0131r. PVABay, 2016 y\u0131l\u0131ndan beri dijital hesap sekt\u00f6r\u00fcnde kalite, h\u0131zl\u0131 teslimat, uygun fiyat [&hellip;]<\/p>\n","protected":false},"author":1,"featured_media":0,"parent":0,"menu_order":0,"comment_status":"closed","ping_status":"closed","template":"","meta":{"footnotes":""},"class_list":["post-245","page","type-page","status-publish","hentry"],"_links":{"self":[{"href":"https:\/\/pvabay.com\/tr\/wp-json\/wp\/v2\/pages\/245","targetHints":{"allow":["GET"]}}],"collection":[{"href":"https:\/\/pvabay.com\/tr\/wp-json\/wp\/v2\/pages"}],"about":[{"href":"https:\/\/pvabay.com\/tr\/wp-json\/wp\/v2\/types\/page"}],"author":[{"embeddable":true,"href":"https:\/\/pvabay.com\/tr\/wp-json\/wp\/v2\/users\/1"}],"replies":[{"embeddable":true,"href":"https:\/\/pvabay.com\/tr\/wp-json\/wp\/v2\/comments?post=245"}],"version-history":[{"count":1,"href":"https:\/\/pvabay.com\/tr\/wp-json\/wp\/v2\/pages\/245\/revisions"}],"predecessor-version":[{"id":246,"href":"https:\/\/pvabay.com\/tr\/wp-json\/wp\/v2\/pages\/245\/revisions\/246"}],"wp:attachment":[{"href":"https:\/\/pvabay.com\/tr\/wp-json\/wp\/v2\/media?parent=245"}],"curies":[{"name":"wp","href":"https:\/\/api.w.org\/{rel}","templated":true}]}}