{"id":92,"date":"2026-04-19T13:13:21","date_gmt":"2026-04-19T13:13:21","guid":{"rendered":"https:\/\/mailpva.com\/it\/pva\/2fa-gmail-accounts\/"},"modified":"2026-04-21T10:15:30","modified_gmt":"2026-04-21T10:15:30","slug":"2fa-enabled-gmail-accounts","status":"publish","type":"product","link":"https:\/\/pvabay.com\/it\/pva\/2fa-enabled-gmail-accounts\/","title":{"rendered":"Account Gmail abilitati per 2FA"},"content":{"rendered":"<p>Cerchi account Gmail affidabili e duraturi, con elevati livelli di sicurezza e prestazioni? Offriamo account Gmail di alta qualit\u00e0 con la <strong>verifica in due passaggi (2FA)<\/strong> gi\u00e0 abilitata, per offrirti tranquillit\u00e0 e pieno controllo. Che tu sia un addetto al marketing, un imprenditore, uno sviluppatore o qualcuno che necessita di un accesso Gmail sicuro per un utilizzo a lungo termine, il nostro servizio \u00e8 esattamente ci\u00f2 di cui hai bisogno. <\/p>\n<div style=\"font-family: system-ui,sans-serif; line-height: 1.6; max-width: 760px; color: #2c3e50; margin: auto; padding: 10px;\">\n<p><!-- Titolo --> <\/p>\n<p style=\"font-weight: 800; font-size: 18px; margin: 0 0 8px;\">Formato numero di conto:<\/p>\n<p><!-- Formato pillola --> <\/p>\n<p style=\"font-family: ui-monospace,SFMono-Regular,Menlo,monospace; background: #fceaea; color: #e74c3c; display: inline-block; padding: 6px 12px; border-radius: 6px; margin: 0 0 16px; word-break: break-word;\">Email : Password : Email di recupero : Chiave di configurazione dell&#8217;autenticazione 2FA<\/p>\n<p><!-- Esempio --> <\/p>\n<p style=\"font-weight: 800; font-size: 18px; margin: 18px 0 8px;\">Esempio:<\/p>\n<p style=\"font-family: ui-monospace,SFMono-Regular,Menlo,monospace; background: #f9f2f4; color: #c7254e; display: inline-block; padding: 6px 12px; border-radius: 6px; margin: 0; word-break: break-word;\">pvabay@gmail.com : pvabaypasswd : pvabay@outlook.com : ry2q 7jso utj4 t4f2 267g k4ka ao72 6ouv<\/p>\n<p><!-- Elenco dettagli --> <\/p>\n<ul style=\"list-style: none; padding: 0; margin: 16px 0 0; font-size: 15px;\">\n<li><strong style=\"color: #2c3e50;\">Nome utente e-mail<\/strong>: pvabay@gmail.com<\/li>\n<li><strong style=\"color: #c0392b;\">Password<\/strong>: pvabaypasswd<\/li>\n<li><strong style=\"color: #2980b9;\">Posta di recupero<\/strong>: pvabay@outlook.com<\/li>\n<li style=\"word-break: break-word;\"><strong style=\"color: #8e44ad;\">Chiave di configurazione dell&#8217;autenticazione 2FA<\/strong>: ry2q 7jso utj4 t4f2 267g k4ka ao72 6ouv<\/li>\n<\/ul>\n<p><!-- Bolla di consegna --> <\/p>\n<p style=\"margin: 14px 0 0; font-size: 15px;\"><strong style=\"color: #f39c12;\">Consegna:<\/strong> la tua e-mail verr\u00e0 consegnata entro <strong>30 minuti &#8211; 6 ore<\/strong> come file <strong>Excel (.xlsx)<\/strong>.<\/p>\n<\/div>\n<h3>\u2705 Cosa offriamo<\/h3>\n<p>Creiamo <strong>nuovi account Gmail<\/strong> ogni giorno, ognuno configurato manualmente con cura e sicurezza in mente. Questi account includono: <\/p>\n<ul>\n<li>Indirizzi Gmail appena creati<\/li>\n<li>Utilizzo univoco di IP e dispositivo<\/li>\n<li>Verifica in due passaggi (2FA) attivata per maggiore sicurezza<\/li>\n<li>Verificato e pronto all&#8217;uso immediato<\/li>\n<li>Utilizzo a lungo termine senza attivit\u00e0 o cronologia precedente<\/li>\n<li>Codici di backup opzionali per il ripristino<\/li>\n<\/ul>\n<p>Tutti gli account vengono creati professionalmente e non vengono mai riutilizzati o riciclati. Una volta venduto, ogni account viene consegnato a un solo cliente. La tua sicurezza e soddisfazione sono la nostra priorit\u00e0. <\/p>\n<h3>Perch\u00e9 scegliere Gmail con la verifica in due passaggi?<\/h3>\n<p>Gmail \u00e8 una delle piattaforme di posta elettronica pi\u00f9 potenti e affidabili al mondo. Tuttavia, con l&#8217;aumento delle minacce informatiche, la sicurezza di accesso di base non \u00e8 pi\u00f9 sufficiente. Ecco perch\u00e9 la <strong>verifica in due passaggi (2FA)<\/strong> \u00e8 essenziale. Ecco cosa ti offre: <\/p>\n<ul>\n<li><strong>Protezione avanzata<\/strong>: anche se qualcuno conosce la tua password, non pu\u00f2 accedere al tuo account senza il secondo passaggio di verifica (solitamente un codice inviato a un dispositivo attendibile).<\/li>\n<li><strong>Rischio di hacking ridotto<\/strong>: la 2FA riduce drasticamente le possibilit\u00e0 di accessi non autorizzati o attacchi di phishing.<\/li>\n<li><strong>Scelto da Google<\/strong>: Gmail stesso consiglia vivamente la 2FA per la massima sicurezza e la protezione dell&#8217;account a lungo termine.<\/li>\n<li><strong>Ottimo per l&#8217;uso aziendale<\/strong>: gli account con 2FA sono pi\u00f9 affidabili per le piattaforme e hanno meno probabilit\u00e0 di essere segnalati o sospesi.<\/li>\n<\/ul>\n<h3>Perch\u00e9 dovresti usare il nostro servizio<\/h3>\n<p>Sappiamo di cosa hanno bisogno i clienti: <strong>sicurezza, qualit\u00e0 e affidabilit\u00e0<\/strong>. Ecco perch\u00e9 i nostri account Gmail si distinguono: <\/p>\n<ul>\n<li>\u2699\ufe0f <strong>Nuove scorte giornaliere<\/strong>: creiamo account regolarmente per garantirne la freschezza.<\/li>\n<li><strong>La sicurezza prima di tutto<\/strong>: tutti gli account sono protetti con 2FA, aumentandone la durata e l&#8217;affidabilit\u00e0.<\/li>\n<li><strong>Consegna rapida<\/strong>: ricevi i tuoi account rapidamente tramite il tuo metodo di contatto preferito.<\/li>\n<li><strong>Assistenza inclusa<\/strong>: hai domande o hai bisogno di aiuto per accedere? Siamo qui per aiutarti.<\/li>\n<li><strong>Adatto a tutte le esigenze<\/strong>: utilizza i nostri account Gmail per i social media, il marketing, la registrazione aziendale o qualsiasi progetto che richieda un&#8217;email affidabile.<\/li>\n<\/ul>\n<h3>Inizia oggi stesso<\/h3>\n<p>Se sei stanco di account Gmail di bassa qualit\u00e0 che vengono disabilitati o segnalati rapidamente, fai la mossa intelligente. Investi nei nostri <strong>account Gmail sicuri e abilitati per l&#8217;autenticazione a due fattori<\/strong> e scopri un&#8217;affidabilit\u00e0 senza precedenti. <\/p>\n<p>Per acquisti all&#8217;ingrosso, nomi utente personalizzati o richieste speciali, non esitare a contattarci. Siamo flessibili e impegnati a fornire le migliori soluzioni di servizi di posta elettronica.<\/p>\n","protected":false},"excerpt":{"rendered":"<p>Account Gmail sicuri, abilitati all&#8217;autenticazione a due fattori, per un utilizzo a lungo termine: appena creati, verificati e pronti per un accesso sicuro.<\/p>\n","protected":false},"featured_media":137,"comment_status":"open","ping_status":"closed","template":"","meta":[],"product_brand":[],"product_cat":[28],"product_tag":[],"class_list":{"0":"post-92","1":"product","2":"type-product","3":"status-publish","4":"has-post-thumbnail","6":"product_cat-gmail-accounts","8":"first","9":"instock","10":"shipping-taxable","11":"product-type-external"},"_links":{"self":[{"href":"https:\/\/pvabay.com\/it\/wp-json\/wp\/v2\/product\/92","targetHints":{"allow":["GET"]}}],"collection":[{"href":"https:\/\/pvabay.com\/it\/wp-json\/wp\/v2\/product"}],"about":[{"href":"https:\/\/pvabay.com\/it\/wp-json\/wp\/v2\/types\/product"}],"replies":[{"embeddable":true,"href":"https:\/\/pvabay.com\/it\/wp-json\/wp\/v2\/comments?post=92"}],"wp:featuredmedia":[{"embeddable":true,"href":"https:\/\/pvabay.com\/it\/wp-json\/wp\/v2\/media\/137"}],"wp:attachment":[{"href":"https:\/\/pvabay.com\/it\/wp-json\/wp\/v2\/media?parent=92"}],"wp:term":[{"taxonomy":"product_brand","embeddable":true,"href":"https:\/\/pvabay.com\/it\/wp-json\/wp\/v2\/product_brand?post=92"},{"taxonomy":"product_cat","embeddable":true,"href":"https:\/\/pvabay.com\/it\/wp-json\/wp\/v2\/product_cat?post=92"},{"taxonomy":"product_tag","embeddable":true,"href":"https:\/\/pvabay.com\/it\/wp-json\/wp\/v2\/product_tag?post=92"}],"curies":[{"name":"wp","href":"https:\/\/api.w.org\/{rel}","templated":true}]}}