{"id":91,"date":"2026-04-19T13:13:21","date_gmt":"2026-04-19T13:13:21","guid":{"rendered":"https:\/\/mailpva.com\/it\/pva\/google-voice-accounts\/"},"modified":"2026-04-21T10:15:31","modified_gmt":"2026-04-21T10:15:31","slug":"google-voice-accounts","status":"publish","type":"product","link":"https:\/\/pvabay.com\/it\/pva\/google-voice-accounts\/","title":{"rendered":"Account Google Voice"},"content":{"rendered":"<p>Stai cercando un <strong>numero Google Voice nuovo di zecca<\/strong>, sicuro, verificato e pronto all&#8217;uso? Che ti serva per <a href=\"\/buy-google-voice-accounts\/\">uso personale<\/a>, <a href=\"\/service\/business-google-voice\/\">comunicazioni aziendali<\/a> o <a href=\"\/buy-gmail-accounts\/\">verifica dell&#8217;account<\/a>, i nostri nuovi account Google Voice sono la soluzione perfetta. Ogni account viene creato di recente, non viene mai riutilizzato e viene fornito con i dettagli di accesso completi per garantire un accesso sicuro e privato.<\/p>\n<div style=\"font-family: system-ui, sans-serif; line-height: 1.6; max-width: 760px; color: #2c3e50; margin: auto; padding: 10px;\">\n<p><!-- Titolo --><\/p>\n<p style=\"font-weight: 800; font-size: 18px; margin: 0 0 8px;\">Formato numero conto:<\/p>\n<p><!-- Formato pillola --><\/p>\n<p style=\"font-family: ui-monospace, SFMono-Regular, Menlo, monospace; background: #fceaea; color: #e74c3c; display: inline-block; padding: 6px 12px; border-radius: 6px; margin: 0 0 16px; word-break: break-all;\">Nome utente e-mail: Password: E-mail di recupero: Numero di telefono: Chiave di configurazione dell&#8217;autenticazione 2FA<\/p>\n<p><!-- Esempio --><\/p>\n<p style=\"font-weight: 800; font-size: 18px; margin: 18px 0 8px;\">Esempio:<\/p>\n<p style=\"font-family: ui-monospace, SFMono-Regular, Menlo, monospace; background: #f9f2f4; color: #c7254e; display: inline-block; padding: 6px 12px; border-radius: 6px; margin: 0; word-break: break-all;\">pvabay@gmail.com : pvabaypasswd : pvabay@outlook.com : (202)123-1234 : ry2q 7jso utj4 t4f2 267g k4ka ao72 6ouv<\/p>\n<p><!-- Elenco dettagli --><\/p>\n<ul style=\"list-style: none; padding: 0; margin: 16px 0 0; font-size: 15px;\">\n<li><strong style=\"color: #2c3e50;\">Nome utente e-mail<\/strong>: pvabay@gmail.com<\/li>\n<li><strong style=\"color: #c0392b;\">Password<\/strong>: pvabaypasswd<\/li>\n<li><strong style=\"color: #2980b9;\">Email di recupero<\/strong>: pvabay@outlook.com<\/li>\n<li><strong style=\"color: #27ae60;\">Numero di telefono<\/strong>: (202) 123-1234<\/li>\n<li style=\"word-break: break-all;\"><strong style=\"color: #8e44ad;\">Chiave di configurazione dell&#8217;autenticazione 2FA<\/strong>: ry2q 7jso utj4 t4f2 267g k4ka ao72 6ouv<\/li>\n<\/ul>\n<p><!-- Bolla di consegna --><\/p>\n<p style=\"margin: 14px 0 0; font-size: 15px;\"><strong style=\"color: #f39c12;\">Consegna:<\/strong> la tua e-mail verr\u00e0 consegnata entro <strong>30 minuti &#8211; 6 ore<\/strong> come <strong>Excel (.xlsx)<\/strong> file.<\/p>\n<\/div>\n<h2>\u2705 Cos&#8217;\u00e8 un nuovo account Google Voice?<\/h2>\n<p>Un nuovo account Google Voice \u00e8 un account appena generato e non utilizzato in precedenza da nessuno. Questi account vengono creati con IP statunitensi puliti, account Gmail verificati e numeri di telefono dedicati. Puoi <a href=\"https:\/\/support.google.com\/voice\/\" target=\"_blank\" rel=\"noopener\">utilizzare Google Voice<\/a> per effettuare chiamate gratuite negli Stati Uniti, ricevere codici SMS o configurare i tuoi strumenti di comunicazione con un numero statunitense.<\/p>\n<h2>Caratteristiche principali dei nostri nuovi account Google Voice<\/h2>\n<ul>\n<li>\u2705 Nuovi di zecca e intatti<\/li>\n<li>\u2705 Creati utilizzando account Gmail verificati<\/li>\n<li>\u2705 Numeri di telefono con sede negli Stati Uniti<\/li>\n<li>\u2705 Consegna rapida entro 1\u20136 ore<\/li>\n<li>\u2705 Garanzia di sostituzione entro 48 ore<\/li>\n<li>\u2705 Accesso completo a Gmail e Google Voice<\/li>\n<\/ul>\n<h2>Chi dovrebbe acquistare nuovi account Google Voice?<\/h2>\n<p>I nuovi numeri Google Voice sono perfetti per liberi professionisti, addetti al marketing, titolari di attivit\u00e0 e chiunque abbia bisogno di un numero statunitense affidabile per chiamate, SMS e verifiche. Molti dei nostri clienti li usano per:<\/p>\n<ul>\n<li><strong>Registrazioni WhatsApp e Telegram<\/strong><\/li>\n<li><strong>Comunicazione aziendale<\/strong> tramite piattaforme come <a href=\"\/buy-old-gmail-accounts\/\">Google Meet<\/a> o Zoom<\/li>\n<li><strong>Chiamate e follow-up con i clienti<\/strong> da piattaforme freelance come Upwork e Fiverr<\/li>\n<li><strong>Creazione di pi\u00f9 account sui social media<\/strong> in modo sicuro<\/li>\n<\/ul>\n<h2>Cosa riceverai<\/h2>\n<ul>\n<li>\u2714\ufe0f Nuovo numero Google Voice (con sede negli Stati Uniti)<\/li>\n<li>\u2714\ufe0f Accesso all&#8217;account Gmail (utilizzato per creare il GV)<\/li>\n<li>\u2714\ufe0f Credenziali di accesso (Gmail + password)<\/li>\n<li>\u2714\ufe0f Guida passo passo per utilizzare e proteggere il tuo account<\/li>\n<\/ul>\n<h2>Consegna rapida e facile accesso<\/h2>\n<p>Una volta completato il pagamento, il nostro team preparer\u00e0 il tuo account con credenziali di accesso univoche. In genere, riceverai tutto via e-mail entro 1-6 ore. Se non sei sicuro di come ordinare, visita la nostra pagina <a href=\"\/how-to-order\">Come ordinare<\/a>.<\/p>\n<h2>Garanzia di sostituzione in 48 ore<\/h2>\n<p>Garantiamo il nostro servizio. Se si verifica un problema entro 48 ore dalla consegna, come problemi di accesso o blocco dell&#8217;account, riceverai una <strong>sostituzione gratuita<\/strong>. Scopri di pi\u00f9 sulla nostra <a href=\"\/refund-policy\/\">Politica sui rimborsi<\/a>.<\/p>\n<h2>Servizi correlati che potrebbero interessarti<\/h2>\n<ul>\n<li><a href=\"\/buy-old-gmail-accounts\/\">Acquista vecchi account Gmail<\/a><\/li>\n<li><a href=\"\/services\/buy-gmail-2fa\/\">Acquista account Gmail 2FA<\/a><\/li>\n<li><a href=\"\/buy-textnow-accounts\/\">Acquista TextNow Account<\/a><\/li>\n<li><a href=\"\/service\/\">Vedi tutti i prodotti<\/a><\/li>\n<\/ul>\n<h2>Perch\u00e9 scegliere <a href=\"\/\">PVABay.com<\/a>?<\/h2>\n<ul>\n<li>\u2705 Anni di servizio affidabile<\/li>\n<li>\u2705 Assistenza clienti 24 ore su 24, 7 giorni su 7 tramite la <a href=\"\/contact-us\">pagina dei contatti<\/a><\/li>\n<li>\u2705 Opzioni di pagamento sicure, tra cui Criptovalute, Binance e altro<\/li>\n<li>\u2705 Base clienti globale: USA, India, Nigeria, Bangladesh e altro<\/li>\n<\/ul>\n<h2>Come iniziare<\/h2>\n<ol>\n<li>Vai alla pagina <a href=\"\/buy-google-voice-accounts\/\">Acquista account Google Voice<\/a><\/li>\n<li>Scegli il pacchetto desiderato e procedi al pagamento<\/li>\n<li>Attendi la consegna nella tua e-mail Posta in arrivo<\/li>\n<\/ol>\n<p>Hai bisogno di aiuto? Consulta le nostre <a href=\"\/customer-faq\">Domande frequenti clienti<\/a> o visita la pagina <a href=\"\/my-account\/orders\/\">Cronologia ordini<\/a> in qualsiasi momento.<\/p>\n<h2>Considerazioni finali<\/h2>\n<p>Se desideri acquistare account Google Voice puliti, aggiornati e sicuri, sei nel posto giusto. Il nostro team locale comprende le tue esigenze e garantisce che ogni account soddisfi i pi\u00f9 elevati standard di qualit\u00e0. Non sprecare soldi con numeri di bassa qualit\u00e0: ottieni oggi stesso un account Google Voice autentico e aggiornato da PVABay.<\/p>\n","protected":false},"excerpt":{"rendered":"<p>Questo account \u00e8 completamente nuovo. Offriamo una garanzia di sostituzione entro 48 ore per ogni account. Riceverai la tua email entro un massimo di 30 minuti &#8211; 6 ore.<\/p>\n","protected":false},"featured_media":127,"comment_status":"open","ping_status":"closed","template":"","meta":[],"product_brand":[],"product_cat":[27],"product_tag":[],"class_list":{"0":"post-91","1":"product","2":"type-product","3":"status-publish","4":"has-post-thumbnail","6":"product_cat-google-voice","8":"first","9":"instock","10":"shipping-taxable","11":"product-type-external"},"_links":{"self":[{"href":"https:\/\/pvabay.com\/it\/wp-json\/wp\/v2\/product\/91","targetHints":{"allow":["GET"]}}],"collection":[{"href":"https:\/\/pvabay.com\/it\/wp-json\/wp\/v2\/product"}],"about":[{"href":"https:\/\/pvabay.com\/it\/wp-json\/wp\/v2\/types\/product"}],"replies":[{"embeddable":true,"href":"https:\/\/pvabay.com\/it\/wp-json\/wp\/v2\/comments?post=91"}],"wp:featuredmedia":[{"embeddable":true,"href":"https:\/\/pvabay.com\/it\/wp-json\/wp\/v2\/media\/127"}],"wp:attachment":[{"href":"https:\/\/pvabay.com\/it\/wp-json\/wp\/v2\/media?parent=91"}],"wp:term":[{"taxonomy":"product_brand","embeddable":true,"href":"https:\/\/pvabay.com\/it\/wp-json\/wp\/v2\/product_brand?post=91"},{"taxonomy":"product_cat","embeddable":true,"href":"https:\/\/pvabay.com\/it\/wp-json\/wp\/v2\/product_cat?post=91"},{"taxonomy":"product_tag","embeddable":true,"href":"https:\/\/pvabay.com\/it\/wp-json\/wp\/v2\/product_tag?post=91"}],"curies":[{"name":"wp","href":"https:\/\/api.w.org\/{rel}","templated":true}]}}