{"id":90,"date":"2026-04-19T13:13:21","date_gmt":"2026-04-19T13:13:21","guid":{"rendered":"https:\/\/mailpva.com\/it\/pva\/6-months-old-google-voice-accounts\/"},"modified":"2026-04-21T10:15:32","modified_gmt":"2026-04-21T10:15:32","slug":"6-months-old-google-voice-accounts","status":"publish","type":"product","link":"https:\/\/pvabay.com\/it\/pva\/6-months-old-google-voice-accounts\/","title":{"rendered":"Account Google Voice di 6 mesi"},"content":{"rendered":"<p>Se stai cercando un numero Google Voice sicuro e stabile, pi\u00f9 affidabile di un nuovo account ma meno costoso di un&#8217;opzione di 1 o 2 anni fa, i nostri <a href=\"https:\/\/pvabay.com\/service\/buy-6-months-old-google-voice-accounts\/\">account Google Voice di 6 mesi<\/a> sono la soluzione perfetta.<\/p>\n<p>Questi account vengono creati utilizzando <strong>account Gmail di almeno 6 mesi<\/strong>, offrendo segnali di fiducia migliori, maggiore affidabilit\u00e0 e minori possibilit\u00e0 di sospensione rispetto a quelli nuovi di zecca. \u00c8 la soluzione ideale per chi desidera qualit\u00e0 senza spendere una fortuna.<\/p>\n<div style=\"font-family: system-ui,sans-serif; line-height: 1.6; max-width: 760px; color: #2c3e50; margin: auto; padding: 10px;\">\n<p><!-- Titolo --><\/p>\n<p style=\"font-weight: 800; font-size: 18px; margin: 0 0 8px;\">Formato numero di conto:<\/p>\n<p><!-- Formato pillola --><\/p>\n<p style=\"font-family: ui-monospace,SFMono-Regular,Menlo,monospace; background: #fceaea; color: #e74c3c; display: inline-block; padding: 6px 12px; border-radius: 6px; margin: 0 0 16px; word-break: break-word;\">Email : Password : Email di recupero : Numero di telefono : Anni : Chiave di configurazione dell&#8217;autenticazione 2FA<\/p>\n<p><!-- Esempio --><\/p>\n<p style=\"font-weight: 800; font-size: 18px; margin: 18px 0 8px;\">Esempio:<\/p>\n<p style=\"font-family: ui-monospace,SFMono-Regular,Menlo,monospace; background: #f9f2f4; color: #c7254e; display: inline-block; padding: 6px 12px; border-radius: 6px; margin: 0; word-break: break-word;\">pvabay@gmail.com : pvabaypasswd : pvabay@outlook.com : (202)123-1234 : 6 Mese : ry2q 7jso utj4 t4f2 267g k4ka ao72 6ouv<\/p>\n<p><!-- Elenco dettagli --><\/p>\n<ul style=\"list-style: none; padding: 0; margin: 16px 0 0; font-size: 15px;\">\n<li><strong style=\"color: #2c3e50;\">Nome utente e-mail<\/strong>: pvabay@gmail.com<\/li>\n<li><strong style=\"color: #c0392b;\">Password<\/strong>: pvabaypasswd<\/li>\n<li><strong style=\"color: #2980b9;\">Email di recupero<\/strong>: pvabay@outlook.com<\/li>\n<li><strong style=\"color: #27ae60;\">Numero di telefono<\/strong>: (202) 123-1234<\/li>\n<li><strong style=\"color: #8e44ad;\">Anni<\/strong>: 6 mesi<\/li>\n<li style=\"word-break: break-word;\"><strong style=\"color: #8e44ad;\">Chiave di configurazione dell&#8217;autenticazione 2FA<\/strong>: ry2q 7jso utj4 t4f2 267g k4ka ao72 6ouv<\/li>\n<\/ul>\n<p><!-- Bolla di consegna --><\/p>\n<p style=\"margin: 14px 0 0; font-size: 15px;\"><strong style=\"color: #f39c12;\">Consegna:<\/strong> la tua email verr\u00e0 consegnata entro <strong>30 minuti &#8211; 6 ore<\/strong> come file <strong>Excel (.xlsx)<\/strong>.<\/p>\n<\/div>\n<h2>Cos&#8217;\u00e8 un account Google Voice di 6 mesi?<\/h2>\n<p>Un <strong>account Google Voice di 6 mesi<\/strong> \u00e8 un numero con sede negli Stati Uniti creato con un account <strong>Gmail aperto e utilizzato oltre 180 giorni fa<\/strong>. Questo fattore et\u00e0 conferisce all&#8217;account una reputazione naturale nel sistema di Google, il che significa che \u00e8 meno probabile che venga segnalato o disattivato.<\/p>\n<p>Questi account sono particolarmente utili per:<\/p>\n<ul>\n<li>Nuovi freelance che cercano di verificare piattaforme come <a href=\"https:\/\/www.upwork.com\" target=\"_blank\" rel=\"noopener\">Upwork<\/a> o <a href=\"https:\/\/www.fiverr.com\" target=\"_blank\" rel=\"noopener\">Fiverr<\/a><\/li>\n<li>Titolari di attivit\u00e0 che necessitano di un account affidabile negli Stati Uniti numero<\/li>\n<li>Persone che desiderano registrarsi a <a href=\"https:\/\/www.whatsapp.com\" target=\"_blank\" rel=\"noopener\">WhatsApp<\/a>, <a href=\"https:\/\/telegram.org\" target=\"_blank\" rel=\"noopener\">Telegram<\/a> o altre app<\/li>\n<li>Chiunque desideri un numero virtuale di backup che duri<\/li>\n<\/ul>\n<h2>Cosa riceverai<\/h2>\n<p>Quando effettui un ordine su <a href=\"\/product\/6-months-old-google-voice-accounts\/\">pvabay.com<\/a>, riceverai:<\/p>\n<ul>\n<li>Un numero Google Voice con sede negli Stati Uniti<\/li>\n<li>Account Gmail con pi\u00f9 di 6 mesi<\/li>\n<li>Credenziali di accesso complete (email + password)<\/li>\n<li>Accesso per il ripristino e la reimpostazione della password<\/li>\n<li>Guida all&#8217;installazione inclusa<\/li>\n<li>Consegna entro 6 ore<\/li>\n<li>Garanzia di sostituzione di 48 ore<\/li>\n<\/ul>\n<p>Hai bisogno di un account ancora pi\u00f9 vecchio? Dai un&#8217;occhiata ai nostri <a href=\"\/buy-old-gmail-accounts\/\">Vecchi account Gmail<\/a> e <a href=\"https:\/\/pvabay.com\/service\/buy-1-year-old-google-voice-accounts\/\">Account Google Voice di 1 anno<\/a>.<\/p>\n<h2>Dove puoi usarlo?<\/h2>\n<ul>\n<li>Verifica di piattaforme come Facebook, Instagram, TikTok<\/li>\n<li>Strumenti per freelance come <a href=\"https:\/\/www.freelancer.com\" target=\"_blank\" rel=\"noopener\">Freelancer<\/a>, Upwork, Fiverr<\/li>\n<li>App per SMS e verifica vocale<\/li>\n<li>Piattaforme di messaggistica come WhatsApp, Telegram, Signal<\/li>\n<li>Craigslist, Facebook Marketplace e Siti di annunci economici<\/li>\n<li>Uso per piccole imprese o comunicazione con i clienti<\/li>\n<\/ul>\n<p>Se non hai mai utilizzato Google Voice, consulta la nostra pagina <a href=\"\/how-to-order\">Come ordinare<\/a> per una guida dettagliata.<\/p>\n<h2>Perch\u00e9 gli account semi-invecchiati sono un&#8217;ottima scelta<\/h2>\n<table style=\"border-collapse: collapse;\" border=\"1\" cellpadding=\"8\">\n<thead>\n<tr>\n<th>Caratteristica<\/th>\n<th>Variante di 6 mesi<\/th>\n<th>Variante di 1 anno GV<\/th>\n<\/tr>\n<\/thead>\n<tbody>\n<tr>\n<td>Fiducia in Gmail Punteggio<\/td>\n<td>Medio-Alto<\/td>\n<td>Basso<\/td>\n<td>Alto<\/td>\n<\/tr>\n<tr>\n<td>Rischio di sospensione<\/td>\n<td>Basso<\/td>\n<td>Alto<\/td>\n<td>Molto Basso<\/td>\n<\/tr>\n<tr>\n<td>Ideale per i liberi professionisti<\/td>\n<td>\u2705 S\u00ec<\/td>\n<td>\u274c Rischioso<\/td>\n<td>\u2705 S\u00ec<\/td>\n<\/tr>\n<tr>\n<td>Rapporto qualit\u00e0-prezzo Rapporto<\/td>\n<td>\u2705 Miglior rapporto qualit\u00e0-prezzo<\/td>\n<td>\u2705 Economico<\/td>\n<td>\u274c Pi\u00f9 alto<\/td>\n<\/tr>\n<\/tbody>\n<\/table>\n<h2>Tempi di consegna<\/h2>\n<p>Il tuo account Google Voice verr\u00e0 consegnato entro <strong>6 ore dalla conferma dell&#8217;ordine<\/strong>, e spesso molto prima. Ti forniamo tutto ci\u00f2 di cui hai bisogno:<\/p>\n<ul>\n<li>Accesso a Gmail<\/li>\n<li>Accesso a Google Voice<\/li>\n<li>Istruzioni per l&#8217;aggiornamento della password<\/li>\n<li>Suggerimenti facoltativi per 2FA e ripristino<\/li>\n<\/ul>\n<p>Hai bisogno di aiuto dopo la consegna? Il nostro <a href=\"\/contact-us\">Team di supporto<\/a> \u00e8 sempre disponibile.<\/p>\n<h2>Politica di sostituzione in 48 ore<\/h2>\n<p>Tutti gli account sono coperti da una <strong>garanzia di sostituzione in 48 ore<\/strong>. In caso di problemi con l&#8217;accesso o la funzionalit\u00e0 dell&#8217;account, sostituiremo l&#8217;account, senza problemi e senza domande. Leggi la nostra <a href=\"\/refund-policy\/\">Garanzia di rimborso e rimborso completa Politica di reso<\/a>.<\/p>\n<h2>La sicurezza prima di tutto: suggerimenti per la sicurezza dell&#8217;account<\/h2>\n<ul>\n<li>Cambia la password subito dopo l&#8217;accesso<\/li>\n<li>Aggiungi un numero di telefono e un indirizzo email di recupero<\/li>\n<li>Usa l&#8217;autenticazione a due fattori (2FA) per una migliore protezione<\/li>\n<li>Non accedere da pi\u00f9 IP sconosciuti contemporaneamente<\/li>\n<li>Evita di utilizzarlo per spam o mass automazione<\/li>\n<\/ul>\n<h2>Perch\u00e9 acquistare da <a href=\"\/\">pvabay.com<\/a>?<\/h2>\n<ul>\n<li>Non rivendiamo n\u00e9 ricicliamo mai gli account<\/li>\n<li>Consegna superveloce entro 1-6 ore<\/li>\n<li>Sostituzioni senza problemi in 48 ore<\/li>\n<li>Team di assistenza clienti reattivo<\/li>\n<li>Accetta bKash, Nagad, Binance, USDT, Crypto<\/li>\n<li>Servizio per USA, Bangladesh, India, Nigeria, Ghana, Regno Unito e altri<\/li>\n<\/ul>\n<p>Esplora anche i nostri:<\/p>\n<ul>\n<li><a href=\"\/buy-gmail-accounts\/\">Acquista account Gmail<\/a><\/li>\n<li><a href=\"\/buy-google-voice-accounts\/\">Acquista Google Voice<\/a><\/li>\n<li><a href=\"\/services\/buy-gmail-2fa\/\">Acquista account Gmail 2FA<\/a><\/li>\n<li><a href=\"\/buy-textnow-accounts\/\">Acquista un numero TextNow<\/a><\/li>\n<\/ul>\n<h2>Come effettuare l&#8217;ordine<\/h2>\n<ol>\n<li>Vai alla <a href=\"\/product\/6-months-old-google-voice-accounts\/\">pagina del prodotto<\/a><\/li>\n<li>Fai clic su &#8220;Aggiungi a Carrello&#8221;<\/li>\n<li>Completa il tuo pagamento sicuro<\/li>\n<li>Ricevi il tuo account via e-mail entro 6 ore<\/li>\n<li>Segui le istruzioni di configurazione incluse<\/li>\n<\/ol>\n<p>Traccia il tuo acquisto in qualsiasi momento tramite la <a href=\"\/my-account\/orders\/\">Cronologia ordini<\/a> o <a href=\"\/tracking\">Traccia ordine<\/a>.<\/p>\n<h2>Parole finali<\/h2>\n<p>Se hai bisogno di un <strong>prodotto economico ma altamente Numero Google Voice affidabile, la versione con 6 mesi di vita \u00e8 perfetta. \u00c8 pi\u00f9 stabile dei nuovi account ed \u00e8 pi\u00f9 economica di quelli con 1 anno. Che tu sia un nuovo freelance o che tu abbia semplicemente bisogno di un numero stabile per le verifiche, questo account non ti deluder\u00e0.<\/p>\n<p>\u27a1\ufe0f Pronto per ordinare? Visita subito la <a href=\"https:\/\/pvabay.com\/service\/buy-6-months-old-google-voice-accounts\/\">pagina prodotto<\/a>.<\/p>\n<p>Hai ancora domande? Consulta le nostre <a href=\"\/customer-faq\">Domande frequenti per i clienti<\/a> o <a href=\"\/contact-us\">Contattaci<\/a> direttamente.<\/p>\n","protected":false},"excerpt":{"rendered":"<p>Gli account Gmail creati nel 2024 sono molto robusti e recenti. La consegna avverr\u00e0 entro 30 minuti &#8211; 6 ore. Offriamo una garanzia di sostituzione di 3 giorni.<\/p>\n","protected":false},"featured_media":138,"comment_status":"open","ping_status":"closed","template":"","meta":[],"product_brand":[],"product_cat":[27],"product_tag":[],"class_list":{"0":"post-90","1":"product","2":"type-product","3":"status-publish","4":"has-post-thumbnail","6":"product_cat-google-voice","8":"first","9":"instock","10":"shipping-taxable","11":"product-type-external"},"_links":{"self":[{"href":"https:\/\/pvabay.com\/it\/wp-json\/wp\/v2\/product\/90","targetHints":{"allow":["GET"]}}],"collection":[{"href":"https:\/\/pvabay.com\/it\/wp-json\/wp\/v2\/product"}],"about":[{"href":"https:\/\/pvabay.com\/it\/wp-json\/wp\/v2\/types\/product"}],"replies":[{"embeddable":true,"href":"https:\/\/pvabay.com\/it\/wp-json\/wp\/v2\/comments?post=90"}],"wp:featuredmedia":[{"embeddable":true,"href":"https:\/\/pvabay.com\/it\/wp-json\/wp\/v2\/media\/138"}],"wp:attachment":[{"href":"https:\/\/pvabay.com\/it\/wp-json\/wp\/v2\/media?parent=90"}],"wp:term":[{"taxonomy":"product_brand","embeddable":true,"href":"https:\/\/pvabay.com\/it\/wp-json\/wp\/v2\/product_brand?post=90"},{"taxonomy":"product_cat","embeddable":true,"href":"https:\/\/pvabay.com\/it\/wp-json\/wp\/v2\/product_cat?post=90"},{"taxonomy":"product_tag","embeddable":true,"href":"https:\/\/pvabay.com\/it\/wp-json\/wp\/v2\/product_tag?post=90"}],"curies":[{"name":"wp","href":"https:\/\/api.w.org\/{rel}","templated":true}]}}