{"id":89,"date":"2026-04-19T13:13:21","date_gmt":"2026-04-19T13:13:21","guid":{"rendered":"https:\/\/mailpva.com\/it\/pva\/1-year-old-google-voice-accounts\/"},"modified":"2026-04-21T10:15:32","modified_gmt":"2026-04-21T10:15:32","slug":"1-year-old-google-voice-accounts","status":"publish","type":"product","link":"https:\/\/pvabay.com\/it\/pva\/1-year-old-google-voice-accounts\/","title":{"rendered":"Account Google Voice di 1 anno"},"content":{"rendered":"<p>Cerchi un numero Google Voice affidabile e sicuro che non venga segnalato o bloccato facilmente? I nostri <a href=\"https:\/\/pvabay.com\/service\/buy-1-year-old-google-voice-accounts\/\"><strong>Account Google Voice di 1 anno<\/strong><\/a> sono stati creati proprio per questo scopo. Questi account sono dotati di un <strong>indirizzo Gmail che ha pi\u00f9 di un anno<\/strong>, il che li rende pi\u00f9 affidabili per Google e perfetti per un utilizzo a lungo termine.<\/p>\n<div style=\"font-family: system-ui,sans-serif; line-height: 1.6; max-width: 760px; color: #2c3e50; margin: auto; padding: 10px;\">\n<p><!-- Titolo --><\/p>\n<p style=\"font-weight: 800; font-size: 18px; margin: 0 0 8px;\">Numero di conto Formato:<\/p>\n<p><!-- Formato pillola --><\/p>\n<p style=\"font-family: ui-monospace,SFMono-Regular,Menlo,monospace; background: #fceaea; color: #e74c3c; display: inline-block; padding: 6px 12px; border-radius: 6px; margin: 0 0 16px; word-break: break-word;\">Email : Password : Email di recupero : Numero di telefono : Anni : Chiave di configurazione dell&#8217;autenticazione 2FA<\/p>\n<p><!-- Esempio --><\/p>\n<p style=\"font-weight: 800; font-size: 18px; margin: 18px 0 8px;\">Esempio:<\/p>\n<p style=\"font-family: ui-monospace,SFMono-Regular,Menlo,monospace; background: #f9f2f4; color: #c7254e; display: inline-block; padding: 6px 12px; border-radius: 6px; margin: 0; word-break: break-word;\">pvabay@gmail.com : pvabaypasswd : pvabay@outlook.com : (202)123-1234 : 1 : ry2q 7jso utj4 t4f2 267g k4ka ao72 6ouv<\/p>\n<p><!-- Elenco dettagli --><\/p>\n<ul style=\"list-style: none; padding: 0; margin: 16px 0 0; font-size: 15px;\">\n<li><strong style=\"color: #2c3e50;\">Nome utente e-mail<\/strong>: pvabay@gmail.com<\/li>\n<li><strong style=\"color: #c0392b;\">Password<\/strong>: pvabaypasswd<\/li>\n<li><strong style=\"color: #2980b9;\">Email di recupero<\/strong>: pvabay@outlook.com<\/li>\n<li><strong style=\"color: #27ae60;\">Numero di telefono<\/strong>: (202) 123-1234<\/li>\n<li><strong style=\"color: #8e44ad;\">Anni<\/strong>: 1<\/li>\n<li style=\"word-break: break-word;\"><strong style=\"color: #8e44ad;\">Chiave di configurazione dell&#8217;autenticazione 2FA<\/strong>: ry2q 7jso utj4 t4f2 267g k4ka ao72 6ouv<\/li>\n<\/ul>\n<p><!-- Bolla di consegna --><\/p>\n<p style=\"margin: 14px 0 0; font-size: 15px;\"><strong style=\"color: #f39c12;\">Consegna:<\/strong> la tua email verr\u00e0 consegnata entro <strong>30 minuti &#8211; 6 ore<\/strong> come file <strong>Excel (.xlsx)<\/strong>.<\/p>\n<\/div>\n<p>Che tu sia un freelance, una persona che comunica in azienda o che si occupa di verifiche online, questo account Google Voice obsoleto e verificato ti offre il vantaggio di cui hai bisogno.<\/p>\n<h2>\u2705 Perch\u00e9 scegliere un account Google Voice di 1 anno?<\/h2>\n<p>Gli account appena creati vengono spesso sospesi rapidamente, soprattutto Se utilizzato per lavoro o per comunicazioni intense, ecco perch\u00e9 utilizzare un account Gmail di un anno per attivare Google Voice fa davvero la differenza. Ecco cosa ottieni: <\/p>\n<h3>Gmail pi\u00f9 vecchio = Pi\u00f9 fiducia<\/h3>\n<p>Ogni numero \u00e8 collegato a un account Gmail di almeno 12 mesi<\/strong>, il che gli conferisce un punteggio di affidabilit\u00e0 elevato nel sistema di Google. Gli account pi\u00f9 vecchi hanno molte meno probabilit\u00e0 di essere segnalati o disattivati, quindi ottieni maggiore stabilit\u00e0 e tranquillit\u00e0. <\/p>\n<h3>Verificato e sicuro<\/h3>\n<p>Garantiamo che ogni account Gmail sia completamente verificato con opzioni di recupero aggiunte. Puoi aggiornare facilmente le password e impostare l&#8217;autenticazione a due fattori dopo aver ricevuto l&#8217;account. \u00c8 sicuro, privato e tuo al 100%.<\/p>\n<h3>Numero Google Voice con sede negli Stati Uniti<\/h3>\n<p>Riceverai un <strong>numero Google Voice pulito e nuovo con sede negli Stati Uniti<\/strong>, completamente attivato e pronto per chiamate, SMS, verifiche delle app e altro ancora.<\/p>\n<h2>Cosa \u00e8 incluso<\/h2>\n<ul>\n<li>Un nuovo numero Google Voice (con sede negli Stati Uniti)<\/li>\n<li>Un account Gmail di almeno 1 anno (completo accesso)<\/li>\n<li>Email + password + opzioni di recupero<\/li>\n<li>Consegna entro 6 ore<\/li>\n<li>Accesso e Guida alla sicurezza<\/li>\n<li>Garanzia di sostituzione di 48 ore<\/li>\n<\/ul>\n<h2>Ideale per<\/h2>\n<ul>\n<li>Verifica degli account dei social media (Facebook, Instagram, TikTok)<\/li>\n<li>Piattaforme freelance come Upwork, Fiverr, Freelancer<\/li>\n<li>Comunicazione aziendale con clienti statunitensi<\/li>\n<li>Utilizzando WhatsApp, Telegram o Segnale con numeri statunitensi<\/li>\n<li>Creazione di numeri di backup sicuri per uso personale<\/li>\n<li>Registrazioni online e verifiche tramite SMS<\/li>\n<li>Craigslist, siti di annunci economici, strumenti di e-commerce<\/li>\n<\/ul>\n<p>Vuoi esplorare altri pacchetti? Scopri la nostra <a href=\"https:\/\/pvabay.com\/buy-google-voice-accounts\/\">raccolta completa di Google Voice<\/a>.<\/p>\n<h2>\ufe0f Perch\u00e9 l&#8217;et\u00e0 conta<\/h2>\n<table style=\"border-collapse: collapse;\" border=\"1\" cellpadding=\"8\">\n<thead>\n<tr>\n<th>Funzionalit\u00e0<\/th>\n<th>GV di 1 anno<\/th>\n<th>Fresh GV<\/th>\n<\/tr>\n<\/thead>\n<tbody>\n<tr>\n<td>Et\u00e0 di Gmail<\/td>\n<td>\u2705 12+ mesi<\/td>\n<td>\u274c 0-1 giorno<\/td>\n<\/tr>\n<tr>\n<td>Punteggio di affidabilit\u00e0 di Google<\/td>\n<td>\u2705 Alto<\/td>\n<td>\u274c Basso<\/td>\n<\/tr>\n<tr>\n<td>Rischio di disattivazione<\/td>\n<td>\u2705 Basso<\/td>\n<td>\u274c Alto<\/td>\n<\/tr>\n<tr>\n<td>Ideale per le aziende<\/td>\n<td>\u2705 S\u00ec<\/td>\n<td>\u274c No<\/td>\n<\/tr>\n<tr>\n<td>App Compatibilit\u00e0<\/td>\n<td>\u2705 Eccellente<\/td>\n<td>\u274c Rischioso<\/td>\n<\/tr>\n<\/tbody>\n<\/table>\n<h2>\u23f1 Consegna rapida. Supporto completo.<\/h2>\n<p>Elaboriamo la maggior parte degli ordini entro 1-3 ore. Riceverai tutte le credenziali dell&#8217;account via e-mail entro <strong>6 ore al massimo<\/strong>. Includiamo anche una guida completa alla configurazione per aiutarti ad accedere in sicurezza e ad aggiornare le opzioni di ripristino. <\/p>\n<h2>Garanzia di sostituzione in 48 ore<\/h2>\n<p>Garantiamo la nostra qualit\u00e0. Se il tuo account presenta problemi entro 48 ore dalla consegna, lo sostituiremo gratuitamente, senza fare domande. Scopri di pi\u00f9 sulla nostra <a href=\"\/refund-policy\/\">Garanzia di rimborso e Politica di sostituzione<\/a> pagina.<\/p>\n<h2>Perch\u00e9 acquistare da pvabay.com?<\/h2>\n<ul>\n<li>\u2705 Account sicuri e puliti al 100% &#8211; mai riutilizzati<\/li>\n<li>Sistema di consegna rapida in 6 ore<\/li>\n<li>Garanzia di sostituzione gratuita<\/li>\n<li>Supporto chat istantaneo e assistenza via e-mail<\/li>\n<li>Accetta Crypto, Binance, bKash, Nagad e altro<\/li>\n<li>Scelto dai clienti negli Stati Uniti, in India, in Nigeria, in Bangladesh e oltre<\/li>\n<\/ul>\n<p>Hai bisogno di ordini all&#8217;ingrosso? Richiedi un preventivo tramite la nostra <a href=\"\/contact\/\">pagina dei contatti<\/a>.<\/p>\n<h2>Come ordinare<\/h2>\n<ol>\n<li>Vai alla <a href=\"https:\/\/pvabay.com\/service\/buy-1-year-old-google-voice-accounts\/\">pagina del prodotto<\/a><\/li>\n<li>Aggiungi al carrello e procedi al pagamento<\/li>\n<li>Completa il pagamento in modo sicuro<\/li>\n<li>Attendi la consegna via e-mail entro 6 ore<\/li>\n<li>Segui la guida per accedere, aggiornare le informazioni e iniziare a utilizzare il tuo numero<\/li>\n<\/ol>\n<h2>Considerazioni finali<\/h2>\n<p>Se vuoi davvero che il tuo numero rimanga attivo, affidabile e sicuro, i nostri <a href=\"https:\/\/pvabay.com\/service\/buy-1-year-old-google-voice-accounts\/\">account Google Voice di 1 anno<\/a> sono la scelta migliore. Progettati per uso aziendale e personale, offrono un equilibrio tra affidabilit\u00e0, sicurezza e praticit\u00e0 che i nuovi account non possono eguagliare. \u2705 Evita i rischi. Acquista oggi stesso numeri Google Voice obsoleti e verificati da <a href=\"https:\/\/pvabay.com\/service\/buy-1-year-old-google-voice-accounts\/\">pvabay.com<\/a> e goditi un servizio fluido, stabile e duraturo.<\/p>\n","protected":false},"excerpt":{"rendered":"<p>Il numero di Google Voice \u00e8 stato impostato su un account Gmail che ha almeno un anno. Questo account \u00e8 molto pi\u00f9 duraturo e affidabile.<\/p>\n","protected":false},"featured_media":139,"comment_status":"open","ping_status":"closed","template":"","meta":[],"product_brand":[],"product_cat":[27],"product_tag":[],"class_list":{"0":"post-89","1":"product","2":"type-product","3":"status-publish","4":"has-post-thumbnail","6":"product_cat-google-voice","8":"first","9":"instock","10":"shipping-taxable","11":"product-type-external"},"_links":{"self":[{"href":"https:\/\/pvabay.com\/it\/wp-json\/wp\/v2\/product\/89","targetHints":{"allow":["GET"]}}],"collection":[{"href":"https:\/\/pvabay.com\/it\/wp-json\/wp\/v2\/product"}],"about":[{"href":"https:\/\/pvabay.com\/it\/wp-json\/wp\/v2\/types\/product"}],"replies":[{"embeddable":true,"href":"https:\/\/pvabay.com\/it\/wp-json\/wp\/v2\/comments?post=89"}],"wp:featuredmedia":[{"embeddable":true,"href":"https:\/\/pvabay.com\/it\/wp-json\/wp\/v2\/media\/139"}],"wp:attachment":[{"href":"https:\/\/pvabay.com\/it\/wp-json\/wp\/v2\/media?parent=89"}],"wp:term":[{"taxonomy":"product_brand","embeddable":true,"href":"https:\/\/pvabay.com\/it\/wp-json\/wp\/v2\/product_brand?post=89"},{"taxonomy":"product_cat","embeddable":true,"href":"https:\/\/pvabay.com\/it\/wp-json\/wp\/v2\/product_cat?post=89"},{"taxonomy":"product_tag","embeddable":true,"href":"https:\/\/pvabay.com\/it\/wp-json\/wp\/v2\/product_tag?post=89"}],"curies":[{"name":"wp","href":"https:\/\/api.w.org\/{rel}","templated":true}]}}