{"id":68,"date":"2026-04-19T13:13:20","date_gmt":"2026-04-19T13:13:20","guid":{"rendered":"https:\/\/mailpva.com\/it\/pva\/trustpilot-reviews\/"},"modified":"2026-04-21T10:15:29","modified_gmt":"2026-04-21T10:15:29","slug":"trustpilot-reviews","status":"publish","type":"product","link":"https:\/\/pvabay.com\/it\/pva\/trustpilot-reviews\/","title":{"rendered":"Recensioni di Trustpilot"},"content":{"rendered":"<div class=\"specification-item\"><strong>Acquista recensioni autentiche a 5 stelle su Trustpilot: persone vere, feedback veri<\/strong><\/div>\n<div><\/div>\n<div class=\"specification-item\">\n<p>Vuoi creare fiducia e accrescere la reputazione della tua attivit\u00e0 online? Le recensioni su Trustpilot svolgono un ruolo cruciale nell&#8217;acquisizione di nuovi clienti e nell&#8217;aumento della credibilit\u00e0 del tuo marchio. Con il nostro servizio di recensioni unico e affidabile, puoi facilmente migliorare il tuo profilo con <strong>recensioni autentiche a cinque stelle su Trustpilot<\/strong>, scritte da persone vere.<\/p>\n<h3>\u2705 Perch\u00e9 le nostre recensioni sono autentiche al 100%<\/h3>\n<p>Non ci affidiamo a bot o account falsi. Al contrario, abbiamo creato una rete ampia e attiva di persone vere: il nostro team, i nostri amici e i loro amici. Ogni membro della nostra rete ha un account Trustpilot verificato e partecipa volentieri lasciando recensioni autentiche e ponderate. Quando qualcuno effettua un ordine, informiamo la nostra rete, condividiamo i tuoi dati e permettiamo loro di scrivere e pubblicare recensioni in base al tipo di attivit\u00e0 e al messaggio che desideri trasmettere. <\/p>\n<p>Si tratta di utenti reali con opinioni reali, che pubblicano recensioni oneste e di alta qualit\u00e0 che riflettono positivamente la tua attivit\u00e0. Poich\u00e9 tutte le recensioni provengono da account unici con stili di scrittura naturali, sono pienamente conformi, affidabili e durature.<\/p>\n<h3>Perch\u00e9 scegliere il nostro servizio di recensioni Trustpilot?<\/h3>\n<p><strong>\u2714 Recensioni reali e Utenti fidati:<\/strong><\/p>\n<p>Le nostre recensioni sono scritte da persone reali, non da bot o account temporanei, garantendo qualit\u00e0 e credibilit\u00e0.<\/p>\n<p><strong>\u2714 Valutazioni a cinque stelle:<\/strong><\/p>\n<p>Forniamo solo recensioni a 5 stelle, che contribuiscono a creare un&#8217;immagine forte e positiva per il tuo marchio.<\/p>\n<p><strong>\u2714 Contenuto della recensione personalizzato:<\/strong><\/p>\n<p>Ogni recensione \u00e8 unica e scritta con un tono naturale che si adatta alla nicchia della tua attivit\u00e0. Puoi anche suggerire punti chiave o servizi che vorresti che evidenziassimo.<\/p>\n<p><strong>\u2714 Recensioni sicure a lungo termine:<\/strong><\/p>\n<p>Tutte le recensioni provengono da account vecchi e affidabili, il che le rende pi\u00f9 stabili e molto meno inclini a essere rimosse.<\/p>\n<p><strong>\u2714 Consegna puntuale:<\/strong><\/p>\n<p>Scegli tu la tempistica. Possiamo distribuire le recensioni gradualmente o pubblicarle rapidamente in base alle tue esigenze.<\/p>\n<h3>Come funziona<\/h3>\n<ol>\n<li><strong>Effettua l&#8217;ordine:<\/strong> scegli il tuo pacchetto e fornisci il link al tuo profilo Trustpilot.<\/li>\n<li><strong>Invia istruzioni (facoltativo):<\/strong> condividi parole chiave o messaggi che desideri vengano menzionati.<\/li>\n<li><strong>Avvisiamo il nostro team:<\/strong> inviamo i tuoi dati alla nostra rete estesa di revisori.<\/li>\n<li><strong>Recensioni pubblicate:<\/strong> le recensioni vengono pubblicate in modo naturale da diversi IP, dispositivi e account entro i tempi concordati.<\/li>\n<\/ol>\n<p>Abbiamo aiutato centinaia di aziende a rafforzare la propria reputazione online. Che tu stia appena iniziando o voglia potenziare un profilo esistente, il nostro servizio di recensioni \u00e8 il modo perfetto per distinguerti dalla concorrenza. <\/p>\n<h3>Avviso importante<\/h3>\n<p>Non utilizziamo contenuti falsi, copiati o spam. Le nostre recensioni sono <strong>autentiche<\/strong>, scritte da persone e pubblicate manualmente per garantire qualit\u00e0 e sicurezza. Comprendiamo appieno le linee guida di Trustpilot e manteniamo i nostri metodi conformi per evitare problemi.<\/p>\n<h3>Cresci con fiducia<\/h3>\n<p>La fiducia \u00e8 il fondamento di ogni attivit\u00e0 di successo e le recensioni di Trustpilot sono uno dei modi migliori per costruirla. Se tieni seriamente alla reputazione online del tuo marchio, il nostro servizio di revisione offre una soluzione potente e sicura.<\/p>\n<p><strong>Ordina oggi e inizia a costruire una reputazione a 5 stelle di cui i tuoi futuri clienti si fideranno<\/strong><\/p>\n<\/div>\n","protected":false},"excerpt":{"rendered":"<p>Acquista recensioni verificate su Trustpilot per aumentare rapidamente la credibilit\u00e0 della tua attivit\u00e0 e la tua reputazione online.<\/p>\n","protected":false},"featured_media":135,"comment_status":"open","ping_status":"closed","template":"","meta":[],"product_brand":[],"product_cat":[24],"product_tag":[],"class_list":{"0":"post-68","1":"product","2":"type-product","3":"status-publish","4":"has-post-thumbnail","6":"product_cat-servises","8":"first","9":"instock","10":"shipping-taxable","11":"product-type-external"},"_links":{"self":[{"href":"https:\/\/pvabay.com\/it\/wp-json\/wp\/v2\/product\/68","targetHints":{"allow":["GET"]}}],"collection":[{"href":"https:\/\/pvabay.com\/it\/wp-json\/wp\/v2\/product"}],"about":[{"href":"https:\/\/pvabay.com\/it\/wp-json\/wp\/v2\/types\/product"}],"replies":[{"embeddable":true,"href":"https:\/\/pvabay.com\/it\/wp-json\/wp\/v2\/comments?post=68"}],"wp:featuredmedia":[{"embeddable":true,"href":"https:\/\/pvabay.com\/it\/wp-json\/wp\/v2\/media\/135"}],"wp:attachment":[{"href":"https:\/\/pvabay.com\/it\/wp-json\/wp\/v2\/media?parent=68"}],"wp:term":[{"taxonomy":"product_brand","embeddable":true,"href":"https:\/\/pvabay.com\/it\/wp-json\/wp\/v2\/product_brand?post=68"},{"taxonomy":"product_cat","embeddable":true,"href":"https:\/\/pvabay.com\/it\/wp-json\/wp\/v2\/product_cat?post=68"},{"taxonomy":"product_tag","embeddable":true,"href":"https:\/\/pvabay.com\/it\/wp-json\/wp\/v2\/product_tag?post=68"}],"curies":[{"name":"wp","href":"https:\/\/api.w.org\/{rel}","templated":true}]}}