{"id":67,"date":"2026-04-19T13:13:20","date_gmt":"2026-04-19T13:13:20","guid":{"rendered":"https:\/\/mailpva.com\/it\/pva\/google-reviews\/"},"modified":"2026-04-21T10:15:30","modified_gmt":"2026-04-21T10:15:30","slug":"google-reviews","status":"publish","type":"product","link":"https:\/\/pvabay.com\/it\/pva\/google-reviews\/","title":{"rendered":"Recensioni di Google"},"content":{"rendered":"<p><strong>Acquista recensioni Google autentiche a 5 stelle: aumenta la credibilit\u00e0 della tua attivit\u00e0<\/strong><\/p>\n<p>Nel mondo digitale odierno, la prima impressione \u00e8 tutto e, per la maggior parte dei clienti, la prima impressione inizia con le recensioni su Google. Che tu gestisca un negozio locale, un&#8217;attivit\u00e0 online o un&#8217;azienda di servizi, avere ottime valutazioni su Google \u00e8 essenziale per creare fiducia e attrarre nuovi clienti. \u00c8 qui che entriamo in gioco noi.<\/p>\n<p>Offriamo recensioni Google autentiche a 5 stelle, scritte a mano da persone reali, non da bot, profili falsi o intelligenza artificiale. Le nostre recensioni sono create attraverso una stretta rete di amici e un team di fiducia, ognuno con i propri contatti, garantendo che ogni recensione provenga da un utente autentico e attivo. Si tratta di recensioni sicure e durature, personalizzate specificamente per la tua attivit\u00e0, la tua nicchia e il tuo tono. \u2705 Perch\u00e9 scegliere il nostro servizio di recensioni di Google? 1. Recensioni autentiche al 100%: Non utilizziamo account falsi o sistemi automatizzati. Ogni recensione \u00e8 scritta e pubblicata manualmente da persone reali, utilizzando account Google reali. Il nostro team e la sua rete estesa si impegnano a mantenere qualit\u00e0 e fiducia. 2. Personalizzato per la tua attivit\u00e0: <\/p>\n<p>Realizziamo ogni recensione in base al tuo settore e ai tuoi servizi. Che tu sia un ristorante, un sito di e-commerce, un libero professionista o un&#8217;attivit\u00e0 locale, le nostre recensioni evidenziano i punti di forza del tuo marchio.<\/p>\n<p><strong>3. Solo valutazioni a cinque stelle: <\/p>\n<p>Ci concentriamo sulla fornitura di recensioni positive a 5 stelle che contribuiscono ad aumentare la tua valutazione complessiva e a creare fiducia nei clienti.<\/p>\n<p><strong>4. Sicuro e Permanente:<\/strong><\/p>\n<p>Poich\u00e9 le nostre recensioni vengono inviate da dispositivi e luoghi diversi, utilizzando account reali, rimangono sotto il radar di Google. Ci\u00f2 significa nessuna rimozione, nessuna penalit\u00e0, solo risultati duraturi.<\/p>\n<p><strong>5. Consegna rapida e puntuale:<\/strong><\/p>\n<p>Tu stabilisci la tempistica e noi la consegniamo. Che tu voglia tutte le recensioni in una volta o distribuite in pi\u00f9 giorni, ce ne occuperemo noi.<\/p>\n<p><strong>Scelto da molti<\/strong><\/p>\n<p>Collaboriamo con privati, agenzie e imprenditori che comprendono il potere della riprova sociale. Molti dei nostri clienti soddisfatti sono clienti abituali perch\u00e9 il nostro servizio offre davvero risultati.<\/p>\n<p><strong> Come funziona:<\/strong><\/p>\n<ol>\n<li>Effettui l&#8217;ordine e fornisci il link al tuo profilo aziendale su Google.<\/li>\n<li>Facoltativamente, puoi suggerire punti o frasi specifici da includere nelle recensioni.<\/li>\n<li>Assegniamo il tuo ordine al nostro team e ai nostri amici che pubblicheranno da account diversi.<\/li>\n<li>Le recensioni iniziano ad apparire entro la finestra di consegna che hai impostato Scegli.<\/li>\n<\/ol>\n<p><strong>Inizia oggi stesso<\/strong><\/p>\n<p>Non lasciare che i tuoi concorrenti prendano il sopravvento con valutazioni migliori. Aumenta la visibilit\u00e0 della tua attivit\u00e0, aumenta la fiducia dei clienti e cresci pi\u00f9 velocemente con il nostro autentico servizio di recensioni Google.<\/p>\n<blockquote><p>\u2b50 <strong>Nota:<\/strong> non pubblichiamo mai recensioni false, fuorvianti o spam. Tutte le recensioni sono opinioni reali condivise in linguaggio naturale, garantendo il pieno rispetto degli standard etici.<\/p><\/blockquote>\n<p><strong>Pronto a portare la tua reputazione al livello successivo? Effettua subito il tuo ordine e guarda le tue valutazioni aumentare!<\/strong><\/p>\n","protected":false},"excerpt":{"rendered":"<p>Acquista recensioni Google verificate per aumentare rapidamente la credibilit\u00e0 della tua attivit\u00e0 e la tua reputazione online.<\/p>\n","protected":false},"featured_media":136,"comment_status":"open","ping_status":"closed","template":"","meta":[],"product_brand":[],"product_cat":[24],"product_tag":[],"class_list":{"0":"post-67","1":"product","2":"type-product","3":"status-publish","4":"has-post-thumbnail","6":"product_cat-servises","8":"first","9":"instock","10":"shipping-taxable","11":"product-type-external"},"_links":{"self":[{"href":"https:\/\/pvabay.com\/it\/wp-json\/wp\/v2\/product\/67","targetHints":{"allow":["GET"]}}],"collection":[{"href":"https:\/\/pvabay.com\/it\/wp-json\/wp\/v2\/product"}],"about":[{"href":"https:\/\/pvabay.com\/it\/wp-json\/wp\/v2\/types\/product"}],"replies":[{"embeddable":true,"href":"https:\/\/pvabay.com\/it\/wp-json\/wp\/v2\/comments?post=67"}],"wp:featuredmedia":[{"embeddable":true,"href":"https:\/\/pvabay.com\/it\/wp-json\/wp\/v2\/media\/136"}],"wp:attachment":[{"href":"https:\/\/pvabay.com\/it\/wp-json\/wp\/v2\/media?parent=67"}],"wp:term":[{"taxonomy":"product_brand","embeddable":true,"href":"https:\/\/pvabay.com\/it\/wp-json\/wp\/v2\/product_brand?post=67"},{"taxonomy":"product_cat","embeddable":true,"href":"https:\/\/pvabay.com\/it\/wp-json\/wp\/v2\/product_cat?post=67"},{"taxonomy":"product_tag","embeddable":true,"href":"https:\/\/pvabay.com\/it\/wp-json\/wp\/v2\/product_tag?post=67"}],"curies":[{"name":"wp","href":"https:\/\/api.w.org\/{rel}","templated":true}]}}