{"id":114,"date":"2026-04-19T13:13:23","date_gmt":"2026-04-19T13:13:23","guid":{"rendered":"https:\/\/mailpva.com\/it\/pva\/gmail-accounts-2024\/"},"modified":"2026-04-21T10:15:31","modified_gmt":"2026-04-21T10:15:31","slug":"gmail-accounts-2024","status":"publish","type":"product","link":"https:\/\/pvabay.com\/it\/pva\/gmail-accounts-2024\/","title":{"rendered":"Account Gmail 2024"},"content":{"rendered":"<p>Nel 2024, Gmail rimane il punto di riferimento per comunicazioni email sicure, affidabili e versatili. Che tu sia un imprenditore che desidera espandere la propria presenza online, un addetto al marketing che gestisce pi\u00f9 campagne o semplicemente qualcuno che necessita di account email verificati per diverse piattaforme, acquistare account Gmail pu\u00f2 farti risparmiare tempo, fatica e frustrazione. Su <a title=\"Acquista account Gmail\" href=\"https:\/\/pvabay.com\" target=\"_blank\" rel=\"noopener\">pvabay.com<\/a>, forniamo <strong>account Gmail nuovi, vecchi e verificati telefonicamente<\/strong> a clienti in tutto il mondo, con consegna rapida e qualit\u00e0 garantita.<\/p>\n<div style=\"font-family: system-ui,sans-serif; line-height: 1.6; max-width: 760px; color: #2c3e50; margin: auto; padding: 10px;\">\n<p><!-- Title --><\/p>\n<p style=\"font-weight: 800; font-size: 18px; margin: 0 0 8px;\">Formato numero conto:<\/p>\n<p><!-- Formato pillola --><\/p>\n<p style=\"font-family: ui-monospace,SFMono-Regular,Menlo,monospace; background: #fceaea; color: #e74c3c; display: inline-block; padding: 6px 12px; border-radius: 6px; margin: 0 0 16px; word-break: break-word;\">Email : Password : Email di recupero : Anno<\/p>\n<p><!-- Esempio --><\/p>\n<p style=\"font-weight: 800; font-size: 18px; margin: 18px 0 8px;\">Esempio:<\/p>\n<p style=\"font-family: ui-monospace,SFMono-Regular,Menlo,monospace; background: #f9f2f4; color: #c7254e; display: inline-block; padding: 6px 12px; border-radius: 6px; margin: 0; word-break: break-word;\">pvabay@gmail.com : pvabaypasswd : pvabay@outlook.com : 2024<\/p>\n<p><!-- Elenco dettagli --><\/p>\n<ul style=\"list-style: none; padding: 0; margin: 16px 0 0; font-size: 15px;\">\n<li><strong style=\"color: #2c3e50;\">Nome utente e-mail<\/strong>: pvabay@gmail.com<\/li>\n<li><strong style=\"color: #c0392b;\">Password<\/strong>: pvabaypasswd<\/li>\n<li><strong style=\"color: #2980b9;\">Email di recupero<\/strong>: pvabay@outlook.com<\/li>\n<li><strong style=\"color: #8e44ad;\">Anno<\/strong>: 2024<\/li>\n<\/ul>\n<p><!-- Nota di consegna --><\/p>\n<p style=\"margin: 14px 0 0; font-size: 15px;\"><strong style=\"color: #f39c12;\">Consegna:<\/strong> la tua email verr\u00e0 consegnata entro <strong>30 minuti &#8211; 6 ore<\/strong> come file <strong>Excel (.xlsx)<\/strong>.<\/p>\n<\/div>\n<h2>Perch\u00e9 acquistare account Gmail ha senso in 2024<\/h2>\n<p>I tempi sono cambiati, ma il ruolo di Gmail nel mondo online \u00e8 rimasto immutato. Anzi, si \u00e8 consolidato. Milioni di aziende e privati negli Stati Uniti, nel Regno Unito, in Canada, in Nigeria, in Sudafrica e in Europa si affidano a Gmail per ogni necessit\u00e0, dall&#8217;uso personale alle complesse strategie di marketing digitale. Ecco perch\u00e9 acquistare account Gmail \u00e8 una mossa intelligente nel 2024:<\/p>\n<ul>\n<li><strong>Risparmia tempo<\/strong> \u2013 Evita le seccature della creazione e verifica manuale.<\/li>\n<li><strong>Avvio immediato<\/strong> \u2013 Inizia campagne o progetti subito dopo l&#8217;acquisto.<\/li>\n<li><strong>Maggiore sicurezza<\/strong> \u2013 Gli account verificati tramite telefono offrono una protezione pi\u00f9 forte.<\/li>\n<li><strong>Fiducia nella piattaforma<\/strong> \u2013 Gli account obsoleti hanno meno probabilit\u00e0 di essere segnalati da Google o da altre piattaforme.<\/li>\n<li><strong>Scalabilit\u00e0<\/strong> \u2013 Gestisci facilmente pi\u00f9 account per diversi marchi o clienti.<\/li>\n<\/ul>\n<h2>Tipi di account Gmail disponibili su pvabay.com<\/h2>\n<p>Sappiamo che non esiste una soluzione unica per tutti. Ecco perch\u00e9 pvabay.com offre diversi pacchetti di account Gmail:<\/p>\n<h3>1. Nuovi account Gmail<\/h3>\n<p>Account creati di recente, a partire dal 2024. Perfetti per registrazioni rapide, attivit\u00e0 a breve termine o per testare nuovi strumenti e piattaforme.<\/p>\n<h3>2. Account Gmail obsoleti<\/h3>\n<p>Account pi\u00f9 vecchi (da 6 mesi a diversi anni) con fiducia e affidabilit\u00e0 consolidate, ideali per marketing, SEO o uso aziendale a lungo termine.<\/p>\n<h3>3. Account Gmail verificati tramite telefono (PVA)<\/h3>\n<p>Account verificati con numeri di telefono univoci, che offrono maggiore protezione e credibilit\u00e0 sulle piattaforme che richiedono un elevato livello di affidabilit\u00e0.<\/p>\n<h3>4. Account Gmail in blocco<\/h3>\n<p>Hai bisogno di molti account? Offriamo pacchetti all&#8217;ingrosso da 10 a oltre 500 account a prezzi scontati, perfetti per agenzie, team di grandi dimensioni e rivenditori. <\/p>\n<h2>Perch\u00e9 scegliere pvabay.com?<\/h2>\n<p>Quando si tratta di acquistare account Gmail nel 2024, la fiducia \u00e8 importante. Noi di pvabay.com ci siamo costruiti una reputazione per la fornitura di account sicuri e di alta qualit\u00e0 con un servizio clienti ineguagliabile. Ecco perch\u00e9 migliaia di clienti ci scelgono:<\/p>\n<ul>\n<li>\u2705 <strong>Consegna immediata<\/strong> \u2013 Ricevi i tuoi account entro pochi minuti dal pagamento.<\/li>\n<li>\u2705 <strong>Servizio globale<\/strong> \u2013 Al servizio di clienti dagli Stati Uniti all&#8217;Africa e ovunque nel mezzo.<\/li>\n<li>\u2705 <strong>Verificato e Sicuro: ogni account viene testato prima della consegna.\n<li>\u2705 <strong>Tariffe convenienti<\/strong>: risparmia di pi\u00f9 acquistando in grandi quantit\u00e0.\n<li>\n<li>\u2705 <strong>Garanzia di sostituzione<\/strong>: gli account non funzionanti vengono sostituiti rapidamente.\n<li>\n<\/ul>\n<p>Vuoi sapere come acquistare account in modo sicuro? Leggi la nostra <a title=\"Come acquistare account online\" href=\"\/come-acquistare-account-online\">guida passo passo<\/a> per evitare venditori di bassa qualit\u00e0 e truffe.<\/p>\n<h2>Vantaggi dell&#8217;acquisto di account Gmail nel 2024<\/h2>\n<p>Ecco cosa ottieni scegliendo pvabay.com per i tuoi account Gmail:<\/p>\n<ul>\n<li><strong>Avvio pi\u00f9 rapido del progetto<\/strong>: evita i ritardi nella configurazione dell&#8217;account.<\/li>\n<li><strong>Piattaforme multiple<\/strong>: usa account per Google Ads, YouTube, social media e altro.<\/li>\n<li><strong>Sicuro e protetto<\/strong>: tutti gli account sono dotati di credenziali sicure.<\/li>\n<li><strong>Opzioni personalizzate<\/strong>: scegli fresco, invecchiato o PVA in base alle tue esigenze.<\/li>\n<\/ul>\n<h2>Come evitare le truffe quando si acquistano account Gmail<\/h2>\n<p>Purtroppo, non tutti i venditori sono onesti. Per assicurarti di ottenere ci\u00f2 per cui paghi:<\/p>\n<ul>\n<li>Acquista solo da venditori affidabili come pvabay.com.<\/li>\n<li>Richiedi account verificati telefonicamente (PVA) per una maggiore protezione.<\/li>\n<li>Cambia password e dettagli di recupero subito dopo l&#8217;acquisto.<\/li>\n<li>Stai lontano dai venditori che offrono prezzi irrealistici: la qualit\u00e0 ha un prezzo equo.<\/li>\n<\/ul>\n<p>Per ulteriori informazioni sui rischi di frode online, puoi leggere <a href=\"https:\/\/en.wikipedia.org\/wiki\/Internet_fraud\" target=\"_blank\" rel=\"noopener\">Articolo di Wikipedia sulle frodi su Internet<\/a>.<\/p>\n<h2>Best practice per la gestione di pi\u00f9 account Gmail<\/h2>\n<ul>\n<li>Utilizza un gestore di password affidabile per mantenere le credenziali organizzate.<\/li>\n<li>Accedi agli account da dispositivi attendibili e reti sicure.<\/li>\n<li>Aggiungi numeri di telefono di recupero ed email di backup.<\/li>\n<li>Ruota l&#8217;utilizzo per mantenere gli account attivi ed evitare sospetto.<\/li>\n<\/ul>\n<h2>Considerazioni finali: acquista account Gmail 2024 da pvabay.com<\/h2>\n<p>Se stai cercando <strong>account Gmail verificati, obsoleti o PVA nel 2024<\/strong>, pvabay.com \u00e8 la tua fonte di fiducia. Forniamo account sicuri e pronti all&#8217;uso per aziende, professionisti del marketing e privati in tutto il mondo, con consegna rapida, prezzi equi e garanzia di sostituzione.<\/p>\n<p>Che tu abbia bisogno di pochi account per piccoli progetti o di centinaia per grandi campagne, abbiamo la soluzione che fa per te. Inizia subito ed esplora la nostra <a title=\"Account Gmail in vendita\" href=\"\/gmail-accounts\">raccolta di account Gmail<\/a>: il modo pi\u00f9 rapido e sicuro per iniziare nel 2024.<\/p>\n","protected":false},"excerpt":{"rendered":"<p>Gli account Gmail creati nel 2024 sono molto robusti e recenti. La consegna avverr\u00e0 entro 6-12 ore. Offriamo una garanzia di sostituzione di 3 giorni.<\/p>\n","protected":false},"featured_media":134,"comment_status":"open","ping_status":"closed","template":"","meta":[],"product_brand":[],"product_cat":[28,32],"product_tag":[],"class_list":{"0":"post-114","1":"product","2":"type-product","3":"status-publish","4":"has-post-thumbnail","6":"product_cat-gmail-accounts","7":"product_cat-gmail-accounts-of-2024","9":"first","10":"instock","11":"shipping-taxable","12":"product-type-external"},"_links":{"self":[{"href":"https:\/\/pvabay.com\/it\/wp-json\/wp\/v2\/product\/114","targetHints":{"allow":["GET"]}}],"collection":[{"href":"https:\/\/pvabay.com\/it\/wp-json\/wp\/v2\/product"}],"about":[{"href":"https:\/\/pvabay.com\/it\/wp-json\/wp\/v2\/types\/product"}],"replies":[{"embeddable":true,"href":"https:\/\/pvabay.com\/it\/wp-json\/wp\/v2\/comments?post=114"}],"wp:featuredmedia":[{"embeddable":true,"href":"https:\/\/pvabay.com\/it\/wp-json\/wp\/v2\/media\/134"}],"wp:attachment":[{"href":"https:\/\/pvabay.com\/it\/wp-json\/wp\/v2\/media?parent=114"}],"wp:term":[{"taxonomy":"product_brand","embeddable":true,"href":"https:\/\/pvabay.com\/it\/wp-json\/wp\/v2\/product_brand?post=114"},{"taxonomy":"product_cat","embeddable":true,"href":"https:\/\/pvabay.com\/it\/wp-json\/wp\/v2\/product_cat?post=114"},{"taxonomy":"product_tag","embeddable":true,"href":"https:\/\/pvabay.com\/it\/wp-json\/wp\/v2\/product_tag?post=114"}],"curies":[{"name":"wp","href":"https:\/\/api.w.org\/{rel}","templated":true}]}}