{"id":109,"date":"2026-04-19T13:13:23","date_gmt":"2026-04-19T13:13:23","guid":{"rendered":"https:\/\/mailpva.com\/it\/pva\/gmail-accounts-2023\/"},"modified":"2026-04-21T10:15:31","modified_gmt":"2026-04-21T10:15:31","slug":"gmail-accounts-2023","status":"publish","type":"product","link":"https:\/\/pvabay.com\/it\/pva\/gmail-accounts-2023\/","title":{"rendered":"Account Gmail 2023"},"content":{"rendered":"<p>Nel 2023, avere un account Gmail non significa solo avere un indirizzo email: \u00e8 il tuo accesso ai servizi Google, al marketing online, ai social media e a innumerevoli altre opportunit\u00e0. Che tu sia un imprenditore, un addetto al marketing, un libero professionista o qualcuno che ha bisogno di pi\u00f9 account verificati per un utilizzo sicuro, <strong>acquistare account Gmail da pvabay.com<\/strong> pu\u00f2 farti risparmiare tempo, fatica e problemi.<\/p>\n<div style=\"font-family: system-ui,sans-serif; line-height: 1.6; max-width: 760px; color: #2c3e50; margin: auto; padding: 10px;\">\n<p><!-- Titolo --><\/p>\n<p style=\"font-weight: 800; font-size: 18px; margin: 0 0 8px;\">Formato numero conto:<\/p>\n<p><!-- Formato pillola --><\/p>\n<p style=\"font-family: ui-monospace,SFMono-Regular,Menlo,monospace; background: #fceaea; color: #e74c3c; display: inline-block; padding: 6px 12px; border-radius: 6px; margin: 0 0 16px; word-break: break-word;\">Email : Password : Email di recupero : Anno<\/p>\n<p><!-- Esempio --><\/p>\n<p style=\"font-weight: 800; font-size: 18px; margin: 18px 0 8px;\">Esempio:<\/p>\n<p style=\"font-family: ui-monospace,SFMono-Regular,Menlo,monospace; background: #f9f2f4; color: #c7254e; display: inline-block; padding: 6px 12px; border-radius: 6px; margin: 0; word-break: break-word;\">pvabay@gmail.com : pvabaypasswd : pvabay@outlook.com : 2023<\/p>\n<p><!-- Elenco dettagli --><\/p>\n<ul style=\"list-style: none; padding: 0; margin: 16px 0 0; font-size: 15px;\">\n<li><strong style=\"color: #2c3e50;\">Nome utente e-mail<\/strong>: pvabay@gmail.com<\/li>\n<li><strong style=\"color: #c0392b;\">Password<\/strong>: pvabaypasswd<\/li>\n<li><strong style=\"color: #2980b9;\">Email di recupero<\/strong>: pvabay@outlook.com<\/li>\n<li><strong style=\"color: #8e44ad;\">Anno<\/strong>: 2023<\/li>\n<\/ul>\n<p><!-- Bolla di consegna --><\/p>\n<p style=\"margin: 14px 0 0; font-size: 15px;\"><strong style=\"color: #f39c12;\">Consegna:<\/strong> la tua email verr\u00e0 consegnata entro <strong>30 minuti &#8211; 6 ore<\/strong> come file <strong>Excel (.xlsx)<\/strong>.<\/p>\n<\/div>\n<h2>Perch\u00e9 acquistare account Gmail nel 2023?<\/h2>\n<p>Gmail continua a essere il servizio di posta elettronica pi\u00f9 affidabile e utilizzato al mondo. Milioni di persone negli Stati Uniti, nel Regno Unito, in Nigeria, Ghana, Sudafrica e in tutta Europa si affidano a Gmail per la comunicazione, il lavoro e la sicurezza. Ecco alcuni motivi per cui acquistare account Gmail nel 2023 ha senso:<\/p>\n<ul>\n<li><strong>Per le aziende<\/strong>: gestisci pi\u00f9 progetti, reparti o campagne di marketing con account separati.<\/li>\n<li><strong>Per il marketing digitale<\/strong>: gestisci campagne pubblicitarie, crea profili sui social media o utilizza pi\u00f9 account per la sensibilizzazione.<\/li>\n<li><strong>Per i liberi professionisti<\/strong>: mantieni gli account dei clienti separati e organizzati.<\/li>\n<li><strong>Per la sicurezza<\/strong>: utilizza account di backup per evitare di essere bloccato fuori dalle piattaforme importanti.<\/li>\n<li><strong>Per la verifica<\/strong>: molti siti web e strumenti richiedono un account Gmail attendibile e verificato per l&#8217;iscrizione.<\/li>\n<\/ul>\n<p>Invece di passare ore a creare e verificare nuovi account da solo, puoi semplicemente acquistare account Gmail pronti all&#8217;uso da una fonte attendibile come <a title=\"Acquista account Gmail\" href=\"https:\/\/pvabay.com\" target=\"_blank\" rel=\"noopener\">pvabay.com<\/a>.<\/p>\n<h2>Tipi di account Gmail che puoi acquistare su pvabay.com<\/h2>\n<p>Non tutti gli account Gmail sono uguali. A seconda delle tue esigenze, pvabay.com offre diversi tipi di account:<\/p>\n<h3>1. Nuovi account Gmail<\/h3>\n<p>Nuovi account creati nel 2023. Perfetti per progetti a breve termine, test o nuove registrazioni.<\/p>\n<h3>2. Account Gmail obsoleti<\/h3>\n<p>Account pi\u00f9 vecchi (da 6 mesi a diversi anni) con livelli di affidabilit\u00e0 pi\u00f9 elevati, che li rendono ideali per marketing, SEO e utilizzo a lungo termine.<\/p>\n<h3>3. Account Gmail verificati tramite telefono (PVA)<\/h3>\n<p>Account verificati con un numero di telefono univoco. Sono pi\u00f9 sicuri e hanno meno probabilit\u00e0 di innescare problemi di verifica.<\/p>\n<h3>4. Account Gmail in blocco<\/h3>\n<p>Acquista in quantit\u00e0 di 10, 25, 50, 100 o anche pi\u00f9 di 500 per campagne su larga scala o operazioni aziendali.<\/p>\n<h2>Perch\u00e9 scegliere pvabay.com per gli account Gmail?<\/h2>\n<p>pvabay.com non \u00e8 solo un altro sito web di vendita di account. Siamo orgogliosi di fornire <strong>account Gmail di alta qualit\u00e0, sicuri e verificati<\/strong> ai clienti di tutto il mondo. Ecco perch\u00e9 i nostri clienti ci scelgono:<\/p>\n<ul>\n<li>\u2705 <strong>Consegna rapida<\/strong> \u2013 Ricevi i tuoi account immediatamente dopo il pagamento.<\/li>\n<li>\u2705 <strong>Account verificati<\/strong> \u2013 Opzioni di verifica telefonica (PVA) per una maggiore sicurezza.<\/li>\n<li>\u2705 <strong>Servizio globale<\/strong> \u2013 Serviamo clienti negli Stati Uniti, nel Regno Unito, in Canada, in Nigeria, in India e oltre.<\/li>\n<li>\u2705 <strong>Prezzi accessibili<\/strong> \u2013 Tariffe competitive sia per piccoli ordini che per ordini all&#8217;ingrosso.<\/li>\n<li>\u2705 <strong>Garanzia di sostituzione<\/strong> \u2013 Gli account non funzionanti vengono sostituiti rapidamente.<\/li>\n<\/ul>\n<p>Leggi la nostra <a title=\"Come acquistare account in modo sicuro\" href=\"\/how-to-buy-online-accounts\">guida completa all&#8217;acquisto di account in modo sicuro<\/a> per evitare truffe e venditori di bassa qualit\u00e0.<\/p>\n<h2>Vantaggi dell&#8217;acquisto di account Gmail da pvabay.com<\/h2>\n<p>Quando acquisti account Gmail da pvabay.com, ottieni pi\u00f9 di un semplice indirizzo email. Ottieni:<\/p>\n<ul>\n<li><strong>Risparmio di tempo<\/strong>: non c&#8217;\u00e8 bisogno di passare ore a creare e verificare gli account.<\/li>\n<li><strong>Utilizzo immediato<\/strong>: inizia a utilizzare i tuoi account non appena vengono consegnati.<\/li>\n<li><strong>Migliori punteggi di affidabilit\u00e0<\/strong>: gli account datati hanno prestazioni migliori sulla maggior parte delle piattaforme.<\/li>\n<li><strong>Accesso sicuro<\/strong>: tutti gli account vengono testati prima della consegna.<\/li>\n<\/ul>\n<h2>Come acquistare account Gmail in modo sicuro<\/h2>\n<p>Acquistare account Gmail \u00e8 sicuro se segui alcune semplici regole:<\/p>\n<ul>\n<li>Acquista da un venditore affidabile come pvabay.com.<\/li>\n<li>Scegli account verificati tramite telefono per una maggiore sicurezza.<\/li>\n<li>Cambia immediatamente la password e i dettagli di recupero dopo l&#8217;acquisto.<\/li>\n<li>Evita offerte estremamente economiche da venditori sconosciuti: spesso sono di bassa qualit\u00e0.<\/li>\n<\/ul>\n<p>Per ulteriori suggerimenti su come evitare le truffe, consulta l&#8217;<a href=\"https:\/\/en.wikipedia.org\/wiki\/Internet_fraud\" target=\"_blank\" rel=\"noopener\">articolo di Wikipedia sulle frodi su Internet<\/a>.<\/p>\n<h2>Suggerimenti per proteggere i tuoi account Gmail<\/h2>\n<ul>\n<li>Accedi regolarmente per mantenere l&#8217;account attivo.<\/li>\n<li>Aggiungi un numero di telefono di recupero e un indirizzo email di backup.<\/li>\n<li>Abilita la verifica in due passaggi per una protezione extra.<\/li>\n<li>Utilizza una VPN se accedi agli account da posizioni diverse.<\/li>\n<\/ul>\n<h2>Considerazioni finali: dovresti acquistare account Gmail in 2023?<\/h2>\n<p>Se hai bisogno di pi\u00f9 account Gmail per marketing, affari o attivit\u00e0 online sicure, acquistare da un fornitore affidabile come <a title=\"Acquista account Gmail 2023\" href=\"https:\/\/pvabay.com\" target=\"_blank\" rel=\"noopener\">pvabay.com<\/a> \u00e8 la scelta pi\u00f9 intelligente. Risparmierai tempo, otterrai account verificati all&#8217;istante ed eviterai i grattacapi della creazione e della verifica degli account.<\/p>\n<p>Che tu abbia bisogno di nuovi account per registrazioni rapide o di account PVA obsoleti per progetti a lungo termine, pvabay.com ha la soluzione che fa per te. Con la nostra consegna rapida, gli account sicuri e la garanzia di sostituzione, puoi concentrarti sul tuo lavoro senza preoccuparti di problemi con l&#8217;account.<\/p>\n<p>Inizia subito ed esplora i nostri <a title=\"Account Gmail in vendita\" href=\"\/gmail-accounts\">account Gmail in vendita<\/a>, disponibili in pacchetti nuovi, obsoleti e in grandi quantit\u00e0 per soddisfare le tue esigenze.<\/p>\n","protected":false},"excerpt":{"rendered":"<p>Gli account Gmail creati nel 2023 sono molto robusti e recenti. La consegna avverr\u00e0 entro 6-12 ore. Offriamo una garanzia di sostituzione di 3 giorni.<\/p>\n","protected":false},"featured_media":131,"comment_status":"open","ping_status":"closed","template":"","meta":[],"product_brand":[],"product_cat":[28,31],"product_tag":[],"class_list":{"0":"post-109","1":"product","2":"type-product","3":"status-publish","4":"has-post-thumbnail","6":"product_cat-gmail-accounts","7":"product_cat-gmail-accounts-of-2023","9":"first","10":"instock","11":"shipping-taxable","12":"product-type-external"},"_links":{"self":[{"href":"https:\/\/pvabay.com\/it\/wp-json\/wp\/v2\/product\/109","targetHints":{"allow":["GET"]}}],"collection":[{"href":"https:\/\/pvabay.com\/it\/wp-json\/wp\/v2\/product"}],"about":[{"href":"https:\/\/pvabay.com\/it\/wp-json\/wp\/v2\/types\/product"}],"replies":[{"embeddable":true,"href":"https:\/\/pvabay.com\/it\/wp-json\/wp\/v2\/comments?post=109"}],"wp:featuredmedia":[{"embeddable":true,"href":"https:\/\/pvabay.com\/it\/wp-json\/wp\/v2\/media\/131"}],"wp:attachment":[{"href":"https:\/\/pvabay.com\/it\/wp-json\/wp\/v2\/media?parent=109"}],"wp:term":[{"taxonomy":"product_brand","embeddable":true,"href":"https:\/\/pvabay.com\/it\/wp-json\/wp\/v2\/product_brand?post=109"},{"taxonomy":"product_cat","embeddable":true,"href":"https:\/\/pvabay.com\/it\/wp-json\/wp\/v2\/product_cat?post=109"},{"taxonomy":"product_tag","embeddable":true,"href":"https:\/\/pvabay.com\/it\/wp-json\/wp\/v2\/product_tag?post=109"}],"curies":[{"name":"wp","href":"https:\/\/api.w.org\/{rel}","templated":true}]}}