{"id":104,"date":"2026-04-19T13:13:23","date_gmt":"2026-04-19T13:13:23","guid":{"rendered":"https:\/\/mailpva.com\/it\/pva\/gmail-accounts-2022\/"},"modified":"2026-04-21T10:15:31","modified_gmt":"2026-04-21T10:15:31","slug":"gmail-accounts-2022","status":"publish","type":"product","link":"https:\/\/pvabay.com\/it\/pva\/gmail-accounts-2022\/","title":{"rendered":"Account Gmail 2022"},"content":{"rendered":"<p>Nel mondo digitale odierno, avere un account Gmail verificato \u00e8 pi\u00f9 di un semplice indirizzo email: \u00e8 la chiave per innumerevoli opportunit\u00e0 online. Che tu gestisca un&#8217;attivit\u00e0, avvii una campagna di marketing, gestisca i social media o desideri semplicemente un servizio email sicuro e affidabile, Gmail rimane la scelta migliore a livello globale. In questa guida esploreremo tutto ci\u00f2 che devi sapere prima di <strong>acquistare account Gmail nel 2022<\/strong>, dal motivo per cui potresti averne bisogno a come scegliere la fonte migliore e pi\u00f9 sicura.<\/p>\n<div style=\"font-family: system-ui,sans-serif; line-height: 1.6; max-width: 760px; color: #2c3e50; margin: auto; padding: 10px;\">\n<p><!-- Titolo --><\/p>\n<p style=\"font-weight: 800; font-size: 18px; margin: 0 0 8px;\">Formato numero conto:<\/p>\n<p><!-- Formato pillola --><\/p>\n<p style=\"font-family: ui-monospace,SFMono-Regular,Menlo,monospace; background: #fceaea; color: #e74c3c; display: inline-block; padding: 6px 12px; border-radius: 6px; margin: 0 0 16px; word-break: break-word;\">Email : Password : Email di recupero : Anno<\/p>\n<p><!-- Esempio --><\/p>\n<p style=\"font-weight: 800; font-size: 18px; margin: 18px 0 8px;\">Esempio:<\/p>\n<p style=\"font-family: ui-monospace,SFMono-Regular,Menlo,monospace; background: #f9f2f4; color: #c7254e; display: inline-block; padding: 6px 12px; border-radius: 6px; margin: 0; word-break: break-word;\">pvabay@gmail.com : pvabaypasswd : pvabay@outlook.com : 2022<\/p>\n<p><!-- Elenco dettagli --><\/p>\n<ul style=\"list-style: none; padding: 0; margin: 16px 0 0; font-size: 15px;\">\n<li><strong style=\"color: #2c3e50;\">Nome utente e-mail<\/strong>: pvabay@gmail.com<\/li>\n<li><strong style=\"color: #c0392b;\">Password<\/strong>: pvabaypasswd<\/li>\n<li><strong style=\"color: #2980b9;\">Email di recupero<\/strong>: pvabay@outlook.com<\/li>\n<li><strong style=\"color: #8e44ad;\">Anno<\/strong>: 2022<\/li>\n<\/ul>\n<p><!-- Bolla di consegna --><\/p>\n<p style=\"margin: 14px 0 0; font-size: 15px;\"><strong style=\"color: #f39c12;\">Consegna:<\/strong> la tua email verr\u00e0 consegnata entro <strong>30 minuti &#8211; 6 ore<\/strong> come file <strong>Excel (.xlsx)<\/strong>.<\/p>\n<\/div>\n<h2>Perch\u00e9 le persone acquistano account Gmail nel 2022<\/h2>\n<p>Gmail non \u00e8 popolare solo perch\u00e9 \u00e8 di Google. \u00c8 popolare perch\u00e9 funziona: veloce, sicuro e accessibile da qualsiasi luogo. Nel 2022, le persone acquistano account Gmail per vari motivi:<\/p>\n<ul>\n<li><strong>Espansione aziendale<\/strong>: pi\u00f9 account Gmail ti aiutano a gestire separatamente diversi progetti, clienti o campagne di marketing.<\/li>\n<li><strong>Social Media Marketing<\/strong>: la creazione di pi\u00f9 profili su piattaforme come YouTube, Instagram o Facebook spesso richiede indirizzi email separati.<\/li>\n<li><strong>Lavoro autonomo<\/strong>: i liberi professionisti e le agenzie spesso gestiscono diversi account clienti e necessitano di credenziali email univoche.<\/li>\n<li><strong>Servizi e strumenti online<\/strong>: alcune piattaforme richiedono ID Gmail verificati univoci per l&#8217;iscrizione.<\/li>\n<li><strong>Backup e sicurezza<\/strong>: avere account Gmail di backup ti garantisce di non essere mai escluso dalle piattaforme importanti.<\/li>\n<\/ul>\n<p>Ma ecco il problema: se acquisti dalla fonte sbagliata, rischi di perdere l&#8217;accesso ai tuoi account. Ecco perch\u00e9 \u00e8 importante acquistare da un venditore affidabile che fornisca <strong>account Gmail verificati, sicuri e pronti all&#8217;uso<\/strong>.<\/p>\n<h2>Tipi di account Gmail che puoi acquistare<\/h2>\n<p>Prima di acquistare, devi capire che gli account Gmail non sono tutti uguali. La scelta giusta dipende dalle tue esigenze:<\/p>\n<h3>1. Nuovi account Gmail<\/h3>\n<p>Si tratta di account appena creati, perfetti per registrazioni rapide, test o campagne temporanee. Sono pi\u00f9 economici, ma inizialmente potrebbero avere un livello di affidabilit\u00e0 limitato su alcune piattaforme.<\/p>\n<h3>2. Account Gmail obsoleti<\/h3>\n<p>Gli account obsoleti sono account Gmail pi\u00f9 vecchi (da 6 mesi a diversi anni). Hanno livelli di affidabilit\u00e0 pi\u00f9 elevati e hanno meno probabilit\u00e0 di riscontrare problemi di verifica o sospensione.<\/p>\n<h3>3. Account Gmail verificati tramite telefono (PVA)<\/h3>\n<p>Questi account sono verificati con un numero di telefono, il che li rende pi\u00f9 sicuri e affidabili per la maggior parte delle piattaforme.<\/p>\n<h3>4. Account Gmail in blocco<\/h3>\n<p>Se gestisci campagne di marketing, puoi acquistare account Gmail in blocco (ad esempio 10, 50, 100 o pi\u00f9) a un prezzo scontato.<\/p>\n<h2>Dove acquistare account Gmail in modo sicuro<\/h2>\n<p>Il modo pi\u00f9 sicuro per acquistare account Gmail nel 2022 \u00e8 da un venditore con una comprovata esperienza, recensioni dei clienti e un processo di consegna sicuro. Uno dei luoghi affidabili in cui puoi trovare <a title=\"Acquista account Gmail\" href=\"\/gmail-accounts\">account Gmail in vendita<\/a> \u00e8 proprio qui sulla nostra piattaforma. Forniamo account nuovi, vecchi e verificati telefonicamente con consegna rapida.<\/p>\n<p>Se desideri saperne di pi\u00f9 sull&#8217;acquisto sicuro di account online, consulta la nostra dettagliata <a title=\"Come acquistare account online\" href=\"\/how-to-buy-online-accounts\">guida all&#8217;acquisto<\/a> che ti illustra cosa fare e cosa non fare.<\/p>\n<h2>Vantaggi dell&#8217;acquisto di account Gmail<\/h2>\n<p>Ecco perch\u00e9 acquistare account Gmail \u00e8 una decisione intelligente per molti privati e aziende:<\/p>\n<ul>\n<li><strong>Risparmia tempo<\/strong>: salta il lungo processo di creazione e verifica manuale di ogni account.<\/li>\n<li><strong>Utilizzo immediato<\/strong>: avvia il tuo progetto o la tua campagna subito dopo l&#8217;acquisto.<\/li>\n<li><strong>Sicurezza elevata<\/strong>: gli account verificati offrono una protezione pi\u00f9 efficace contro spam e blocchi di attivit\u00e0 sospette.<\/li>\n<li><strong>Miglior livello di fiducia<\/strong>: gli account Gmail obsoleti hanno meno probabilit\u00e0 di subire restrizioni sulle principali piattaforme.<\/li>\n<\/ul>\n<h2>Come evitare le truffe quando si acquistano account Gmail<\/h2>\n<p>Purtroppo, ci sono truffatori che vendono account falsi o di bassa qualit\u00e0. Per evitarle:<\/p>\n<ul>\n<li>Acquista solo da venditori verificati e con ottime recensioni.<\/li>\n<li>Chiedi se gli account sono verificati telefonicamente (PVA) per maggiore sicurezza.<\/li>\n<li>Controlla le politiche di rimborso o sostituzione nel caso in cui un account non funzioni.<\/li>\n<li>Evita prezzi incredibilmente bassi: se \u00e8 troppo bello per essere vero, probabilmente non lo \u00e8.<\/li>\n<\/ul>\n<p>Per saperne di pi\u00f9 su come individuare le truffe online, puoi leggere l&#8217;<a href=\"https:\/\/en.wikipedia.org\/wiki\/Internet_fraud\" target=\"_blank\" rel=\"noopener\">articolo di Wikipedia sulle frodi su Internet<\/a>.<\/p>\n<h2>Suggerimenti per la gestione dei tuoi account Gmail<\/h2>\n<p>Acquistare account Gmail \u00e8 solo il primo passo: mantenerli attivi e sicuri \u00e8 la vera sfida. Ecco alcuni suggerimenti:<\/p>\n<ul>\n<li>Accedi regolarmente per mantenerli attivi.<\/li>\n<li>Usali per attivit\u00e0 legittime come l&#8217;invio di email o l&#8217;iscrizione a servizi.<\/li>\n<li>Aggiungi numeri di telefono di recupero ed email alternative.<\/li>\n<li>Evita di accedere da reti sospette o Wi-Fi pubblici senza una VPN.<\/li>\n<\/ul>\n<p>Per ulteriori suggerimenti sulla sicurezza della posta elettronica, puoi consultare la <a href=\"https:\/\/support.google.com\/mail\/answer\/7036019?hl=it\" target=\"_blank\" rel=\"noopener\">guida ufficiale di Google alla sicurezza di Gmail<\/a>.<\/p>\n<h2>Considerazioni finali: dovresti acquistare account Gmail nel 2022?<\/h2>\n<p>In breve, s\u00ec, se hai bisogno di pi\u00f9 account verificati rapidamente per scopi legittimi, acquistare account Gmail nel 2022 pu\u00f2 farti risparmiare tempo, fatica, e senza problemi. Assicurati solo di acquistare da una fonte affidabile, di proteggere i tuoi account subito dopo l&#8217;acquisto e di utilizzarli in modo etico. Che tu abbia bisogno di 5 account per piccole attivit\u00e0 o di 500 per una campagna su larga scala, un venditore affidabile pu\u00f2 fare la differenza. E ricorda: un account Gmail non \u00e8 solo un&#8217;email; \u00e8 la tua chiave di accesso ai servizi Google, YouTube, Drive e innumerevoli altri strumenti. Pronto per iniziare? Esplora la nostra <a title=\"Acquista account Gmail\" href=\"\/gmail-accounts\">raccolta di account Gmail<\/a> e trova oggi stesso il pacchetto perfetto per le tue esigenze.<\/p>\n","protected":false},"excerpt":{"rendered":"<p>Gli account Gmail creati nel 2022 sono molto robusti e aggiornati. La consegna avverr\u00e0 entro 6-12 ore. Offriamo una garanzia di sostituzione di 3 giorni.<\/p>\n","protected":false},"featured_media":130,"comment_status":"open","ping_status":"closed","template":"","meta":[],"product_brand":[],"product_cat":[28,30],"product_tag":[],"class_list":{"0":"post-104","1":"product","2":"type-product","3":"status-publish","4":"has-post-thumbnail","6":"product_cat-gmail-accounts","7":"product_cat-gmail-accounts-of-2022","9":"first","10":"instock","11":"shipping-taxable","12":"product-type-external"},"_links":{"self":[{"href":"https:\/\/pvabay.com\/it\/wp-json\/wp\/v2\/product\/104","targetHints":{"allow":["GET"]}}],"collection":[{"href":"https:\/\/pvabay.com\/it\/wp-json\/wp\/v2\/product"}],"about":[{"href":"https:\/\/pvabay.com\/it\/wp-json\/wp\/v2\/types\/product"}],"replies":[{"embeddable":true,"href":"https:\/\/pvabay.com\/it\/wp-json\/wp\/v2\/comments?post=104"}],"wp:featuredmedia":[{"embeddable":true,"href":"https:\/\/pvabay.com\/it\/wp-json\/wp\/v2\/media\/130"}],"wp:attachment":[{"href":"https:\/\/pvabay.com\/it\/wp-json\/wp\/v2\/media?parent=104"}],"wp:term":[{"taxonomy":"product_brand","embeddable":true,"href":"https:\/\/pvabay.com\/it\/wp-json\/wp\/v2\/product_brand?post=104"},{"taxonomy":"product_cat","embeddable":true,"href":"https:\/\/pvabay.com\/it\/wp-json\/wp\/v2\/product_cat?post=104"},{"taxonomy":"product_tag","embeddable":true,"href":"https:\/\/pvabay.com\/it\/wp-json\/wp\/v2\/product_tag?post=104"}],"curies":[{"name":"wp","href":"https:\/\/api.w.org\/{rel}","templated":true}]}}