{"id":148,"date":"2026-04-24T18:33:10","date_gmt":"2026-04-24T18:33:10","guid":{"rendered":"https:\/\/pvabay.com\/it\/?page_id=148"},"modified":"2026-04-24T19:17:11","modified_gmt":"2026-04-24T19:17:11","slug":"about","status":"publish","type":"page","link":"https:\/\/pvabay.com\/it\/about\/","title":{"rendered":"Chi Siamo"},"content":{"rendered":"<h2 data-section-id=\"hnrun\" data-start=\"9116\" data-end=\"9141\">Chi Siamo \u2013 PVABay.com<\/h2>\n<p data-start=\"9143\" data-end=\"9502\">PVABay.com \u00e8 un marketplace globale di account digitali specializzato in account Gmail verificati, numeri Google Voice, vecchi account Gmail e altri servizi digitali virtuali. La nostra piattaforma \u00e8 pensata per clienti che cercano accesso rapido, sicuro e affidabile ad account digitali di alta qualit\u00e0 per business, marketing, comunicazione o uso personale.<\/p>\n<p data-start=\"9504\" data-end=\"9653\">Dal 2016, PVABay lavora nel settore degli account digitali con un forte impegno verso qualit\u00e0, consegna rapida, prezzi corretti e assistenza clienti.<\/p>\n<h2 data-section-id=\"mj7sfj\" data-start=\"9655\" data-end=\"9674\">La Nostra Storia<\/h2>\n<p data-start=\"9676\" data-end=\"9970\">Il nostro percorso \u00e8 iniziato nel 2016 con servizi di account Gmail e Yahoo. Nel 2017 abbiamo ampliato il nostro servizio includendo Google Voice, grazie alla forte richiesta dei clienti. Da allora, PVABay \u00e8 cresciuta con esperienza, reputazione e fiducia da parte di clienti in tutto il mondo.<\/p>\n<p data-start=\"9972\" data-end=\"10098\">Oggi possiamo gestire sia ordini individuali sia ordini all\u2019ingrosso per aziende, agenzie, marketer, freelancer e rivenditori.<\/p>\n<h2 data-section-id=\"peh1xo\" data-start=\"10100\" data-end=\"10116\">Cosa Offriamo<\/h2>\n<p data-start=\"10118\" data-end=\"10171\">Su PVABay offriamo diversi servizi digitali, tra cui:<\/p>\n<ul data-start=\"10173\" data-end=\"10405\">\n<li data-section-id=\"smpq4f\" data-start=\"10173\" data-end=\"10201\">Account Gmail verificati<\/li>\n<li data-section-id=\"1kca2qd\" data-start=\"10202\" data-end=\"10226\">Vecchi account Gmail<\/li>\n<li data-section-id=\"aad68v\" data-start=\"10227\" data-end=\"10250\">Numeri Google Voice<\/li>\n<li data-section-id=\"m6lpvn\" data-start=\"10251\" data-end=\"10293\">Account Gmail con dettagli di recupero<\/li>\n<li data-section-id=\"y6sdmq\" data-start=\"10294\" data-end=\"10352\">Pacchetti di account digitali per business e marketing<\/li>\n<li data-section-id=\"hh0gm6\" data-start=\"10353\" data-end=\"10405\">Fornitura all\u2019ingrosso per agenzie e rivenditori<\/li>\n<\/ul>\n<p data-start=\"10407\" data-end=\"10521\">Ogni account viene preparato con attenzione per offrire ai clienti prodotti digitali funzionanti e pronti all\u2019uso.<\/p>\n<h2 data-section-id=\"1fupi1l\" data-start=\"10523\" data-end=\"10556\">Pagamenti Solo in Criptovaluta<\/h2>\n<p data-start=\"10558\" data-end=\"10716\">PVABay.com accetta solo pagamenti in criptovaluta. I clienti possono pagare con USDT TRC20, Bitcoin, Ethereum, Binance Pay e altre valute digitali supportate.<\/p>\n<p data-start=\"10718\" data-end=\"10817\">I pagamenti crypto rendono il checkout pi\u00f9 veloce, sicuro e accessibile per clienti internazionali.<\/p>\n<h2 data-section-id=\"4q1s0o\" data-start=\"10819\" data-end=\"10845\">Perch\u00e9 Scegliere PVABay<\/h2>\n<p data-start=\"10847\" data-end=\"11066\">I clienti scelgono PVABay perch\u00e9 ci concentriamo su fiducia, velocit\u00e0, qualit\u00e0 e supporto. Sappiamo che i clienti vogliono account funzionanti, aggiornamenti chiari sugli ordini e comunicazione rapida dopo il pagamento.<\/p>\n<p data-start=\"11068\" data-end=\"11092\">I nostri punti di forza:<\/p>\n<ul data-start=\"11094\" data-end=\"11340\">\n<li data-section-id=\"1jwxeeq\" data-start=\"11094\" data-end=\"11130\">Elaborazione rapida degli ordini<\/li>\n<li data-section-id=\"mug7ib\" data-start=\"11131\" data-end=\"11157\">Prezzi corretti in USD<\/li>\n<li data-section-id=\"1f7skyk\" data-start=\"11158\" data-end=\"11206\">Account Gmail e Google Voice di alta qualit\u00e0<\/li>\n<li data-section-id=\"1cwpfg2\" data-start=\"11207\" data-end=\"11243\">Supporto per ordini all\u2019ingrosso<\/li>\n<li data-section-id=\"1cilfof\" data-start=\"11244\" data-end=\"11280\">Checkout sicuro con criptovalute<\/li>\n<li data-section-id=\"k9ce4z\" data-start=\"11281\" data-end=\"11306\">Team esperto dal 2016<\/li>\n<li data-section-id=\"qgymun\" data-start=\"11307\" data-end=\"11340\">Servizio orientato al cliente<\/li>\n<\/ul>\n<h2 data-section-id=\"88fl81\" data-start=\"11342\" data-end=\"11373\">Qualit\u00e0, Garanzia e Supporto<\/h2>\n<p data-start=\"11375\" data-end=\"11534\">La soddisfazione del cliente \u00e8 uno dei nostri obiettivi principali. Offriamo supporto in base al tipo di prodotto e alla politica indicata sul nostro sito web.<\/p>\n<p data-start=\"11536\" data-end=\"11709\">Per molti prodotti Gmail e Google Voice, offriamo una garanzia limitata di sostituzione, ad esempio una garanzia di 72 ore, secondo le condizioni del prodotto e dell\u2019ordine.<\/p>\n<p data-start=\"11711\" data-end=\"11720\">Contatti:<\/p>\n<p data-start=\"11722\" data-end=\"11775\"><strong data-start=\"11722\" data-end=\"11732\">Email:<\/strong> <a class=\"decorated-link cursor-pointer\" rel=\"noopener\" data-start=\"11733\" data-end=\"11749\">abspva@gmail.com<\/a><br data-start=\"11749\" data-end=\"11752\" \/><strong data-start=\"11752\" data-end=\"11765\">Telegram:<\/strong> @pvabay<\/p>\n<p data-start=\"11777\" data-end=\"11902\">Grazie per aver scelto <strong data-start=\"11800\" data-end=\"11814\">PVABay.com<\/strong>, il tuo partner affidabile per account Gmail, numeri Google Voice e soluzioni digitali.<\/p>\n","protected":false},"excerpt":{"rendered":"<p>Chi Siamo \u2013 PVABay.com PVABay.com \u00e8 un marketplace globale di account digitali specializzato in account Gmail verificati, numeri Google Voice, vecchi account Gmail e altri servizi digitali virtuali. La nostra piattaforma \u00e8 pensata per clienti che cercano accesso rapido, sicuro e affidabile ad account digitali di alta qualit\u00e0 per business, marketing, comunicazione o uso personale. [&hellip;]<\/p>\n","protected":false},"author":1,"featured_media":0,"parent":0,"menu_order":0,"comment_status":"closed","ping_status":"closed","template":"","meta":{"footnotes":""},"class_list":["post-148","page","type-page","status-publish","hentry"],"_links":{"self":[{"href":"https:\/\/pvabay.com\/it\/wp-json\/wp\/v2\/pages\/148","targetHints":{"allow":["GET"]}}],"collection":[{"href":"https:\/\/pvabay.com\/it\/wp-json\/wp\/v2\/pages"}],"about":[{"href":"https:\/\/pvabay.com\/it\/wp-json\/wp\/v2\/types\/page"}],"author":[{"embeddable":true,"href":"https:\/\/pvabay.com\/it\/wp-json\/wp\/v2\/users\/1"}],"replies":[{"embeddable":true,"href":"https:\/\/pvabay.com\/it\/wp-json\/wp\/v2\/comments?post=148"}],"version-history":[{"count":1,"href":"https:\/\/pvabay.com\/it\/wp-json\/wp\/v2\/pages\/148\/revisions"}],"predecessor-version":[{"id":149,"href":"https:\/\/pvabay.com\/it\/wp-json\/wp\/v2\/pages\/148\/revisions\/149"}],"wp:attachment":[{"href":"https:\/\/pvabay.com\/it\/wp-json\/wp\/v2\/media?parent=148"}],"curies":[{"name":"wp","href":"https:\/\/api.w.org\/{rel}","templated":true}]}}