{"id":93,"date":"2026-04-19T13:06:53","date_gmt":"2026-04-19T13:06:53","guid":{"rendered":"https:\/\/mailpva.com\/fr\/pva\/2fa-gmail-accounts\/"},"modified":"2026-04-21T10:13:02","modified_gmt":"2026-04-21T10:13:02","slug":"2fa-enabled-gmail-accounts","status":"publish","type":"product","link":"https:\/\/pvabay.com\/fr\/pva\/2fa-enabled-gmail-accounts\/","title":{"rendered":"Comptes Gmail compatibles 2FA"},"content":{"rendered":"<p>Vous recherchez des comptes Gmail fiables et durables, offrant s\u00e9curit\u00e9 et performances \u00e9lev\u00e9es\u00a0? Nous proposons des comptes Gmail haut de gamme avec la v\u00e9rification en deux \u00e9tapes (2FA) d\u00e9j\u00e0 activ\u00e9e, pour une tranquillit\u00e9 d&#8217;esprit et un contr\u00f4le total. Que vous soyez marketeur, chef d&#8217;entreprise, d\u00e9veloppeur ou que vous ayez besoin d&#8217;un acc\u00e8s Gmail s\u00e9curis\u00e9 pour une utilisation \u00e0 long terme, notre service est exactement ce qu&#8217;il vous faut. <\/p>\n<div style=\"font-family: system-ui,sans-serif; line-height: 1.6; max-width: 760px; color: #2c3e50; margin: auto; padding: 10px;\">\n<p><!-- Titre --> <\/p>\n<p style=\"font-weight: 800; font-size: 18px; margin: 0 0 8px;\">Format du num\u00e9ro de compte\u00a0:<\/p>\n<p><!-- Formatage --> <\/p>\n<p style=\"font-family: ui-monospace,SFMono-Regular,Menlo,monospace; background: #fceaea; color: #e74c3c; display: inline-block; padding: 6px 12px; border-radius: 6px; marge\u00a0: 0 0 16px; word-break: break-word;\">E-mail\u00a0: Mot de passe\u00a0: Courriel de r\u00e9cup\u00e9ration\u00a0: Cl\u00e9 de configuration de l&#8217;authentificateur 2FA<\/p>\n<p><!-- Exemple --> <\/p>\n<p style=\"font-weight: 800; font-size: 18px; margin: 18px 0 8px;\">Exemple\u00a0:<\/p>\n<p style=\"font-family: ui-monospace,SFMono-Regular,Menlo,monospace; background: #f9f2f4; color: #c7254e; display: inline-block; padding: 6px 12px; border-radius: 6px; margin: 0; word-break: break-word;\">pvabay@gmail.com\u00a0: pvabaypasswd\u00a0: pvabay@outlook.com\u00a0: ry2q 7jso utj4 t4f2 267g k4ka ao72 6ouv<\/p>\n<p><!-- Liste des d\u00e9tails --> <\/p>\n<ul style=\"list-style: none; padding: 0; margin: 16px 0 0; font-size: 15px;\">\n<li><strong style=\"color: #2c3e50;\">Nom d&#8217;utilisateur de messagerie<\/strong>\u00a0: pvabay@gmail.com<\/li>\n<li><strong style=\"color: #c0392b;\">Mot de passe<\/strong>\u00a0: pvabaypasswd<\/li>\n<li><strong style=\"color: #2980b9;\">Courrier de r\u00e9cup\u00e9ration<\/strong>\u00a0: pvabay@outlook.com<\/li>\n<li style=\"word-break: break-word;\"><strong style=\"color: #8e44ad;\">Cl\u00e9 de configuration de l&#8217;authentificateur 2FA<\/strong>\u00a0: ry2q 7jso utj4 t4f2 267g k4ka ao72 6ouv<\/li>\n<\/ul>\n<p><!-- Bon de livraison --> <\/p>\n<p style=\"margin: 14px 0 0; font-size: 15px;\"><strong style=\"color: #f39c12;\">Livraison\u00a0:<\/strong> Votre e-mail sera livr\u00e9 dans un d\u00e9lai de <strong>30 minutes \u00e0 6 heures<\/strong> sous forme de fichier <strong>Excel (.xlsx)<\/strong>.<\/p>\n<\/div>\n<h3>\u2705 Ce que nous offrons<\/h3>\n<p>Nous cr\u00e9ons de <strong>nouveaux comptes Gmail<\/strong> tous les Chaque jour, chaque compte est configur\u00e9 manuellement avec soin et s\u00e9curit\u00e9. Ces comptes incluent\u00a0: <\/p>\n<ul>\n<li>Adresses Gmail fra\u00eechement cr\u00e9\u00e9es<\/li>\n<li>IP et utilisation de l&#8217;appareil uniques<\/li>\n<li>V\u00e9rification en deux \u00e9tapes (2FA) activ\u00e9e pour plus de s\u00e9curit\u00e9<\/li>\n<li>V\u00e9rifi\u00e9 et pr\u00eat \u00e0 l&#8217;emploi imm\u00e9diatement<\/li>\n<li>Utilisation \u00e0 long terme sans activit\u00e9 ni historique ant\u00e9rieurs<\/li>\n<li>Codes de sauvegarde facultatifs pour la r\u00e9cup\u00e9ration<\/li>\n<\/ul>\n<p>Tous les comptes sont cr\u00e9\u00e9s de mani\u00e8re professionnelle et ne sont jamais r\u00e9utilis\u00e9s ni recycl\u00e9s. Une fois vendu, chaque compte est livr\u00e9 \u00e0 un seul client. Votre s\u00e9curit\u00e9 et votre satisfaction sont notre priorit\u00e9. <\/p>\n<h3>Pourquoi choisir Gmail avec la 2FA\u00a0?<\/h3>\n<p>Gmail est l&#8217;une des plateformes de messagerie les plus puissantes et les plus fiables au monde. Mais face \u00e0 l&#8217;augmentation des cybermenaces, une s\u00e9curit\u00e9 de connexion de base ne suffit plus. C&#8217;est pourquoi la <strong>v\u00e9rification en deux \u00e9tapes (2FA)<\/strong> est essentielle. Voici ce que cela vous offre\u00a0: <\/p>\n<ul>\n<li><strong>Protection renforc\u00e9e<\/strong>\u00a0: M\u00eame si quelqu&#8217;un conna\u00eet votre mot de passe, il ne peut pas acc\u00e9der \u00e0 votre compte sans la deuxi\u00e8me \u00e9tape de v\u00e9rification (g\u00e9n\u00e9ralement un code envoy\u00e9 \u00e0 un appareil de confiance).<\/li>\n<li><strong>Risque de piratage r\u00e9duit<\/strong>\u00a0: L&#8217;authentification \u00e0 deux facteurs r\u00e9duit consid\u00e9rablement les risques d&#8217;acc\u00e8s non autoris\u00e9 ou d&#8217;attaques de phishing.<\/li>\n<li><strong>Approuv\u00e9 par Google<\/strong>\u00a0: Gmail lui-m\u00eame recommande fortement l&#8217;authentification \u00e0 deux facteurs pour une s\u00e9curit\u00e9 maximale et la s\u00e9curit\u00e9 \u00e0 long terme de votre compte.<\/li>\n<li><strong>Id\u00e9al pour une utilisation professionnelle<\/strong>\u00a0: Les comptes dot\u00e9s de l&#8217;authentification \u00e0 deux facteurs sont plus fiables sur les plateformes et moins susceptibles d&#8217;\u00eatre signal\u00e9s ou suspendus.<\/li>\n<\/ul>\n<h3>Pourquoi utiliser notre Service<\/h3>\n<p>Nous comprenons les besoins de nos clients\u00a0: <strong>s\u00e9curit\u00e9, qualit\u00e9 et fiabilit\u00e9<\/strong>. Voici pourquoi nos comptes Gmail se d\u00e9marquent\u00a0: <\/p>\n<ul>\n<li>\u2699\ufe0f <strong>Nouveau stock quotidien<\/strong>\u00a0: Nous cr\u00e9ons des comptes r\u00e9guli\u00e8rement pour garantir leur fra\u00eecheur.<\/li>\n<li><strong>La s\u00e9curit\u00e9 avant tout<\/strong>\u00a0: Tous les comptes sont prot\u00e9g\u00e9s par l&#8217;authentification \u00e0 deux facteurs, ce qui augmente leur dur\u00e9e de vie et leur fiabilit\u00e9.<\/li>\n<li><strong>Livraison rapide<\/strong>\u00a0: Obtenez vos comptes rapidement via votre m\u00e9thode de contact pr\u00e9f\u00e9r\u00e9e.<\/li>\n<li><strong>Assistance incluse<\/strong>\u00a0: Vous avez des questions ou besoin d&#8217;aide pour y acc\u00e9der\u00a0? Nous sommes l\u00e0 pour vous aider.<\/li>\n<li><strong>Adapt\u00e9 \u00e0 tous les besoins<\/strong>\u00a0: utilisez nos comptes Gmail pour les r\u00e9seaux sociaux, le marketing, l\u2019enregistrement d\u2019entreprise ou tout projet n\u00e9cessitant une adresse e-mail fiable.<\/li>\n<\/ul>\n<h3>Commencez d\u00e8s aujourd\u2019hui<\/h3>\n<p>Si vous en avez assez des comptes Gmail de mauvaise qualit\u00e9 qui sont rapidement d\u00e9sactiv\u00e9s ou signal\u00e9s, faites le bon choix. Investissez dans nos comptes Gmail s\u00e9curis\u00e9s et compatibles 2FA et b\u00e9n\u00e9ficiez d\u2019une fiabilit\u00e9 sans pr\u00e9c\u00e9dent. <\/p>\n<p>Pour les achats group\u00e9s, les noms d\u2019utilisateur personnalis\u00e9s ou les demandes sp\u00e9ciales, n\u2019h\u00e9sitez pas \u00e0 nous contacter. Nous sommes flexibles et nous nous engageons \u00e0 fournir les meilleures solutions de messagerie.<\/p>\n","protected":false},"excerpt":{"rendered":"<p>Comptes Gmail s\u00e9curis\u00e9s et compatibles 2FA pour une utilisation \u00e0 long terme : fra\u00eechement cr\u00e9\u00e9s, v\u00e9rifi\u00e9s et pr\u00eats pour un acc\u00e8s s\u00e9curis\u00e9.<\/p>\n","protected":false},"featured_media":138,"comment_status":"open","ping_status":"closed","template":"","meta":[],"product_brand":[],"product_cat":[28],"product_tag":[],"class_list":{"0":"post-93","1":"product","2":"type-product","3":"status-publish","4":"has-post-thumbnail","6":"product_cat-gmail-accounts","8":"first","9":"instock","10":"shipping-taxable","11":"product-type-external"},"_links":{"self":[{"href":"https:\/\/pvabay.com\/fr\/wp-json\/wp\/v2\/product\/93","targetHints":{"allow":["GET"]}}],"collection":[{"href":"https:\/\/pvabay.com\/fr\/wp-json\/wp\/v2\/product"}],"about":[{"href":"https:\/\/pvabay.com\/fr\/wp-json\/wp\/v2\/types\/product"}],"replies":[{"embeddable":true,"href":"https:\/\/pvabay.com\/fr\/wp-json\/wp\/v2\/comments?post=93"}],"wp:featuredmedia":[{"embeddable":true,"href":"https:\/\/pvabay.com\/fr\/wp-json\/wp\/v2\/media\/138"}],"wp:attachment":[{"href":"https:\/\/pvabay.com\/fr\/wp-json\/wp\/v2\/media?parent=93"}],"wp:term":[{"taxonomy":"product_brand","embeddable":true,"href":"https:\/\/pvabay.com\/fr\/wp-json\/wp\/v2\/product_brand?post=93"},{"taxonomy":"product_cat","embeddable":true,"href":"https:\/\/pvabay.com\/fr\/wp-json\/wp\/v2\/product_cat?post=93"},{"taxonomy":"product_tag","embeddable":true,"href":"https:\/\/pvabay.com\/fr\/wp-json\/wp\/v2\/product_tag?post=93"}],"curies":[{"name":"wp","href":"https:\/\/api.w.org\/{rel}","templated":true}]}}