{"id":92,"date":"2026-04-19T13:06:53","date_gmt":"2026-04-19T13:06:53","guid":{"rendered":"https:\/\/mailpva.com\/fr\/pva\/google-voice-accounts\/"},"modified":"2026-04-21T10:12:26","modified_gmt":"2026-04-21T10:12:26","slug":"google-voice-accounts","status":"publish","type":"product","link":"https:\/\/pvabay.com\/fr\/pva\/google-voice-accounts\/","title":{"rendered":"Comptes Google Voice"},"content":{"rendered":"<p>Vous recherchez un tout nouveau num\u00e9ro Google Voice, s\u00e9curis\u00e9, v\u00e9rifi\u00e9 et pr\u00eat \u00e0 l&#8217;emploi\u00a0? Que vous en ayez besoin pour un usage personnel, une communication professionnelle ou une v\u00e9rification de compte, nos nouveaux comptes Google Voice sont la solution id\u00e9ale. Chaque compte est fra\u00eechement cr\u00e9\u00e9, jamais r\u00e9utilis\u00e9 et est fourni avec des informations de connexion compl\u00e8tes pour garantir un acc\u00e8s s\u00e9curis\u00e9 et priv\u00e9.<\/p>\n<div style=\"font-family: system-ui, sans-serif; line-height: 1.6; max-width: 760px; color: #2c3e50; margin: auto; padding: 10px;\">\n<p><!-- Titre --><\/p>\n<p style=\"font-weight: 800; font-size: 18px; margin: 0 0 8px;\">Format du num\u00e9ro de compte\u00a0:<\/p>\n<p><!-- Format pill --><\/p>\n<p style=\"font-family: ui-monospace, SFMono-Regular, Menlo, monospace; background: #fceaea; color: #e74c3c; display: inline-block; padding: 6px 12px; border-radius: 6px; margin: 0 0 16px; word-break: break-all;\">Nom d&#8217;utilisateur de messagerie\u00a0: Mot de passe\u00a0: Adresse e-mail de r\u00e9cup\u00e9ration\u00a0: Num\u00e9ro de t\u00e9l\u00e9phone\u00a0: Cl\u00e9 de configuration de l&#8217;authentificateur 2FA<\/p>\n<p><!-- Exemple --><\/p>\n<p style=\"font-weight: 800; font-size: 18px; margin: 18px 0 8px;\">Exemple\u00a0:<\/p>\n<p style=\"font-family: ui-monospace, SFMono-Regular, Menlo, monospace\u00a0; arri\u00e8re-plan\u00a0: #f9f2f4\u00a0; couleur\u00a0: #c7254e\u00a0; affichage\u00a0: inline-block\u00a0; remplissage\u00a0: 6\u00a0px 12\u00a0px\u00a0; rayon de bordure\u00a0: 6\u00a0px\u00a0; marge\u00a0: 0\u00a0; saut de mot\u00a0: break-all\u00a0;\">pvabay@gmail.com\u00a0: pvabaypasswd\u00a0: pvabay@outlook.com\u00a0: (202)123-1234\u00a0: ry2q 7jso utj4 t4f2 267g k4ka ao72 6ouv<\/p>\n<p><!-- Liste des d\u00e9tails --><\/p>\n<ul style=\"list-style: none; padding: 0; margin: 16px 0 0; font-size: 15px;\">\n<li><strong style=\"color: #2c3e50;\">Nom d&#8217;utilisateur de messagerie<\/strong>\u00a0: pvabay@gmail.com<\/li>\n<li><strong style=\"color: #c0392b;\">Mot de passe<\/strong>\u00a0: pvabaypasswd<\/li>\n<li><strong style=\"color: #2980b9;\">Courrier de r\u00e9cup\u00e9ration<\/strong>\u00a0: pvabay@outlook.com<\/li>\n<li><strong style=\"color: #27ae60;\">Num\u00e9ro de t\u00e9l\u00e9phone<\/strong>\u00a0: (202) 123-1234<\/li>\n<li style=\"word-break: break-all;\"><strong style=\"color: #8e44ad;\">Cl\u00e9 de configuration de l&#8217;authentificateur 2FA<\/strong>\u00a0: ry2q 7jso utj4 t4f2 267g k4ka ao72 6ouv<\/li>\n<\/ul>\n<p><!-- Bon de livraison --><\/p>\n<p style=\"margin: 14px 0 0; font-size: 15px;\"><strong style=\"color: #f39c12;\">Livraison\u00a0:<\/strong> Votre e-mail sera livr\u00e9 dans un d\u00e9lai de <strong>30 minutes \u00e0 6 heures<\/strong> au format <strong>Excel (.xlsx)<\/strong> fichier.<\/p>\n<\/div>\n<h2>\u2705 Qu&#8217;est-ce qu&#8217;un nouveau compte Google Voice\u00a0?<\/h2>\n<p>Un nouveau compte Google Voice est un compte nouvellement cr\u00e9\u00e9 et jamais utilis\u00e9 auparavant. Ces comptes sont cr\u00e9\u00e9s avec des adresses IP am\u00e9ricaines propres, des comptes Gmail v\u00e9rifi\u00e9s et des num\u00e9ros de t\u00e9l\u00e9phone d\u00e9di\u00e9s. Vous pouvez <a href=\"https:\/\/support.google.com\/voice\/\" target=\"_blank\" rel=\"noopener\">utiliser Google Voice<\/a> pour passer des appels gratuits aux \u00c9tats-Unis, recevoir des codes SMS ou configurer vos outils de communication avec un num\u00e9ro am\u00e9ricain.<\/p>\n<h2>Principales fonctionnalit\u00e9s de nos nouveaux comptes Google Voice<\/h2>\n<ul>\n<li>\u2705 Tout neuf et intact<\/li>\n<li>\u2705 Cr\u00e9\u00e9 \u00e0 l&#8217;aide de comptes Gmail v\u00e9rifi\u00e9s<\/li>\n<li>\u2705 Num\u00e9ros de t\u00e9l\u00e9phone bas\u00e9s aux \u00c9tats-Unis<\/li>\n<li>\u2705 Livraison rapide en 1 \u00e0 6 heures<\/li>\n<li>\u2705 Garantie de remplacement de 48 heures<\/li>\n<li>\u2705 Acc\u00e8s complet \u00e0 Gmail et Google Voice<\/li>\n<\/ul>\n<h2>Qui devrait acheter de nouveaux comptes Google Voice\u00a0?<\/h2>\n<p>Les nouveaux num\u00e9ros Google Voice sont parfaits pour les freelances, les sp\u00e9cialistes du marketing, les propri\u00e9taires d&#8217;entreprise et toute personne ayant besoin d&#8217;un num\u00e9ro am\u00e9ricain fiable pour les appels, les SMS et les v\u00e9rifications. Nombre de nos clients les utilisent pour\u00a0:<\/p>\n<ul>\n<li><strong>Inscriptions WhatsApp et Telegram<\/strong><\/li>\n<li><strong>Communication professionnelle<\/strong> via des plateformes comme <a href=\"\/buy-old-gmail-accounts\/\">Google Meet<\/a> ou Zoom<\/li>\n<li><strong>Appels clients et suivis<\/strong> depuis des plateformes de freelance comme Upwork et Fiverr<\/li>\n<li><strong>Cr\u00e9ation de plusieurs comptes de r\u00e9seaux sociaux<\/strong> en toute s\u00e9curit\u00e9<\/li>\n<\/ul>\n<h2>Ce que vous recevrez<\/h2>\n<ul>\n<li>\u2714\ufe0f Nouveau num\u00e9ro Google Voice (bas\u00e9 aux \u00c9tats-Unis)<\/li>\n<li>\u2714\ufe0f Acc\u00e8s au compte Gmail (utilis\u00e9 pour cr\u00e9er le GV)<\/li>\n<li>\u2714\ufe0f Identifiants de connexion (Gmail + mot de passe)<\/li>\n<li>\u2714\ufe0f Guide \u00e9tape par \u00e9tape pour utiliser et s\u00e9curiser votre compte<\/li>\n<\/ul>\n<h2>Livraison rapide et acc\u00e8s facile<\/h2>\n<p>Une fois votre paiement effectu\u00e9, notre \u00e9quipe pr\u00e9pare votre compte avec des identifiants de connexion uniques. Vous recevrez g\u00e9n\u00e9ralement le tout par e-mail sous 1 \u00e0 6 heures. Si vous ne savez pas comment commander, consultez notre page <a href=\"\/how-to-order\">Comment commander<\/a>.<\/p>\n<h2>Garantie de remplacement sous 48 heures<\/h2>\n<p>Nous garantissons notre service. En cas de probl\u00e8me dans les 48 heures suivant la livraison, comme un probl\u00e8me de connexion ou un blocage de compte, vous recevrez un remplacement gratuit. En savoir plus sur notre <a href=\"\/refund-policy\/\">Politique de remboursement<\/a>.<\/p>\n<h2>Services connexes susceptibles de vous int\u00e9resser<\/h2>\n<ul>\n<li><a href=\"\/buy-old-gmail-accounts\/\">Acheter d&#8217;anciens comptes Gmail<\/a><\/li>\n<li><a href=\"\/services\/buy-gmail-2fa\/\">Acheter des comptes Gmail 2FA<\/a><\/li>\n<li><a href=\"\/buy-textnow-accounts\/\">Acheter TextNow Comptes<\/a><\/li>\n<li><a href=\"\/service\/\">Voir tous les produits<\/a><\/li>\n<\/ul>\n<h2>Pourquoi choisir <a href=\"\/\">PVABay.com<\/a>\u00a0?<\/h2>\n<ul>\n<li>\u2705 Des ann\u00e9es de service de confiance<\/li>\n<li>\u2705 Assistance client 24h\/24 et 7j\/7 via la <a href=\"\/contact-us\">page de contact<\/a><\/li>\n<li>\u2705 Options de paiement s\u00e9curis\u00e9es, y compris Crypto, Binance et plus encore<\/li>\n<li>\u2705 Client\u00e8le mondiale\u00a0: \u00c9tats-Unis, Inde, Nig\u00e9ria, Bangladesh et plus encore<\/li>\n<\/ul>\n<h2>Comment d\u00e9marrer<\/h2>\n<ol>\n<li>Acc\u00e9dez \u00e0 la page <a href=\"\/buy-google-voice-accounts\/\">Acheter des comptes Google Voice<\/a><\/li>\n<li>Choisissez le forfait souhait\u00e9 et passez \u00e0 la caisse<\/li>\n<li>Attendez la livraison par e-mail Bo\u00eete de r\u00e9ception<\/li>\n<\/ol>\n<p>Besoin d&#8217;aide\u00a0? Consultez notre <a href=\"\/customer-faq\">FAQ client<\/a> ou consultez votre page <a href=\"\/my-account\/orders\/\">Historique des commandes<\/a> \u00e0 tout moment.<\/p>\n<h2>En conclusion<\/h2>\n<p>Si vous souhaitez acheter des comptes Google Voice propres, r\u00e9cents et s\u00e9curis\u00e9s, vous \u00eates au bon endroit. Notre \u00e9quipe locale comprend vos besoins et s&#8217;assure que chaque compte r\u00e9pond aux normes de qualit\u00e9 les plus \u00e9lev\u00e9es. Ne gaspillez pas d&#8217;argent avec des num\u00e9ros de mauvaise qualit\u00e9\u00a0: obtenez un compte Google Voice authentique et r\u00e9cent aupr\u00e8s de PVABay d\u00e8s aujourd&#8217;hui.<\/p>\n","protected":false},"excerpt":{"rendered":"<p>Ce compte est enti\u00e8rement nouveau. Nous offrons une garantie de remplacement de 48 heures pour chaque compte. Vous recevrez votre e-mail sous 30 minutes \u00e0 6 heures maximum.<\/p>\n","protected":false},"featured_media":128,"comment_status":"open","ping_status":"closed","template":"","meta":[],"product_brand":[],"product_cat":[27],"product_tag":[],"class_list":{"0":"post-92","1":"product","2":"type-product","3":"status-publish","4":"has-post-thumbnail","6":"product_cat-google-voice","8":"first","9":"instock","10":"shipping-taxable","11":"product-type-external"},"_links":{"self":[{"href":"https:\/\/pvabay.com\/fr\/wp-json\/wp\/v2\/product\/92","targetHints":{"allow":["GET"]}}],"collection":[{"href":"https:\/\/pvabay.com\/fr\/wp-json\/wp\/v2\/product"}],"about":[{"href":"https:\/\/pvabay.com\/fr\/wp-json\/wp\/v2\/types\/product"}],"replies":[{"embeddable":true,"href":"https:\/\/pvabay.com\/fr\/wp-json\/wp\/v2\/comments?post=92"}],"wp:featuredmedia":[{"embeddable":true,"href":"https:\/\/pvabay.com\/fr\/wp-json\/wp\/v2\/media\/128"}],"wp:attachment":[{"href":"https:\/\/pvabay.com\/fr\/wp-json\/wp\/v2\/media?parent=92"}],"wp:term":[{"taxonomy":"product_brand","embeddable":true,"href":"https:\/\/pvabay.com\/fr\/wp-json\/wp\/v2\/product_brand?post=92"},{"taxonomy":"product_cat","embeddable":true,"href":"https:\/\/pvabay.com\/fr\/wp-json\/wp\/v2\/product_cat?post=92"},{"taxonomy":"product_tag","embeddable":true,"href":"https:\/\/pvabay.com\/fr\/wp-json\/wp\/v2\/product_tag?post=92"}],"curies":[{"name":"wp","href":"https:\/\/api.w.org\/{rel}","templated":true}]}}