{"id":91,"date":"2026-04-19T13:06:53","date_gmt":"2026-04-19T13:06:53","guid":{"rendered":"https:\/\/mailpva.com\/fr\/pva\/6-months-old-google-voice-accounts\/"},"modified":"2026-04-21T10:12:27","modified_gmt":"2026-04-21T10:12:27","slug":"6-months-old-google-voice-accounts","status":"publish","type":"product","link":"https:\/\/pvabay.com\/fr\/pva\/6-months-old-google-voice-accounts\/","title":{"rendered":"Comptes Google Voice vieux de 6 mois"},"content":{"rendered":"<p>Si vous recherchez un num\u00e9ro Google Voice s\u00e9curis\u00e9 et stable, plus fiable qu&#8217;un nouveau compte, mais moins cher qu&#8217;une option vieille de 1 ou 2 ans, nos <a href=\"https:\/\/pvabay.com\/service\/buy-6-months-old-google-voice-accounts\/\">comptes Google Voice vieux de 6 mois<\/a> sont le compromis id\u00e9al.<\/p>\n<p>Ces comptes sont cr\u00e9\u00e9s \u00e0 l&#8217;aide de <strong>comptes Gmail vieux d&#8217;au moins 6 mois<\/strong>, offrant de meilleurs signaux de confiance, une fiabilit\u00e9 am\u00e9lior\u00e9e et un risque de suspension r\u00e9duit par rapport aux tout nouveaux. C&#8217;est l&#8217;id\u00e9al pour ceux qui recherchent la qualit\u00e9 sans se ruiner.<\/p>\n<div style=\"font-family: system-ui,sans-serif; line-height: 1.6; max-width: 760px; color: #2c3e50; margin: auto; padding: 10px;\">\n<p><!-- Titre --><\/p>\n<p style=\"font-weight: 800; font-size: 18px; margin: 0 0 8px;\">Format du num\u00e9ro de compte\u00a0:<\/p>\n<p><!-- Format pill --><\/p>\n<p style=\"font-family: ui-monospace,SFMono-Regular,Menlo,monospace; background: #fceaea; color: #e74c3c; display: inline-block; padding: 6px 12px; border-radius: 6px; margin: 0 0 16px; word-break: break-word;\">E-mail : Mot de passe : E-mail de r\u00e9cup\u00e9ration : Num\u00e9ro de t\u00e9l\u00e9phone : Ann\u00e9es : Cl\u00e9 de configuration de l&#8217;authentificateur 2FA<\/p>\n<p><!-- Exemple --><\/p>\n<p style=\"font-weight: 800; font-size: 18px; margin: 18px 0 8px;\">Exemple\u00a0:<\/p>\n<p style=\"font-family: ui-monospace,SFMono-Regular,Menlo,monospace; arri\u00e8re-plan\u00a0: #f9f2f4\u00a0; couleur\u00a0: #c7254e\u00a0; affichage\u00a0: inline-block\u00a0; remplissage\u00a0: 6\u00a0px 12\u00a0px\u00a0; rayon de bordure\u00a0: 6\u00a0px\u00a0; marge\u00a0: 0\u00a0; saut de mot\u00a0: saut de mot\u00a0;\">pvabay@gmail.com\u00a0: pvabaypasswd\u00a0: pvabay@outlook.com\u00a0: (202)123-1234\u00a0: 6 mois\u00a0: ry2q 7jso utj4 t4f2 267g k4ka ao72 6ouv<\/p>\n<p><!-- Liste des d\u00e9tails --><\/p>\n<ul style=\"list-style: none; padding: 0; margin: 16px 0 0; font-size: 15px;\">\n<li><strong style=\"color: #2c3e50;\">Nom d&#8217;utilisateur de messagerie<\/strong>\u00a0: pvabay@gmail.com<\/li>\n<li><strong style=\"color: #c0392b;\">Mot de passe<\/strong>\u00a0: pvabaypasswd<\/li>\n<li><strong style=\"color: #2980b9;\">Courrier de r\u00e9cup\u00e9ration<\/strong>\u00a0: pvabay@outlook.com<\/li>\n<li><strong style=\"color: #27ae60;\">Num\u00e9ro de t\u00e9l\u00e9phone<\/strong>\u00a0: (202) 123-1234<\/li>\n<li><strong style=\"color: #8e44ad;\">Ann\u00e9es<\/strong>\u00a0: 6 Mois<\/li>\n<li style=\"word-break: break-word;\"><strong style=\"color: #8e44ad;\">Cl\u00e9 de configuration de l&#8217;authentificateur 2FA<\/strong>\u00a0: ry2q 7jso utj4 t4f2 267g k4ka ao72 6ouv<\/li>\n<\/ul>\n<p><!-- Bon de livraison --><\/p>\n<p style=\"margin: 14px 0 0; font-size: 15px;\"><strong style=\"color: #f39c12;\">Livraison\u00a0:<\/strong> Votre e-mail sera livr\u00e9 dans un d\u00e9lai de <strong>30 minutes \u00e0 6 heures<\/strong> au format <strong>Excel (.xlsx)<\/strong> fichier.<\/p>\n<\/div>\n<h2>Qu&#8217;est-ce qu&#8217;un compte Google Voice vieux de 6 mois\u00a0?<\/h2>\n<p>Un <strong>compte Google Voice vieux de 6 mois<\/strong> est un num\u00e9ro bas\u00e9 aux \u00c9tats-Unis cr\u00e9\u00e9 avec un compte <strong>Gmail qui a \u00e9t\u00e9 ouvert et utilis\u00e9 il y a plus de 180 jours<\/strong>. Ce facteur d&#8217;\u00e2ge conf\u00e8re au compte une r\u00e9putation naturelle dans le syst\u00e8me de Google, ce qui signifie qu&#8217;il est moins susceptible d&#8217;\u00eatre signal\u00e9 ou d\u00e9sactiv\u00e9.<\/p>\n<p>Ces comptes sont particuli\u00e8rement utiles pour\u00a0:<\/p>\n<ul>\n<li>Les nouveaux freelances qui tentent de v\u00e9rifier des plateformes comme <a href=\"https:\/\/www.upwork.com\" target=\"_blank\" rel=\"noopener\">Upwork<\/a> ou <a href=\"https:\/\/www.fiverr.com\" target=\"_blank\" rel=\"noopener\">Fiverr<\/a><\/li>\n<li>Les propri\u00e9taires d&#8217;entreprise qui ont besoin d&#8217;un compte am\u00e9ricain fiable num\u00e9ro<\/li>\n<li>Les personnes souhaitant enregistrer <a href=\"https:\/\/www.whatsapp.com\" target=\"_blank\" rel=\"noopener\">WhatsApp<\/a>, <a href=\"https:\/\/telegram.org\" target=\"_blank\" rel=\"noopener\">Telegram<\/a> ou d&#8217;autres applications<\/li>\n<li>Toute personne souhaitant un num\u00e9ro virtuel de secours durable<\/li>\n<\/ul>\n<h2>Ce que vous recevrez<\/h2>\n<p>Lorsque vous passez une commande sur <a href=\"\/product\/6-months-old-google-voice-accounts\/\">pvabay.com<\/a>, vous obtiendrez\u00a0:<\/p>\n<ul>\n<li>Un num\u00e9ro Google Voice bas\u00e9 aux \u00c9tats-Unis<\/li>\n<li>Un compte Gmail datant de plus de 6 mois<\/li>\n<li>Identifiants de connexion complets (adresse e-mail et mot de passe)<\/li>\n<li>R\u00e9initialisation du mot de passe et acc\u00e8s \u00e0 la r\u00e9cup\u00e9ration<\/li>\n<li>Guide d&#8217;installation inclus<\/li>\n<li>Livraison sous 6 heures<\/li>\n<li>Garantie de remplacement de 48 heures<\/li>\n<\/ul>\n<p>Besoin d&#8217;un compte encore plus ancien\u00a0? Consultez nos <a href=\"\/buy-old-gmail-accounts\/\">anciens comptes Gmail<\/a> et nos <a href=\"https:\/\/pvabay.com\/service\/buy-1-year-old-google-voice-accounts\/\">comptes Google Voice d&#8217;un an<\/a>.<\/p>\n<h2>O\u00f9 pouvez-vous l&#8217;utiliser\u00a0?<\/h2>\n<ul>\n<li>V\u00e9rification de plateformes comme Facebook, Instagram, TikTok<\/li>\n<li>Outils de freelance tels que <a href=\"https:\/\/www.freelancer.com\" target=\"_blank\" rel=\"noopener\">Freelancer<\/a>, Upwork, Fiverr<\/li>\n<li>Applications de v\u00e9rification vocale et par SMS<\/li>\n<li>Plateformes de messagerie comme WhatsApp, Telegram, Signal<\/li>\n<li>Craigslist, Facebook Marketplace et Sites de petites annonces<\/li>\n<li>Utilisation par les petites entreprises ou communication avec les clients<\/li>\n<\/ul>\n<p>Si vous utilisez Google Voice pour la premi\u00e8re fois, consultez notre page <a href=\"\/how-to-order\">Comment commander<\/a> pour un guide \u00e9tape par \u00e9tape.<\/p>\n<h2>Pourquoi les comptes semi-anciens sont un excellent choix<\/h2>\n<table style=\"border-collapse: collapse;\" border=\"1\" cellpadding=\"8\">\n<thead>\n<tr>\n<th>Fonctionnalit\u00e9<\/th>\n<th>GV de 6 mois<\/th>\n<th>GV frais<\/th>\n<th>1 an GV<\/th>\n<\/tr>\n<\/thead>\n<tbody>\n<tr>\n<td>Confiance Gmail Score<\/td>\n<td>Moyen-\u00e9lev\u00e9<\/td>\n<td>Faible<\/td>\n<td>\u00c9lev\u00e9<\/td>\n<\/tr>\n<tr>\n<td>Risque de suspension<\/td>\n<td>Faible<\/td>\n<td>\u00c9lev\u00e9<\/td>\n<td>Tr\u00e8s Faible<\/td>\n<\/tr>\n<tr>\n<td>Id\u00e9al pour les freelances<\/td>\n<td>\u2705 Oui<\/td>\n<td>\u274c Risqu\u00e9<\/td>\n<td>\u2705 Oui<\/td>\n<\/tr>\n<tr>\n<td>Rapport qualit\u00e9-prix Ratio<\/td>\n<td>\u2705 Meilleur rapport qualit\u00e9\/prix<\/td>\n<td>\u2705 Pas cher<\/td>\n<td>\u274c Plus \u00e9lev\u00e9<\/td>\n<\/tr>\n<\/tbody>\n<\/table>\n<h2>D\u00e9lai de livraison<\/h2>\n<p>Votre compte Google Voice sera livr\u00e9 dans les <strong>6 heures suivant la confirmation de la commande<\/strong>, et souvent bien plus t\u00f4t. Nous vous fournissons tout ce dont vous avez besoin\u00a0:<\/p>\n<ul>\n<li>Connexion Gmail<\/li>\n<li>Connexion Google Voice<\/li>\n<li>Instructions de mise \u00e0 jour du mot de passe<\/li>\n<li>Conseils facultatifs pour la 2FA et la r\u00e9cup\u00e9ration<\/li>\n<\/ul>\n<p>Besoin d&#8217;aide apr\u00e8s la livraison\u00a0? Notre <a href=\"\/contact-us\">\u00e9quipe d&#8217;assistance<\/a> est toujours disponible.<\/p>\n<h2>Politique de remplacement sous 48 heures<\/h2>\n<p>Tous les comptes b\u00e9n\u00e9ficient d&#8217;une <strong>garantie de remplacement sous 48 heures<\/strong>. En cas de probl\u00e8me de connexion ou de fonctionnalit\u00e9 du compte, nous remplacerons le compte, sans probl\u00e8me ni question. Consultez notre politique de remboursement compl\u00e8te. Politique de retour<\/a>.<\/p>\n<h2>La s\u00e9curit\u00e9 avant tout\u00a0: Conseils de s\u00e9curit\u00e9 pour votre compte<\/h2>\n<ul>\n<li>Modifiez votre mot de passe imm\u00e9diatement apr\u00e8s votre connexion<\/li>\n<li>Ajoutez un num\u00e9ro de t\u00e9l\u00e9phone et une adresse e-mail de r\u00e9cup\u00e9ration<\/li>\n<li>Utilisez l&#8217;authentification \u00e0 deux facteurs (2FA) pour une meilleure protection<\/li>\n<li>Ne vous connectez pas simultan\u00e9ment \u00e0 partir de plusieurs adresses IP inconnues<\/li>\n<li>\u00c9vitez de l&#8217;utiliser pour le spam ou le publipostage Automatisation<\/li>\n<\/ul>\n<h2>Pourquoi acheter sur <a href=\"\/\">pvabay.com<\/a>\u00a0?<\/h2>\n<ul>\n<li>Nous ne revendons ni ne recyclons jamais de comptes<\/li>\n<li>Livraison ultra-rapide en 1 \u00e0 6 heures<\/li>\n<li>Remplacements sans tracas sous 48 heures<\/li>\n<li>\u00c9quipe de support client r\u00e9active<\/li>\n<li>Accepte bKash, Nagad, Binance, USDT, Crypto<\/li>\n<li>Servi aux \u00c9tats-Unis, au Bangladesh, en Inde, au Nig\u00e9ria, au Ghana, au Royaume-Uni et plus encore<\/li>\n<\/ul>\n<p>D\u00e9couvrez \u00e9galement nos\u00a0:<\/p>\n<ul>\n<li><a href=\"\/buy-gmail-accounts\/\">Acheter des comptes Gmail<\/a><\/li>\n<li><a href=\"\/buy-google-voice-accounts\/\">Acheter Google Voice<\/a><\/li>\n<li><a href=\"\/services\/buy-gmail-2fa\/\">Acheter des comptes Gmail 2FA<\/a><\/li>\n<li><a href=\"\/buy-textnow-accounts\/\">Acheter un num\u00e9ro TextNow<\/a><\/li>\n<\/ul>\n<h2>Comment passer votre commande<\/h2>\n<ol>\n<li>Acc\u00e9dez \u00e0 la <a href=\"\/product\/6-months-old-google-voice-accounts\/\">page produit<\/a><\/li>\n<li>Cliquez sur \u00ab\u00a0Ajouter \u00e0\u00a0\u00bb Panier\u201d<\/li>\n<li>Effectuez votre paiement s\u00e9curis\u00e9<\/li>\n<li>Recevez votre compte par e-mail sous 6 heures<\/li>\n<li>Suivez les instructions de configuration incluses<\/li>\n<\/ol>\n<p>Suivez votre achat \u00e0 tout moment via votre <a href=\"\/my-account\/orders\/\">Historique des commandes<\/a> ou <a href=\"\/tracking\">Suivre la commande<\/a>.<\/p>\n<h2>En conclusion<\/h2>\n<p>Si vous avez besoin d&#8217;un <strong>produit \u00e0 faible co\u00fbt mais tr\u00e8s Num\u00e9ro Google Voice de confiance, la version de 6 mois est id\u00e9ale. Plus stable que les nouveaux comptes et moins ch\u00e8re que les comptes d&#8217;un an. Que vous soyez un nouveau freelance ou que vous ayez simplement besoin d&#8217;un num\u00e9ro stable pour les v\u00e9rifications, ce compte ne vous laissera pas tomber.<\/p>\n<p>\u27a1\ufe0f Pr\u00eat \u00e0 commander\u00a0? Consultez la <a href=\"https:\/\/pvabay.com\/service\/buy-6-months-old-google-voice-accounts\/\">page produit<\/a> d\u00e8s maintenant.<\/p>\n<p>Vous avez encore des questions\u00a0? Consultez notre <a href=\"\/customer-faq\">FAQ client<\/a> ou <a href=\"\/contact-us\">Contactez-nous<\/a> directement.<\/p>\n","protected":false},"excerpt":{"rendered":"<p>Les comptes Gmail cr\u00e9\u00e9s en 2024 sont tr\u00e8s performants et r\u00e9cents. Ils seront livr\u00e9s sous 30 minutes \u00e0 6 heures. Nous offrons une garantie de remplacement de 3 jours.<\/p>\n","protected":false},"featured_media":139,"comment_status":"open","ping_status":"closed","template":"","meta":[],"product_brand":[],"product_cat":[27],"product_tag":[],"class_list":{"0":"post-91","1":"product","2":"type-product","3":"status-publish","4":"has-post-thumbnail","6":"product_cat-google-voice","8":"first","9":"instock","10":"shipping-taxable","11":"product-type-external"},"_links":{"self":[{"href":"https:\/\/pvabay.com\/fr\/wp-json\/wp\/v2\/product\/91","targetHints":{"allow":["GET"]}}],"collection":[{"href":"https:\/\/pvabay.com\/fr\/wp-json\/wp\/v2\/product"}],"about":[{"href":"https:\/\/pvabay.com\/fr\/wp-json\/wp\/v2\/types\/product"}],"replies":[{"embeddable":true,"href":"https:\/\/pvabay.com\/fr\/wp-json\/wp\/v2\/comments?post=91"}],"wp:featuredmedia":[{"embeddable":true,"href":"https:\/\/pvabay.com\/fr\/wp-json\/wp\/v2\/media\/139"}],"wp:attachment":[{"href":"https:\/\/pvabay.com\/fr\/wp-json\/wp\/v2\/media?parent=91"}],"wp:term":[{"taxonomy":"product_brand","embeddable":true,"href":"https:\/\/pvabay.com\/fr\/wp-json\/wp\/v2\/product_brand?post=91"},{"taxonomy":"product_cat","embeddable":true,"href":"https:\/\/pvabay.com\/fr\/wp-json\/wp\/v2\/product_cat?post=91"},{"taxonomy":"product_tag","embeddable":true,"href":"https:\/\/pvabay.com\/fr\/wp-json\/wp\/v2\/product_tag?post=91"}],"curies":[{"name":"wp","href":"https:\/\/api.w.org\/{rel}","templated":true}]}}