{"id":90,"date":"2026-04-19T13:06:53","date_gmt":"2026-04-19T13:06:53","guid":{"rendered":"https:\/\/mailpva.com\/fr\/pva\/1-year-old-google-voice-accounts\/"},"modified":"2026-04-21T10:12:27","modified_gmt":"2026-04-21T10:12:27","slug":"1-year-old-google-voice-accounts","status":"publish","type":"product","link":"https:\/\/pvabay.com\/fr\/pva\/1-year-old-google-voice-accounts\/","title":{"rendered":"Comptes Google Voice d&#8217;un an"},"content":{"rendered":"<p>Vous recherchez un num\u00e9ro Google Voice fiable et s\u00e9curis\u00e9, qui ne soit pas facilement signal\u00e9 ou banni\u00a0? Nos <a href=\"https:\/\/pvabay.com\/service\/buy-1-year-old-google-voice-accounts\/\"><strong>Comptes Google Voice d&#8217;un an<\/strong><\/a> sont con\u00e7us sp\u00e9cialement pour cela. Ces comptes sont dot\u00e9s d&#8217;une adresse Gmail datant de plus d&#8217;un an, ce qui les rend plus fiables pour Google et parfaits pour une utilisation \u00e0 long terme.<\/p>\n<div style=\"font-family: system-ui,sans-serif; line-height: 1.6; max-width: 760px; color: #2c3e50; margin: auto; padding: 10px;\">\n<p><!-- Titre --><\/p>\n<p style=\"font-weight: 800; font-size: 18px; margin: 0 0 8px;\">Format du num\u00e9ro de compte\u00a0:<\/p>\n<p><!-- Format pill --><\/p>\n<p style=\"font-family: ui-monospace,SFMono-Regular,Menlo,monospace; background: #fceaea; color: #e74c3c; display: inline-block; padding: 6px 12px; border-radius: 6px; margin: 0 0 16px; word-break: break-word;\">E-mail\u00a0: Mot de passe\u00a0: Adresse e-mail de r\u00e9cup\u00e9ration\u00a0: Num\u00e9ro de t\u00e9l\u00e9phone\u00a0: Ann\u00e9es\u00a0: Cl\u00e9 de configuration de l&#8217;authentificateur 2FA<\/p>\n<p><!-- Exemple --><\/p>\n<p style=\"font-weight: 800; font-size: 18px; margin: 18px 0 8px;\">Exemple\u00a0:<\/p>\n<p style=\"font-family: ui-monospace,SFMono-Regular,Menlo,monospace; arri\u00e8re-plan\u00a0: #f9f2f4\u00a0; couleur\u00a0: #c7254e\u00a0; affichage\u00a0: inline-block\u00a0; remplissage\u00a0: 6\u00a0px 12\u00a0px\u00a0; rayon de bordure\u00a0: 6\u00a0px\u00a0; marge\u00a0: 0\u00a0; saut de mot\u00a0: saut de mot\u00a0;\">pvabay@gmail.com\u00a0: pvabaypasswd\u00a0: pvabay@outlook.com\u00a0: (202)123-1234\u00a0: 1\u00a0: ry2q 7jso utj4 t4f2 267g k4ka ao72 6ouv<\/p>\n<p><!-- Liste des d\u00e9tails --><\/p>\n<ul style=\"list-style: none; padding: 0; margin: 16px 0 0; font-size: 15px;\">\n<li><strong style=\"color: #2c3e50;\">Nom d&#8217;utilisateur de messagerie<\/strong>\u00a0: pvabay@gmail.com<\/li>\n<li><strong style=\"color: #c0392b;\">Mot de passe<\/strong>\u00a0: pvabaypasswd<\/li>\n<li><strong style=\"color: #2980b9;\">Courrier de r\u00e9cup\u00e9ration<\/strong>\u00a0: pvabay@outlook.com<\/li>\n<li><strong style=\"color: #27ae60;\">Num\u00e9ro de t\u00e9l\u00e9phone<\/strong>\u00a0: (202) 123-1234<\/li>\n<li><strong style=\"color: #8e44ad;\">Ann\u00e9es<\/strong>\u00a0: 1<\/li>\n<li style=\"word-break: break-word;\"><strong style=\"color: #8e44ad;\">Cl\u00e9 de configuration de l&#8217;authentificateur 2FA<\/strong>\u00a0: ry2q 7jso utj4 t4f2 267g k4ka ao72 6ouv<\/li>\n<\/ul>\n<p><!-- Bon de livraison --><\/p>\n<p style=\"margin: 14px 0 0; font-size: 15px;\"><strong style=\"color: #f39c12;\">Livraison\u00a0:<\/strong> Votre e-mail sera livr\u00e9 dans un d\u00e9lai de <strong>30 minutes \u00e0 6 heures<\/strong> un fichier <strong>Excel (.xlsx)<\/strong>.<\/p>\n<\/div>\n<p>Que vous soyez freelance, professionnel ou que vous utilisiez des v\u00e9rifications en ligne, ce compte Google Voice ancien et v\u00e9rifi\u00e9 vous offre l&#8217;avantage dont vous avez besoin.<\/p>\n<h2>\u2705 Pourquoi choisir un compte Google Voice vieux d&#8217;un an\u00a0?<\/h2>\n<p>Les comptes nouvellement cr\u00e9\u00e9s sont souvent suspendus rapidement, surtout s&#8217;ils sont utilis\u00e9s \u00e0 des fins professionnelles ou de communication intensive. C&#8217;est pourquoi utiliser un compte Gmail vieux d&#8217;un an pour activer Google Voice fait toute la diff\u00e9rence. Voici ce que vous obtenez\u00a0:<\/p>\n<h3>Gmail ancien = plus de confiance<\/h3>\n<p>Chaque num\u00e9ro est associ\u00e9 \u00e0 un compte Gmail datant d&#8217;au moins 12 mois, ce qui lui conf\u00e8re un score de confiance \u00e9lev\u00e9 dans le syst\u00e8me Google. Les comptes plus anciens sont beaucoup moins susceptibles d&#8217;\u00eatre signal\u00e9s ou d\u00e9sactiv\u00e9s, ce qui vous offre plus de stabilit\u00e9 et de tranquillit\u00e9 d&#8217;esprit.<\/p>\n<h3>V\u00e9rifi\u00e9 et s\u00e9curis\u00e9<\/h3>\n<p>Nous garantissons que chaque compte Gmail est enti\u00e8rement v\u00e9rifi\u00e9 et que des options de r\u00e9cup\u00e9ration sont ajout\u00e9es. Vous pouvez facilement mettre \u00e0 jour vos mots de passe et configurer l&#8217;authentification \u00e0 deux facteurs apr\u00e8s r\u00e9ception du compte. C&#8217;est s\u00fbr, priv\u00e9 et 100 % v\u00f4tre.<\/p>\n<h3>Num\u00e9ro Google Voice bas\u00e9 aux \u00c9tats-Unis<\/h3>\n<p>Vous recevez un <strong>num\u00e9ro Google Voice<\/strong> propre et r\u00e9cent bas\u00e9 aux \u00c9tats-Unis, enti\u00e8rement activ\u00e9 et pr\u00eat pour les appels, les SMS, les v\u00e9rifications d&#8217;applications, et bien plus encore.<\/p>\n<h2>Ce qui est inclus<\/h2>\n<ul>\n<li>Un nouveau num\u00e9ro Google Voice (bas\u00e9 aux \u00c9tats-Unis)<\/li>\n<li>Un compte Gmail datant d&#8217;au moins un an (complet) acc\u00e8s)<\/li>\n<li>E-mail + mot de passe + options de r\u00e9cup\u00e9ration<\/li>\n<li>Livraison sous 6 heures<\/li>\n<li>Connexion \u00e9tape par \u00e9tape et Guide de s\u00e9curit\u00e9<\/li>\n<li>Garantie de remplacement de 48 heures<\/li>\n<\/ul>\n<h2>Id\u00e9al pour<\/h2>\n<ul>\n<li>V\u00e9rification des comptes de r\u00e9seaux sociaux (Facebook, Instagram, TikTok)<\/li>\n<li>Plateformes de freelance comme Upwork, Fiverr, Freelancer<\/li>\n<li>Communication professionnelle avec des clients am\u00e9ricains<\/li>\n<li>Utilisation de WhatsApp, Telegram ou Signal avec des num\u00e9ros am\u00e9ricains<\/li>\n<li>Cr\u00e9ation de num\u00e9ros de secours s\u00e9curis\u00e9s pour un usage personnel<\/li>\n<li>Inscriptions en ligne et v\u00e9rifications par SMS<\/li>\n<li>Craigslist, sites de petites annonces, outils de commerce \u00e9lectronique<\/li>\n<\/ul>\n<p>Vous souhaitez d\u00e9couvrir d&#8217;autres forfaits\u00a0? D\u00e9couvrez notre collection compl\u00e8te de comptes Google Voice.<\/p>\n<h2>\ufe0f Pourquoi l&#8217;\u00e2ge est important<\/h2>\n<table style=\"border-collapse: collapse;\" border=\"1\" cellpadding=\"8\">\n<thead>\n<tr>\n<th>Fonctionnalit\u00e9<\/th>\n<th>GV 1 an<\/th>\n<th>Fra\u00eecheur GV<\/th>\n<\/tr>\n<\/thead>\n<tbody>\n<tr>\n<td>\u00c2ge de Gmail<\/td>\n<td>\u2705 12 mois et plus<\/td>\n<td>\u274c 0-1 jour<\/td>\n<\/tr>\n<tr>\n<td>Score de confiance Google<\/td>\n<td>\u2705 \u00c9lev\u00e9<\/td>\n<td>\u274c Faible<\/td>\n<\/tr>\n<tr>\n<td>Risque de d\u00e9sactivation<\/td>\n<td>\u2705 Faible<\/td>\n<td>\u274c \u00c9lev\u00e9<\/td>\n<\/tr>\n<tr>\n<td>Id\u00e9al pour les entreprises<\/td>\n<td>\u2705 Oui<\/td>\n<td>\u274c Non<\/td>\n<\/tr>\n<tr>\n<td>Appli compatibilit\u00e9<\/td>\n<td>\u2705 Excellent<\/td>\n<td>\u274c Risqu\u00e9<\/td>\n<\/tr>\n<\/tbody>\n<\/table>\n<h2>\u23f1 Livraison rapide. Assistance compl\u00e8te.<\/h2>\n<p>Nous traitons la plupart des commandes sous 1 \u00e0 3 heures. Vous recevrez tous les identifiants de compte par e-mail sous <strong>6 heures maximum<\/strong>. Nous incluons \u00e9galement un guide d&#8217;installation complet pour vous aider \u00e0 vous connecter en toute s\u00e9curit\u00e9 et \u00e0 mettre \u00e0 jour les options de r\u00e9cup\u00e9ration.<\/p>\n<h2>Garantie de remplacement de 48 heures<\/h2>\n<p>Nous garantissons la qualit\u00e9 de notre service. Si votre compte rencontre un probl\u00e8me dans les 48 heures suivant la livraison, nous le remplacerons gratuitement, sans poser de questions. En savoir plus sur notre politique de remboursement et de remboursement. Politique de remplacement<\/a> page.<\/p>\n<h2>Pourquoi acheter sur pvabay.com\u00a0?<\/h2>\n<ul>\n<li>\u2705 Comptes 100\u00a0% s\u00fbrs et propres \u2013 jamais r\u00e9utilis\u00e9s<\/li>\n<li>Syst\u00e8me de livraison rapide en 6\u00a0heures<\/li>\n<li>Garantie de remplacement gratuit<\/li>\n<li>Assistance instantan\u00e9e par chat et par e-mail<\/li>\n<li>Accepte Crypto, Binance, bKash, Nagad et plus<\/li>\n<li>La confiance des clients aux \u00c9tats-Unis, en Inde, au Nig\u00e9ria, au Bangladesh et au-del\u00e0<\/li>\n<\/ul>\n<p>Besoin de commandes en gros\u00a0? Demandez un devis via notre <a href=\"\/contact\/\">page de contact<\/a>.<\/p>\n<h2>Comment commander<\/h2>\n<ol>\n<li>Acc\u00e9dez \u00e0 la <a href=\"https:\/\/pvabay.com\/service\/buy-1-year-old-google-voice-accounts\/\">page produit<\/a><\/li>\n<li>Ajoutez au panier et passez \u00e0 la caisse<\/li>\n<li>Effectuez votre paiement en toute s\u00e9curit\u00e9<\/li>\n<li>Attendez la livraison de l&#8217;e-mail dans les 6 heures<\/li>\n<li>Suivez le guide pour vous connecter, mettre \u00e0 jour vos informations et commencer \u00e0 utiliser votre num\u00e9ro<\/li>\n<\/ol>\n<h2>R\u00e9flexions finales<\/h2>\n<p>Si vous souhaitez vraiment que votre num\u00e9ro reste actif, fiable et s\u00e9curis\u00e9, nos <a href=\"https:\/\/pvabay.com\/service\/buy-1-year-old-google-voice-accounts\/\">comptes Google Voice d&#8217;un an<\/a> sont votre meilleur choix. Con\u00e7us pour un usage professionnel et personnel, ils offrent un \u00e9quilibre entre anciennet\u00e9, s\u00e9curit\u00e9 et commodit\u00e9 que les nouveaux comptes ne peuvent \u00e9galer.<\/p>\n<p>\u2705 \u00c9vitez les risques. Achetez des num\u00e9ros Google Voice anciens et v\u00e9rifi\u00e9s sur <a href=\"https:\/\/pvabay.com\/service\/buy-1-year-old-google-voice-accounts\/\">pvabay.com<\/a> d\u00e8s aujourd&#8217;hui et profitez d&#8217;un service fluide, stable et durable.<\/p>\n","protected":false},"excerpt":{"rendered":"<p>Le num\u00e9ro Google Voice a \u00e9t\u00e9 configur\u00e9 sur un compte Gmail datant d&#8217;au moins un an. Ce compte est beaucoup plus durable et fiable.<\/p>\n","protected":false},"featured_media":140,"comment_status":"open","ping_status":"closed","template":"","meta":[],"product_brand":[],"product_cat":[27],"product_tag":[],"class_list":{"0":"post-90","1":"product","2":"type-product","3":"status-publish","4":"has-post-thumbnail","6":"product_cat-google-voice","8":"first","9":"instock","10":"shipping-taxable","11":"product-type-external"},"_links":{"self":[{"href":"https:\/\/pvabay.com\/fr\/wp-json\/wp\/v2\/product\/90","targetHints":{"allow":["GET"]}}],"collection":[{"href":"https:\/\/pvabay.com\/fr\/wp-json\/wp\/v2\/product"}],"about":[{"href":"https:\/\/pvabay.com\/fr\/wp-json\/wp\/v2\/types\/product"}],"replies":[{"embeddable":true,"href":"https:\/\/pvabay.com\/fr\/wp-json\/wp\/v2\/comments?post=90"}],"wp:featuredmedia":[{"embeddable":true,"href":"https:\/\/pvabay.com\/fr\/wp-json\/wp\/v2\/media\/140"}],"wp:attachment":[{"href":"https:\/\/pvabay.com\/fr\/wp-json\/wp\/v2\/media?parent=90"}],"wp:term":[{"taxonomy":"product_brand","embeddable":true,"href":"https:\/\/pvabay.com\/fr\/wp-json\/wp\/v2\/product_brand?post=90"},{"taxonomy":"product_cat","embeddable":true,"href":"https:\/\/pvabay.com\/fr\/wp-json\/wp\/v2\/product_cat?post=90"},{"taxonomy":"product_tag","embeddable":true,"href":"https:\/\/pvabay.com\/fr\/wp-json\/wp\/v2\/product_tag?post=90"}],"curies":[{"name":"wp","href":"https:\/\/api.w.org\/{rel}","templated":true}]}}