{"id":89,"date":"2026-04-19T13:06:53","date_gmt":"2026-04-19T13:06:53","guid":{"rendered":"https:\/\/mailpva.com\/fr\/pva\/2-years-old-google-voice-accounts\/"},"modified":"2026-04-21T10:12:28","modified_gmt":"2026-04-21T10:12:28","slug":"2-years-old-google-voice-accounts","status":"publish","type":"product","link":"https:\/\/pvabay.com\/fr\/pva\/2-years-old-google-voice-accounts\/","title":{"rendered":"Comptes Google Voice vieux de 2 ans"},"content":{"rendered":"<p>Achetez des comptes Gmail v\u00e9rifi\u00e9s en gros \u00e0 des prix abordables. \u00c0 partir de 5 $ pour 10 comptes. Tous les comptes Gmail sont cr\u00e9\u00e9s, v\u00e9rifi\u00e9s par t\u00e9l\u00e9phone et pr\u00eats \u00e0 l&#8217;emploi. Id\u00e9al pour les entreprises, le marketing, les inscriptions \u00e0 des applications, et plus encore. Livraison instantan\u00e9e et acc\u00e8s complet garantis.<\/p>\n<div style=\"font-family: system-ui,sans-serif; line-height: 1.6; max-width: 760px; color: #2c3e50; margin: auto; padding: 10px;\">\n<p><!-- Titre --><\/p>\n<p style=\"font-weight: 800; font-size: 18px; margin: 0 0 8px;\">Format du num\u00e9ro de compte\u00a0:<\/p>\n<p><!-- Format pill --><\/p>\n<p style=\"font-family: ui-monospace,SFMono-Regular,Menlo,monospace; background: #fceaea; color: #e74c3c; display: inline-block; padding: 6px 12px; border-radius: 6px; margin: 0 0 16px; word-break: break-word;\">E-mail : Mot de passe : Adresse e-mail de r\u00e9cup\u00e9ration : Num\u00e9ro de t\u00e9l\u00e9phone : Ann\u00e9es : Cl\u00e9 de configuration de l&#8217;authentificateur 2FA<\/p>\n<p><!-- Exemple --><\/p>\n<p style=\"font-weight: 800; font-size: 18px; margin: 18px 0 8px;\">Exemple\u00a0:<\/p>\n<p style=\"font-family: ui-monospace,SFMono-Regular,Menlo,monospace; background: #f9f2f4; couleur\u00a0: #c7254e\u00a0; affichage\u00a0: bloc en ligne\u00a0; remplissage\u00a0: 6\u00a0px 12\u00a0px\u00a0; rayon de bordure\u00a0: 6\u00a0px\u00a0; marge\u00a0: 0\u00a0; saut de mot\u00a0: saut de mot\u00a0;\">pvabay@gmail.com:pvabaypasswd:pvabay@outlook.com:(202)123-1234:2:ry2q 7jso utj4 t4f2 267g k4ka ao72 6ouv<\/p>\n<p><!-- Liste des d\u00e9tails --><\/p>\n<ul style=\"list-style: none; padding: 0; margin: 16px 0 0; font-size: 15px;\">\n<li><strong style=\"color: #2c3e50;\">Nom d&#8217;utilisateur de messagerie<\/strong>\u00a0: pvabay@gmail.com<\/li>\n<li><strong style=\"color: #c0392b;\">Mot de passe<\/strong>\u00a0: pvabaypasswd<\/li>\n<li><strong style=\"color: #2980b9;\">Courrier de r\u00e9cup\u00e9ration<\/strong>\u00a0: pvabay@outlook.com<\/li>\n<li><strong style=\"color: #27ae60;\">Num\u00e9ro de t\u00e9l\u00e9phone<\/strong>\u00a0: (202) 123-1234<\/li>\n<li><strong style=\"color: #8e44ad;\">Ann\u00e9es<\/strong>\u00a0: 2<\/li>\n<li style=\"word-break: break-word;\"><strong style=\"color: #8e44ad;\">Cl\u00e9 de configuration de l&#8217;authentificateur 2FA<\/strong>\u00a0: ry2q 7jso utj4 t4f2 267g k4ka ao72 6ouv<\/li>\n<\/ul>\n<p><!-- Bon de livraison --><\/p>\n<p style=\"margin: 14px 0 0; font-size: 15px;\"><strong style=\"color: #f39c12;\">Livraison\u00a0:<\/strong> Votre e-mail sera livr\u00e9 dans un d\u00e9lai de <strong>30 minutes \u00e0 6 heures<\/strong> au format <strong>Excel (.xlsx)<\/strong> fichier.<\/p>\n<\/div>\n<p>Vous recherchez un num\u00e9ro Google Voice fiable et durable, soutenu par un compte Gmail exp\u00e9riment\u00e9\u00a0? Nos <a href=\"https:\/\/pvabay.com\/service\/buy-2-years-old-google-voice-accounts\/\" rel=\"noopener\"><strong>comptes Google Voice de 2\u00a0ans<\/strong><\/a> sont parfaits pour les utilisateurs qui recherchent une s\u00e9curit\u00e9 in\u00e9gal\u00e9e, des scores de confiance plus \u00e9lev\u00e9s et une fiabilit\u00e9 \u00e0 long terme. Ces comptes sont cr\u00e9\u00e9s avec soin, li\u00e9s \u00e0 des comptes Gmail datant de 2 ans et sont enti\u00e8rement v\u00e9rifi\u00e9s gr\u00e2ce \u00e0 l&#8217;authentification \u00e0 deux facteurs (2FA) pour une protection renforc\u00e9e et une tranquillit\u00e9 d&#8217;esprit optimale.<\/p>\n<p>Que vous g\u00e9riez des clients, diffusiez des annonces, v\u00e9rifiiez des comptes en ligne ou que vous ayez simplement besoin d&#8217;un num\u00e9ro am\u00e9ricain permanent, ce forfait est con\u00e7u pour une utilisation professionnelle et ininterrompue.<\/p>\n<h2>\u2705 Qu&#8217;est-ce qui rend ces comptes si puissants\u00a0?<\/h2>\n<h3>Gmail a 2 ans<\/h3>\n<p>Chaque num\u00e9ro Google Voice est cr\u00e9\u00e9 \u00e0 l&#8217;aide d&#8217;un compte Gmail datant d&#8217;au moins 2 ans. Les comptes Gmail plus anciens sont naturellement plus fiables pour Google et les autres plateformes. Ils sont moins susceptibles d&#8217;\u00eatre signal\u00e9s, d\u00e9sactiv\u00e9s ou restreints, m\u00eame en cas d&#8217;utilisation intensive.<\/p>\n<h3>Authentification \u00e0 deux facteurs (2FA) activ\u00e9e<\/h3>\n<p>Tous les comptes Gmail sont prot\u00e9g\u00e9s par l&#8217;authentification \u00e0 deux facteurs (2FA). Cela ajoute une couche de s\u00e9curit\u00e9 suppl\u00e9mentaire \u00e0 votre compte, emp\u00eachant tout acc\u00e8s non autoris\u00e9 et prot\u00e9geant vos messages, appels et donn\u00e9es \u00e0 tout moment.<\/p>\n<h3>Num\u00e9ro Google Voice r\u00e9cemment cr\u00e9\u00e9<\/h3>\n<p>Bien que le compte Gmail soit ancien, le num\u00e9ro Google Voice lui-m\u00eame est r\u00e9cemment cr\u00e9\u00e9, v\u00e9rifi\u00e9 et pr\u00eat \u00e0 \u00eatre utilis\u00e9. Vous b\u00e9n\u00e9ficierez d&#8217;un acc\u00e8s complet \u00e0 votre messagerie et \u00e0 votre compte Google Voice.<\/p>\n<h2>Qu&#8217;est-ce qui est inclus dans ce forfait\u00a0?<\/h2>\n<ul>\n<li>\u2705 Num\u00e9ro Google Voice bas\u00e9 aux \u00c9tats-Unis (propre et v\u00e9rifi\u00e9)<\/li>\n<li>\u2705 Compte Gmail (2\u00a0ans et plus)<\/li>\n<li>\u2705 Acc\u00e8s complet \u00e0 Gmail et Google Voice<\/li>\n<li>\u2705 Gmail compatible 2FA (couche de s\u00e9curit\u00e9 suppl\u00e9mentaire)<\/li>\n<li>\u2705 Adresse e-mail de r\u00e9cup\u00e9ration ajout\u00e9e (le cas \u00e9ch\u00e9ant)<\/li>\n<li>\u2705 Informations de connexion (adresse e-mail Gmail + mot de passe + codes de sauvegarde)<\/li>\n<li>\u2705 Livraison sous 6 heures<\/li>\n<li>\u2705 Garantie de remplacement sous 48 heures<\/li>\n<\/ul>\n<h2>Cas d&#8217;utilisation pour les comptes Google Voice de 2 ans<\/h2>\n<ul>\n<li>Communication commerciale (\u00c9tats-Unis) appels\/SMS)<\/li>\n<li>V\u00e9rifications des r\u00e9seaux sociaux (Facebook, Instagram, TikTok, etc.)<\/li>\n<li>Traitement des clients via WhatsApp, Telegram, Signal<\/li>\n<li>\u200d Inscriptions aux plateformes de freelance (Upwork, Fiverr, Freelancer)<\/li>\n<li>Inscriptions et v\u00e9rifications d&#8217;applications<\/li>\n<li>\ufe0f Op\u00e9rations de commerce \u00e9lectronique et support client<\/li>\n<li>Craigslist et Publication d&#8217;annonces<\/li>\n<li>Outils d&#8217;automatisation n\u00e9cessitant des num\u00e9ros am\u00e9ricains de confiance<\/li>\n<\/ul>\n<p>Vous recherchez d&#8217;autres forfaits compatibles avec la v\u00e9rification\u00a0? D\u00e9couvrez notre <a href=\"https:\/\/pvabay.com\/buy-google-voice-accounts\/\" rel=\"noopener\">Collection Google Voice<\/a>.<\/p>\n<h2>Pourquoi les anciens comptes Gmail sont-ils meilleurs\u00a0?<\/h2>\n<table style=\"border-collapse: collapse;\" border=\"1\" cellpadding=\"8\">\n<thead>\n<tr>\n<th>Fonctionnalit\u00e9<\/th>\n<th>Gmail vieux de 2 ans (notre produit)<\/th>\n<th>Nouveau Gmail Compte<\/th>\n<\/tr>\n<\/thead>\n<tbody>\n<tr>\n<td>Score de confiance<\/td>\n<td>\u00c9lev\u00e9<\/td>\n<td>Faible<\/td>\n<\/tr>\n<tr>\n<td>Risque de Suspension<\/td>\n<td>Tr\u00e8s faible<\/td>\n<td>\u00c9lev\u00e9e<\/td>\n<\/tr>\n<tr>\n<td>Plateforme R\u00e9putation<\/td>\n<td>Forte<\/td>\n<td>Faible<\/td>\n<\/tr>\n<tr>\n<td>Compte Stabilit\u00e9<\/td>\n<td>Excellente<\/td>\n<td>Instable<\/td>\n<\/tr>\n<tr>\n<td>Id\u00e9al pour une utilisation professionnelle<\/td>\n<td>\u2705 Oui<\/td>\n<td>\u274c Non<\/td>\n<\/tr>\n<tr>\n<td>Protection 2FA<\/td>\n<td>\u2705 Activ\u00e9<\/td>\n<td>\u274c Non inclus<\/td>\n<\/tr>\n<\/tbody>\n<\/table>\n<h2>\u23f1 Livraison rapide et sans tracas Configuration<\/h2>\n<p>Une fois votre commande pass\u00e9e, notre \u00e9quipe la traite imm\u00e9diatement. La plupart des livraisons sont effectu\u00e9es en <strong>1 \u00e0 3 heures<\/strong> et nous garantissons un d\u00e9lai de livraison maximum de <strong>6 heures<\/strong>. Vous recevrez\u00a0: <\/p>\n<ul>\n<li>Tous les identifiants de compte<\/li>\n<li>Instructions \u00e9tape par \u00e9tape<\/li>\n<li>Codes de sauvegarde<\/li>\n<li>Conseils pour mettre \u00e0 jour en toute s\u00e9curit\u00e9 les informations de r\u00e9cup\u00e9ration et les mots de passe<\/li>\n<\/ul>\n<h2>Garantie de remplacement de 48\u00a0heures<\/h2>\n<p>Si votre compte ne fonctionne pas comme pr\u00e9vu ou devient inaccessible dans les 48\u00a0heures suivant la livraison, nous le remplacerons gratuitement. Consultez notre politique de remboursement et de remboursement. Politique de remplacement<\/a>.<\/p>\n<h2>Conseils de s\u00e9curit\u00e9 du compte<\/h2>\n<ul>\n<li>Modifiez le mot de passe imm\u00e9diatement<\/li>\n<li>Mettez \u00e0 jour l&#8217;adresse e-mail\/le num\u00e9ro de t\u00e9l\u00e9phone de r\u00e9cup\u00e9ration<\/li>\n<li>T\u00e9l\u00e9chargez et enregistrez les codes de sauvegarde 2FA<\/li>\n<li>Ne partagez jamais vos identifiants de connexion avec qui que ce soit<\/li>\n<li>\u00c9vitez toute activit\u00e9 suspecte ou automatisation de masse trop t\u00f4t sur<\/li>\n<\/ul>\n<h2>Pourquoi acheter sur pvabay.com\u00a0?<\/h2>\n<ul>\n<li>Plus de 5\u00a0ans d\u2019exp\u00e9rience<\/li>\n<li>Assistance 24\u00a0h\/24 et 7\u00a0j\/7 via <a href=\"https:\/\/pvabay.com\/contact\/\" rel=\"noopener\">Chat en direct<\/a><\/li>\n<li>Remplacements gratuits si n\u00e9cessaire<\/li>\n<li><a href=\"https:\/\/pvabay.com\/buy-google-voice-accounts\/\" rel=\"noopener\">Commandes group\u00e9es disponibles<\/a><\/li>\n<li>Accepte les cryptomonnaies, Binance, USDT, bKash, Nagad<\/li>\n<li>Servi aux \u00c9tats-Unis, au Bangladesh, au Nig\u00e9ria, au Royaume-Uni, en Inde, et plus encore<\/li>\n<\/ul>\n<h2>Comment commander<\/h2>\n<ol>\n<li><a href=\"https:\/\/pvabay.com\/service\/buy-2-years-old-google-voice-accounts\/\" rel=\"noopener\">Acheter Maintenant<\/a><\/li>\n<li>Paiement s\u00e9curis\u00e9 complet<\/li>\n<li>Recevez vos identifiants par e-mail dans les 6 heures<\/li>\n<li>Connectez-vous et commencez \u00e0 utiliser le compte<\/li>\n<\/ol>\n<h2>Derni\u00e8res r\u00e9flexions<\/h2>\n<p>Si vous en avez assez des comptes de mauvaise qualit\u00e9, nos <a href=\"https:\/\/pvabay.com\/service\/buy-2-years-old-google-voice-accounts\/\" rel=\"noopener\">comptes Google Voice de 2 ans<\/a> sont votre meilleure solution. Avec des comptes Gmail exp\u00e9riment\u00e9s, une s\u00e9curit\u00e9 2FA et de nouveaux num\u00e9ros Voice, ils sont parfaits pour une utilisation \u00e0 long terme.<\/p>\n","protected":false},"excerpt":{"rendered":"<p>Le num\u00e9ro Google Voice a \u00e9t\u00e9 configur\u00e9 sur un compte Gmail datant de deux ans ou plus. Ce compte est beaucoup plus durable et fiable.<\/p>\n","protected":false},"featured_media":141,"comment_status":"open","ping_status":"closed","template":"","meta":[],"product_brand":[],"product_cat":[27],"product_tag":[],"class_list":{"0":"post-89","1":"product","2":"type-product","3":"status-publish","4":"has-post-thumbnail","6":"product_cat-google-voice","8":"first","9":"instock","10":"shipping-taxable","11":"product-type-external"},"_links":{"self":[{"href":"https:\/\/pvabay.com\/fr\/wp-json\/wp\/v2\/product\/89","targetHints":{"allow":["GET"]}}],"collection":[{"href":"https:\/\/pvabay.com\/fr\/wp-json\/wp\/v2\/product"}],"about":[{"href":"https:\/\/pvabay.com\/fr\/wp-json\/wp\/v2\/types\/product"}],"replies":[{"embeddable":true,"href":"https:\/\/pvabay.com\/fr\/wp-json\/wp\/v2\/comments?post=89"}],"wp:featuredmedia":[{"embeddable":true,"href":"https:\/\/pvabay.com\/fr\/wp-json\/wp\/v2\/media\/141"}],"wp:attachment":[{"href":"https:\/\/pvabay.com\/fr\/wp-json\/wp\/v2\/media?parent=89"}],"wp:term":[{"taxonomy":"product_brand","embeddable":true,"href":"https:\/\/pvabay.com\/fr\/wp-json\/wp\/v2\/product_brand?post=89"},{"taxonomy":"product_cat","embeddable":true,"href":"https:\/\/pvabay.com\/fr\/wp-json\/wp\/v2\/product_cat?post=89"},{"taxonomy":"product_tag","embeddable":true,"href":"https:\/\/pvabay.com\/fr\/wp-json\/wp\/v2\/product_tag?post=89"}],"curies":[{"name":"wp","href":"https:\/\/api.w.org\/{rel}","templated":true}]}}