{"id":75,"date":"2026-04-19T13:06:52","date_gmt":"2026-04-19T13:06:52","guid":{"rendered":"https:\/\/mailpva.com\/fr\/pva\/500-textnow-accounts\/"},"modified":"2026-04-21T10:12:19","modified_gmt":"2026-04-21T10:12:19","slug":"500-textnow-accounts","status":"publish","type":"product","link":"https:\/\/pvabay.com\/fr\/pva\/500-textnow-accounts\/","title":{"rendered":"50 TextNow Web"},"content":{"rendered":"","protected":false},"excerpt":{"rendered":"<p>TextNow est id\u00e9al pour utiliser des num\u00e9ros virtuels. Il offre un num\u00e9ro de t\u00e9l\u00e9phone am\u00e9ricain gratuit, les appels, les SMS et la v\u00e9rification par mot de passe \u00e0 usage unique. Nous n&#8217;offrons pas de garantie de remplacement pour le compte TextNow.<\/p>\n","protected":false},"featured_media":130,"comment_status":"open","ping_status":"closed","template":"","meta":[],"product_brand":[],"product_cat":[26],"product_tag":[],"class_list":{"0":"post-75","1":"product","2":"type-product","3":"status-publish","4":"has-post-thumbnail","6":"product_cat-textnow","8":"first","9":"instock","10":"shipping-taxable","11":"product-type-external"},"_links":{"self":[{"href":"https:\/\/pvabay.com\/fr\/wp-json\/wp\/v2\/product\/75","targetHints":{"allow":["GET"]}}],"collection":[{"href":"https:\/\/pvabay.com\/fr\/wp-json\/wp\/v2\/product"}],"about":[{"href":"https:\/\/pvabay.com\/fr\/wp-json\/wp\/v2\/types\/product"}],"replies":[{"embeddable":true,"href":"https:\/\/pvabay.com\/fr\/wp-json\/wp\/v2\/comments?post=75"}],"wp:featuredmedia":[{"embeddable":true,"href":"https:\/\/pvabay.com\/fr\/wp-json\/wp\/v2\/media\/130"}],"wp:attachment":[{"href":"https:\/\/pvabay.com\/fr\/wp-json\/wp\/v2\/media?parent=75"}],"wp:term":[{"taxonomy":"product_brand","embeddable":true,"href":"https:\/\/pvabay.com\/fr\/wp-json\/wp\/v2\/product_brand?post=75"},{"taxonomy":"product_cat","embeddable":true,"href":"https:\/\/pvabay.com\/fr\/wp-json\/wp\/v2\/product_cat?post=75"},{"taxonomy":"product_tag","embeddable":true,"href":"https:\/\/pvabay.com\/fr\/wp-json\/wp\/v2\/product_tag?post=75"}],"curies":[{"name":"wp","href":"https:\/\/api.w.org\/{rel}","templated":true}]}}