{"id":72,"date":"2026-04-19T13:06:52","date_gmt":"2026-04-19T13:06:52","guid":{"rendered":"https:\/\/mailpva.com\/fr\/pva\/2-ideline\/"},"modified":"2026-04-21T10:12:21","modified_gmt":"2026-04-21T10:12:21","slug":"2-ideline","status":"publish","type":"product","link":"https:\/\/pvabay.com\/fr\/pva\/2-ideline\/","title":{"rendered":"2 comptes secondaires"},"content":{"rendered":"","protected":false},"excerpt":{"rendered":"<p>Vous b\u00e9n\u00e9ficierez d&#8217;un essai gratuit de 7 jours pour Sideline. L&#8217;essai sera effectu\u00e9 apr\u00e8s votre commande\u00a0; la livraison prendra de 12 \u00e0 24\u00a0heures.<\/p>\n","protected":false},"featured_media":133,"comment_status":"open","ping_status":"closed","template":"","meta":[],"product_brand":[],"product_cat":[25],"product_tag":[],"class_list":{"0":"post-72","1":"product","2":"type-product","3":"status-publish","4":"has-post-thumbnail","6":"product_cat-sideline","8":"first","9":"instock","10":"shipping-taxable","11":"product-type-external"},"_links":{"self":[{"href":"https:\/\/pvabay.com\/fr\/wp-json\/wp\/v2\/product\/72","targetHints":{"allow":["GET"]}}],"collection":[{"href":"https:\/\/pvabay.com\/fr\/wp-json\/wp\/v2\/product"}],"about":[{"href":"https:\/\/pvabay.com\/fr\/wp-json\/wp\/v2\/types\/product"}],"replies":[{"embeddable":true,"href":"https:\/\/pvabay.com\/fr\/wp-json\/wp\/v2\/comments?post=72"}],"wp:featuredmedia":[{"embeddable":true,"href":"https:\/\/pvabay.com\/fr\/wp-json\/wp\/v2\/media\/133"}],"wp:attachment":[{"href":"https:\/\/pvabay.com\/fr\/wp-json\/wp\/v2\/media?parent=72"}],"wp:term":[{"taxonomy":"product_brand","embeddable":true,"href":"https:\/\/pvabay.com\/fr\/wp-json\/wp\/v2\/product_brand?post=72"},{"taxonomy":"product_cat","embeddable":true,"href":"https:\/\/pvabay.com\/fr\/wp-json\/wp\/v2\/product_cat?post=72"},{"taxonomy":"product_tag","embeddable":true,"href":"https:\/\/pvabay.com\/fr\/wp-json\/wp\/v2\/product_tag?post=72"}],"curies":[{"name":"wp","href":"https:\/\/api.w.org\/{rel}","templated":true}]}}