{"id":68,"date":"2026-04-19T13:06:51","date_gmt":"2026-04-19T13:06:51","guid":{"rendered":"https:\/\/mailpva.com\/fr\/pva\/google-reviews\/"},"modified":"2026-04-21T10:12:25","modified_gmt":"2026-04-21T10:12:25","slug":"google-reviews","status":"publish","type":"product","link":"https:\/\/pvabay.com\/fr\/pva\/google-reviews\/","title":{"rendered":"Avis Google"},"content":{"rendered":"<p><strong>Achetez des avis Google 5 \u00e9toiles authentiques \u2013 Boostez la cr\u00e9dibilit\u00e9 de votre entreprise<\/strong><\/p>\n<p>Dans le monde num\u00e9rique d&#8217;aujourd&#8217;hui, la premi\u00e8re impression est primordiale, et pour la plupart des clients, cette premi\u00e8re impression commence par vos avis Google. Que vous dirigiez un commerce de proximit\u00e9, une entreprise en ligne ou une soci\u00e9t\u00e9 de services, obtenir de bonnes notes Google est essentiel pour instaurer la confiance et attirer de nouveaux clients. C&#8217;est l\u00e0 que nous intervenons.<\/p>\n<p>Nous proposons des avis Google 5 \u00e9toiles authentiques, r\u00e9dig\u00e9s \u00e0 la main par de vraies personnes, et non par des robots, des faux profils ou l&#8217;IA. Nos avis sont cr\u00e9\u00e9s gr\u00e2ce \u00e0 un r\u00e9seau proche d&#8217;amis et \u00e0 une \u00e9quipe de confiance, chacun disposant de ses propres connexions, garantissant que chaque avis provient d&#8217;un utilisateur authentique et actif. Ce sont des avis fiables et durables, adapt\u00e9s sp\u00e9cifiquement \u00e0 votre entreprise, votre niche et votre style.<\/p>\n<p><strong>\u2705 Pourquoi choisir notre service d&#8217;avis Google\u00a0?<\/strong><\/p>\n<p><strong>1. Avis 100\u00a0% authentiques\u00a0:<\/strong><\/p>\n<p>Nous n&#8217;utilisons pas de faux comptes ni d&#8217;automatisation. Chaque avis est r\u00e9dig\u00e9 et publi\u00e9 manuellement par de vraies personnes, utilisant de vrais comptes Google. Notre \u00e9quipe et son r\u00e9seau \u00e9tendu s&#8217;engagent \u00e0 maintenir la qualit\u00e9 et la confiance.<\/p>\n<p><strong>2. Personnalis\u00e9 pour votre entreprise\u00a0:<\/strong><\/p>\n<p>Nous adaptons chaque avis \u00e0 votre secteur d&#8217;activit\u00e9 et \u00e0 vos services. Que vous soyez un restaurant, un site de commerce \u00e9lectronique, un travailleur ind\u00e9pendant ou une entreprise locale, nos avis mettent en valeur les points forts de votre marque.<\/p>\n<p><strong>3. \u00c9valuations cinq \u00e9toiles uniquement\u00a0:<\/strong><\/p>\n<p>Nous nous effor\u00e7ons de fournir des avis positifs 5 \u00e9toiles qui contribuent \u00e0 am\u00e9liorer votre note globale et \u00e0 renforcer la confiance de vos clients.<\/p>\n<p><strong>4. S\u00fbr et permanent\u00a0:<\/strong><\/p>\n<p>\u00c9tant donn\u00e9 que nos avis sont soumis depuis diff\u00e9rents appareils et emplacements, \u00e0 l&#8217;aide de comptes r\u00e9els, ils restent hors de port\u00e9e de Google. Cela signifie pas de suppression, pas de p\u00e9nalit\u00e9, juste des r\u00e9sultats durables.<\/p>\n<p><strong>5. Livraison rapide et ponctuelle\u00a0:<\/strong><\/p>\n<p>Vous d\u00e9finissez le d\u00e9lai, et nous le livrons. Que vous souhaitiez recevoir tous les avis en une seule fois ou les r\u00e9partir sur plusieurs jours, nous nous en occupons pour vous.<\/p>\n<p><strong>La confiance de nombreux utilisateurs<\/strong><\/p>\n<p>Nous travaillons avec des particuliers, des agences et des chefs d&#8217;entreprise qui comprennent le pouvoir de la preuve sociale. Nombre de nos clients satisfaits sont des clients fid\u00e8les, car notre service donne de v\u00e9ritables r\u00e9sultats.<\/p>\n<p><strong>Comment \u00e7a marche\u00a0:<\/strong><\/p>\n<ol>\n<li>Vous passez votre commande et fournissez le lien de votre profil Google Business.<\/li>\n<li>Vous pouvez \u00e9ventuellement sugg\u00e9rer des points ou des phrases sp\u00e9cifiques \u00e0 inclure dans les avis.<\/li>\n<li>Nous attribuons votre commande \u00e0 notre \u00e9quipe et \u00e0 nos amis qui publieront depuis diff\u00e9rents comptes.<\/li>\n<li>Les avis commencent \u00e0 appara\u00eetre dans la fen\u00eatre de livraison que vous Choisissez.<\/li>\n<\/ol>\n<p><strong>Commencez d\u00e8s aujourd&#8217;hui<\/strong><\/p>\n<p>Ne laissez pas vos concurrents prendre de l&#8217;avance gr\u00e2ce \u00e0 de meilleures notes. Am\u00e9liorez la visibilit\u00e9 de votre entreprise, renforcez la confiance de vos clients et d\u00e9veloppez-vous plus rapidement gr\u00e2ce \u00e0 notre service d&#8217;avis Google authentique.<\/p>\n<blockquote><p>\u2b50 <strong>Remarque\u00a0:<\/strong> Nous ne publions jamais d&#8217;avis faux, trompeurs ou ind\u00e9sirables. Tous les avis sont de v\u00e9ritables opinions partag\u00e9es en langage naturel, garantissant ainsi le plein respect des normes \u00e9thiques.<\/p><\/blockquote>\n<p><strong>Pr\u00eat \u00e0 am\u00e9liorer votre r\u00e9putation\u00a0? Passez votre commande d\u00e8s maintenant et regardez vos notes augmenter\u00a0!<\/strong><\/p>\n","protected":false},"excerpt":{"rendered":"<p>Achetez des avis Google v\u00e9rifi\u00e9s pour renforcer rapidement la cr\u00e9dibilit\u00e9 de votre entreprise et votre r\u00e9putation en ligne.<\/p>\n","protected":false},"featured_media":137,"comment_status":"open","ping_status":"closed","template":"","meta":[],"product_brand":[],"product_cat":[24],"product_tag":[],"class_list":{"0":"post-68","1":"product","2":"type-product","3":"status-publish","4":"has-post-thumbnail","6":"product_cat-servises","8":"first","9":"instock","10":"shipping-taxable","11":"product-type-external"},"_links":{"self":[{"href":"https:\/\/pvabay.com\/fr\/wp-json\/wp\/v2\/product\/68","targetHints":{"allow":["GET"]}}],"collection":[{"href":"https:\/\/pvabay.com\/fr\/wp-json\/wp\/v2\/product"}],"about":[{"href":"https:\/\/pvabay.com\/fr\/wp-json\/wp\/v2\/types\/product"}],"replies":[{"embeddable":true,"href":"https:\/\/pvabay.com\/fr\/wp-json\/wp\/v2\/comments?post=68"}],"wp:featuredmedia":[{"embeddable":true,"href":"https:\/\/pvabay.com\/fr\/wp-json\/wp\/v2\/media\/137"}],"wp:attachment":[{"href":"https:\/\/pvabay.com\/fr\/wp-json\/wp\/v2\/media?parent=68"}],"wp:term":[{"taxonomy":"product_brand","embeddable":true,"href":"https:\/\/pvabay.com\/fr\/wp-json\/wp\/v2\/product_brand?post=68"},{"taxonomy":"product_cat","embeddable":true,"href":"https:\/\/pvabay.com\/fr\/wp-json\/wp\/v2\/product_cat?post=68"},{"taxonomy":"product_tag","embeddable":true,"href":"https:\/\/pvabay.com\/fr\/wp-json\/wp\/v2\/product_tag?post=68"}],"curies":[{"name":"wp","href":"https:\/\/api.w.org\/{rel}","templated":true}]}}