{"id":110,"date":"2026-04-19T13:06:54","date_gmt":"2026-04-19T13:06:54","guid":{"rendered":"https:\/\/mailpva.com\/fr\/pva\/gmail-accounts-2023\/"},"modified":"2026-04-21T10:12:26","modified_gmt":"2026-04-21T10:12:26","slug":"gmail-accounts-2023","status":"publish","type":"product","link":"https:\/\/pvabay.com\/fr\/pva\/gmail-accounts-2023\/","title":{"rendered":"Comptes Gmail 2023"},"content":{"rendered":"<p>En 2023, avoir un compte Gmail, c&#8217;est bien plus qu&#8217;avoir une simple adresse e-mail : c&#8217;est votre passerelle vers les services Google, le marketing en ligne, les m\u00e9dias sociaux et d&#8217;innombrables autres opportunit\u00e9s. Que vous soyez propri\u00e9taire d&#8217;entreprise, sp\u00e9cialiste du marketing, travailleur ind\u00e9pendant ou que vous ayez besoin de plusieurs comptes v\u00e9rifi\u00e9s pour une utilisation s\u00e9curis\u00e9e, l&#8217;achat de comptes Gmail sur pvabay.com peut vous faire gagner du temps, vous \u00e9pargner des efforts et vous \u00e9viter des tracas.<\/p>\n<div style=\"font-family: system-ui,sans-serif; line-height: 1.6; max-width: 760px; color: #2c3e50; margin: auto; padding: 10px;\">\n<p><!-- Title --><\/p>\n<p style=\"font-weight: 800; font-size: 18px; margin: 0 0 8px;\">Format du num\u00e9ro de compte\u00a0:<\/p>\n<p><!-- Format pill --><\/p>\n<p style=\"font-family: ui-monospace,SFMono-Regular,Menlo,monospace; background: #fceaea; color: #e74c3c; Affichage\u00a0: bloc en ligne\u00a0; remplissage\u00a0: 6\u00a0px 12\u00a0px\u00a0; rayon de bordure\u00a0: 6\u00a0px\u00a0; marge\u00a0: 0\u00a00\u00a016\u00a0px\u00a0; saut de mot\u00a0: saut de mot\u00a0;\">E-mail\u00a0: Mot de passe\u00a0: Courriel de r\u00e9cup\u00e9ration\u00a0: Ann\u00e9e<\/p>\n<p><!-- Exemple --><\/p>\n<p style=\"font-weight: 800; font-size: 18px; margin: 18px 0\u00a08px;\">Exemple\u00a0:<\/p>\n<p style=\"font-family: ui-monospace,SFMono-Regular,Menlo,monospace; background: #f9f2f4; color: #c7254e; Affichage\u00a0: bloc en ligne\u00a0; remplissage\u00a0: 6\u00a0px 12\u00a0px\u00a0; rayon de bordure\u00a0: 6\u00a0px\u00a0; marge\u00a0: 0\u00a0; saut de mot\u00a0: saut de mot\u00a0;\">pvabay@gmail.com\u00a0: pvabaypasswd\u00a0: pvabay@outlook.com\u00a0: 2023<\/p>\n<p><!-- Liste des d\u00e9tails --><\/p>\n<ul style=\"list-style: none; padding: 0; margin: 16px 0 0; font-size: 15px;\">\n<li><strong style=\"color: #2c3e50;\">Nom d&#8217;utilisateur de messagerie<\/strong>\u00a0: pvabay@gmail.com<\/li>\n<li><strong style=\"color: #c0392b;\">Mot de passe<\/strong>\u00a0: pvabaypasswd<\/li>\n<li><strong style=\"color: #2980b9;\">Courrier de r\u00e9cup\u00e9ration<\/strong>\u00a0: pvabay@outlook.com<\/li>\n<li><strong style=\"color: #8e44ad;\">Ann\u00e9e<\/strong>\u00a0: 2023<\/li>\n<\/ul>\n<p><!-- Bon de livraison --><\/p>\n<p style=\"margin: 14px 0 0; font-size: 15px;\"><strong style=\"color: #f39c12;\">Livraison\u00a0:<\/strong> Votre e-mail sera livr\u00e9 dans un d\u00e9lai de <strong>30 minutes \u00e0 6 heures<\/strong> sous forme de fichier <strong>Excel (.xlsx)<\/strong>.<\/p>\n<\/div>\n<h2>Pourquoi acheter des comptes Gmail en 2023\u00a0?<\/h2>\n<p>Gmail reste le service de messagerie le plus fiable et le plus utilis\u00e9 au monde. Des millions de personnes aux \u00c9tats-Unis, au Royaume-Uni, au Nig\u00e9ria, au Ghana, en Afrique du Sud et dans toute l&#8217;Europe comptent sur Gmail pour communiquer, travailler et assurer leur s\u00e9curit\u00e9. Voici quelques raisons pour lesquelles l&#8217;achat de comptes Gmail en 2023 est judicieux\u00a0:<\/p>\n<ul>\n<li><strong>Pour les entreprises<\/strong> \u2013 G\u00e9rez plusieurs projets, services ou campagnes marketing avec des comptes distincts.<\/li>\n<li><strong>Pour le marketing num\u00e9rique<\/strong> \u2013 Lancez des campagnes publicitaires, cr\u00e9ez des profils sur les r\u00e9seaux sociaux ou utilisez plusieurs comptes pour vos actions de sensibilisation.<\/li>\n<li><strong>Pour les freelances<\/strong> \u2013 S\u00e9parez et organisez les comptes clients.<\/li>\n<li><strong>Pour la s\u00e9curit\u00e9<\/strong> \u2013 Ayez des comptes de secours pour \u00e9viter d&#8217;\u00eatre exclu des plateformes importantes.<\/li>\n<li><strong>Pour la v\u00e9rification<\/strong> \u2013 De nombreux sites web et outils exigent une adresse Gmail v\u00e9rifi\u00e9e et fiable pour l&#8217;inscription.<\/li>\n<\/ul>\n<p>Au lieu de passer des heures \u00e0 cr\u00e9er et \u00e0 v\u00e9rifier de nouveaux comptes vous-m\u00eame, vous pouvez simplement acheter des comptes Gmail pr\u00eats \u00e0 l&#8217;emploi aupr\u00e8s d&#8217;une source fiable comme <a title=\"Acheter des comptes Gmail\" href=\"https:\/\/pvabay.com\" target=\"_blank\" rel=\"noopener\">pvabay.com<\/a>.<\/p>\n<h2>Types de comptes Gmail disponibles sur pvabay.com<\/h2>\n<p>Tous les comptes Gmail ne se valent pas. Selon vos besoins, pvabay.com propose diff\u00e9rents types de comptes\u00a0:<\/p>\n<h3>1. Nouveaux comptes Gmail<\/h3>\n<p>Nouveaux comptes cr\u00e9\u00e9s en 2023. Parfaits pour les projets \u00e0 court terme, les tests ou les nouvelles inscriptions.<\/p>\n<h3>2. Comptes Gmail anciens<\/h3>\n<p>Comptes plus anciens (de 6 mois \u00e0 plusieurs ann\u00e9es) avec un niveau de confiance plus \u00e9lev\u00e9, ce qui les rend id\u00e9aux pour le marketing, le r\u00e9f\u00e9rencement et une utilisation \u00e0 long terme.<\/p>\n<h3>3. Comptes Gmail v\u00e9rifi\u00e9s par t\u00e9l\u00e9phone (PVA)<\/h3>\n<p>Comptes v\u00e9rifi\u00e9s avec un num\u00e9ro de t\u00e9l\u00e9phone unique. Ces comptes sont plus s\u00e9curis\u00e9s et moins susceptibles de g\u00e9n\u00e9rer des probl\u00e8mes de v\u00e9rification.<\/p>\n<h3>4. Comptes Gmail en gros<\/h3>\n<p>Achetez par lots de 10, 25, 50, 100 ou m\u00eame plus de 500 pour des campagnes ou des op\u00e9rations commerciales \u00e0 grande \u00e9chelle.<\/p>\n<h2>Pourquoi choisir pvabay.com pour vos comptes Gmail\u00a0?<\/h2>\n<p>pvabay.com n&#8217;est pas un simple site de vente de comptes. Nous sommes fiers de proposer des comptes Gmail de haute qualit\u00e9, s\u00e9curis\u00e9s et v\u00e9rifi\u00e9s \u00e0 nos clients du monde entier. Voici pourquoi nos clients nous choisissent\u00a0:<\/p>\n<ul>\n<li>\u2705 <strong>Livraison rapide<\/strong> \u2013 Recevez vos comptes instantan\u00e9ment apr\u00e8s le paiement.<\/li>\n<li>\u2705 <strong>Comptes v\u00e9rifi\u00e9s<\/strong> \u2013 Options de v\u00e9rification par t\u00e9l\u00e9phone (PVA) pour plus de s\u00e9curit\u00e9.<\/li>\n<li>\u2705 <strong>Service mondial<\/strong> \u2013 Nous servons des clients aux \u00c9tats-Unis, au Royaume-Uni, au Canada, au Nig\u00e9ria, en Inde et ailleurs.<\/li>\n<li>\u2705 <strong>Prix abordables<\/strong> \u2013 Tarifs comp\u00e9titifs pour les petites et grandes commandes.<\/li>\n<li>\u2705 <strong>Garantie de remplacement<\/strong> \u2013 Les comptes non fonctionnels sont remplac\u00e9s rapidement.<\/li>\n<\/ul>\n<p>Consultez notre <a title=\"Comment acheter des comptes en toute s\u00e9curit\u00e9\" href=\"\/how-to-buy-online-accounts\">guide complet pour acheter des comptes en toute s\u00e9curit\u00e9<\/a> pour \u00e9viter les arnaques et les vendeurs de mauvaise qualit\u00e9.<\/p>\n<h2>Avantages de l&#8217;achat de comptes Gmail sur pvabay.com<\/h2>\n<p>Lorsque vous achetez des comptes Gmail sur pvabay.com, vous obtenez plus qu&#8217;une simple adresse e-mail. Vous obtenez\u00a0:<\/p>\n<ul>\n<li><strong>Gain de temps<\/strong> \u2013 Plus besoin de passer des heures \u00e0 cr\u00e9er et v\u00e9rifier des comptes.<\/li>\n<li><strong>Utilisation imm\u00e9diate<\/strong> \u2013 Commencez \u00e0 utiliser vos comptes d\u00e8s leur r\u00e9ception.<\/li>\n<li><strong>Meilleurs scores de confiance<\/strong> \u2013 Les comptes anciens fonctionnent mieux sur la plupart des plateformes.<\/li>\n<li><strong>Acc\u00e8s s\u00e9curis\u00e9<\/strong> \u2013 Tous les comptes sont test\u00e9s avant livraison.<\/li>\n<\/ul>\n<h2>Comment acheter des comptes Gmail en toute s\u00e9curit\u00e9<\/h2>\n<p>L&#8217;achat de comptes Gmail est s\u00fbr si vous suivez quelques r\u00e8gles simples\u00a0:<\/p>\n<ul>\n<li>Achetez aupr\u00e8s d&#8217;un vendeur r\u00e9put\u00e9 comme pvabay.com.<\/li>\n<li>Choisissez des comptes v\u00e9rifi\u00e9s par t\u00e9l\u00e9phone pour plus de s\u00e9curit\u00e9.<\/li>\n<li>Modifiez le mot de passe et les informations de r\u00e9cup\u00e9ration. Imm\u00e9diatement apr\u00e8s l&#8217;achat.<\/li>\n<li>\u00c9vitez les offres extr\u00eamement bon march\u00e9 de vendeurs inconnus\u00a0; elles sont souvent de mauvaise qualit\u00e9.<\/li>\n<\/ul>\n<p>Pour plus de conseils pour \u00e9viter les arnaques, consultez l&#8217;<a href=\"https:\/\/en.wikipedia.org\/wiki\/Internet_fraud\" target=\"_blank\" rel=\"noopener\">article Wikip\u00e9dia sur la fraude sur Internet<\/a>.<\/p>\n<h2>Conseils pour prot\u00e9ger vos comptes Gmail<\/h2>\n<ul>\n<li>Connectez-vous r\u00e9guli\u00e8rement pour maintenir votre compte actif.<\/li>\n<li>Ajoutez un num\u00e9ro de t\u00e9l\u00e9phone de r\u00e9cup\u00e9ration et une adresse e-mail de secours.<\/li>\n<li>Activez la v\u00e9rification en deux \u00e9tapes pour une protection suppl\u00e9mentaire.<\/li>\n<li>Utilisez un VPN si vous acc\u00e9dez aux comptes depuis diff\u00e9rents emplacements.<\/li>\n<\/ul>\n<h2>Conseils finaux\u00a0: devriez-vous acheter Gmail\u00a0? Comptes en 2023\u00a0?<\/h2>\n<p>Si vous avez besoin de plusieurs comptes Gmail pour vos activit\u00e9s marketing, commerciales ou en ligne s\u00e9curis\u00e9es, acheter aupr\u00e8s d&#8217;un fournisseur de confiance comme <a title=\"Acheter des comptes Gmail 2023\" href=\"https:\/\/pvabay.com\" target=\"_blank\" rel=\"noopener\">pvabay.com<\/a> est le choix le plus judicieux. Vous gagnerez du temps, obtiendrez des comptes v\u00e9rifi\u00e9s instantan\u00e9ment et \u00e9viterez les tracas li\u00e9s \u00e0 la cr\u00e9ation et \u00e0 la v\u00e9rification de comptes.<\/p>\n<p>Que vous ayez besoin de nouveaux comptes pour des inscriptions rapides ou d&#8217;anciens comptes Gmail pour des projets \u00e0 long terme, pvabay.com est l\u00e0 pour vous. Gr\u00e2ce \u00e0 notre livraison rapide, nos comptes s\u00e9curis\u00e9s et notre garantie de remplacement, vous pouvez vous concentrer sur votre travail sans vous soucier des probl\u00e8mes de compte.<\/p>\n<p>Commencez d\u00e8s maintenant et d\u00e9couvrez nos <a title=\"Comptes Gmail \u00e0 vendre\" href=\"\/gmail-accounts\">comptes Gmail \u00e0 vendre<\/a>, disponibles en formules de nouveaux comptes, d&#8217;anciens comptes et en gros pour r\u00e9pondre \u00e0 vos besoins.<\/p>\n","protected":false},"excerpt":{"rendered":"<p>Les comptes Gmail cr\u00e9\u00e9s en 2023 sont tr\u00e8s performants et r\u00e9cents. Ils seront livr\u00e9s sous 6 \u00e0 12 heures. Nous offrons une garantie de remplacement de 3 jours.<\/p>\n","protected":false},"featured_media":132,"comment_status":"open","ping_status":"closed","template":"","meta":[],"product_brand":[],"product_cat":[28,31],"product_tag":[],"class_list":{"0":"post-110","1":"product","2":"type-product","3":"status-publish","4":"has-post-thumbnail","6":"product_cat-gmail-accounts","7":"product_cat-gmail-accounts-of-2023","9":"first","10":"instock","11":"shipping-taxable","12":"product-type-external"},"_links":{"self":[{"href":"https:\/\/pvabay.com\/fr\/wp-json\/wp\/v2\/product\/110","targetHints":{"allow":["GET"]}}],"collection":[{"href":"https:\/\/pvabay.com\/fr\/wp-json\/wp\/v2\/product"}],"about":[{"href":"https:\/\/pvabay.com\/fr\/wp-json\/wp\/v2\/types\/product"}],"replies":[{"embeddable":true,"href":"https:\/\/pvabay.com\/fr\/wp-json\/wp\/v2\/comments?post=110"}],"wp:featuredmedia":[{"embeddable":true,"href":"https:\/\/pvabay.com\/fr\/wp-json\/wp\/v2\/media\/132"}],"wp:attachment":[{"href":"https:\/\/pvabay.com\/fr\/wp-json\/wp\/v2\/media?parent=110"}],"wp:term":[{"taxonomy":"product_brand","embeddable":true,"href":"https:\/\/pvabay.com\/fr\/wp-json\/wp\/v2\/product_brand?post=110"},{"taxonomy":"product_cat","embeddable":true,"href":"https:\/\/pvabay.com\/fr\/wp-json\/wp\/v2\/product_cat?post=110"},{"taxonomy":"product_tag","embeddable":true,"href":"https:\/\/pvabay.com\/fr\/wp-json\/wp\/v2\/product_tag?post=110"}],"curies":[{"name":"wp","href":"https:\/\/api.w.org\/{rel}","templated":true}]}}