{"id":108,"date":"2026-04-19T13:06:54","date_gmt":"2026-04-19T13:06:54","guid":{"rendered":"https:\/\/mailpva.com\/fr\/pva\/10-gmail-accounts-of-2023\/"},"modified":"2026-04-21T10:12:20","modified_gmt":"2026-04-21T10:12:20","slug":"10-gmail-accounts-of-2023","status":"publish","type":"product","link":"https:\/\/pvabay.com\/fr\/pva\/10-gmail-accounts-of-2023\/","title":{"rendered":"10 comptes Gmail de 2023"},"content":{"rendered":"","protected":false},"excerpt":{"rendered":"<p>Les comptes Gmail cr\u00e9\u00e9s en 2023 sont tr\u00e8s performants et r\u00e9cents. Ils seront livr\u00e9s sous 6 \u00e0 12 heures. Nous offrons une garantie de remplacement de 3 jours.<\/p>\n","protected":false},"featured_media":132,"comment_status":"open","ping_status":"closed","template":"","meta":[],"product_brand":[],"product_cat":[28,31],"product_tag":[],"class_list":{"0":"post-108","1":"product","2":"type-product","3":"status-publish","4":"has-post-thumbnail","6":"product_cat-gmail-accounts","7":"product_cat-gmail-accounts-of-2023","9":"first","10":"instock","11":"shipping-taxable","12":"product-type-external"},"_links":{"self":[{"href":"https:\/\/pvabay.com\/fr\/wp-json\/wp\/v2\/product\/108","targetHints":{"allow":["GET"]}}],"collection":[{"href":"https:\/\/pvabay.com\/fr\/wp-json\/wp\/v2\/product"}],"about":[{"href":"https:\/\/pvabay.com\/fr\/wp-json\/wp\/v2\/types\/product"}],"replies":[{"embeddable":true,"href":"https:\/\/pvabay.com\/fr\/wp-json\/wp\/v2\/comments?post=108"}],"wp:featuredmedia":[{"embeddable":true,"href":"https:\/\/pvabay.com\/fr\/wp-json\/wp\/v2\/media\/132"}],"wp:attachment":[{"href":"https:\/\/pvabay.com\/fr\/wp-json\/wp\/v2\/media?parent=108"}],"wp:term":[{"taxonomy":"product_brand","embeddable":true,"href":"https:\/\/pvabay.com\/fr\/wp-json\/wp\/v2\/product_brand?post=108"},{"taxonomy":"product_cat","embeddable":true,"href":"https:\/\/pvabay.com\/fr\/wp-json\/wp\/v2\/product_cat?post=108"},{"taxonomy":"product_tag","embeddable":true,"href":"https:\/\/pvabay.com\/fr\/wp-json\/wp\/v2\/product_tag?post=108"}],"curies":[{"name":"wp","href":"https:\/\/api.w.org\/{rel}","templated":true}]}}