{"id":100,"date":"2026-04-19T13:06:54","date_gmt":"2026-04-19T13:06:54","guid":{"rendered":"https:\/\/mailpva.com\/fr\/pva\/gmail-pva-accounts\/"},"modified":"2026-04-21T10:12:43","modified_gmt":"2026-04-21T10:12:43","slug":"new-gmail-accounts","status":"publish","type":"product","link":"https:\/\/pvabay.com\/fr\/pva\/new-gmail-accounts\/","title":{"rendered":"Nouveaux comptes Gmail"},"content":{"rendered":"<p>Vous recherchez de nouveaux comptes Gmail fiables et imm\u00e9diatement utilisables\u00a0? Vous \u00eates au bon endroit. Sur <a href=\"\/service\/\">pvabay.com<\/a>, nous proposons des comptes Gmail nouvellement cr\u00e9\u00e9s avec v\u00e9rification par t\u00e9l\u00e9phone, mots de passe forts et acc\u00e8s complet, parfaits pour les besoins professionnels, marketing et personnels.<\/p>\n<div style=\"font-family: system-ui,sans-serif; line-height: 1.6; max-width: 760px; color: #2c3e50; margin: auto; padding: 10px;\">\n<p><!-- Title --><\/p>\n<p style=\"font-weight: 800; font-size: 18px; margin: 0 0 8px;\">Num\u00e9ro de compte Format\u00a0:<\/p>\n<p><!-- Formatage --><\/p>\n<p style=\"font-family: ui-monospace,SFMono-Regular,Menlo,monospace; background: #fceaea; color: #e74c3c; display: inline-block; padding: 6px 12px; border-radius: 6px; margin: 0 0 16px; word-break: break-word;\">E-mail\u00a0: Mot de passe\u00a0: E-mail de r\u00e9cup\u00e9ration<\/p>\n<p><!-- Exemple --><\/p>\n<p style=\"font-weight: 800; font-size: 18px; margin: 18px 0 8px;\">Exemple\u00a0:<\/p>\n<p style=\"font-family: ui-monospace,SFMono-Regular,Menlo,monospace; background: #f9f2f4; color: #c7254e; display: inline-block; padding: 6px 12px; border-radius: 6px; margin: 0; word-break: break-word;\">pvabay@gmail.com\u00a0: pvabaypasswd\u00a0: pvabay@outlook.com<\/p>\n<p><!-- Liste des d\u00e9tails --><\/p>\n<ul style=\"list-style: none; padding: 0; margin: 16px 0 0; font-size: 15px;\">\n<li><strong style=\"color: #2c3e50;\">Nom d&#8217;utilisateur de messagerie<\/strong>\u00a0: pvabay@gmail.com<\/li>\n<li><strong style=\"color: #c0392b;\">Mot de passe<\/strong>\u00a0: pvabaypasswd<\/li>\n<li><strong style=\"color: #2980b9;\">Courrier de r\u00e9cup\u00e9ration<\/strong>\u00a0: pvabay@outlook.com<\/li>\n<\/ul>\n<p><!-- Bon de livraison --><\/p>\n<p style=\"margin: 14px 0 0; font-size: 15px;\"><strong style=\"color: #f39c12;\">Livraison\u00a0:<\/strong> Votre e-mail sera livr\u00e9 dans un d\u00e9lai de <strong>30 minutes \u00e0 6 heures<\/strong> sous forme de fichier <strong>Excel (.xlsx)<\/strong>.<\/p>\n<\/div>\n<h2>Pourquoi acheter de nouveaux comptes Gmail sur pvabay.com\u00a0?<\/h2>\n<p>Les nouveaux comptes Gmail sont essentiels pour quiconque a besoin d&#8217;un acc\u00e8s Google propre, s\u00e9curis\u00e9 et fiable. Que vous soyez un sp\u00e9cialiste du marketing num\u00e9rique, un propri\u00e9taire d&#8217;entreprise ou que vous ayez simplement besoin d&#8217;adresses e-mail suppl\u00e9mentaires, avoir un nouveau compte permet d&#8217;\u00e9viter les restrictions associ\u00e9es aux comptes anciens, surutilis\u00e9s ou sur liste noire.<\/p>\n<p>Nos comptes ne sont pas cr\u00e9\u00e9s au hasard : ils sont v\u00e9rifi\u00e9s, s\u00e9curis\u00e9s et v\u00e9rifi\u00e9s manuellement avant la livraison. Chaque compte Gmail est unique, v\u00e9rifi\u00e9 par t\u00e9l\u00e9phone et configur\u00e9 pour une utilisation \u00e0 long terme.<\/p>\n<h2>Ce que vous obtenez<\/h2>\n<ul>\n<li>\u2705 Compte Gmail 100 % nouveau (nouvellement cr\u00e9\u00e9)<\/li>\n<li>\u2705 Gmail v\u00e9rifi\u00e9 par t\u00e9l\u00e9phone (PVA)<\/li>\n<li>\u2705 Adresse e-mail ou num\u00e9ro de r\u00e9cup\u00e9ration unique<\/li>\n<li>\u2705 Protection par mot de passe renforc\u00e9e<\/li>\n<li>\u2705 Identifiants de connexion complets (adresse e-mail + Mot de passe)<\/li>\n<li>\u2705 Livraison rapide (en quelques heures)<\/li>\n<li>\u2705 Garantie de remplacement pendant 48 heures<\/li>\n<\/ul>\n<h2>Cas d&#8217;utilisation de nouveaux comptes Gmail<\/h2>\n<ul>\n<li>Communications par e-mail personnelles<\/li>\n<li>Campagnes de marketing par e-mail en masse<\/li>\n<li>Inscription sur <a href=\"https:\/\/www.facebook.com\/\" target=\"_blank\" rel=\"noopener\">plateformes de m\u00e9dias sociaux<\/a><\/li>\n<li>Profils de freelance sur des plateformes comme Upwork et Fiverr<\/li>\n<li>S\u00e9curisation des sauvegardes pour votre pr\u00e9sence en ligne<\/li>\n<li>Cr\u00e9ation de <a href=\"\/buy-google-voice-accounts\/\">num\u00e9ros Google Voice<\/a> ou utilisation avec Android<\/li>\n<\/ul>\n<h2>Configuration s\u00e9curis\u00e9e et v\u00e9rifi\u00e9e<\/h2>\n<p>Nous utilisons les meilleures pratiques les plus r\u00e9centes pour cr\u00e9er et v\u00e9rifier ces comptes. Chaque compte Gmail est configur\u00e9 avec une v\u00e9rification par t\u00e9l\u00e9phone, des informations de r\u00e9cup\u00e9ration et, en option, l&#8217;authentification \u00e0 deux facteurs (2FA) pour plus de s\u00e9curit\u00e9. Nos nouveaux comptes Gmail ne sont utilis\u00e9s nulle part ailleurs, garantissant une confidentialit\u00e9 totale et une fiabilit\u00e9 \u00e0 long terme.<\/p>\n<h2>\u23f1 Livraison instantan\u00e9e et processus de commande simplifi\u00e9<\/h2>\n<p>Commander votre nouveau compte Gmail est simple sur <a href=\"\/how-to-order\">pvabay.com<\/a>. Nous garantissons un traitement rapide et une livraison par e-mail sous 1 \u00e0 6 heures. Vous recevrez vos identifiants directement dans votre bo\u00eete de r\u00e9ception, ainsi que des instructions pour s\u00e9curiser votre compte pour un usage personnel.<\/p>\n<h2>Vous n&#8217;\u00eates toujours pas s\u00fbr\u00a0?<\/h2>\n<p>Consultez notre <a href=\"\/customer-faq\">FAQ client<\/a> ou <a href=\"\/contact-us\">Contactez-nous<\/a> directement si vous avez des questions avant d&#8217;acheter. Vous pouvez \u00e9galement consulter notre <a href=\"\/service\/\">liste compl\u00e8te de services<\/a>, y compris les <a href=\"\/buy-old-gmail-accounts\/\">anciens comptes Gmail<\/a>, <a href=\"\/services\/buy-gmail-2fa\/\">2FA Gmail<\/a>, et plus encore.<\/p>\n<h2>Pourquoi les clients font confiance \u00e0 pvabay.com<\/h2>\n<ul>\n<li>\u2b50 V\u00e9rifi\u00e9 et Comptes test\u00e9s uniquement<\/li>\n<li>\u2b50 Livraison s\u00e9curis\u00e9e par e-mail<\/li>\n<li>\u2b50 Assistance client active<\/li>\n<li>\u2b50 Politiques de <a href=\"\/refund-policy\/\">remboursement et de remplacement<\/a> qui prot\u00e8gent votre achat<\/li>\n<\/ul>\n<h2>Comment s\u00e9curiser votre compte apr\u00e8s l&#8217;achat<\/h2>\n<ol>\n<li>Connectez-vous avec le identifiants<\/li>\n<li>Modifier l&#8217;adresse e-mail\/le t\u00e9l\u00e9phone de r\u00e9cup\u00e9ration<\/li>\n<li>Mettre \u00e0 jour le mot de passe et activer la 2FA si n\u00e9cessaire<\/li>\n<li>Commencez \u00e0 l&#8217;utiliser pour des t\u00e2ches personnelles ou professionnelles<\/li>\n<\/ol>\n<h2>Pour les commandes group\u00e9es ou l&#8217;utilisation professionnelle<\/h2>\n<p>Si vous pr\u00e9voyez de commander en gros pour votre entreprise, votre \u00e9quipe marketing ou votre client\u00e8le, veuillez <a href=\"\/contact-us\">nous contacter<\/a> pour b\u00e9n\u00e9ficier de tarifs sp\u00e9ciaux et d&#8217;une assistance d\u00e9di\u00e9e. Nous avons livr\u00e9 avec succ\u00e8s des milliers de comptes Gmail dans des pays comme les \u00c9tats-Unis, l&#8217;Inde, le Bangladesh et le Nig\u00e9ria.<\/p>\n<h2>En conclusion<\/h2>\n<p>Ne vous fiez plus aux g\u00e9n\u00e9rateurs Gmail al\u00e9atoires ou aux vendeurs risqu\u00e9s. Achetez des comptes Gmail authentiques et r\u00e9cents avec un contr\u00f4le total et une assistance sur <a href=\"\/service\/\">pvabay.com<\/a>. Votre exp\u00e9rience est importante pour nous et nous vous garantissons s\u00e9curit\u00e9, fiabilit\u00e9 et livraison rapide \u00e0 chaque fois.<\/p>\n","protected":false},"excerpt":{"rendered":"<p>Comptes Gmail r\u00e9cemment cr\u00e9\u00e9s. Nous offrons une garantie de remplacement sous 24 heures. Recevez votre e-mail sous 6 heures maximum.<\/p>\n","protected":false},"featured_media":127,"comment_status":"open","ping_status":"closed","template":"","meta":[],"product_brand":[],"product_cat":[29,28],"product_tag":[],"class_list":{"0":"post-100","1":"product","2":"type-product","3":"status-publish","4":"has-post-thumbnail","6":"product_cat-fresh-gmail-accounts","7":"product_cat-gmail-accounts","9":"first","10":"instock","11":"shipping-taxable","12":"product-type-external"},"_links":{"self":[{"href":"https:\/\/pvabay.com\/fr\/wp-json\/wp\/v2\/product\/100","targetHints":{"allow":["GET"]}}],"collection":[{"href":"https:\/\/pvabay.com\/fr\/wp-json\/wp\/v2\/product"}],"about":[{"href":"https:\/\/pvabay.com\/fr\/wp-json\/wp\/v2\/types\/product"}],"replies":[{"embeddable":true,"href":"https:\/\/pvabay.com\/fr\/wp-json\/wp\/v2\/comments?post=100"}],"wp:featuredmedia":[{"embeddable":true,"href":"https:\/\/pvabay.com\/fr\/wp-json\/wp\/v2\/media\/127"}],"wp:attachment":[{"href":"https:\/\/pvabay.com\/fr\/wp-json\/wp\/v2\/media?parent=100"}],"wp:term":[{"taxonomy":"product_brand","embeddable":true,"href":"https:\/\/pvabay.com\/fr\/wp-json\/wp\/v2\/product_brand?post=100"},{"taxonomy":"product_cat","embeddable":true,"href":"https:\/\/pvabay.com\/fr\/wp-json\/wp\/v2\/product_cat?post=100"},{"taxonomy":"product_tag","embeddable":true,"href":"https:\/\/pvabay.com\/fr\/wp-json\/wp\/v2\/product_tag?post=100"}],"curies":[{"name":"wp","href":"https:\/\/api.w.org\/{rel}","templated":true}]}}