{"id":149,"date":"2026-04-24T18:31:58","date_gmt":"2026-04-24T18:31:58","guid":{"rendered":"https:\/\/pvabay.com\/fr\/?page_id=149"},"modified":"2026-04-24T19:16:49","modified_gmt":"2026-04-24T19:16:49","slug":"about","status":"publish","type":"page","link":"https:\/\/pvabay.com\/fr\/about\/","title":{"rendered":"\u00c0 Propos de Nous"},"content":{"rendered":"<h2 data-section-id=\"wlmsar\" data-start=\"3090\" data-end=\"3122\">\u00c0 Propos de Nous \u2013 PVABay.com<\/h2>\n<p data-start=\"3124\" data-end=\"3527\">PVABay.com est une marketplace mondiale de comptes num\u00e9riques sp\u00e9cialis\u00e9e dans les comptes Gmail v\u00e9rifi\u00e9s, les num\u00e9ros Google Voice, les anciens comptes Gmail et d\u2019autres services num\u00e9riques virtuels. Notre plateforme est con\u00e7ue pour les clients qui recherchent un acc\u00e8s rapide, s\u00e9curis\u00e9 et fiable \u00e0 des comptes digitaux de qualit\u00e9 pour le business, le marketing, la communication ou un usage personnel.<\/p>\n<p data-start=\"3529\" data-end=\"3693\">Depuis 2016, PVABay travaille dans le domaine des comptes num\u00e9riques avec un objectif simple : offrir qualit\u00e9, livraison rapide, prix \u00e9quitables et support r\u00e9actif.<\/p>\n<h2 data-section-id=\"6g0efk\" data-start=\"3695\" data-end=\"3712\">Notre Histoire<\/h2>\n<p data-start=\"3714\" data-end=\"4022\">Notre aventure a commenc\u00e9 en 2016 avec des services de comptes Gmail et Yahoo. En 2017, nous avons \u00e9largi notre activit\u00e9 aux comptes Google Voice apr\u00e8s une forte demande de nos clients. Depuis, PVABay a continu\u00e9 \u00e0 grandir gr\u00e2ce \u00e0 l\u2019exp\u00e9rience, la confiance et la satisfaction de clients dans le monde entier.<\/p>\n<p data-start=\"4024\" data-end=\"4187\">Aujourd\u2019hui, nous pouvons fournir des commandes individuelles ainsi que des commandes en gros pour les entreprises, agences, marketeurs, freelancers et revendeurs.<\/p>\n<h2 data-section-id=\"1pdjcve\" data-start=\"4189\" data-end=\"4211\">Ce Que Nous Offrons<\/h2>\n<p data-start=\"4213\" data-end=\"4292\">Chez PVABay, nous proposons plusieurs types de services num\u00e9riques, notamment :<\/p>\n<ul data-start=\"4294\" data-end=\"4538\">\n<li data-section-id=\"1jgwi1w\" data-start=\"4294\" data-end=\"4320\">Comptes Gmail v\u00e9rifi\u00e9s<\/li>\n<li data-section-id=\"1uoqdns\" data-start=\"4321\" data-end=\"4346\">Anciens comptes Gmail<\/li>\n<li data-section-id=\"1nzvfuu\" data-start=\"4347\" data-end=\"4371\">Num\u00e9ros Google Voice<\/li>\n<li data-section-id=\"kihqg1\" data-start=\"4372\" data-end=\"4423\">Comptes Gmail avec informations de r\u00e9cup\u00e9ration<\/li>\n<li data-section-id=\"1yl4lpp\" data-start=\"4424\" data-end=\"4488\">Packs de comptes num\u00e9riques pour le business et le marketing<\/li>\n<li data-section-id=\"brwynv\" data-start=\"4489\" data-end=\"4538\">Fourniture en gros pour agences et revendeurs<\/li>\n<\/ul>\n<p data-start=\"4540\" data-end=\"4647\">Chaque compte est pr\u00e9par\u00e9 avec soin afin d\u2019offrir aux clients des comptes fonctionnels et pr\u00eats \u00e0 l\u2019emploi.<\/p>\n<h2 data-section-id=\"1b6mecf\" data-start=\"4649\" data-end=\"4689\">Paiements Uniquement en Cryptomonnaie<\/h2>\n<p data-start=\"4691\" data-end=\"4871\">PVABay.com accepte uniquement les paiements en cryptomonnaie. Les clients peuvent payer avec USDT TRC20, Bitcoin, Ethereum, Binance Pay et d\u2019autres cryptomonnaies prises en charge.<\/p>\n<p data-start=\"4873\" data-end=\"4986\">Les paiements crypto rendent le processus plus rapide, plus simple et plus accessible aux clients internationaux.<\/p>\n<h2 data-section-id=\"1k7vq93\" data-start=\"4988\" data-end=\"5014\">Pourquoi Choisir PVABay<\/h2>\n<p data-start=\"5016\" data-end=\"5263\">Les clients choisissent PVABay parce que nous mettons l\u2019accent sur la confiance, la rapidit\u00e9, la qualit\u00e9 et le support. Nous savons que nos clients veulent des comptes fonctionnels, des informations claires et une assistance rapide apr\u00e8s paiement.<\/p>\n<p data-start=\"5265\" data-end=\"5283\">Nos points forts :<\/p>\n<ul data-start=\"5285\" data-end=\"5547\">\n<li data-section-id=\"6cr77x\" data-start=\"5285\" data-end=\"5320\">Traitement rapide des commandes<\/li>\n<li data-section-id=\"2yhnx7\" data-start=\"5321\" data-end=\"5347\">Prix \u00e9quitables en USD<\/li>\n<li data-section-id=\"hef38n\" data-start=\"5348\" data-end=\"5392\">Comptes Gmail et Google Voice de qualit\u00e9<\/li>\n<li data-section-id=\"wf0dti\" data-start=\"5393\" data-end=\"5431\">Support pour les commandes en gros<\/li>\n<li data-section-id=\"i3z8h1\" data-start=\"5432\" data-end=\"5471\">Paiement s\u00e9curis\u00e9 par cryptomonnaie<\/li>\n<li data-section-id=\"s2cj6r\" data-start=\"5472\" data-end=\"5507\">\u00c9quipe exp\u00e9riment\u00e9e depuis 2016<\/li>\n<li data-section-id=\"15130y2\" data-start=\"5508\" data-end=\"5547\">Service orient\u00e9 satisfaction client<\/li>\n<\/ul>\n<h2 data-section-id=\"1g9bo4p\" data-start=\"5549\" data-end=\"5580\">Qualit\u00e9, Garantie et Support<\/h2>\n<p data-start=\"5582\" data-end=\"5748\">La satisfaction client est l\u2019une de nos principales priorit\u00e9s. Nous proposons un support selon le type de produit et la politique de garantie indiqu\u00e9e sur notre site.<\/p>\n<p data-start=\"5750\" data-end=\"5937\">Pour plusieurs produits Gmail et Google Voice, nous offrons une garantie limit\u00e9e de remplacement, par exemple une garantie de 72 heures, selon les conditions du produit et de la commande.<\/p>\n<p data-start=\"5939\" data-end=\"5955\">Contactez-nous :<\/p>\n<p data-start=\"5957\" data-end=\"6010\"><strong data-start=\"5957\" data-end=\"5967\">Email:<\/strong> <a class=\"decorated-link cursor-pointer\" rel=\"noopener\" data-start=\"5968\" data-end=\"5984\">abspva@gmail.com<\/a><br data-start=\"5984\" data-end=\"5987\" \/><strong data-start=\"5987\" data-end=\"6000\">Telegram:<\/strong> @pvabay<\/p>\n<p data-start=\"6012\" data-end=\"6157\">Merci de choisir <strong data-start=\"6029\" data-end=\"6043\">PVABay.com<\/strong>, votre partenaire fiable pour les comptes Gmail, les num\u00e9ros Google Voice et les solutions de comptes num\u00e9riques.<\/p>\n","protected":false},"excerpt":{"rendered":"<p>\u00c0 Propos de Nous \u2013 PVABay.com PVABay.com est une marketplace mondiale de comptes num\u00e9riques sp\u00e9cialis\u00e9e dans les comptes Gmail v\u00e9rifi\u00e9s, les num\u00e9ros Google Voice, les anciens comptes Gmail et d\u2019autres services num\u00e9riques virtuels. Notre plateforme est con\u00e7ue pour les clients qui recherchent un acc\u00e8s rapide, s\u00e9curis\u00e9 et fiable \u00e0 des comptes digitaux de qualit\u00e9 pour [&hellip;]<\/p>\n","protected":false},"author":1,"featured_media":0,"parent":0,"menu_order":0,"comment_status":"closed","ping_status":"closed","template":"","meta":{"footnotes":""},"class_list":["post-149","page","type-page","status-publish","hentry"],"_links":{"self":[{"href":"https:\/\/pvabay.com\/fr\/wp-json\/wp\/v2\/pages\/149","targetHints":{"allow":["GET"]}}],"collection":[{"href":"https:\/\/pvabay.com\/fr\/wp-json\/wp\/v2\/pages"}],"about":[{"href":"https:\/\/pvabay.com\/fr\/wp-json\/wp\/v2\/types\/page"}],"author":[{"embeddable":true,"href":"https:\/\/pvabay.com\/fr\/wp-json\/wp\/v2\/users\/1"}],"replies":[{"embeddable":true,"href":"https:\/\/pvabay.com\/fr\/wp-json\/wp\/v2\/comments?post=149"}],"version-history":[{"count":1,"href":"https:\/\/pvabay.com\/fr\/wp-json\/wp\/v2\/pages\/149\/revisions"}],"predecessor-version":[{"id":150,"href":"https:\/\/pvabay.com\/fr\/wp-json\/wp\/v2\/pages\/149\/revisions\/150"}],"wp:attachment":[{"href":"https:\/\/pvabay.com\/fr\/wp-json\/wp\/v2\/media?parent=149"}],"curies":[{"name":"wp","href":"https:\/\/api.w.org\/{rel}","templated":true}]}}