{"id":98,"date":"2026-04-19T13:04:29","date_gmt":"2026-04-19T13:04:29","guid":{"rendered":"https:\/\/mailpva.com\/es\/pva\/10-gmail-accounts\/"},"modified":"2026-04-19T13:30:23","modified_gmt":"2026-04-19T13:30:23","slug":"10-gmail-accounts","status":"publish","type":"product","link":"https:\/\/pvabay.com\/es\/pva\/10-gmail-accounts\/","title":{"rendered":"10 cuentas de Gmail"},"content":{"rendered":"","protected":false},"excerpt":{"rendered":"<p>Cuentas de Gmail creadas recientemente. Ofrecemos garant\u00eda de reemplazo de 24 horas. Su correo electr\u00f3nico llegar\u00e1 en un plazo m\u00e1ximo de 6 horas.<\/p>\n","protected":false},"featured_media":0,"comment_status":"open","ping_status":"closed","template":"","meta":[],"product_brand":[],"product_cat":[29,28],"product_tag":[],"class_list":{"0":"post-98","1":"product","2":"type-product","3":"status-publish","5":"product_cat-cuentas-de-gmail-nuevas","6":"product_cat-gmail-accounts","8":"first","9":"instock","10":"shipping-taxable","11":"product-type-external"},"_links":{"self":[{"href":"https:\/\/pvabay.com\/es\/wp-json\/wp\/v2\/product\/98","targetHints":{"allow":["GET"]}}],"collection":[{"href":"https:\/\/pvabay.com\/es\/wp-json\/wp\/v2\/product"}],"about":[{"href":"https:\/\/pvabay.com\/es\/wp-json\/wp\/v2\/types\/product"}],"replies":[{"embeddable":true,"href":"https:\/\/pvabay.com\/es\/wp-json\/wp\/v2\/comments?post=98"}],"wp:attachment":[{"href":"https:\/\/pvabay.com\/es\/wp-json\/wp\/v2\/media?parent=98"}],"wp:term":[{"taxonomy":"product_brand","embeddable":true,"href":"https:\/\/pvabay.com\/es\/wp-json\/wp\/v2\/product_brand?post=98"},{"taxonomy":"product_cat","embeddable":true,"href":"https:\/\/pvabay.com\/es\/wp-json\/wp\/v2\/product_cat?post=98"},{"taxonomy":"product_tag","embeddable":true,"href":"https:\/\/pvabay.com\/es\/wp-json\/wp\/v2\/product_tag?post=98"}],"curies":[{"name":"wp","href":"https:\/\/api.w.org\/{rel}","templated":true}]}}