{"id":96,"date":"2026-04-19T13:04:29","date_gmt":"2026-04-19T13:04:29","guid":{"rendered":"https:\/\/mailpva.com\/es\/pva\/50-gmail-accounts\/"},"modified":"2026-04-21T10:10:34","modified_gmt":"2026-04-21T10:10:34","slug":"50-gmail-accounts","status":"publish","type":"product","link":"https:\/\/pvabay.com\/es\/pva\/50-gmail-accounts\/","title":{"rendered":"50 cuentas de Gmail"},"content":{"rendered":"","protected":false},"excerpt":{"rendered":"<p>Cuentas de Gmail creadas recientemente. Ofrecemos garant\u00eda de reemplazo de 24 horas. Recibir\u00e1s tu correo electr\u00f3nico en las pr\u00f3ximas 6 horas.<\/p>\n","protected":false},"featured_media":126,"comment_status":"open","ping_status":"closed","template":"","meta":[],"product_brand":[],"product_cat":[28,29],"product_tag":[],"class_list":{"0":"post-96","1":"product","2":"type-product","3":"status-publish","4":"has-post-thumbnail","6":"product_cat-gmail-accounts","7":"product_cat-new-gmail-accounts","9":"first","10":"instock","11":"shipping-taxable","12":"product-type-external"},"_links":{"self":[{"href":"https:\/\/pvabay.com\/es\/wp-json\/wp\/v2\/product\/96","targetHints":{"allow":["GET"]}}],"collection":[{"href":"https:\/\/pvabay.com\/es\/wp-json\/wp\/v2\/product"}],"about":[{"href":"https:\/\/pvabay.com\/es\/wp-json\/wp\/v2\/types\/product"}],"replies":[{"embeddable":true,"href":"https:\/\/pvabay.com\/es\/wp-json\/wp\/v2\/comments?post=96"}],"wp:featuredmedia":[{"embeddable":true,"href":"https:\/\/pvabay.com\/es\/wp-json\/wp\/v2\/media\/126"}],"wp:attachment":[{"href":"https:\/\/pvabay.com\/es\/wp-json\/wp\/v2\/media?parent=96"}],"wp:term":[{"taxonomy":"product_brand","embeddable":true,"href":"https:\/\/pvabay.com\/es\/wp-json\/wp\/v2\/product_brand?post=96"},{"taxonomy":"product_cat","embeddable":true,"href":"https:\/\/pvabay.com\/es\/wp-json\/wp\/v2\/product_cat?post=96"},{"taxonomy":"product_tag","embeddable":true,"href":"https:\/\/pvabay.com\/es\/wp-json\/wp\/v2\/product_tag?post=96"}],"curies":[{"name":"wp","href":"https:\/\/api.w.org\/{rel}","templated":true}]}}