{"id":87,"date":"2026-04-19T13:04:28","date_gmt":"2026-04-19T13:04:28","guid":{"rendered":"https:\/\/mailpva.com\/es\/pva\/1-google-voice\/"},"modified":"2026-04-21T10:10:35","modified_gmt":"2026-04-21T10:10:35","slug":"1-google-voice","status":"publish","type":"product","link":"https:\/\/pvabay.com\/es\/pva\/1-google-voice\/","title":{"rendered":"1 Google Voice"},"content":{"rendered":"","protected":false},"excerpt":{"rendered":"<p>Esta cuenta es completamente nueva. Ofrecemos una garant\u00eda de reemplazo de 48 horas para cada cuenta. Recibir\u00e1 su correo electr\u00f3nico en un m\u00e1ximo de 6 horas.<\/p>\n","protected":false},"featured_media":127,"comment_status":"open","ping_status":"closed","template":"","meta":[],"product_brand":[],"product_cat":[27],"product_tag":[],"class_list":{"0":"post-87","1":"product","2":"type-product","3":"status-publish","4":"has-post-thumbnail","6":"product_cat-google-voice","8":"first","9":"instock","10":"shipping-taxable","11":"product-type-external"},"_links":{"self":[{"href":"https:\/\/pvabay.com\/es\/wp-json\/wp\/v2\/product\/87","targetHints":{"allow":["GET"]}}],"collection":[{"href":"https:\/\/pvabay.com\/es\/wp-json\/wp\/v2\/product"}],"about":[{"href":"https:\/\/pvabay.com\/es\/wp-json\/wp\/v2\/types\/product"}],"replies":[{"embeddable":true,"href":"https:\/\/pvabay.com\/es\/wp-json\/wp\/v2\/comments?post=87"}],"wp:featuredmedia":[{"embeddable":true,"href":"https:\/\/pvabay.com\/es\/wp-json\/wp\/v2\/media\/127"}],"wp:attachment":[{"href":"https:\/\/pvabay.com\/es\/wp-json\/wp\/v2\/media?parent=87"}],"wp:term":[{"taxonomy":"product_brand","embeddable":true,"href":"https:\/\/pvabay.com\/es\/wp-json\/wp\/v2\/product_brand?post=87"},{"taxonomy":"product_cat","embeddable":true,"href":"https:\/\/pvabay.com\/es\/wp-json\/wp\/v2\/product_cat?post=87"},{"taxonomy":"product_tag","embeddable":true,"href":"https:\/\/pvabay.com\/es\/wp-json\/wp\/v2\/product_tag?post=87"}],"curies":[{"name":"wp","href":"https:\/\/api.w.org\/{rel}","templated":true}]}}