{"id":75,"date":"2026-04-19T13:04:28","date_gmt":"2026-04-19T13:04:28","guid":{"rendered":"https:\/\/mailpva.com\/es\/pva\/100-textnow-accounts\/"},"modified":"2026-04-19T13:30:20","modified_gmt":"2026-04-19T13:30:20","slug":"100-textnow-accounts","status":"publish","type":"product","link":"https:\/\/pvabay.com\/es\/pva\/100-textnow-accounts\/","title":{"rendered":"20 TextNow Web"},"content":{"rendered":"","protected":false},"excerpt":{"rendered":"<p>TextNow es la mejor opci\u00f3n para usar n\u00fameros virtuales. Ofrece un n\u00famero de tel\u00e9fono estadounidense gratuito, llamadas, mensajes de texto y verificaci\u00f3n OTP. No ofrecemos garant\u00eda de reemplazo para la cuenta TextNow.<\/p>\n","protected":false},"featured_media":0,"comment_status":"open","ping_status":"closed","template":"","meta":[],"product_brand":[],"product_cat":[26],"product_tag":[],"class_list":{"0":"post-75","1":"product","2":"type-product","3":"status-publish","5":"product_cat-textnow","7":"first","8":"instock","9":"shipping-taxable","10":"product-type-external"},"_links":{"self":[{"href":"https:\/\/pvabay.com\/es\/wp-json\/wp\/v2\/product\/75","targetHints":{"allow":["GET"]}}],"collection":[{"href":"https:\/\/pvabay.com\/es\/wp-json\/wp\/v2\/product"}],"about":[{"href":"https:\/\/pvabay.com\/es\/wp-json\/wp\/v2\/types\/product"}],"replies":[{"embeddable":true,"href":"https:\/\/pvabay.com\/es\/wp-json\/wp\/v2\/comments?post=75"}],"wp:attachment":[{"href":"https:\/\/pvabay.com\/es\/wp-json\/wp\/v2\/media?parent=75"}],"wp:term":[{"taxonomy":"product_brand","embeddable":true,"href":"https:\/\/pvabay.com\/es\/wp-json\/wp\/v2\/product_brand?post=75"},{"taxonomy":"product_cat","embeddable":true,"href":"https:\/\/pvabay.com\/es\/wp-json\/wp\/v2\/product_cat?post=75"},{"taxonomy":"product_tag","embeddable":true,"href":"https:\/\/pvabay.com\/es\/wp-json\/wp\/v2\/product_tag?post=75"}],"curies":[{"name":"wp","href":"https:\/\/api.w.org\/{rel}","templated":true}]}}