{"id":74,"date":"2026-04-19T13:04:28","date_gmt":"2026-04-19T13:04:28","guid":{"rendered":"https:\/\/mailpva.com\/es\/pva\/500-textnow-accounts\/"},"modified":"2026-04-21T10:10:36","modified_gmt":"2026-04-21T10:10:36","slug":"500-textnow-accounts","status":"publish","type":"product","link":"https:\/\/pvabay.com\/es\/pva\/500-textnow-accounts\/","title":{"rendered":"50 TextNow Web"},"content":{"rendered":"","protected":false},"excerpt":{"rendered":"<p>TextNow es la mejor opci\u00f3n para usar n\u00fameros virtuales. Ofrece un n\u00famero de tel\u00e9fono estadounidense gratuito, llamadas, mensajes de texto y verificaci\u00f3n OTP. No ofrecemos garant\u00eda de reemplazo para la cuenta TextNow.<\/p>\n","protected":false},"featured_media":129,"comment_status":"open","ping_status":"closed","template":"","meta":[],"product_brand":[],"product_cat":[26],"product_tag":[],"class_list":{"0":"post-74","1":"product","2":"type-product","3":"status-publish","4":"has-post-thumbnail","6":"product_cat-textnow","8":"first","9":"instock","10":"shipping-taxable","11":"product-type-external"},"_links":{"self":[{"href":"https:\/\/pvabay.com\/es\/wp-json\/wp\/v2\/product\/74","targetHints":{"allow":["GET"]}}],"collection":[{"href":"https:\/\/pvabay.com\/es\/wp-json\/wp\/v2\/product"}],"about":[{"href":"https:\/\/pvabay.com\/es\/wp-json\/wp\/v2\/types\/product"}],"replies":[{"embeddable":true,"href":"https:\/\/pvabay.com\/es\/wp-json\/wp\/v2\/comments?post=74"}],"wp:featuredmedia":[{"embeddable":true,"href":"https:\/\/pvabay.com\/es\/wp-json\/wp\/v2\/media\/129"}],"wp:attachment":[{"href":"https:\/\/pvabay.com\/es\/wp-json\/wp\/v2\/media?parent=74"}],"wp:term":[{"taxonomy":"product_brand","embeddable":true,"href":"https:\/\/pvabay.com\/es\/wp-json\/wp\/v2\/product_brand?post=74"},{"taxonomy":"product_cat","embeddable":true,"href":"https:\/\/pvabay.com\/es\/wp-json\/wp\/v2\/product_cat?post=74"},{"taxonomy":"product_tag","embeddable":true,"href":"https:\/\/pvabay.com\/es\/wp-json\/wp\/v2\/product_tag?post=74"}],"curies":[{"name":"wp","href":"https:\/\/api.w.org\/{rel}","templated":true}]}}