{"id":73,"date":"2026-04-19T13:04:28","date_gmt":"2026-04-19T13:04:28","guid":{"rendered":"https:\/\/mailpva.com\/es\/pva\/5-textnow-mobile\/"},"modified":"2026-04-21T10:10:39","modified_gmt":"2026-04-21T10:10:39","slug":"5-textnow-mobile","status":"publish","type":"product","link":"https:\/\/pvabay.com\/es\/pva\/5-textnow-mobile\/","title":{"rendered":"5 Aplicaci\u00f3n m\u00f3vil TextNow"},"content":{"rendered":"","protected":false},"excerpt":{"rendered":"<p>Aplicaci\u00f3n m\u00f3vil de TextNow. Solo puedes iniciar sesi\u00f3n a trav\u00e9s de la aplicaci\u00f3n m\u00f3vil. No ofrecemos garant\u00eda de reemplazo para la cuenta de TextNow.<\/p>\n","protected":false},"featured_media":133,"comment_status":"open","ping_status":"closed","template":"","meta":[],"product_brand":[],"product_cat":[26],"product_tag":[],"class_list":{"0":"post-73","1":"product","2":"type-product","3":"status-publish","4":"has-post-thumbnail","6":"product_cat-textnow","8":"first","9":"instock","10":"shipping-taxable","11":"product-type-external"},"_links":{"self":[{"href":"https:\/\/pvabay.com\/es\/wp-json\/wp\/v2\/product\/73","targetHints":{"allow":["GET"]}}],"collection":[{"href":"https:\/\/pvabay.com\/es\/wp-json\/wp\/v2\/product"}],"about":[{"href":"https:\/\/pvabay.com\/es\/wp-json\/wp\/v2\/types\/product"}],"replies":[{"embeddable":true,"href":"https:\/\/pvabay.com\/es\/wp-json\/wp\/v2\/comments?post=73"}],"wp:featuredmedia":[{"embeddable":true,"href":"https:\/\/pvabay.com\/es\/wp-json\/wp\/v2\/media\/133"}],"wp:attachment":[{"href":"https:\/\/pvabay.com\/es\/wp-json\/wp\/v2\/media?parent=73"}],"wp:term":[{"taxonomy":"product_brand","embeddable":true,"href":"https:\/\/pvabay.com\/es\/wp-json\/wp\/v2\/product_brand?post=73"},{"taxonomy":"product_cat","embeddable":true,"href":"https:\/\/pvabay.com\/es\/wp-json\/wp\/v2\/product_cat?post=73"},{"taxonomy":"product_tag","embeddable":true,"href":"https:\/\/pvabay.com\/es\/wp-json\/wp\/v2\/product_tag?post=73"}],"curies":[{"name":"wp","href":"https:\/\/api.w.org\/{rel}","templated":true}]}}