{"id":103,"date":"2026-04-19T13:04:30","date_gmt":"2026-04-19T13:04:30","guid":{"rendered":"https:\/\/mailpva.com\/es\/pva\/5-gmail-accounts-of-2022\/"},"modified":"2026-04-21T10:10:37","modified_gmt":"2026-04-21T10:10:37","slug":"5-gmail-accounts-of-2022","status":"publish","type":"product","link":"https:\/\/pvabay.com\/es\/pva\/5-gmail-accounts-of-2022\/","title":{"rendered":"5 cuentas de Gmail de 2022"},"content":{"rendered":"","protected":false},"excerpt":{"rendered":"<p>Las cuentas de Gmail creadas en 2022 son muy seguras y actualizadas. Se entregar\u00e1n en un plazo de 6 a 12 horas. Ofrecemos una garant\u00eda de reemplazo de 3 d\u00edas.<\/p>\n","protected":false},"featured_media":130,"comment_status":"open","ping_status":"closed","template":"","meta":[],"product_brand":[],"product_cat":[28,30],"product_tag":[],"class_list":{"0":"post-103","1":"product","2":"type-product","3":"status-publish","4":"has-post-thumbnail","6":"product_cat-gmail-accounts","7":"product_cat-gmail-accounts-of-2022","9":"first","10":"instock","11":"shipping-taxable","12":"product-type-external"},"_links":{"self":[{"href":"https:\/\/pvabay.com\/es\/wp-json\/wp\/v2\/product\/103","targetHints":{"allow":["GET"]}}],"collection":[{"href":"https:\/\/pvabay.com\/es\/wp-json\/wp\/v2\/product"}],"about":[{"href":"https:\/\/pvabay.com\/es\/wp-json\/wp\/v2\/types\/product"}],"replies":[{"embeddable":true,"href":"https:\/\/pvabay.com\/es\/wp-json\/wp\/v2\/comments?post=103"}],"wp:featuredmedia":[{"embeddable":true,"href":"https:\/\/pvabay.com\/es\/wp-json\/wp\/v2\/media\/130"}],"wp:attachment":[{"href":"https:\/\/pvabay.com\/es\/wp-json\/wp\/v2\/media?parent=103"}],"wp:term":[{"taxonomy":"product_brand","embeddable":true,"href":"https:\/\/pvabay.com\/es\/wp-json\/wp\/v2\/product_brand?post=103"},{"taxonomy":"product_cat","embeddable":true,"href":"https:\/\/pvabay.com\/es\/wp-json\/wp\/v2\/product_cat?post=103"},{"taxonomy":"product_tag","embeddable":true,"href":"https:\/\/pvabay.com\/es\/wp-json\/wp\/v2\/product_tag?post=103"}],"curies":[{"name":"wp","href":"https:\/\/api.w.org\/{rel}","templated":true}]}}