{"id":101,"date":"2026-04-19T13:04:29","date_gmt":"2026-04-19T13:04:29","guid":{"rendered":"https:\/\/mailpva.com\/es\/pva\/50-gmail-accounts-of-2022\/"},"modified":"2026-04-19T13:30:24","modified_gmt":"2026-04-19T13:30:24","slug":"50-gmail-accounts-of-2022","status":"publish","type":"product","link":"https:\/\/pvabay.com\/es\/pva\/50-gmail-accounts-of-2022\/","title":{"rendered":"50 cuentas de Gmail de 2022"},"content":{"rendered":"","protected":false},"excerpt":{"rendered":"<p>Las cuentas de Gmail creadas en 2022 son muy seguras y actualizadas. Se entregar\u00e1n en un plazo de 6 a 12 horas. Ofrecemos una garant\u00eda de reemplazo de 3 d\u00edas.<\/p>\n","protected":false},"featured_media":0,"comment_status":"open","ping_status":"closed","template":"","meta":[],"product_brand":[],"product_cat":[28,30],"product_tag":[],"class_list":{"0":"post-101","1":"product","2":"type-product","3":"status-publish","5":"product_cat-gmail-accounts","6":"product_cat-gmail-accounts-of-2022","8":"first","9":"instock","10":"shipping-taxable","11":"product-type-external"},"_links":{"self":[{"href":"https:\/\/pvabay.com\/es\/wp-json\/wp\/v2\/product\/101","targetHints":{"allow":["GET"]}}],"collection":[{"href":"https:\/\/pvabay.com\/es\/wp-json\/wp\/v2\/product"}],"about":[{"href":"https:\/\/pvabay.com\/es\/wp-json\/wp\/v2\/types\/product"}],"replies":[{"embeddable":true,"href":"https:\/\/pvabay.com\/es\/wp-json\/wp\/v2\/comments?post=101"}],"wp:attachment":[{"href":"https:\/\/pvabay.com\/es\/wp-json\/wp\/v2\/media?parent=101"}],"wp:term":[{"taxonomy":"product_brand","embeddable":true,"href":"https:\/\/pvabay.com\/es\/wp-json\/wp\/v2\/product_brand?post=101"},{"taxonomy":"product_cat","embeddable":true,"href":"https:\/\/pvabay.com\/es\/wp-json\/wp\/v2\/product_cat?post=101"},{"taxonomy":"product_tag","embeddable":true,"href":"https:\/\/pvabay.com\/es\/wp-json\/wp\/v2\/product_tag?post=101"}],"curies":[{"name":"wp","href":"https:\/\/api.w.org\/{rel}","templated":true}]}}