{"id":458,"date":"2025-08-17T19:32:16","date_gmt":"2025-08-17T19:32:16","guid":{"rendered":"https:\/\/pvabay.com\/es\/?post_type=product&#038;p=458"},"modified":"2026-01-21T23:43:40","modified_gmt":"2026-01-21T23:43:40","slug":"gmail-accounts-2023","status":"publish","type":"product","link":"https:\/\/pvabay.com\/es\/?product=gmail-accounts-2023","title":{"rendered":"Cuentas de Gmail 2023"},"content":{"rendered":"<p>En 2023, tener una cuenta de Gmail es m\u00e1s que simplemente tener un correo electr\u00f3nico: es su puerta de entrada a los servicios de Google, marketing online, redes sociales e innumerables otras oportunidades. Ya seas due\u00f1o de un negocio, vendedor, trabajador independiente o alguien que necesita varias cuentas verificadas para un uso seguro, comprar cuentas de Gmail en pvabay.com puede ahorrarte tiempo, esfuerzo y molestias.<\/p>\n<div style=\"font-family: system-ui,sans-serif; line-height: 1.6; max-width: 760px; color: #2c3e50; margin: auto; padding: 10px;\">\n<p><!-- T\u00edtulo --><\/p>\n<p style=\"font-weight: 800; font-size: 18px; margin: 0 0 8px;\">Formato del n\u00famero de cuenta:<\/p>\n<p><!-- Formato pill --><\/p>\n<p><!-- Ejemplo --><\/p>\n<p style=\"font-weight: 800; font-size: 18px; margin: 18px 0 8px;\">Ejemplo:<\/p>\n<p style=\"font-family: ui-monospace,SFMono-Regular,Menlo,monospace; background: #f9f2f4; color: #c7254e; display: inline-block; padding: 6px 12px; border-radius: 6px; margin: 0; word-break: break-word;\">pvabay@gmail.com : pvabaypasswd : pvabay@outlook.com : 2023<\/p>\n<p><!-- Lista de detalles --><\/p>\n<ul style=\"list-style: none; padding: 0; margin: 16px 0 0; font-size: 15px;\">\n<li><strong style=\"color: #2c3e50;\">Nombre de usuario del correo electr\u00f3nico: pvabay@gmail.com<\/strong><\/li>\n<li><strong style=\"color: #c0392b;\">Contrase\u00f1a: pvabaypasswd<\/strong><\/li>\n<li><strong style=\"color: #2980b9;\">Correo de recuperaci\u00f3n: pvabay@outlook.com<\/strong><\/li>\n<li><strong style=\"color: #8e44ad;\">A\u00f1o: 2023<\/strong><\/li>\n<\/ul>\n<p><!-- Albar\u00e1n --><\/p>\n<p style=\"margin: 14px 0 0; font-size: 15px;\"><strong style=\"color: #f39c12;\">Entrega:<\/strong> Tu correo electr\u00f3nico se entregar\u00e1 en un plazo de <strong>30 minutos a 6 horas<\/strong> como un archivo <strong>Excel (.xlsx)<\/strong>.<\/p>\n<\/div>\n<h2>\u00bfPor qu\u00e9 comprar cuentas de Gmail en 2023?<\/h2>\n<p>Gmail sigue siendo el servicio de correo electr\u00f3nico m\u00e1s confiable y utilizado en todo el mundo. Millones de personas de EE. UU., Reino Unido, Nigeria, Ghana, Sud\u00e1frica y de toda Europa conf\u00edan en Gmail para comunicarse, trabajar y protegerse. Aqu\u00ed tienes algunas razones por las que comprar cuentas de Gmail en 2023 tiene sentido:<\/p>\n<ul>\n<li><strong>Para empresas<\/strong>: Gestiona varios proyectos, departamentos o campa\u00f1as de marketing con cuentas independientes.<\/li>\n<li><strong>Para marketing digital<\/strong>: Crea campa\u00f1as publicitarias, perfiles en redes sociales o usa varias cuentas para darte a conocer.<\/li>\n<li><strong>Para aut\u00f3nomos<\/strong>: Mant\u00e9n las cuentas de tus clientes separadas y organizadas.<\/li>\n<li><strong>Por seguridad<\/strong>: Ten cuentas de respaldo para evitar el bloqueo de plataformas importantes.<\/li>\n<li><strong>Para verificaci\u00f3n<\/strong>: Muchos sitios web y herramientas requieren una cuenta de Gmail verificada y confiable para registrarse.<\/li>\n<\/ul>\n<p>En lugar de dedicar horas a crear y verificar cuentas nuevas, puedes comprar cuentas de Gmail listas para usar en una fuente confiable como <a title=\"Comprar cuentas de Gmail\" href=\"https:\/\/pvabay.com\" target=\"_blank\" rel=\"noopener\">pvabay.com<\/a>.<\/p>\n<h2>Tipos de cuentas de Gmail que puedes comprar en pvabay.com<\/h2>\n<p>No todas las cuentas de Gmail son iguales. Seg\u00fan tus necesidades, pvabay.com ofrece diferentes tipos de cuentas:<\/p>\n<h3>1. Cuentas de Gmail nuevas<\/h3>\n<p>Cuentas nuevas creadas en 2023. Perfectas para proyectos a corto plazo, pruebas o nuevos registros.<\/p>\n<h3>2. Cuentas de Gmail antiguas<\/h3>\n<p>Cuentas antiguas (de 6 meses a varios a\u00f1os) con mayor nivel de confianza, lo que las hace ideales para marketing, SEO y uso a largo plazo.<\/p>\n<h3>3. Cuentas de Gmail verificadas por tel\u00e9fono (PVA)<\/h3>\n<p>Cuentas verificadas con un n\u00famero de tel\u00e9fono \u00fanico. Estas son m\u00e1s seguras y tienen menos probabilidades de generar problemas de verificaci\u00f3n.<\/p>\n<h3>4. Cuentas de Gmail en masa<\/h3>\n<p>Compre en cantidades de 10, 25, 50, 100 o incluso m\u00e1s de 500 para campa\u00f1as o negocios a gran escala.<\/p>\n<h2>\u00bfPor qu\u00e9 elegir pvabay.com para cuentas de Gmail?<\/h2>\n<p>pvabay.com no es un sitio web m\u00e1s para vender cuentas. Nos enorgullecemos de ofrecer cuentas de Gmail de alta calidad, seguras y verificadas a clientes de todo el mundo. Estas son las razones por las que nuestros clientes nos eligen:<\/p>\n<ul>\n<li>\u2705 <strong>Entrega r\u00e1pida<\/strong>: recibe tus cuentas al instante despu\u00e9s del pago.<\/li>\n<li>\u2705 <strong>Cuentas verificadas<\/strong>: opciones de verificaci\u00f3n telef\u00f3nica (PVA) para mayor seguridad.<\/li>\n<li>\u2705 <strong>Servicio global<\/strong>: atendemos a clientes en EE. UU., Reino Unido, Canad\u00e1, Nigeria, India y otros pa\u00edses.<\/li>\n<li>\u2705 <strong>Precios asequibles<\/strong>: tarifas competitivas tanto para pedidos peque\u00f1os como al por mayor.<\/li>\n<li>\u2705 <strong>Garant\u00eda de reemplazo<\/strong>: las cuentas que no funcionan se reemplazan r\u00e1pidamente.<\/li>\n<\/ul>\n<p>Lee nuestra <a title=\"C\u00f3mo comprar cuentas de forma segura\" href=\"\/how-to-buy-online-accounts\">gu\u00eda completa para comprar cuentas. de forma segura<\/a> para evitar estafas y vendedores de baja calidad.<\/p>\n<h2>Beneficios de comprar cuentas de Gmail en pvabay.com<\/h2>\n<p>Cuando compra cuentas de Gmail en pvabay.com, obtiene m\u00e1s que solo una direcci\u00f3n de correo electr\u00f3nico. Obtendr\u00e1s:<\/p>\n<ul>\n<li><strong>Ahorro de tiempo<\/strong>: no tendr\u00e1s que dedicar horas a crear y verificar cuentas.<\/li>\n<li><strong>Uso inmediato<\/strong>: empieza a usar tus cuentas en cuanto te las entreguen.<\/li>\n<li><strong>Mejores puntuaciones de confianza<\/strong>: las cuentas antiguas funcionan mejor en la mayor\u00eda de las plataformas.<\/li>\n<li><strong>Acceso seguro<\/strong>: todas las cuentas se prueban antes de la entrega.<\/li>\n<\/ul>\n<h2>C\u00f3mo comprar cuentas de Gmail de forma segura<\/h2>\n<p>Comprar cuentas de Gmail es seguro si sigues unas sencillas reglas:<\/p>\n<ul>\n<li>Compra a un vendedor de confianza como pvabay.com.<\/li>\n<li>Elige cuentas verificadas por tel\u00e9fono para mayor seguridad.<\/li>\n<li>Cambia la contrase\u00f1a y los detalles de recuperaci\u00f3n inmediatamente despu\u00e9s de la compra.<\/li>\n<li>Evite ofertas extremadamente baratas de vendedores desconocidos; suelen ser de baja calidad.<\/li>\n<\/ul>\n<p>Para obtener m\u00e1s consejos sobre c\u00f3mo evitar estafas, consulte el <a href=\"https:\/\/en.wikipedia.org\/wiki\/Internet_fraud\" target=\"_blank\" rel=\"noopener\">art\u00edculo de Wikipedia sobre fraude en Internet<\/a>.<\/p>\n<h2>Consejos para mantener sus cuentas de Gmail seguras<\/h2>\n<ul>\n<li>Inicie sesi\u00f3n regularmente para mantener la cuenta activa.<\/li>\n<li>Agregue un n\u00famero de tel\u00e9fono de recuperaci\u00f3n y un correo electr\u00f3nico de respaldo.<\/li>\n<li>Habilite la verificaci\u00f3n en dos pasos para mayor protecci\u00f3n.<\/li>\n<li>Use una VPN si accede a las cuentas desde diferentes ubicaciones.<\/li>\n<\/ul>\n<h2>Reflexiones finales: \u00bfDeber\u00eda comprar cuentas de Gmail en \u00bf2023?<\/h2>\n<p>Si necesitas varias cuentas de Gmail para marketing, negocios o actividades online seguras, comprar a un proveedor de confianza como <a title=\"Comprar Cuentas de Gmail 2023\" href=\"https:\/\/pvabay.com\" target=\"_blank\" rel=\"noopener\">pvabay.com<\/a> es la mejor opci\u00f3n. Ahorrar\u00e1s tiempo, obtendr\u00e1s cuentas verificadas al instante y te evitar\u00e1s los problemas de creaci\u00f3n y verificaci\u00f3n.<\/p>\n<p>Ya sea que necesites cuentas nuevas para registros r\u00e1pidos o cuentas PVA antiguas para proyectos a largo plazo, pvabay.com te ofrece la soluci\u00f3n. Con nuestra entrega r\u00e1pida, cuentas seguras y garant\u00eda de reemplazo, puedes concentrarte en tu trabajo sin preocuparte por problemas con tu cuenta.<\/p>\n<p>Empieza ahora y explora nuestras <a title=\"Cuentas de Gmail en Venta\" href=\"\/gmail-accounts\">Cuentas de Gmail en Venta<\/a>, disponibles en paquetes nuevos, antiguos y por volumen para satisfacer tus necesidades.<\/p>\n","protected":false},"excerpt":{"rendered":"<p>Las cuentas de Gmail creadas en 2023 son muy seguras y actualizadas. Se entregar\u00e1n en un plazo de 6 a 12 horas. Ofrecemos una garant\u00eda de reemplazo de 3 d\u00edas.<\/p>\n","protected":false},"featured_media":465,"comment_status":"open","ping_status":"closed","template":"","meta":[],"product_brand":[],"product_cat":[50,53],"product_tag":[],"class_list":{"0":"post-458","1":"product","2":"type-product","3":"status-publish","4":"has-post-thumbnail","6":"product_cat-gmail-accounts","7":"product_cat-gmail-accounts-of-2023","9":"first","10":"instock","11":"shipping-taxable","12":"product-type-external"},"_links":{"self":[{"href":"https:\/\/pvabay.com\/es\/index.php?rest_route=\/wp\/v2\/product\/458","targetHints":{"allow":["GET"]}}],"collection":[{"href":"https:\/\/pvabay.com\/es\/index.php?rest_route=\/wp\/v2\/product"}],"about":[{"href":"https:\/\/pvabay.com\/es\/index.php?rest_route=\/wp\/v2\/types\/product"}],"replies":[{"embeddable":true,"href":"https:\/\/pvabay.com\/es\/index.php?rest_route=%2Fwp%2Fv2%2Fcomments&post=458"}],"wp:featuredmedia":[{"embeddable":true,"href":"https:\/\/pvabay.com\/es\/index.php?rest_route=\/wp\/v2\/media\/465"}],"wp:attachment":[{"href":"https:\/\/pvabay.com\/es\/index.php?rest_route=%2Fwp%2Fv2%2Fmedia&parent=458"}],"wp:term":[{"taxonomy":"product_brand","embeddable":true,"href":"https:\/\/pvabay.com\/es\/index.php?rest_route=%2Fwp%2Fv2%2Fproduct_brand&post=458"},{"taxonomy":"product_cat","embeddable":true,"href":"https:\/\/pvabay.com\/es\/index.php?rest_route=%2Fwp%2Fv2%2Fproduct_cat&post=458"},{"taxonomy":"product_tag","embeddable":true,"href":"https:\/\/pvabay.com\/es\/index.php?rest_route=%2Fwp%2Fv2%2Fproduct_tag&post=458"}],"curies":[{"name":"wp","href":"https:\/\/api.w.org\/{rel}","templated":true}]}}