{"id":434,"date":"2025-08-17T19:32:12","date_gmt":"2025-08-17T19:32:12","guid":{"rendered":"https:\/\/pvabay.com\/es\/?post_type=product&#038;p=434"},"modified":"2025-08-18T07:33:02","modified_gmt":"2025-08-18T07:33:02","slug":"100-gmail-accounts","status":"publish","type":"product","link":"https:\/\/pvabay.com\/es\/?product=100-gmail-accounts","title":{"rendered":"100 cuentas de Gmail"},"content":{"rendered":"","protected":false},"excerpt":{"rendered":"<p>Cuentas de Gmail creadas recientemente. Ofrecemos una garant\u00eda de reemplazo de 24 horas. Recibir\u00e1 su correo electr\u00f3nico en un m\u00e1ximo de 6 horas.<\/p>\n","protected":false},"featured_media":389,"comment_status":"open","ping_status":"closed","template":"","meta":[],"product_brand":[],"product_cat":[51,50],"product_tag":[],"class_list":{"0":"post-434","1":"product","2":"type-product","3":"status-publish","4":"has-post-thumbnail","6":"product_cat-fresh-gmail-accounts","7":"product_cat-gmail-accounts","9":"first","10":"instock","11":"shipping-taxable","12":"product-type-external"},"_links":{"self":[{"href":"https:\/\/pvabay.com\/es\/index.php?rest_route=\/wp\/v2\/product\/434","targetHints":{"allow":["GET"]}}],"collection":[{"href":"https:\/\/pvabay.com\/es\/index.php?rest_route=\/wp\/v2\/product"}],"about":[{"href":"https:\/\/pvabay.com\/es\/index.php?rest_route=\/wp\/v2\/types\/product"}],"replies":[{"embeddable":true,"href":"https:\/\/pvabay.com\/es\/index.php?rest_route=%2Fwp%2Fv2%2Fcomments&post=434"}],"wp:featuredmedia":[{"embeddable":true,"href":"https:\/\/pvabay.com\/es\/index.php?rest_route=\/wp\/v2\/media\/389"}],"wp:attachment":[{"href":"https:\/\/pvabay.com\/es\/index.php?rest_route=%2Fwp%2Fv2%2Fmedia&parent=434"}],"wp:term":[{"taxonomy":"product_brand","embeddable":true,"href":"https:\/\/pvabay.com\/es\/index.php?rest_route=%2Fwp%2Fv2%2Fproduct_brand&post=434"},{"taxonomy":"product_cat","embeddable":true,"href":"https:\/\/pvabay.com\/es\/index.php?rest_route=%2Fwp%2Fv2%2Fproduct_cat&post=434"},{"taxonomy":"product_tag","embeddable":true,"href":"https:\/\/pvabay.com\/es\/index.php?rest_route=%2Fwp%2Fv2%2Fproduct_tag&post=434"}],"curies":[{"name":"wp","href":"https:\/\/api.w.org\/{rel}","templated":true}]}}