{"id":431,"date":"2025-08-17T19:32:12","date_gmt":"2025-08-17T19:32:12","guid":{"rendered":"https:\/\/pvabay.com\/es\/?post_type=product&#038;p=431"},"modified":"2025-08-21T20:41:55","modified_gmt":"2025-08-21T20:41:55","slug":"2fa-enabled-gmail-accounts","status":"publish","type":"product","link":"https:\/\/pvabay.com\/es\/?product=2fa-enabled-gmail-accounts","title":{"rendered":"Cuentas de Gmail habilitadas para 2FA"},"content":{"rendered":"<p>\u00bfBuscas cuentas de Gmail fiables y duraderas con alta seguridad y rendimiento? Ofrecemos cuentas de Gmail de alta calidad con la verificaci\u00f3n en dos pasos (2FA) ya activada, lo que te da tranquilidad y control total. Tanto si eres profesional del marketing, propietario de un negocio, desarrollador o alguien que necesita acceso seguro a Gmail a largo plazo, nuestro servicio es justo lo que necesitas.<\/p>\n<div style=\"font-family: system-ui,sans-serif; line-height: 1.6; max-width: 760px; color: #2c3e50; margin: auto; padding: 10px;\">\n<p><!-- T\u00edtulo --><\/p>\n<p style=\"font-weight: 800; font-size: 18px; margin: 0 0 8px;\">Formato del n\u00famero de cuenta:<\/p>\n<p><!-- Formato pill --><\/p>\n<p style=\"font-family: ui-monospace,SFMono-Regular,Menlo,monospace; background: #fceaea; color: #e74c3c; display: inline-block; padding: 6px 12px; border-radius: 6px; margen: 0 0 16px; salto de palabra: salto de palabra;\">Correo electr\u00f3nico: Contrase\u00f1a: Correo de recuperaci\u00f3n: Clave de configuraci\u00f3n del autenticador 2FA<\/p>\n<p><!-- Ejemplo --><\/p>\n<p style=\"font-weight: 800; tama\u00f1o de fuente: 18px; margen: 18px 0 8px;\">Ejemplo:<\/p>\n<p style=\"font-family: ui-monospace,SFMono-Regular,Menlo,monospace; fondo: #f9f2f4; color: #c7254e; pantalla: bloque en l\u00ednea; relleno: 6px 12px; radio del borde: 6px; margen: 0; salto de palabra: salto de palabra;\">pvabay@gmail.com: pvabaypasswd: pvabay@outlook.com: ry2q 7jso utj4 t4f2 267g k4ka ao72 6ouv<\/p>\n<p><!-- Lista de detalles --><\/p>\n<ul style=\"list-style: none; padding: 0; margin: 16px 0 0; font-size: 15px;\">\n<li><strong style=\"color: #2c3e50;\">Nombre de usuario del correo electr\u00f3nico: pvabay@gmail.com<\/strong><\/li>\n<li><strong style=\"color: #c0392b;\">Contrase\u00f1a: pvabaypasswd<\/strong><\/li>\n<li><strong style=\"color: #2980b9;\">Correo de recuperaci\u00f3n: pvabay@outlook.com<\/strong><\/li>\n<li style=\"word-break: break-word;\"><strong style=\"color: #8e44ad;\">Clave de configuraci\u00f3n del autenticador 2FA<\/strong>: ry2q 7jso utj4 t4f2 267g k4ka ao72 6ouv<\/li>\n<\/ul>\n<p><!-- Nota de entrega --><\/p>\n<p style=\"margin: 14px 0 0; font-size: 15px;\"><strong style=\"color: #f39c12;\">Entrega:<\/strong> Su correo electr\u00f3nico se entregar\u00e1 en un plazo de <strong>30 minutos a 6 horas<\/strong> como un archivo de <strong>Excel (.xlsx)<\/strong>.<\/p>\n<\/div>\n<h3>\u2705 Qu\u00e9 ofrecemos<\/h3>\n<p>Creamos <strong>cuentas de Gmail completamente nuevas<\/strong> a diario, cada una configurada manualmente con cuidado y seguridad. Estas cuentas incluyen:<\/p>\n<ul>\n<li>Direcciones de Gmail reci\u00e9n creadas<\/li>\n<li>IP y uso del dispositivo \u00fanicos<\/li>\n<li>Verificaci\u00f3n en dos pasos (2FA) activada para mayor seguridad<\/li>\n<li>Verificada y lista para usar de inmediato<\/li>\n<li>Uso a largo plazo sin actividad ni historial<\/li>\n<li>C\u00f3digos de respaldo opcionales para recuperaci\u00f3n<\/li>\n<\/ul>\n<p>Todas las cuentas se crean profesionalmente y nunca se reutilizan ni reciclan. Una vez vendida, cada cuenta se entrega a un solo cliente. Tu seguridad y satisfacci\u00f3n son nuestra prioridad.<\/p>\n<h3>\u00bfPor qu\u00e9 elegir Gmail con 2FA?<\/h3>\n<p>Gmail es una de las plataformas de correo electr\u00f3nico m\u00e1s potentes y confiables del mundo. Sin embargo, con el aumento de las ciberamenazas, la seguridad b\u00e1sica de inicio de sesi\u00f3n ya no es suficiente. Por eso, la <strong>verificaci\u00f3n en dos pasos (2FA)<\/strong> es esencial. Esto es lo que te ofrece:<\/p>\n<ul>\n<li><strong>Protecci\u00f3n mejorada<\/strong>: incluso si alguien conoce tu contrase\u00f1a, no puede acceder a tu cuenta sin el segundo paso de verificaci\u00f3n (normalmente un c\u00f3digo enviado a un dispositivo de confianza).<\/li>\n<li><strong>Riesgo reducido de pirater\u00eda<\/strong>: la 2FA reduce dr\u00e1sticamente las posibilidades de acceso no autorizado o ataques de phishing.<\/li>\n<li><strong>Con la confianza de Google<\/strong>: Gmail recomienda encarecidamente la 2FA para una m\u00e1xima seguridad y la protecci\u00f3n de la cuenta a largo plazo.<\/li>\n<li><strong>Ideal para uso empresarial<\/strong>: las cuentas con 2FA son m\u00e1s confiables para las plataformas y es menos probable que se marquen o suspendan.<\/li>\n<\/ul>\n<h3>Por qu\u00e9 deber\u00edas usar nuestra Servicio<\/h3>\n<p>Entendemos las necesidades de nuestros clientes: <strong>seguridad, calidad y confiabilidad<\/strong>. Por eso nuestras cuentas de Gmail destacan:<\/p>\n<ul>\n<li>\u2699\ufe0f <strong>Nuevo Stock Diario<\/strong>: Creamos cuentas regularmente para garantizar la frescura.<\/li>\n<li><strong>Seguridad Primero<\/strong>: Todas las cuentas est\u00e1n protegidas con 2FA, lo que aumenta su vida \u00fatil y confiabilidad.<\/li>\n<li><strong>Entrega R\u00e1pida<\/strong>: Reciba sus cuentas r\u00e1pidamente a trav\u00e9s de su m\u00e9todo de contacto preferido.<\/li>\n<li><strong>Soporte Incluido<\/strong>: \u00bfTiene preguntas o necesita ayuda para acceder? Estamos aqu\u00ed para ayudarte.<\/li>\n<li><strong>Apto para todas las necesidades<\/strong>: Usa nuestras cuentas de Gmail para redes sociales, marketing, registro de empresas o cualquier proyecto que necesite un correo electr\u00f3nico confiable.<\/li>\n<\/ul>\n<h3>Empieza hoy mismo<\/h3>\n<p>Si est\u00e1s cansado de las cuentas de Gmail de baja calidad que se desactivan o marcan r\u00e1pidamente, toma la decisi\u00f3n inteligente. Invierte en nuestras <strong>cuentas de Gmail seguras con autenticaci\u00f3n de dos factores<\/strong> y experimenta una confiabilidad sin precedentes.<\/p>\n<p>Para compras al por mayor, nombres de usuario personalizados o solicitudes especiales, no dudes en contactarnos. Somos flexibles y nos comprometemos a brindar las mejores soluciones de servicio de correo electr\u00f3nico.<\/p>\n","protected":false},"excerpt":{"rendered":"<p>Cuentas de Gmail seguras y habilitadas para 2FA para uso a largo plazo: reci\u00e9n creadas, verificadas y listas para un acceso seguro.<\/p>\n","protected":false},"featured_media":445,"comment_status":"open","ping_status":"closed","template":"","meta":[],"product_brand":[],"product_cat":[50],"product_tag":[],"class_list":{"0":"post-431","1":"product","2":"type-product","3":"status-publish","4":"has-post-thumbnail","6":"product_cat-gmail-accounts","8":"first","9":"instock","10":"shipping-taxable","11":"product-type-external"},"_links":{"self":[{"href":"https:\/\/pvabay.com\/es\/index.php?rest_route=\/wp\/v2\/product\/431","targetHints":{"allow":["GET"]}}],"collection":[{"href":"https:\/\/pvabay.com\/es\/index.php?rest_route=\/wp\/v2\/product"}],"about":[{"href":"https:\/\/pvabay.com\/es\/index.php?rest_route=\/wp\/v2\/types\/product"}],"replies":[{"embeddable":true,"href":"https:\/\/pvabay.com\/es\/index.php?rest_route=%2Fwp%2Fv2%2Fcomments&post=431"}],"wp:featuredmedia":[{"embeddable":true,"href":"https:\/\/pvabay.com\/es\/index.php?rest_route=\/wp\/v2\/media\/445"}],"wp:attachment":[{"href":"https:\/\/pvabay.com\/es\/index.php?rest_route=%2Fwp%2Fv2%2Fmedia&parent=431"}],"wp:term":[{"taxonomy":"product_brand","embeddable":true,"href":"https:\/\/pvabay.com\/es\/index.php?rest_route=%2Fwp%2Fv2%2Fproduct_brand&post=431"},{"taxonomy":"product_cat","embeddable":true,"href":"https:\/\/pvabay.com\/es\/index.php?rest_route=%2Fwp%2Fv2%2Fproduct_cat&post=431"},{"taxonomy":"product_tag","embeddable":true,"href":"https:\/\/pvabay.com\/es\/index.php?rest_route=%2Fwp%2Fv2%2Fproduct_tag&post=431"}],"curies":[{"name":"wp","href":"https:\/\/api.w.org\/{rel}","templated":true}]}}