{"id":430,"date":"2025-08-17T19:32:12","date_gmt":"2025-08-17T19:32:12","guid":{"rendered":"https:\/\/pvabay.com\/es\/?post_type=product&#038;p=430"},"modified":"2025-08-18T07:33:02","modified_gmt":"2025-08-18T07:33:02","slug":"google-voice-accounts","status":"publish","type":"product","link":"https:\/\/pvabay.com\/es\/?product=google-voice-accounts","title":{"rendered":"Cuentas de Google Voice"},"content":{"rendered":"<p>\u00bfBuscas un n\u00famero de Google Voice nuevo, seguro, verificado y listo para usar? Ya sea para <a href=\"\/buy-google-voice-accounts\/\">uso personal<\/a>, <a href=\"\/service\/business-google-voice\/\">comunicaci\u00f3n empresarial<\/a> o <a href=\"\/buy-gmail-accounts\/\">verificaci\u00f3n de cuenta<\/a>, nuestras Cuentas de Google Voice son la soluci\u00f3n perfecta. Cada cuenta se crea recientemente, nunca se reutiliza y viene con detalles de inicio de sesi\u00f3n completos para garantizar un acceso seguro y privado.<\/p>\n<div style=\"font-family: system-ui, sans-serif; line-height: 1.6; max-width: 760px; color: #2c3e50; margin: auto; padding: 10px;\">\n<p><!-- T\u00edtulo --><\/p>\n<p style=\"font-weight: 800; font-size: 18px; margin: 0 0 8px;\">Formato del n\u00famero de cuenta:<\/p>\n<p><!-- Formato pill --><\/p>\n<p style=\"font-family: ui-monospace, SFMono-Regular, Menlo, monospace; background: #fceaea; color: #e74c3c; display: inline-block; padding: 6px 12px; border-radius: 6px; margin: 0 0 16px; word-break: break-all;\">Correo electr\u00f3nico: Nombre de usuario: Contrase\u00f1a: Correo de recuperaci\u00f3n: N\u00famero de tel\u00e9fono: Clave de configuraci\u00f3n del autenticador 2FA<\/p>\n<p><!-- Ejemplo --><\/p>\n<p style=\"font-weight: 800; font-size: 18px; margin: 18px 0 8px;\">Ejemplo:<\/p>\n<p estilo=\"font-family: ui-monospace, SFMono-Regular, Menlo, monospace; fondo: #f9f2f4; color: #c7254e; visualizaci\u00f3n: inline-block; relleno: 6px 12px; radio del borde: 6px; margen: 0; salto de palabra: break-all;\">pvabay@gmail.com : pvabaypasswd : pvabay@outlook.com : (202)123-1234 : ry2q 7jso utj4 t4f2 267g k4ka ao72 6ouv<\/p>\n<p><!-- Lista de detalles --><\/p>\n<ul estilo=\"list-style: none; relleno: 0; margen: 16px 0 0; tama\u00f1o de fuente: 15px;\">\n<li><strong style=\"color: #2c3e50;\">Nombre de usuario del correo electr\u00f3nico: pvabay@gmail.com<\/li>\n<li><strong style=\"color: #c0392b;\">Contrase\u00f1a: pvabaypasswd<\/li>\n<li><strong style=\"color: #2980b9;\">Correo de recuperaci\u00f3n: pvabay@outlook.com<\/li>\n<li><strong style=\"color: #27ae60;\">N\u00famero de tel\u00e9fono: (202) 123-1234<\/li>\n<li style=\"word-break: break-all;\"><strong style=\"color: #8e44ad;\">Clave de configuraci\u00f3n del autenticador 2FA<\/strong>: ry2q 7jso utj4 t4f2 267g k4ka ao72 6ouv<\/li>\n<\/ul>\n<p><!-- Nota de entrega --><\/p>\n<p style=\"margin: 14px 0 0; font-size: 15px;\"><strong style=\"color: #f39c12;\">Entrega:<\/strong> Su correo electr\u00f3nico se entregar\u00e1 en un plazo de <strong>30 minutos a 6 horas<\/strong> como un archivo <strong>Excel (.xlsx)<\/strong> Archivo.<\/p>\n<\/div>\n<h2>\u2705 \u00bfQu\u00e9 es una cuenta nueva de Google Voice?<\/h2>\n<p>Una cuenta nueva de Google Voice es una cuenta reci\u00e9n generada que no ha sido utilizada previamente por nadie. Estas cuentas se crean con direcciones IP de EE. UU. limpias, cuentas de Gmail verificadas y n\u00fameros de tel\u00e9fono dedicados. Puedes <a href=\"https:\/\/support.google.com\/voice\/\" target=\"_blank\" rel=\"noopener\">usar Google Voice<\/a> para hacer llamadas gratis en EE. UU., recibir c\u00f3digos SMS o configurar tus herramientas de comunicaci\u00f3n con un n\u00famero de EE. UU.<\/p>\n<h2>Caracter\u00edsticas clave de nuestras nuevas cuentas de Google Voice<\/h2>\n<ul>\n<li>\u2705 Completamente nuevo e intacto<\/li>\n<li>\u2705 Creado con cuentas de Gmail verificadas<\/li>\n<li>\u2705 N\u00fameros de tel\u00e9fono con sede en EE. UU.<\/li>\n<li>\u2705 Entrega r\u00e1pida en 1\u20136 horas<\/li>\n<li>\u2705 Garant\u00eda de reemplazo de 48 horas<\/li>\n<li>\u2705 Acceso completo a Gmail y Google Voice<\/li>\n<\/ul>\n<h2>\u00bfQui\u00e9n deber\u00eda comprar cuentas nuevas de Google Voice?<\/h2>\n<p>Los n\u00fameros nuevos de Google Voice son perfectos para aut\u00f3nomos, profesionales del marketing, propietarios de empresas y cualquier persona que necesite un n\u00famero estadounidense fiable para llamar, enviar mensajes de texto y realizar verificaciones. Muchos de nuestros clientes los usan para:<\/p>\n<ul>\n<li><strong>Registros en WhatsApp y Telegram<\/strong><\/li>\n<li><strong>Comunicaci\u00f3n empresarial<\/strong> a trav\u00e9s de plataformas como <a href=\"\/buy-old-gmail-accounts\/\">Google Meet<\/a> o Zoom<\/li>\n<li><strong>Llamadas y seguimiento de clientes<\/strong> desde plataformas de trabajo freelance como Upwork y Fiverr<\/li>\n<li><strong>Creaci\u00f3n de m\u00faltiples cuentas en redes sociales<\/strong> de forma segura<\/li>\n<\/ul>\n<h2>Lo que recibir\u00e1<\/h2>\n<ul>\n<li>\u2714\ufe0f N\u00famero de Google Voice nuevo (con sede en EE. UU.)<\/li>\n<li>\u2714\ufe0f Acceso a la cuenta de Gmail (usada para crear el GV)<\/li>\n<li>\u2714\ufe0f Credenciales de inicio de sesi\u00f3n (Gmail + contrase\u00f1a)<\/li>\n<li>\u2714\ufe0f Gu\u00eda paso a paso para usar y proteger su Cuenta<\/li>\n<\/ul>\n<h2>Entrega r\u00e1pida y f\u00e1cil acceso<\/h2>\n<p>Una vez completado el pago, nuestro equipo prepara tu cuenta con credenciales de inicio de sesi\u00f3n \u00fanicas. Normalmente, recibir\u00e1s todo por correo electr\u00f3nico en un plazo de 1 a 6 horas. Si no sabes c\u00f3mo hacer tu pedido, visita nuestra p\u00e1gina <a href=\"\/how-to-order\">C\u00f3mo hacer un pedido<\/a>.<\/p>\n<h2>Garant\u00eda de reemplazo en 48 horas<\/h2>\n<p>Respaldamos nuestro servicio. Si surge alg\u00fan problema dentro de las 48 horas posteriores a la entrega, como problemas de inicio de sesi\u00f3n o bloqueo de cuenta, recibir\u00e1s un reemplazo gratuito. Obtenga m\u00e1s informaci\u00f3n sobre nuestra <a href=\"\/refund-policy\/\">Pol\u00edtica de reembolsos<\/a>.<\/p>\n<h2>Servicios relacionados que podr\u00edan interesarle<\/h2>\n<ul>\n<li><a href=\"\/buy-old-gmail-accounts\/\">Comprar cuentas de Gmail antiguas<\/a><\/li>\n<li><a href=\"\/services\/buy-gmail-2fa\/\">Comprar cuentas de Gmail con 2FA<\/a><\/li>\n<li><a href=\"\/buy-textnow-accounts\/\">Comprar TextNow Cuentas<\/a><\/li>\n<li><a href=\"\/service\/\">Ver todos los productos<\/a><\/li>\n<\/ul>\n<h2>\u00bfPor qu\u00e9 elegir <a href=\"\/\">PVABay.com<\/a>?<\/h2>\n<ul>\n<li>\u2705 A\u00f1os de servicio confiable<\/li>\n<li>\u2705 Atenci\u00f3n al cliente 24\/7 a trav\u00e9s de la <a href=\"\/contact-us\">P\u00e1gina de contacto<\/a><\/li>\n<li>\u2705 Opciones de pago seguras, incluyendo criptomonedas, Binance y m\u00e1s<\/li>\n<li>\u2705 Base de clientes global: EE. UU., India, Nigeria, Bangladesh y m\u00e1s<\/li>\n<\/ul>\n<h2>C\u00f3mo empezar<\/h2>\n<ol>\n<li>Vaya a la p\u00e1gina <a href=\"\/buy-google-voice-accounts\/\">Comprar cuentas de Google Voice<\/a><\/li>\n<li>Elija el paquete que desee y proceda al pago<\/li>\n<li>Espere la entrega en su correo electr\u00f3nico Bandeja de entrada<\/li>\n<\/ol>\n<p>\u00bfNecesitas ayuda? Consulta nuestras <a href=\"\/customer-faq\">Preguntas frecuentes<\/a> o visita tu <a href=\"\/my-account\/orders\/\">Historial de pedidos<\/a> en cualquier momento.<\/p>\n<h2>Conclusiones<\/h2>\n<p>Si quieres comprar cuentas de Google Voice limpias, actualizadas y seguras, est\u00e1s en el lugar indicado. Nuestro equipo local comprende tus necesidades y se asegura de que cada cuenta cumpla con los m\u00e1s altos est\u00e1ndares de calidad. No malgastes dinero en n\u00fameros de baja calidad: obt\u00e9n una cuenta de Google Voice aut\u00e9ntica y actualizada de PVABay hoy mismo.<\/p>\n","protected":false},"excerpt":{"rendered":"<p>Esta cuenta es completamente nueva. Ofrecemos una garant\u00eda de reemplazo de 48 horas para cada cuenta. Recibir\u00e1 su correo electr\u00f3nico en un plazo m\u00e1ximo de 30 minutos a 6 horas.<\/p>\n","protected":false},"featured_media":441,"comment_status":"open","ping_status":"closed","template":"","meta":[],"product_brand":[],"product_cat":[49],"product_tag":[],"class_list":{"0":"post-430","1":"product","2":"type-product","3":"status-publish","4":"has-post-thumbnail","6":"product_cat-google-voice","8":"first","9":"instock","10":"shipping-taxable","11":"product-type-external"},"_links":{"self":[{"href":"https:\/\/pvabay.com\/es\/index.php?rest_route=\/wp\/v2\/product\/430","targetHints":{"allow":["GET"]}}],"collection":[{"href":"https:\/\/pvabay.com\/es\/index.php?rest_route=\/wp\/v2\/product"}],"about":[{"href":"https:\/\/pvabay.com\/es\/index.php?rest_route=\/wp\/v2\/types\/product"}],"replies":[{"embeddable":true,"href":"https:\/\/pvabay.com\/es\/index.php?rest_route=%2Fwp%2Fv2%2Fcomments&post=430"}],"wp:featuredmedia":[{"embeddable":true,"href":"https:\/\/pvabay.com\/es\/index.php?rest_route=\/wp\/v2\/media\/441"}],"wp:attachment":[{"href":"https:\/\/pvabay.com\/es\/index.php?rest_route=%2Fwp%2Fv2%2Fmedia&parent=430"}],"wp:term":[{"taxonomy":"product_brand","embeddable":true,"href":"https:\/\/pvabay.com\/es\/index.php?rest_route=%2Fwp%2Fv2%2Fproduct_brand&post=430"},{"taxonomy":"product_cat","embeddable":true,"href":"https:\/\/pvabay.com\/es\/index.php?rest_route=%2Fwp%2Fv2%2Fproduct_cat&post=430"},{"taxonomy":"product_tag","embeddable":true,"href":"https:\/\/pvabay.com\/es\/index.php?rest_route=%2Fwp%2Fv2%2Fproduct_tag&post=430"}],"curies":[{"name":"wp","href":"https:\/\/api.w.org\/{rel}","templated":true}]}}