{"id":427,"date":"2025-08-17T19:32:12","date_gmt":"2025-08-17T19:32:12","guid":{"rendered":"https:\/\/pvabay.com\/es\/?post_type=product&#038;p=427"},"modified":"2025-08-18T07:33:02","modified_gmt":"2025-08-18T07:33:02","slug":"2-years-old-google-voice-accounts","status":"publish","type":"product","link":"https:\/\/pvabay.com\/es\/?product=2-years-old-google-voice-accounts","title":{"rendered":"Cuentas de Google Voice de 2 a\u00f1os de antig\u00fcedad"},"content":{"rendered":"<p>Compra cuentas de Gmail verificadas al por mayor a precios asequibles. Desde solo $5 por 10 cuentas. Todas las cuentas de Gmail est\u00e1n reci\u00e9n creadas, verificadas por tel\u00e9fono y listas para usar. Ideales para negocios, marketing, registro en apps y m\u00e1s. Entrega instant\u00e1nea y acceso completo garantizados.<\/p>\n<div style=\"font-family: system-ui,sans-serif; line-height: 1.6; max-width: 760px; color: #2c3e50; margin: auto; padding: 10px;\">\n<p><!-- T\u00edtulo --><\/p>\n<p style=\"font-weight: 800; font-size: 18px; margin: 0 0 8px;\">Formato del n\u00famero de cuenta:<\/p>\n<p><!-- Formato pill --><\/p>\n<p style=\"font-family: ui-monospace,SFMono-Regular,Menlo,monospace; fondo: #fceaea; color: #e74c3c; pantalla: inline-block; relleno: 6px 12px; radio del borde: 6px; margen: 0 0 16px; salto de palabra: salto de palabra;\">Correo electr\u00f3nico: Contrase\u00f1a: Correo de recuperaci\u00f3n: N\u00famero de tel\u00e9fono: A\u00f1os: Clave de configuraci\u00f3n del autenticador 2FA<\/p>\n<p><!-- Ejemplo --><\/p>\n<p style=\"font-weight: 800; tama\u00f1o de fuente: 18px; margen: 18px 0 8px;\">Ejemplo:<\/p>\n<p style=\"font-family: ui-monospace,SFMono-Regular,Menlo,monospace; fondo: #f9f2f4; color: #c7254e; pantalla: bloque en l\u00ednea; relleno: 6px 12px; radio del borde: 6px; margen: 0; salto de palabra: salto de palabra;\">pvabay@gmail.com:pvabaypasswd:pvabay@outlook.com:(202)123-1234:2:ry2q 7jso utj4 t4f2 267g k4ka ao72 6ouv<\/p>\n<p><!-- Lista de detalles --><\/p>\n<ul style=\"list-style: none; padding: 0; margin: 16px 0 0; font-size: 15px;\">\n<li><strong style=\"color: #2c3e50;\">Nombre de usuario del correo electr\u00f3nico: pvabay@gmail.com<\/li>\n<li><strong style=\"color: #c0392b;\">Contrase\u00f1a: pvabaypasswd<\/li>\n<li><strong style=\"color: #2980b9;\">Correo de recuperaci\u00f3n: pvabay@outlook.com<\/li>\n<li><strong style=\"color: #27ae60;\">N\u00famero de tel\u00e9fono: (202) 123-1234<\/li>\n<li><strong style=\"color: #8e44ad;\">A\u00f1os: 2<\/li>\n<li style=\"word-break: break-word;\"><strong style=\"color: #8e44ad;\">Clave de configuraci\u00f3n del autenticador 2FA<\/strong>: ry2q 7jso utj4 t4f2 267g k4ka ao72 6ouv<\/li>\n<\/ul>\n<p><!-- Nota de entrega --><\/p>\n<p style=\"margin: 14px 0 0; font-size: 15px;\"><strong style=\"color: #f39c12;\">Entrega:<\/strong> Su correo electr\u00f3nico se entregar\u00e1 en un plazo de <strong>30 minutos a 6 horas<\/strong> como un archivo <strong>Excel (.xlsx)<\/strong> \u00bfBuscas un n\u00famero de Google Voice confiable y duradero, respaldado por una cuenta de Gmail con experiencia? Nuestras <a href=\"https:\/\/pvabay.com\/service\/buy-2-years-old-google-voice-accounts\/\" rel=\"noopener\"><strong>Cuentas de Google Voice de 2 a\u00f1os<\/strong><\/a> son ideales para quienes buscan seguridad inigualable, mayor confianza y fiabilidad a largo plazo. Estas cuentas se crean con cuidado, se vinculan a <strong>cuentas de Gmail de 2 a\u00f1os de antig\u00fcedad<\/strong> y vienen <strong>totalmente verificadas con 2FA (autenticaci\u00f3n de dos factores)<\/strong> para una mayor protecci\u00f3n y tranquilidad.<\/p>\n<p>Ya sea que administres clientes, publiques anuncios, verifiques cuentas en l\u00ednea o simplemente necesites un n\u00famero permanente en EE. UU., este paquete est\u00e1 dise\u00f1ado para un uso profesional e ininterrumpido.<\/p>\n<h2>\u2705 \u00bfQu\u00e9 hace que estas cuentas sean tan poderosas?<\/h2>\n<h3>Gmail tiene 2 a\u00f1os de antig\u00fcedad<\/h3>\n<p>Cada n\u00famero de Google Voice se crea utilizando una <strong>cuenta de Gmail que tiene al menos 2 a\u00f1os de antig\u00fcedad<\/strong>. Las cuentas de Gmail antiguas gozan de mayor confianza de Google y otras plataformas. Es menos probable que las marquen, deshabiliten o restrinjan, incluso con un uso intensivo.<\/p>\n<h3>Autenticaci\u00f3n de dos factores (2FA) habilitada<\/h3>\n<p>Todas las cuentas de Gmail est\u00e1n protegidas con <strong>Autenticaci\u00f3n de dos factores (2FA)<\/strong>. Esto a\u00f1ade una capa adicional de seguridad a tu cuenta, evitando el acceso no autorizado y manteniendo tus mensajes, llamadas y datos seguros en todo momento.<\/p>\n<h3>N\u00famero de Google Voice reci\u00e9n creado<\/h3>\n<p>Aunque la cuenta de Gmail sea antigua, el n\u00famero de Google Voice est\u00e1 reci\u00e9n creado, verificado y listo para que lo uses. Recibir\u00e1s acceso completo tanto al correo electr\u00f3nico como a la cuenta de Google Voice.<\/p>\n<h2>\u00bfQu\u00e9 incluye este paquete?<\/h2>\n<ul>\n<li>\u2705 N\u00famero de Google Voice con sede en EE. UU. (limpio y verificado)<\/li>\n<li>\u2705 Cuenta de Gmail (m\u00e1s de 2 a\u00f1os de antig\u00fcedad)<\/li>\n<li>\u2705 Acceso completo a Gmail + Google Voice<\/li>\n<li>\u2705 Gmail habilitado para 2FA (capa de seguridad adicional)<\/li>\n<li>\u2705 Correo electr\u00f3nico de recuperaci\u00f3n agregado (cuando corresponda)<\/li>\n<li>\u2705 Credenciales de inicio de sesi\u00f3n (correo electr\u00f3nico de Gmail + contrase\u00f1a + c\u00f3digos de respaldo)<\/li>\n<li>\u2705 Entrega en 6 horas<\/li>\n<li>\u2705 Garant\u00eda de reemplazo de 48 horas<\/li>\n<\/ul>\n<h2>Casos de uso para cuentas de Google Voice de 2 a\u00f1os<\/h2>\n<ul>\n<li>Comunicaci\u00f3n empresarial (EE. UU.) llamadas\/mensajes de texto)<\/li>\n<li>Verificaciones de redes sociales (Facebook, Instagram, TikTok, etc.)<\/li>\n<li>Manejo de clientes a trav\u00e9s de WhatsApp, Telegram, Signal<\/li>\n<li>\u200d Registros en plataformas freelance (Upwork, Fiverr, Freelancer)<\/li>\n<li>Registros y verificaciones de aplicaciones<\/li>\n<li>\ufe0f Operaciones de comercio electr\u00f3nico y atenci\u00f3n al cliente<\/li>\n<li>Craigslist y Publicaci\u00f3n de anuncios<\/li>\n<li>Herramientas de automatizaci\u00f3n que requieren n\u00fameros confiables de EE. UU.<\/li>\n<\/ul>\n<p>\u00bfBuscas m\u00e1s paquetes con verificaci\u00f3n? Explora nuestra <a href=\"https:\/\/pvabay.com\/buy-google-voice-accounts\/\" rel=\"noopener\">Colecci\u00f3n de Google Voice<\/a>.<\/p>\n<h2>Por qu\u00e9 son mejores las cuentas de Gmail antiguas<\/h2>\n<table style=\"border-collapse: collapse;\" border=\"1\" cellpadding=\"8\">\n<thead>\n<tr>\n<th>Funci\u00f3n<\/th>\n<th>Gmail con 2 a\u00f1os de antig\u00fcedad (nuestro producto)<\/th>\n<th>Gmail actualizado Cuenta<\/th>\n<\/tr>\n<\/thead>\n<tbody>\n<tr>\n<td>Puntuaci\u00f3n de confianza<\/td>\n<td>Alta<\/td>\n<td>Baja<\/td>\n<\/tr>\n<tr>\n<td>Riesgo de Suspensi\u00f3n<\/td>\n<td>Muy baja<\/td>\n<td>Alta<\/td>\n<\/tr>\n<tr>\n<td>Plataforma Reputaci\u00f3n<\/td>\n<td>Fuerte<\/td>\n<td>D\u00e9bil<\/td>\n<\/tr>\n<tr>\n<td>Cuenta Estabilidad<\/td>\n<td>Excelente<\/td>\n<td>Inestable<\/td>\n<\/tr>\n<tr>\n<td>Ideal para uso comercial<\/td>\n<td>\u2705 S\u00ed<\/td>\n<td>\u274c No<\/td>\n<\/tr>\n<tr>\n<td>Protecci\u00f3n 2FA<\/td>\n<td>\u2705 Habilitado<\/td>\n<td>\u274c No incluido<\/td>\n<\/tr>\n<\/tbody>\n<\/table>\n<h2>\u23f1 Entrega r\u00e1pida, sin complicaciones Configuraci\u00f3n<\/h2>\n<p>Una vez que realiza un pedido, nuestro equipo lo procesa de inmediato. La mayor\u00eda de las entregas se completan en un plazo de <strong>1 a 3 horas<\/strong> y garantizamos un plazo de entrega m\u00e1ximo de 6 horas. Recibir\u00e1s:<\/p>\n<ul>\n<li>Todas las credenciales de la cuenta<\/li>\n<li>Instrucciones paso a paso<\/li>\n<li>C\u00f3digos de respaldo<\/li>\n<li>Consejos para actualizar de forma segura la informaci\u00f3n de recuperaci\u00f3n y las contrase\u00f1as<\/li>\n<\/ul>\n<h2>Garant\u00eda de reemplazo de 48 horas<\/h2>\n<p>Si tu cuenta no funciona como se esperaba o se vuelve inaccesible dentro de las 48 horas posteriores a la entrega, Reempl\u00e1celo gratis. Consulte nuestra pol\u00edtica de reembolsos y devoluciones. Pol\u00edtica de reemplazo<\/a>.<\/p>\n<h2>Consejos de seguridad para la cuenta<\/h2>\n<ul>\n<li>Cambia la contrase\u00f1a inmediatamente<\/li>\n<li>Actualiza el correo electr\u00f3nico\/n\u00famero de tel\u00e9fono de recuperaci\u00f3n<\/li>\n<li>Descarga y guarda los c\u00f3digos de respaldo de 2FA<\/li>\n<li>Nunca compartas tus datos de acceso con nadie<\/li>\n<li>Evita la actividad sospechosa o la automatizaci\u00f3n masiva de forma temprana en<\/li>\n<\/ul>\n<h2>\u00bfPor qu\u00e9 comprar en pvabay.com?<\/h2>\n<ul>\n<li>M\u00e1s de 5 a\u00f1os de experiencia<\/li>\n<li>Soporte 24\/7 a trav\u00e9s del <a href=\"https:\/\/pvabay.com\/contact\/\" rel=\"noopener\">Chat en vivo<\/a><\/li>\n<li>Reemplazos gratuitos si es necesario<\/li>\n<li><a href=\"https:\/\/pvabay.com\/buy-google-voice-accounts\/\" rel=\"noopener\">Pedidos al por mayor disponibles<\/a><\/li>\n<li>Acepta criptomonedas, Binance, USDT, bKash, Nagad<\/li>\n<li>Servicios en EE. UU., Bangladesh, Nigeria, Reino Unido, India y m\u00e1s<\/li>\n<\/ul>\n<h2>C\u00f3mo realizar un pedido<\/h2>\n<ol>\n<li><a href=\"https:\/\/pvabay.com\/service\/buy-2-years-old-google-voice-accounts\/\" rel=\"noopener\">Comprar ahora<\/a><\/li>\n<li>Pago completamente seguro<\/li>\n<li>Reciba las credenciales en su correo electr\u00f3nico en 6 horas<\/li>\n<li>Inicie sesi\u00f3n y comience a usar la cuenta<\/li>\n<\/ol>\n<h2>Reflexiones finales<\/h2>\n<p>Si est\u00e1 cansado de las cuentas de baja calidad, nuestra <a Las cuentas de Google Voice de 2 a\u00f1os de antig\u00fcedad son la mejor soluci\u00f3n. Con cuentas de Gmail antiguas, seguridad 2FA y n\u00fameros de Voice actualizados, son perfectas para usarlas a largo plazo.\n<\/p>\n","protected":false},"excerpt":{"rendered":"<p>El n\u00famero de Google Voice se ha configurado en una cuenta de Gmail con al menos dos a\u00f1os de antig\u00fcedad. Esta cuenta es mucho m\u00e1s duradera y segura.<\/p>\n","protected":false},"featured_media":442,"comment_status":"open","ping_status":"closed","template":"","meta":[],"product_brand":[],"product_cat":[49],"product_tag":[],"class_list":{"0":"post-427","1":"product","2":"type-product","3":"status-publish","4":"has-post-thumbnail","6":"product_cat-google-voice","8":"first","9":"instock","10":"shipping-taxable","11":"product-type-external"},"_links":{"self":[{"href":"https:\/\/pvabay.com\/es\/index.php?rest_route=\/wp\/v2\/product\/427","targetHints":{"allow":["GET"]}}],"collection":[{"href":"https:\/\/pvabay.com\/es\/index.php?rest_route=\/wp\/v2\/product"}],"about":[{"href":"https:\/\/pvabay.com\/es\/index.php?rest_route=\/wp\/v2\/types\/product"}],"replies":[{"embeddable":true,"href":"https:\/\/pvabay.com\/es\/index.php?rest_route=%2Fwp%2Fv2%2Fcomments&post=427"}],"wp:featuredmedia":[{"embeddable":true,"href":"https:\/\/pvabay.com\/es\/index.php?rest_route=\/wp\/v2\/media\/442"}],"wp:attachment":[{"href":"https:\/\/pvabay.com\/es\/index.php?rest_route=%2Fwp%2Fv2%2Fmedia&parent=427"}],"wp:term":[{"taxonomy":"product_brand","embeddable":true,"href":"https:\/\/pvabay.com\/es\/index.php?rest_route=%2Fwp%2Fv2%2Fproduct_brand&post=427"},{"taxonomy":"product_cat","embeddable":true,"href":"https:\/\/pvabay.com\/es\/index.php?rest_route=%2Fwp%2Fv2%2Fproduct_cat&post=427"},{"taxonomy":"product_tag","embeddable":true,"href":"https:\/\/pvabay.com\/es\/index.php?rest_route=%2Fwp%2Fv2%2Fproduct_tag&post=427"}],"curies":[{"name":"wp","href":"https:\/\/api.w.org\/{rel}","templated":true}]}}