{"id":414,"date":"2025-08-17T19:32:12","date_gmt":"2025-08-17T19:32:12","guid":{"rendered":"https:\/\/pvabay.com\/es\/?post_type=product&#038;p=414"},"modified":"2025-08-18T07:33:02","modified_gmt":"2025-08-18T07:33:02","slug":"20-textnow-web","status":"publish","type":"product","link":"https:\/\/pvabay.com\/es\/?product=20-textnow-web","title":{"rendered":"20 TextNow Web"},"content":{"rendered":"","protected":false},"excerpt":{"rendered":"<p>TextNow es la mejor opci\u00f3n para usar n\u00fameros virtuales. Ofrece un n\u00famero de tel\u00e9fono estadounidense gratuito, llamadas, mensajes de texto y verificaci\u00f3n OTP. No ofrecemos garant\u00eda de reemplazo para la cuenta TextNow.<\/p>\n","protected":false},"featured_media":439,"comment_status":"open","ping_status":"closed","template":"","meta":[],"product_brand":[],"product_cat":[48],"product_tag":[],"class_list":{"0":"post-414","1":"product","2":"type-product","3":"status-publish","4":"has-post-thumbnail","6":"product_cat-textnow","8":"first","9":"instock","10":"shipping-taxable","11":"product-type-external"},"_links":{"self":[{"href":"https:\/\/pvabay.com\/es\/index.php?rest_route=\/wp\/v2\/product\/414","targetHints":{"allow":["GET"]}}],"collection":[{"href":"https:\/\/pvabay.com\/es\/index.php?rest_route=\/wp\/v2\/product"}],"about":[{"href":"https:\/\/pvabay.com\/es\/index.php?rest_route=\/wp\/v2\/types\/product"}],"replies":[{"embeddable":true,"href":"https:\/\/pvabay.com\/es\/index.php?rest_route=%2Fwp%2Fv2%2Fcomments&post=414"}],"wp:featuredmedia":[{"embeddable":true,"href":"https:\/\/pvabay.com\/es\/index.php?rest_route=\/wp\/v2\/media\/439"}],"wp:attachment":[{"href":"https:\/\/pvabay.com\/es\/index.php?rest_route=%2Fwp%2Fv2%2Fmedia&parent=414"}],"wp:term":[{"taxonomy":"product_brand","embeddable":true,"href":"https:\/\/pvabay.com\/es\/index.php?rest_route=%2Fwp%2Fv2%2Fproduct_brand&post=414"},{"taxonomy":"product_cat","embeddable":true,"href":"https:\/\/pvabay.com\/es\/index.php?rest_route=%2Fwp%2Fv2%2Fproduct_cat&post=414"},{"taxonomy":"product_tag","embeddable":true,"href":"https:\/\/pvabay.com\/es\/index.php?rest_route=%2Fwp%2Fv2%2Fproduct_tag&post=414"}],"curies":[{"name":"wp","href":"https:\/\/api.w.org\/{rel}","templated":true}]}}