{"id":409,"date":"2025-08-17T19:32:12","date_gmt":"2025-08-17T19:32:12","guid":{"rendered":"https:\/\/pvabay.com\/es\/?post_type=product&#038;p=409"},"modified":"2025-08-18T07:33:02","modified_gmt":"2025-08-18T07:33:02","slug":"4-sideline-accounts","status":"publish","type":"product","link":"https:\/\/pvabay.com\/es\/?product=4-sideline-accounts","title":{"rendered":"4 Cuentas secundarias"},"content":{"rendered":"","protected":false},"excerpt":{"rendered":"<p>Recibir\u00e1s una prueba gratuita de 7 d\u00edas de Sideline. Se realizar\u00e1 despu\u00e9s de realizar el pedido, por lo que la entrega tardar\u00e1 entre 12 y 24 horas.<\/p>\n","protected":false},"featured_media":438,"comment_status":"open","ping_status":"closed","template":"","meta":[],"product_brand":[],"product_cat":[47],"product_tag":[],"class_list":{"0":"post-409","1":"product","2":"type-product","3":"status-publish","4":"has-post-thumbnail","6":"product_cat-sideline","8":"first","9":"instock","10":"shipping-taxable","11":"product-type-external"},"_links":{"self":[{"href":"https:\/\/pvabay.com\/es\/index.php?rest_route=\/wp\/v2\/product\/409","targetHints":{"allow":["GET"]}}],"collection":[{"href":"https:\/\/pvabay.com\/es\/index.php?rest_route=\/wp\/v2\/product"}],"about":[{"href":"https:\/\/pvabay.com\/es\/index.php?rest_route=\/wp\/v2\/types\/product"}],"replies":[{"embeddable":true,"href":"https:\/\/pvabay.com\/es\/index.php?rest_route=%2Fwp%2Fv2%2Fcomments&post=409"}],"wp:featuredmedia":[{"embeddable":true,"href":"https:\/\/pvabay.com\/es\/index.php?rest_route=\/wp\/v2\/media\/438"}],"wp:attachment":[{"href":"https:\/\/pvabay.com\/es\/index.php?rest_route=%2Fwp%2Fv2%2Fmedia&parent=409"}],"wp:term":[{"taxonomy":"product_brand","embeddable":true,"href":"https:\/\/pvabay.com\/es\/index.php?rest_route=%2Fwp%2Fv2%2Fproduct_brand&post=409"},{"taxonomy":"product_cat","embeddable":true,"href":"https:\/\/pvabay.com\/es\/index.php?rest_route=%2Fwp%2Fv2%2Fproduct_cat&post=409"},{"taxonomy":"product_tag","embeddable":true,"href":"https:\/\/pvabay.com\/es\/index.php?rest_route=%2Fwp%2Fv2%2Fproduct_tag&post=409"}],"curies":[{"name":"wp","href":"https:\/\/api.w.org\/{rel}","templated":true}]}}