{"id":407,"date":"2025-08-17T19:32:11","date_gmt":"2025-08-17T19:32:11","guid":{"rendered":"https:\/\/pvabay.com\/es\/?post_type=product&#038;p=407"},"modified":"2025-08-18T07:33:02","modified_gmt":"2025-08-18T07:33:02","slug":"trustpilot-reviews","status":"publish","type":"product","link":"https:\/\/pvabay.com\/es\/?product=trustpilot-reviews","title":{"rendered":"Rese\u00f1as de Trustpilot"},"content":{"rendered":"<div class=\"specification-item\"><strong>Compra rese\u00f1as aut\u00e9nticas de 5 estrellas en Trustpilot: personas reales, opiniones reales<\/strong><\/div>\n<div><\/div>\n<div class=\"specification-item\">\n<p>\u00bfBuscas generar confianza y mejorar la reputaci\u00f3n online de tu negocio? Las rese\u00f1as de Trustpilot son cruciales para conseguir nuevos clientes y aumentar la credibilidad de tu marca. Con nuestro servicio de rese\u00f1as \u00fanico y fiable, puedes mejorar f\u00e1cilmente tu perfil con <strong>rese\u00f1as aut\u00e9nticas de cinco estrellas en Trustpilot<\/strong> escritas por personas reales.<\/p>\n<h3>\u2705 C\u00f3mo son 100 % aut\u00e9nticas nuestras rese\u00f1as<\/h3>\n<p>No nos basamos en bots ni en cuentas falsas. En su lugar, hemos creado una red amplia y activa de personas reales: nuestro equipo, amigos y sus propios amigos. Todos los miembros de nuestra red tienen una cuenta verificada en Trustpilot y participan voluntariamente dejando rese\u00f1as genuinas y bien pensadas. Cuando alguien realiza un pedido, notificamos a nuestra red, compartimos sus datos y les permitimos escribir y publicar rese\u00f1as basadas en su tipo de negocio y el mensaje que desea transmitir.<\/p>\n<p>Se trata de usuarios reales con opiniones reales que publican rese\u00f1as honestas y de alta calidad que reflejan positivamente su negocio. Dado que todas las rese\u00f1as provienen de cuentas \u00fanicas con un estilo de escritura natural, son totalmente compatibles, confiables y duraderas.<\/p>\n<h3>\u00bfPor qu\u00e9 elegir nuestro servicio de rese\u00f1as de Trustpilot?<\/h3>\n<p><strong>\u2714 Rese\u00f1as reales y Usuarios de confianza:<\/strong><\/p>\n<p>Nuestras rese\u00f1as son escritas por personas reales, no por bots ni cuentas temporales, lo que garantiza la calidad y la credibilidad.<\/p>\n<p><strong>\u2714 Calificaciones de cinco estrellas:<\/strong><\/p>\n<p>Solo ofrecemos rese\u00f1as de 5 estrellas, que ayudan a construir una imagen s\u00f3lida y positiva para su marca.<\/p>\n<p><strong>\u2714 Contenido de rese\u00f1a personalizado:<\/strong><\/p>\n<p>Cada rese\u00f1a es \u00fanica y est\u00e1 escrita en un tono natural que se adapta al nicho de su negocio. Incluso puedes sugerir puntos clave o servicios que te gustar\u00eda que destaquemos.<\/p>\n<p><strong>\u2714 Rese\u00f1as seguras a largo plazo:<\/strong><\/p>\n<p>Todas las rese\u00f1as provienen de cuentas antiguas y confiables, lo que las hace m\u00e1s estables y mucho menos propensas a ser eliminadas.<\/p>\n<p><strong>\u2714 Entrega oportuna:<\/strong><\/p>\n<p>T\u00fa eliges el cronograma. Podemos distribuir las rese\u00f1as gradualmente o entregarlas r\u00e1pidamente seg\u00fan tus necesidades.<\/p>\n<h3>C\u00f3mo funciona<\/h3>\n<ol>\n<li><strong>Realiza tu pedido:<\/strong> Elige tu paquete y proporciona el enlace de tu perfil de Trustpilot.<\/li>\n<li><strong>Enviar instrucciones (opcional):<\/strong> Comparte las palabras clave o los mensajes que quieras que se mencionen.<\/li>\n<li><strong>Notificamos a nuestro equipo:<\/strong> Enviamos tus datos a nuestra amplia red de revisores.<\/li>\n<li><strong>Rese\u00f1as en vivo:<\/strong> Las rese\u00f1as se publican de forma natural desde diferentes IP, dispositivos y cuentas dentro del plazo acordado.<\/li>\n<\/ol>\n<p>Hemos ayudado a cientos de empresas a fortalecer su reputaci\u00f3n en l\u00ednea. Tanto si est\u00e1s empezando como si quieres mejorar tu perfil, nuestro servicio de rese\u00f1as es la manera perfecta de destacar entre la competencia.<\/p>\n<h3>Aviso importante<\/h3>\n<p>No utilizamos contenido falso, copiado ni spam. Nuestras rese\u00f1as son aut\u00e9nticas, escritas por profesionales y publicadas manualmente para garantizar su calidad y seguridad. Comprendemos a la perfecci\u00f3n las directrices de Trustpilot y mantenemos nuestros m\u00e9todos conformes para evitar problemas.<\/p>\n<h3>Crece con confianza<\/h3>\n<p>La confianza es la base de todo negocio exitoso, y las rese\u00f1as de Trustpilot son una de las mejores maneras de generarla. Si te tomas en serio la reputaci\u00f3n en l\u00ednea de tu marca, nuestro servicio de rese\u00f1as ofrece una soluci\u00f3n potente y segura.<\/p>\n<p><strong>Haz tu pedido hoy y comienza a construir una reputaci\u00f3n de 5 estrellas en la que tus futuros clientes confiar\u00e1n<\/strong><\/p>\n<\/div>\n","protected":false},"excerpt":{"rendered":"<p>Compre rese\u00f1as verificadas de Trustpilot para mejorar r\u00e1pidamente la credibilidad de su negocio y su reputaci\u00f3n en l\u00ednea.<\/p>\n","protected":false},"featured_media":437,"comment_status":"open","ping_status":"closed","template":"","meta":[],"product_brand":[],"product_cat":[46],"product_tag":[],"class_list":{"0":"post-407","1":"product","2":"type-product","3":"status-publish","4":"has-post-thumbnail","6":"product_cat-servises","8":"first","9":"instock","10":"shipping-taxable","11":"product-type-external"},"_links":{"self":[{"href":"https:\/\/pvabay.com\/es\/index.php?rest_route=\/wp\/v2\/product\/407","targetHints":{"allow":["GET"]}}],"collection":[{"href":"https:\/\/pvabay.com\/es\/index.php?rest_route=\/wp\/v2\/product"}],"about":[{"href":"https:\/\/pvabay.com\/es\/index.php?rest_route=\/wp\/v2\/types\/product"}],"replies":[{"embeddable":true,"href":"https:\/\/pvabay.com\/es\/index.php?rest_route=%2Fwp%2Fv2%2Fcomments&post=407"}],"wp:featuredmedia":[{"embeddable":true,"href":"https:\/\/pvabay.com\/es\/index.php?rest_route=\/wp\/v2\/media\/437"}],"wp:attachment":[{"href":"https:\/\/pvabay.com\/es\/index.php?rest_route=%2Fwp%2Fv2%2Fmedia&parent=407"}],"wp:term":[{"taxonomy":"product_brand","embeddable":true,"href":"https:\/\/pvabay.com\/es\/index.php?rest_route=%2Fwp%2Fv2%2Fproduct_brand&post=407"},{"taxonomy":"product_cat","embeddable":true,"href":"https:\/\/pvabay.com\/es\/index.php?rest_route=%2Fwp%2Fv2%2Fproduct_cat&post=407"},{"taxonomy":"product_tag","embeddable":true,"href":"https:\/\/pvabay.com\/es\/index.php?rest_route=%2Fwp%2Fv2%2Fproduct_tag&post=407"}],"curies":[{"name":"wp","href":"https:\/\/api.w.org\/{rel}","templated":true}]}}